{"id":68254278,"date":"2021-09-17T12:59:24","date_gmt":"2021-09-17T12:59:24","guid":{"rendered":"https:\/\/kraftwerk-gruppe.de\/?post_type=product&#038;p=68254278"},"modified":"2026-02-15T00:49:19","modified_gmt":"2026-02-14T23:49:19","slug":"sportovni-katalyzator-chrysler-300c-5-7-hemi","status":"publish","type":"product","link":"https:\/\/kraftwerk-shop.cc\/cs\/produkt\/sportkatalysator-chrysler-300c-5-7-hemi\/","title":{"rendered":"Sportovn\u00ed katalyz\u00e1tor Magnaflow Chrysler 300C 5.7 Hemi"},"content":{"rendered":"<h1>Sportovn\u00ed katalyz\u00e1tory p\u0159ipraven\u00e9 k p\u0159ipojen\u00ed pro Chrysler 300C 5.7 Hemi, pr\u016fm\u011br potrub\u00ed 2,5 palce<\/h1>\n<p>&nbsp;<\/p>\n<p>Ide\u00e1ln\u00ed jako dopln\u011bk sportovn\u00edch v\u00fdfukov\u00fdch syst\u00e9m\u016f.<\/p>\n<p>Ni\u017e\u0161\u00ed dynamick\u00fd tlak, vy\u0161\u0161\u00ed v\u00fdkon, vy\u0161\u0161\u00ed to\u010div\u00fd moment, sportovn\u011bj\u0161\u00ed zvuk.<br \/>\nPr\u016fm\u011br trubek je 2,5\u2033 (63,5 mm).<\/p>\n<p>&nbsp;<\/p>\n<p>\u010cl\u00e1nek je bez certifik\u00e1tu T\u00dcV nebo ABE.<\/p>","protected":false},"excerpt":{"rendered":"<p>Sportovn\u00ed katalyz\u00e1tory p\u0159ipraven\u00e9 k p\u0159ipojen\u00ed pro Chrysler 300C 5.7 Hemi, pr\u016fm\u011br potrub\u00ed 2,5 palce Ide\u00e1ln\u00ed jako dopln\u011bk sportovn\u00edch v\u00fdfukov\u00fdch syst\u00e9m\u016f. Ni\u017e\u0161\u00ed zp\u011btn\u00fd tlak, vy\u0161\u0161\u00ed v\u00fdkon,<\/p>","protected":false},"featured_media":68278534,"comment_status":"open","ping_status":"closed","template":"","meta":{"_acf_changed":false},"product_brand":[18925],"product_cat":[6615,6618,3024],"product_tag":[4565,52,926,48,536,532,529,20273,2062,527,553],"class_list":{"0":"post-68254278","1":"product","2":"type-product","3":"status-publish","4":"has-post-thumbnail","6":"product_brand-magnaflow","7":"product_cat-300c-57-2005-2010-abgaskruemmer-katalysatoren","8":"product_cat-300c-57-2011-2023-abgaskruemmer-katalysatoren","9":"product_cat-nicht-nach-eu","10":"product_tag-4565","11":"product_tag-300c","12":"product_tag-5-7-hemi","13":"product_tag-chrysler","14":"product_tag-chrysler-300c","15":"product_tag-kat","16":"product_tag-katalysator","17":"product_tag-keintuev","18":"product_tag-magnaflow","19":"product_tag-sportkat","20":"product_tag-sportkatalysator","21":"product_shipping_class-paket-l","23":"first","24":"onbackorder","25":"taxable","26":"shipping-taxable","27":"purchasable","28":"product-type-simple"},"bundled_by":[],"bundle_stock_status":"onbackorder","bundle_stock_quantity":0,"bundle_virtual":false,"bundle_layout":"","bundle_add_to_cart_form_location":"","bundle_editable_in_cart":false,"bundle_sold_individually_context":"","bundle_item_grouping":"","bundle_min_size":"","bundle_max_size":"","bundle_price":[],"bundled_items":[],"bundle_sell_ids":[],"exclude_global_add_ons":[],"addons":[],"acf":[],"_links":{"self":[{"href":"https:\/\/kraftwerk-shop.cc\/cs\/wp-json\/wp\/v2\/product\/68254278","targetHints":{"allow":["GET"]}}],"collection":[{"href":"https:\/\/kraftwerk-shop.cc\/cs\/wp-json\/wp\/v2\/product"}],"about":[{"href":"https:\/\/kraftwerk-shop.cc\/cs\/wp-json\/wp\/v2\/types\/product"}],"replies":[{"embeddable":true,"href":"https:\/\/kraftwerk-shop.cc\/cs\/wp-json\/wp\/v2\/comments?post=68254278"}],"version-history":[{"count":0,"href":"https:\/\/kraftwerk-shop.cc\/cs\/wp-json\/wp\/v2\/product\/68254278\/revisions"}],"wp:featuredmedia":[{"embeddable":true,"href":"https:\/\/kraftwerk-shop.cc\/cs\/wp-json\/wp\/v2\/media\/68278534"}],"wp:attachment":[{"href":"https:\/\/kraftwerk-shop.cc\/cs\/wp-json\/wp\/v2\/media?parent=68254278"}],"wp:term":[{"taxonomy":"product_brand","embeddable":true,"href":"https:\/\/kraftwerk-shop.cc\/cs\/wp-json\/wp\/v2\/product_brand?post=68254278"},{"taxonomy":"product_cat","embeddable":true,"href":"https:\/\/kraftwerk-shop.cc\/cs\/wp-json\/wp\/v2\/product_cat?post=68254278"},{"taxonomy":"product_tag","embeddable":true,"href":"https:\/\/kraftwerk-shop.cc\/cs\/wp-json\/wp\/v2\/product_tag?post=68254278"}],"curies":[{"name":"wp","href":"https:\/\/api.w.org\/{rel}","templated":true}]}}