{"id":68254284,"date":"2021-09-17T13:00:02","date_gmt":"2021-09-17T13:00:02","guid":{"rendered":"https:\/\/kraftwerk-gruppe.de\/?post_type=product&#038;p=68254284"},"modified":"2026-02-15T00:50:21","modified_gmt":"2026-02-14T23:50:21","slug":"camaro-ls3-l99","status":"publish","type":"product","link":"https:\/\/kraftwerk-shop.cc\/cs\/produkt\/facherkrummer-camaro-ls3-l99\/","title":{"rendered":"Rozvodn\u00e9 potrub\u00ed Camaro LS3 \/ L99"},"content":{"rendered":"<h1><strong>Rozvodn\u00e9 potrub\u00ed z nerezov\u00e9 oceli Grams s n\u00e1hradn\u00edm potrub\u00edm pro katod a kompletn\u00edm instala\u010dn\u00edm materi\u00e1lem pro Camaro LS3 a L99<\/strong><\/h1>\n<p>&nbsp;<\/p>\n<p>Tyto rozd\u011blova\u010de jsou dod\u00e1v\u00e1ny s n\u00e1hradn\u00edmi trubkami pro kataliz\u00e1tory a lze je snadno p\u0159estav\u011bt na vysoce v\u00fdkonn\u00e9 katalyz\u00e1tory.<br \/>\nRozvody Grams jsou navr\u017eeny a vyrobeny tak, aby zvy\u0161ovaly v\u00fdkon a to\u010div\u00fd moment motoru v cel\u00e9m v\u00fdkonov\u00e9m p\u00e1smu (30+ k a v\u00edce).<\/p>\n<p>&nbsp;<\/p>\n<p><strong>Rozsah dod\u00e1vky:<\/strong><\/p>\n<ul>\n<li>Ventil\u00e1torov\u00e9 ohyby sva\u0159ovan\u00e9 metodou TIG z nerezov\u00e9 oceli<\/li>\n<li>N\u00e1hradn\u00ed potrub\u00ed Cat<\/li>\n<li>T\u011bsn\u011bn\u00ed sb\u011brn\u00e9ho potrub\u00ed<\/li>\n<li>Prodlu\u017eovac\u00ed kabel lambda senzoru<\/li>\n<li>Distan\u010dn\u00ed podlo\u017eky lambda sn\u00edma\u010de pro zamezen\u00ed chybov\u00fdch k\u00f3d\u016f P0420 a P0430<\/li>\n<\/ul>","protected":false},"excerpt":{"rendered":"<p>Grams Edelstahlf\u00e4cherkr\u00fcmmer mit Katersatzrohren und komplettem Einbaumaterial f\u00fcr den Camaro LS3 und L99 &nbsp; Dieser F\u00e4cherkr\u00fcmmer werden mit Kat-Ersatzrohren geliefert<\/p>","protected":false},"featured_media":68278526,"comment_status":"open","ping_status":"closed","template":"","meta":{"_acf_changed":false},"product_brand":[],"product_cat":[1530],"product_tag":[546,191,2340,189,190,528,204,2339,543,3614,532,529,587,36,550,192,927,193,547,291,233,673],"class_list":{"0":"post-68254284","1":"product","2":"type-product","3":"status-publish","4":"has-post-thumbnail","6":"product_cat-camaro-62-2010-2015-abgasanlage","7":"product_tag-auspuff","8":"product_tag-camaro","9":"product_tag-catless","10":"product_tag-chevrolet","11":"product_tag-chevy","12":"product_tag-downpipe","13":"product_tag-ersatz","14":"product_tag-ersatzrohr","15":"product_tag-faecherkruemmer","16":"product_tag-grams","17":"product_tag-kat","18":"product_tag-katalysator","19":"product_tag-katersatz","20":"product_tag-kraftwerk","21":"product_tag-kruemmer","22":"product_tag-l99","23":"product_tag-longtubes","24":"product_tag-ls3","25":"product_tag-sportauspuff","26":"product_tag-ss","27":"product_tag-tuning","28":"product_tag-zubehoer","30":"first","31":"outofstock","32":"taxable","33":"shipping-taxable","34":"purchasable","35":"product-type-simple"},"bundled_by":[],"bundle_stock_status":"outofstock","bundle_stock_quantity":0,"bundle_virtual":false,"bundle_layout":"","bundle_add_to_cart_form_location":"","bundle_editable_in_cart":false,"bundle_sold_individually_context":"","bundle_item_grouping":"","bundle_min_size":"","bundle_max_size":"","bundle_price":[],"bundled_items":[],"bundle_sell_ids":[],"exclude_global_add_ons":[],"addons":[],"acf":[],"_links":{"self":[{"href":"https:\/\/kraftwerk-shop.cc\/cs\/wp-json\/wp\/v2\/product\/68254284","targetHints":{"allow":["GET"]}}],"collection":[{"href":"https:\/\/kraftwerk-shop.cc\/cs\/wp-json\/wp\/v2\/product"}],"about":[{"href":"https:\/\/kraftwerk-shop.cc\/cs\/wp-json\/wp\/v2\/types\/product"}],"replies":[{"embeddable":true,"href":"https:\/\/kraftwerk-shop.cc\/cs\/wp-json\/wp\/v2\/comments?post=68254284"}],"version-history":[{"count":0,"href":"https:\/\/kraftwerk-shop.cc\/cs\/wp-json\/wp\/v2\/product\/68254284\/revisions"}],"wp:featuredmedia":[{"embeddable":true,"href":"https:\/\/kraftwerk-shop.cc\/cs\/wp-json\/wp\/v2\/media\/68278526"}],"wp:attachment":[{"href":"https:\/\/kraftwerk-shop.cc\/cs\/wp-json\/wp\/v2\/media?parent=68254284"}],"wp:term":[{"taxonomy":"product_brand","embeddable":true,"href":"https:\/\/kraftwerk-shop.cc\/cs\/wp-json\/wp\/v2\/product_brand?post=68254284"},{"taxonomy":"product_cat","embeddable":true,"href":"https:\/\/kraftwerk-shop.cc\/cs\/wp-json\/wp\/v2\/product_cat?post=68254284"},{"taxonomy":"product_tag","embeddable":true,"href":"https:\/\/kraftwerk-shop.cc\/cs\/wp-json\/wp\/v2\/product_tag?post=68254284"}],"curies":[{"name":"wp","href":"https:\/\/api.w.org\/{rel}","templated":true}]}}