{"id":68254316,"date":"2021-09-17T13:00:06","date_gmt":"2021-09-17T13:00:06","guid":{"rendered":"https:\/\/kraftwerk-gruppe.de\/?post_type=product&#038;p=68254316"},"modified":"2026-04-02T15:05:35","modified_gmt":"2026-04-02T13:05:35","slug":"brzdove-desticky-mopar-srt-hellcat-68248384ad","status":"publish","type":"product","link":"https:\/\/kraftwerk-shop.cc\/cs\/produkt\/mopar-bremsbelage-srt-hellcat-68248384ad\/","title":{"rendered":"Brzdov\u00e9 desti\u010dky Mopar SRT a Hellcat (68248384AD)"},"content":{"rendered":"<h1>Origin\u00e1ln\u00ed brzdov\u00e9 desti\u010dky Mopar pro modely SRT a Hellcat<\/h1>\n<p>&nbsp;<\/p>\n<p><strong>\u010c\u00edslo d\u00edlu Mopar:<\/strong> 68248384AD<br \/>\n<strong>Nahrazeno:<\/strong> 68248384AA, 68248384AB, 68248384AC<\/p>\n<p>&nbsp;<\/p>\n<p><strong>Vhodn\u00e9 pro:<br \/>\n<\/strong><\/p>\n<table width=\"0\">\n<tbody>\n<tr>\n<td width=\"143\">Chrysler<\/td>\n<td width=\"160\">300C<\/td>\n<td width=\"64\">6.4 SRT<\/td>\n<td width=\"312\">2015 - 2020 s brzdov\u00fdmi kotou\u010di 390 mm<\/td>\n<\/tr>\n<tr>\n<td width=\"143\">Dodge<\/td>\n<td width=\"160\">Challenger<\/td>\n<td width=\"64\">6.4 SRT<\/td>\n<td width=\"312\">2015 - 2020 s brzdov\u00fdmi kotou\u010di 390 mm<\/td>\n<\/tr>\n<tr>\n<td width=\"143\">Dodge<\/td>\n<td width=\"160\">Challenger Hellcat<\/td>\n<td width=\"64\">6.2<\/td>\n<td width=\"312\">2015\u20132020<\/td>\n<\/tr>\n<tr>\n<td width=\"143\">Dodge<\/td>\n<td width=\"160\">Charger<\/td>\n<td width=\"64\">6.4 SRT<\/td>\n<td width=\"312\">2015 - 2020 s brzdov\u00fdmi kotou\u010di 390 mm<\/td>\n<\/tr>\n<tr>\n<td width=\"143\">Dodge<\/td>\n<td width=\"160\">Charger Hellcat<\/td>\n<td width=\"64\">6.2<\/td>\n<td width=\"312\">2015\u20132020<\/td>\n<\/tr>\n<\/tbody>\n<\/table>\n<p>&nbsp;<\/p>\n<p>Cena se vztahuje na 1 sadu pro kompletn\u00ed p\u0159edn\u00ed n\u00e1pravu.<\/p>\n<p>&nbsp;<\/p>\n<p>&nbsp;<\/p>","protected":false},"excerpt":{"rendered":"<p>Origin\u00e1ln\u00ed d\u00edl Mopar, vhodn\u00fd pro brzdov\u00e9 kotou\u010de 390 mm (2015 - 2020)<\/p>","protected":false},"featured_media":68274596,"comment_status":"open","ping_status":"closed","template":"","meta":{"_acf_changed":false},"product_brand":[16270],"product_cat":[17735,17691,17687,17759,17763],"product_tag":[2330,52,2194,945,943,944,6821,832,838,590,10803,795,839,840,54,53,48,536,49,3853,3854,692,100,36,31,34,794,96,842,841,673],"class_list":{"0":"post-68254316","1":"product","2":"type-product","3":"status-publish","4":"has-post-thumbnail","6":"product_brand-mopar","7":"product_cat-300c-64-bremsbelaege-vorne","8":"product_cat-challenger-hellcat-bremsbelaege-vorne","9":"product_cat-challenger-64-bremsbelaege-vorne","10":"product_cat-charger-hellcat-bremsbelaege-vorne","11":"product_cat-charger-64-bremsbelaege-vorne","12":"product_tag-2-teilig","13":"product_tag-300c","14":"product_tag-390-mm","15":"product_tag-68248384aa","16":"product_tag-68248384ab","17":"product_tag-68248384ac","18":"product_tag-68248384ad","19":"product_tag-brembo","20":"product_tag-bremsbelag","21":"product_tag-bremsbelaege","22":"product_tag-bremsbelaege-fuer-dodge-challenger-6-4","23":"product_tag-bremse","24":"product_tag-bremsklotz","25":"product_tag-bremskloetze","26":"product_tag-challenger","27":"product_tag-charger","28":"product_tag-chrysler","29":"product_tag-chrysler-300c","30":"product_tag-dodge","31":"product_tag-dodge-challenger","32":"product_tag-dodge-charger","33":"product_tag-ersatzteil","34":"product_tag-hellcat","35":"product_tag-kraftwerk","36":"product_tag-mopar","37":"product_tag-original","38":"product_tag-premium","39":"product_tag-srt","40":"product_tag-vorderachse","41":"product_tag-vorne","42":"product_tag-zubehoer","44":"first","45":"instock","46":"taxable","47":"shipping-taxable","48":"purchasable","49":"product-type-simple"},"bundled_by":[],"bundle_stock_status":"instock","bundle_stock_quantity":7,"bundle_virtual":false,"bundle_layout":"","bundle_add_to_cart_form_location":"","bundle_editable_in_cart":false,"bundle_sold_individually_context":"","bundle_item_grouping":"","bundle_min_size":"","bundle_max_size":"","bundle_price":[],"bundled_items":[],"bundle_sell_ids":[],"exclude_global_add_ons":[],"addons":[],"acf":[],"_links":{"self":[{"href":"https:\/\/kraftwerk-shop.cc\/cs\/wp-json\/wp\/v2\/product\/68254316","targetHints":{"allow":["GET"]}}],"collection":[{"href":"https:\/\/kraftwerk-shop.cc\/cs\/wp-json\/wp\/v2\/product"}],"about":[{"href":"https:\/\/kraftwerk-shop.cc\/cs\/wp-json\/wp\/v2\/types\/product"}],"replies":[{"embeddable":true,"href":"https:\/\/kraftwerk-shop.cc\/cs\/wp-json\/wp\/v2\/comments?post=68254316"}],"version-history":[{"count":0,"href":"https:\/\/kraftwerk-shop.cc\/cs\/wp-json\/wp\/v2\/product\/68254316\/revisions"}],"wp:featuredmedia":[{"embeddable":true,"href":"https:\/\/kraftwerk-shop.cc\/cs\/wp-json\/wp\/v2\/media\/68274596"}],"wp:attachment":[{"href":"https:\/\/kraftwerk-shop.cc\/cs\/wp-json\/wp\/v2\/media?parent=68254316"}],"wp:term":[{"taxonomy":"product_brand","embeddable":true,"href":"https:\/\/kraftwerk-shop.cc\/cs\/wp-json\/wp\/v2\/product_brand?post=68254316"},{"taxonomy":"product_cat","embeddable":true,"href":"https:\/\/kraftwerk-shop.cc\/cs\/wp-json\/wp\/v2\/product_cat?post=68254316"},{"taxonomy":"product_tag","embeddable":true,"href":"https:\/\/kraftwerk-shop.cc\/cs\/wp-json\/wp\/v2\/product_tag?post=68254316"}],"curies":[{"name":"wp","href":"https:\/\/api.w.org\/{rel}","templated":true}]}}