{"id":68254324,"date":"2021-09-17T13:00:06","date_gmt":"2021-09-17T13:00:06","guid":{"rendered":"https:\/\/kraftwerk-gruppe.de\/?post_type=product&#038;p=68254324"},"modified":"2026-04-03T20:31:54","modified_gmt":"2026-04-03T18:31:54","slug":"montazni-sada-brzdovych-desticek-srt-hellcat-zadni-naprava","status":"publish","type":"product","link":"https:\/\/kraftwerk-shop.cc\/cs\/produkt\/befestigungssatz-bremsbelaege-srt-hellcat-hinterachse\/","title":{"rendered":"Mont\u00e1\u017en\u00ed sada pro brzdov\u00e9 desti\u010dky SRT a Hellcat"},"content":{"rendered":"<h1>Mont\u00e1\u017en\u00ed sada brzdov\u00fdch desti\u010dek pro Chrysler 300C, Dodge Challenger, Charger a Magnum 6.1 SRT8, 6.2 Hellcat a 6.4 SRT (zadn\u00ed n\u00e1prava)<\/h1>\n<p>&nbsp;<\/p>\n<p>Vhodn\u00e9 pro brzdy Brembo s 350mm brzdov\u00fdmi kotou\u010di.<\/p>\n<p>Klipy lze obvykle pou\u017e\u00edt opakovan\u011b.<br \/>\nPokud brzdov\u00e9 desti\u010dky chrast\u00ed, m\u016f\u017ee pomoci v\u00fdm\u011bna upev\u0148ovac\u00edch spon.<\/p>\n<p>&nbsp;<\/p>\n<p><strong>Vhodn\u00e9 pro:<\/strong><\/p>\n<table width=\"400\">\n<tbody>\n<tr>\n<td width=\"103\"><strong>Zna\u010dka<\/strong><\/td>\n<td width=\"83\"><strong>Model<\/strong><\/td>\n<td width=\"141\"><strong>Motor<\/strong><\/td>\n<td width=\"73\"><strong>Rok v\u00fdstavby<\/strong><\/td>\n<\/tr>\n<tr>\n<td width=\"103\">Chrysler<\/td>\n<td width=\"83\">300C<\/td>\n<td width=\"141\">6.1, 6.4<\/td>\n<td width=\"73\">v\u0161echny roky v\u00fdstavby<\/td>\n<\/tr>\n<tr>\n<td width=\"103\">Dodge<\/td>\n<td width=\"83\">Challenger<\/td>\n<td width=\"141\">6.1, 6.2 Hellcat, 6.4<\/td>\n<td width=\"73\">v\u0161echny roky v\u00fdstavby<\/td>\n<\/tr>\n<tr>\n<td width=\"103\">Dodge<\/td>\n<td width=\"83\">Charger<\/td>\n<td width=\"141\">6.1, 6.2 Hellcat, 6.4<\/td>\n<td width=\"73\">v\u0161echny roky v\u00fdstavby<\/td>\n<\/tr>\n<tr>\n<td width=\"103\">Dodge<\/td>\n<td width=\"83\">Magnum<\/td>\n<td width=\"141\">6.1<\/td>\n<td width=\"73\">v\u0161echny roky v\u00fdstavby<\/td>\n<\/tr>\n<\/tbody>\n<\/table>\n<p>&nbsp;<\/p>","protected":false},"excerpt":{"rendered":"<p>Zadn\u00ed n\u00e1prava<\/p>","protected":false},"featured_media":68274608,"comment_status":"open","ping_status":"closed","template":"","meta":{"_acf_changed":false},"product_brand":[],"product_cat":[17810,17811,17814,17815,17816,17822,17823,17824,17833],"product_tag":[846,951,952,52,844,845,843,92,101,93,928,949,950,946,4066,959,832,838,590,795,2448,839,840,54,53,48,536,49,3853,3854,4432,4815,95,4816,692,56,4818,100,798,799,50,4817,957,36,953,954,947,96,958,955,956,673],"class_list":{"0":"post-68254324","1":"product","2":"type-product","3":"status-publish","4":"has-post-thumbnail","6":"product_cat-300c-61-bremsenteile-zubehoer","7":"product_cat-300c-64-bremsenteile-zubehoer","8":"product_cat-challenger-61-bremsenteile-zubehoer","9":"product_cat-challenger-62-hellcat-bremsenteile-zubehoer","10":"product_cat-challenger-64-bremsenteile-zubehoer","11":"product_cat-charger-61-bremsenteile-zubehoer","12":"product_cat-charger-62-hellcat-bremsenteile-zubehoer","13":"product_cat-charger-64-bremsenteile-zubehoer","14":"product_cat-magnum-61-bremsenteile-zubehoer","15":"product_tag-05174327aa","16":"product_tag-05174327ab","17":"product_tag-05174327ac","18":"product_tag-300c","19":"product_tag-5174327aa","20":"product_tag-5174327ab","21":"product_tag-5174327ac","22":"product_tag-6-1","23":"product_tag-6-2","24":"product_tag-6-4","25":"product_tag-68144223aa","26":"product_tag-68144223ab","27":"product_tag-68144223ac","28":"product_tag-befestigung","29":"product_tag-befestigungssatz","30":"product_tag-bolzen","31":"product_tag-brembo","32":"product_tag-bremsbelag","33":"product_tag-bremsbelaege","34":"product_tag-bremse","35":"product_tag-bremsenkleinteile","36":"product_tag-bremsklotz","37":"product_tag-bremskloetze","38":"product_tag-challenger","39":"product_tag-charger","40":"product_tag-chrysler","41":"product_tag-chrysler-300c","42":"product_tag-dodge","43":"product_tag-dodge-challenger","44":"product_tag-dodge-charger","45":"product_tag-dodge-durango","46":"product_tag-dodge-durango-srt","47":"product_tag-durango","48":"product_tag-durango-srt","49":"product_tag-ersatzteil","50":"product_tag-grand-cherokee","51":"product_tag-grand-cherokee-srt","52":"product_tag-hellcat","53":"product_tag-hinten","54":"product_tag-hinterachse","55":"product_tag-jeep","56":"product_tag-jeep-grand-cherokee-srt","57":"product_tag-klammern","58":"product_tag-kraftwerk","59":"product_tag-power-stop","60":"product_tag-powerstop","61":"product_tag-revision","62":"product_tag-srt","63":"product_tag-stifte","64":"product_tag-z23","65":"product_tag-z23-1053","66":"product_tag-zubehoer","68":"first","69":"instock","70":"taxable","71":"shipping-taxable","72":"purchasable","73":"product-type-simple"},"bundled_by":[],"bundle_stock_status":"instock","bundle_stock_quantity":5,"bundle_virtual":false,"bundle_layout":"","bundle_add_to_cart_form_location":"","bundle_editable_in_cart":false,"bundle_sold_individually_context":"","bundle_item_grouping":"","bundle_min_size":"","bundle_max_size":"","bundle_price":[],"bundled_items":[],"bundle_sell_ids":[],"exclude_global_add_ons":[],"addons":[],"acf":[],"_links":{"self":[{"href":"https:\/\/kraftwerk-shop.cc\/cs\/wp-json\/wp\/v2\/product\/68254324","targetHints":{"allow":["GET"]}}],"collection":[{"href":"https:\/\/kraftwerk-shop.cc\/cs\/wp-json\/wp\/v2\/product"}],"about":[{"href":"https:\/\/kraftwerk-shop.cc\/cs\/wp-json\/wp\/v2\/types\/product"}],"replies":[{"embeddable":true,"href":"https:\/\/kraftwerk-shop.cc\/cs\/wp-json\/wp\/v2\/comments?post=68254324"}],"version-history":[{"count":0,"href":"https:\/\/kraftwerk-shop.cc\/cs\/wp-json\/wp\/v2\/product\/68254324\/revisions"}],"wp:featuredmedia":[{"embeddable":true,"href":"https:\/\/kraftwerk-shop.cc\/cs\/wp-json\/wp\/v2\/media\/68274608"}],"wp:attachment":[{"href":"https:\/\/kraftwerk-shop.cc\/cs\/wp-json\/wp\/v2\/media?parent=68254324"}],"wp:term":[{"taxonomy":"product_brand","embeddable":true,"href":"https:\/\/kraftwerk-shop.cc\/cs\/wp-json\/wp\/v2\/product_brand?post=68254324"},{"taxonomy":"product_cat","embeddable":true,"href":"https:\/\/kraftwerk-shop.cc\/cs\/wp-json\/wp\/v2\/product_cat?post=68254324"},{"taxonomy":"product_tag","embeddable":true,"href":"https:\/\/kraftwerk-shop.cc\/cs\/wp-json\/wp\/v2\/product_tag?post=68254324"}],"curies":[{"name":"wp","href":"https:\/\/api.w.org\/{rel}","templated":true}]}}