{"id":68254326,"date":"2021-09-17T13:00:06","date_gmt":"2021-09-17T13:00:06","guid":{"rendered":"https:\/\/kraftwerk-gruppe.de\/?post_type=product&#038;p=68254326"},"modified":"2026-04-18T10:06:24","modified_gmt":"2026-04-18T08:06:24","slug":"montazni-sada-brzdovych-desticek-srt-predni-naprava-360mm","status":"publish","type":"product","link":"https:\/\/kraftwerk-shop.cc\/cs\/produkt\/befestigungssatz-bremsbelaege-srt-vorderachse-360mm\/","title":{"rendered":"Mont\u00e1\u017en\u00ed sada pro brzdov\u00e9 desti\u010dky SRT"},"content":{"rendered":"<h1>Mont\u00e1\u017en\u00ed sada brzdov\u00fdch desti\u010dek pro Chrysler 300C, Dodge Challenger, Charger, Magnum 6.1 SRT8 &amp; 6.4 SRT a Jeep Grand Cherokee 6.1 SRT8 s brzdov\u00fdmi kotou\u010di 360 mm (p\u0159edn\u00ed n\u00e1prava)<\/h1>\n<p>&nbsp;<\/p>\n<p>Vhodn\u00e9 pro brzdy Brembo s 360mm brzdov\u00fdmi kotou\u010di.<\/p>\n<p>Klipy lze obvykle pou\u017e\u00edt opakovan\u011b.<br \/>\nPokud brzdov\u00e9 desti\u010dky chrast\u00ed, m\u016f\u017ee pomoci v\u00fdm\u011bna upev\u0148ovac\u00edch spon.<\/p>\n<p>&nbsp;<\/p>\n<p>&nbsp;<\/p>\n<p><strong>Vhodn\u00e9 pro:<\/strong><\/p>\n<table width=\"647\">\n<tbody>\n<tr>\n<td width=\"136\">Chrysler<\/td>\n<td width=\"230\">300C<\/td>\n<td width=\"197\">6.1, 6.4<\/td>\n<td width=\"84\">V\u0161echny modelov\u00e9 roky s brzdov\u00fdmi kotou\u010di 360 mm<\/td>\n<\/tr>\n<tr>\n<td>Dodge<\/td>\n<td>Challenger<\/td>\n<td>6.1, 6.4<\/td>\n<td>V\u0161echny modelov\u00e9 roky s brzdov\u00fdmi kotou\u010di 360 mm<\/td>\n<\/tr>\n<tr>\n<td>Dodge<\/td>\n<td>Charger<\/td>\n<td>6.1, 6.4<\/td>\n<td>V\u0161echny modelov\u00e9 roky s brzdov\u00fdmi kotou\u010di 360 mm<\/td>\n<\/tr>\n<tr>\n<td>Dodge<\/td>\n<td>Magnum<\/td>\n<td>6.1<\/td>\n<td>V\u0161echny modelov\u00e9 roky s brzdov\u00fdmi kotou\u010di 360 mm<\/td>\n<\/tr>\n<tr>\n<td>Jeep<\/td>\n<td>Grand Cherokee<\/td>\n<td>6.1<\/td>\n<td>v\u0161echny roky v\u00fdstavby<\/td>\n<\/tr>\n<\/tbody>\n<\/table>\n<p><strong>\u00a0<\/strong><\/p>\n<p>&nbsp;<\/p>\n<p>Do roku 2014 se do modelu SRT montoval pouze brzdov\u00fd kotou\u010d o pr\u016fm\u011bru 360 mm, od roku 2015 jsou k dispozici brzdov\u00e9 kotou\u010de o pr\u016fm\u011bru 360 mm i 390 mm.<br \/>\nBrzdov\u00fd kotou\u010d o pr\u016fm\u011bru 360 mm je jednod\u00edln\u00fd, 390 mm je dvoud\u00edln\u00fd.<\/p>","protected":false},"excerpt":{"rendered":"<p>P\u0159edn\u00ed n\u00e1prava<br \/>\nVhodn\u00e9 pro brzdov\u00e9 kotou\u010de o pr\u016fm\u011bru 360 mm<\/p>\n<p>&nbsp;<\/p>","protected":false},"featured_media":68274612,"comment_status":"open","ping_status":"closed","template":"","meta":{"_acf_changed":false},"product_brand":[],"product_cat":[17810,17811,17814,17816,17822,17824,17833,17960],"product_tag":[836,837,960,52,2156,834,835,833,946,4066,832,838,590,795,2448,839,840,54,53,48,536,49,3853,3854,692,56,50,4425,36,947,96,1056,164,842,841,673],"class_list":{"0":"post-68254326","1":"product","2":"type-product","3":"status-publish","4":"has-post-thumbnail","6":"product_cat-300c-61-bremsenteile-zubehoer","7":"product_cat-300c-64-bremsenteile-zubehoer","8":"product_cat-challenger-61-bremsenteile-zubehoer","9":"product_cat-challenger-64-bremsenteile-zubehoer","10":"product_cat-charger-61-bremsenteile-zubehoer","11":"product_cat-charger-64-bremsenteile-zubehoer","12":"product_cat-magnum-61-bremsenteile-zubehoer","13":"product_cat-jeep-grand-cherokee-61-bremsenteile-zubehoer","14":"product_tag-05174311aa","15":"product_tag-05174311ab","16":"product_tag-05174311ac","17":"product_tag-300c","18":"product_tag-360-mm","19":"product_tag-5174311aa","20":"product_tag-5174311ab","21":"product_tag-5174311ac","22":"product_tag-befestigung","23":"product_tag-befestigungssatz","24":"product_tag-brembo","25":"product_tag-bremsbelag","26":"product_tag-bremsbelaege","27":"product_tag-bremse","28":"product_tag-bremsenkleinteile","29":"product_tag-bremsklotz","30":"product_tag-bremskloetze","31":"product_tag-challenger","32":"product_tag-charger","33":"product_tag-chrysler","34":"product_tag-chrysler-300c","35":"product_tag-dodge","36":"product_tag-dodge-challenger","37":"product_tag-dodge-charger","38":"product_tag-ersatzteil","39":"product_tag-grand-cherokee","40":"product_tag-jeep","41":"product_tag-jeep-grand-cherokee","42":"product_tag-kraftwerk","43":"product_tag-revision","44":"product_tag-srt","45":"product_tag-srt-8","46":"product_tag-srt8","47":"product_tag-vorderachse","48":"product_tag-vorne","49":"product_tag-zubehoer","50":"product_shipping_class-deutschlandohne","52":"first","53":"instock","54":"taxable","55":"shipping-taxable","56":"purchasable","57":"product-type-simple"},"bundled_by":[],"bundle_stock_status":"instock","bundle_stock_quantity":7,"bundle_virtual":false,"bundle_layout":"","bundle_add_to_cart_form_location":"","bundle_editable_in_cart":false,"bundle_sold_individually_context":"","bundle_item_grouping":"","bundle_min_size":"","bundle_max_size":"","bundle_price":[],"bundled_items":[],"bundle_sell_ids":[],"exclude_global_add_ons":[],"addons":[],"acf":[],"_links":{"self":[{"href":"https:\/\/kraftwerk-shop.cc\/cs\/wp-json\/wp\/v2\/product\/68254326","targetHints":{"allow":["GET"]}}],"collection":[{"href":"https:\/\/kraftwerk-shop.cc\/cs\/wp-json\/wp\/v2\/product"}],"about":[{"href":"https:\/\/kraftwerk-shop.cc\/cs\/wp-json\/wp\/v2\/types\/product"}],"replies":[{"embeddable":true,"href":"https:\/\/kraftwerk-shop.cc\/cs\/wp-json\/wp\/v2\/comments?post=68254326"}],"version-history":[{"count":0,"href":"https:\/\/kraftwerk-shop.cc\/cs\/wp-json\/wp\/v2\/product\/68254326\/revisions"}],"wp:featuredmedia":[{"embeddable":true,"href":"https:\/\/kraftwerk-shop.cc\/cs\/wp-json\/wp\/v2\/media\/68274612"}],"wp:attachment":[{"href":"https:\/\/kraftwerk-shop.cc\/cs\/wp-json\/wp\/v2\/media?parent=68254326"}],"wp:term":[{"taxonomy":"product_brand","embeddable":true,"href":"https:\/\/kraftwerk-shop.cc\/cs\/wp-json\/wp\/v2\/product_brand?post=68254326"},{"taxonomy":"product_cat","embeddable":true,"href":"https:\/\/kraftwerk-shop.cc\/cs\/wp-json\/wp\/v2\/product_cat?post=68254326"},{"taxonomy":"product_tag","embeddable":true,"href":"https:\/\/kraftwerk-shop.cc\/cs\/wp-json\/wp\/v2\/product_tag?post=68254326"}],"curies":[{"name":"wp","href":"https:\/\/api.w.org\/{rel}","templated":true}]}}