{"id":68255070,"date":"2021-09-17T13:02:22","date_gmt":"2021-09-17T13:02:22","guid":{"rendered":"https:\/\/kraftwerk-gruppe.de\/?post_type=product&#038;p=68255070"},"modified":"2026-03-12T00:01:38","modified_gmt":"2026-03-11T23:01:38","slug":"brzdove-kotouce-power-stop-evolution-na-zadni-naprave","status":"publish","type":"product","link":"https:\/\/kraftwerk-shop.cc\/cs\/produkt\/power-stop-evolution-bremsscheiben-hinterachse\/","title":{"rendered":"Brzdov\u00e9 kotou\u010de PowerStop Evolution"},"content":{"rendered":"<h1>Brzdov\u00e9 kotou\u010de PowerStop pro Dodge Durango 3.6, 5.7 a Jeep Grand Cherokee 3.0 MultiJet, 3.6 a 5.7 od roku 2011 (zadn\u00ed n\u00e1prava)<\/h1>\n<p>&nbsp;<\/p>\n<p><strong>Srovn\u00e1vac\u00ed \u010d\u00edsla Mopar:<\/strong> <span lang=\"DE\">68035022AB, 68035022AC, 68035022A<\/span>, <span lang=\"DE\">68035022A<\/span>E<\/p>\n<p>&nbsp;<\/p>\n<p><strong>Vhodn\u00e9 pro:<\/strong><\/p>\n<table width=\"695\">\n<tbody>\n<tr>\n<td width=\"178\">Dodge<\/td>\n<td width=\"225\">Durango<\/td>\n<td width=\"120\">3.6<\/td>\n<td width=\"172\">2011\u20132025<\/td>\n<\/tr>\n<tr>\n<td width=\"178\">Dodge<\/td>\n<td width=\"225\">Durango<\/td>\n<td width=\"120\">5.7<\/td>\n<td width=\"172\">2011\u20132025<\/td>\n<\/tr>\n<tr>\n<td width=\"178\">Jeep<\/td>\n<td width=\"225\">Grand Cherokee<\/td>\n<td width=\"120\">3.0 MultiJet<\/td>\n<td width=\"172\">2011\u20132021<\/td>\n<\/tr>\n<tr>\n<td width=\"178\">Jeep<\/td>\n<td width=\"225\">Grand Cherokee<\/td>\n<td width=\"120\">3.6<\/td>\n<td width=\"172\">2011\u20132021<\/td>\n<\/tr>\n<tr>\n<td width=\"178\">Jeep<\/td>\n<td width=\"225\">Grand Cherokee<\/td>\n<td width=\"120\">5.7<\/td>\n<td width=\"172\">2011\u20132021<\/td>\n<\/tr>\n<\/tbody>\n<\/table>\n<p>&nbsp;<\/p>\n<p><strong>Vhodn\u00e9 pouze pro vozidla s brzdov\u00fdm kotou\u010dem 330 mm.<\/strong><\/p>\n<p>Cena se vztahuje na 1 sadu pro kompletn\u00ed zadn\u00ed n\u00e1pravu.<\/p>\n<p>&nbsp;<\/p>\n<p>&nbsp;<\/p>","protected":false},"excerpt":{"rendered":"<p>2011\u20132023<\/p>","protected":false},"featured_media":68274594,"comment_status":"open","ping_status":"closed","template":"","meta":{"_acf_changed":false},"product_brand":[],"product_cat":[17919,17923,17939,17944,17954],"product_tag":[169,91,17567,2099,2100,2102,1017,796,591,49,95,942,941,56,798,799,50,4425,36,953,954,216],"class_list":{"0":"post-68255070","1":"product","2":"type-product","3":"status-publish","4":"has-post-thumbnail","6":"product_cat-durango-36-bremsscheiben-hinten","7":"product_cat-durango-57-bremsscheiben-hinten","8":"product_cat-grand-cherokee-30-diesel-bremsscheiben-hinten","9":"product_cat-grand-cherokee-36-bremsscheiben-hinten","10":"product_cat-grand-cherokee-57-2011-2021-bremsscheiben-hinten","11":"product_tag-3-6","12":"product_tag-5-7","13":"product_tag-68035022a","14":"product_tag-68035022ab","15":"product_tag-68035022ac","16":"product_tag-68035022ae","17":"product_tag-ar83077xpr","18":"product_tag-bremsscheibe","19":"product_tag-bremsscheiben","20":"product_tag-dodge","21":"product_tag-durango","22":"product_tag-gelocht","23":"product_tag-geschlitzt","24":"product_tag-grand-cherokee","25":"product_tag-hinten","26":"product_tag-hinterachse","27":"product_tag-jeep","28":"product_tag-jeep-grand-cherokee","29":"product_tag-kraftwerk","30":"product_tag-power-stop","31":"product_tag-powerstop","32":"product_tag-upgrade","34":"first","35":"onbackorder","36":"taxable","37":"shipping-taxable","38":"purchasable","39":"product-type-simple"},"bundled_by":[],"bundle_stock_status":"onbackorder","bundle_stock_quantity":0,"bundle_virtual":false,"bundle_layout":"","bundle_add_to_cart_form_location":"","bundle_editable_in_cart":false,"bundle_sold_individually_context":"","bundle_item_grouping":"","bundle_min_size":"","bundle_max_size":"","bundle_price":[],"bundled_items":[],"bundle_sell_ids":[],"exclude_global_add_ons":[],"addons":[],"acf":[],"_links":{"self":[{"href":"https:\/\/kraftwerk-shop.cc\/cs\/wp-json\/wp\/v2\/product\/68255070","targetHints":{"allow":["GET"]}}],"collection":[{"href":"https:\/\/kraftwerk-shop.cc\/cs\/wp-json\/wp\/v2\/product"}],"about":[{"href":"https:\/\/kraftwerk-shop.cc\/cs\/wp-json\/wp\/v2\/types\/product"}],"replies":[{"embeddable":true,"href":"https:\/\/kraftwerk-shop.cc\/cs\/wp-json\/wp\/v2\/comments?post=68255070"}],"version-history":[{"count":0,"href":"https:\/\/kraftwerk-shop.cc\/cs\/wp-json\/wp\/v2\/product\/68255070\/revisions"}],"wp:featuredmedia":[{"embeddable":true,"href":"https:\/\/kraftwerk-shop.cc\/cs\/wp-json\/wp\/v2\/media\/68274594"}],"wp:attachment":[{"href":"https:\/\/kraftwerk-shop.cc\/cs\/wp-json\/wp\/v2\/media?parent=68255070"}],"wp:term":[{"taxonomy":"product_brand","embeddable":true,"href":"https:\/\/kraftwerk-shop.cc\/cs\/wp-json\/wp\/v2\/product_brand?post=68255070"},{"taxonomy":"product_cat","embeddable":true,"href":"https:\/\/kraftwerk-shop.cc\/cs\/wp-json\/wp\/v2\/product_cat?post=68255070"},{"taxonomy":"product_tag","embeddable":true,"href":"https:\/\/kraftwerk-shop.cc\/cs\/wp-json\/wp\/v2\/product_tag?post=68255070"}],"curies":[{"name":"wp","href":"https:\/\/api.w.org\/{rel}","templated":true}]}}