{"id":68255072,"date":"2021-09-17T13:02:23","date_gmt":"2021-09-17T13:02:23","guid":{"rendered":"https:\/\/kraftwerk-gruppe.de\/?post_type=product&#038;p=68255072"},"modified":"2026-03-12T00:01:40","modified_gmt":"2026-03-11T23:01:40","slug":"brzdove-kotouce-power-stop-evolution-na-predni-naprave","status":"publish","type":"product","link":"https:\/\/kraftwerk-shop.cc\/cs\/produkt\/power-stop-evolution-bremsscheiben-vorderachse\/","title":{"rendered":"Brzdov\u00e9 kotou\u010de PowerStop Evolution"},"content":{"rendered":"<h1>Brzdov\u00e9 kotou\u010de PowerStop pro Dodge Durango 3.6, 5.7 a Jeep Grand Cherokee 3.0 MultiJet, 3.6 a 5.7 od roku 2011 (p\u0159edn\u00ed n\u00e1prava)<\/h1>\n<p>&nbsp;<\/p>\n<p><strong>Srovn\u00e1vac\u00ed \u010d\u00edsla Mopar:<\/strong> 68035012AA, 68035012AB, 68035012AC, 68035012AD, 68035012AE, 4755569AA<\/p>\n<p>&nbsp;<\/p>\n<p><strong>Vhodn\u00e9 pro:<\/strong><\/p>\n<table width=\"695\">\n<tbody>\n<tr>\n<td width=\"178\">Dodge<\/td>\n<td width=\"225\">Durango<\/td>\n<td width=\"120\">3.6<\/td>\n<td width=\"172\">2011\u20132025<\/td>\n<\/tr>\n<tr>\n<td width=\"178\">Dodge<\/td>\n<td width=\"225\">Durango<\/td>\n<td width=\"120\">5.7<\/td>\n<td width=\"172\">2011\u20132025<\/td>\n<\/tr>\n<tr>\n<td width=\"178\">Jeep<\/td>\n<td width=\"225\">Grand Cherokee<\/td>\n<td width=\"120\">3.0 MultiJet<\/td>\n<td width=\"172\">2011\u20132021<\/td>\n<\/tr>\n<tr>\n<td width=\"178\">Jeep<\/td>\n<td width=\"225\">Grand Cherokee<\/td>\n<td width=\"120\">3.6<\/td>\n<td width=\"172\">2011\u20132021<\/td>\n<\/tr>\n<tr>\n<td width=\"178\">Jeep<\/td>\n<td width=\"225\">Grand Cherokee<\/td>\n<td width=\"120\">5.7<\/td>\n<td width=\"172\">2011\u20132021<\/td>\n<\/tr>\n<\/tbody>\n<\/table>\n<p>&nbsp;<\/p>\n<p><strong>Vhodn\u00e9 pouze pro vozidla s brzdov\u00fdm kotou\u010dem 350 mm.<\/strong><\/p>\n<p>Cena se vztahuje na 1 sadu pro kompletn\u00ed p\u0159edn\u00ed n\u00e1pravu.<\/p>\n<p>&nbsp;<\/p>\n<p>&nbsp;<\/p>","protected":false},"excerpt":{"rendered":"<p>2011\u20132023<\/p>","protected":false},"featured_media":68274589,"comment_status":"open","ping_status":"closed","template":"","meta":{"_acf_changed":false},"product_brand":[],"product_cat":[17918,17922,17938,17943,17953],"product_tag":[18184,169,2096,91,2091,2092,2093,2094,2095,1018,796,591,49,95,942,941,56,50,4425,36,953,954,216,1019,841],"class_list":{"0":"post-68255072","1":"product","2":"type-product","3":"status-publish","4":"has-post-thumbnail","6":"product_cat-durango-36-bremsscheiben-vorne","7":"product_cat-durango-57-bremsscheiben-vorne","8":"product_cat-grand-cherokee-30-diesel-bremsscheiben-vorne","9":"product_cat-grand-cherokee-36-bremsscheiben-vorne","10":"product_cat-grand-cherokee-57-2011-2021-bremsscheiben-vorne","11":"product_tag-04755569aa","12":"product_tag-3-6","13":"product_tag-4755569aa","14":"product_tag-5-7","15":"product_tag-68035012aa","16":"product_tag-68035012ab","17":"product_tag-68035012ac","18":"product_tag-68035012ad","19":"product_tag-68035012ae","20":"product_tag-ar83078xpr","21":"product_tag-bremsscheibe","22":"product_tag-bremsscheiben","23":"product_tag-dodge","24":"product_tag-durango","25":"product_tag-gelocht","26":"product_tag-geschlitzt","27":"product_tag-grand-cherokee","28":"product_tag-jeep","29":"product_tag-jeep-grand-cherokee","30":"product_tag-kraftwerk","31":"product_tag-power-stop","32":"product_tag-powerstop","33":"product_tag-upgrade","34":"product_tag-vorderachsee","35":"product_tag-vorne","37":"first","38":"onbackorder","39":"taxable","40":"shipping-taxable","41":"purchasable","42":"product-type-simple"},"bundled_by":[],"bundle_stock_status":"onbackorder","bundle_stock_quantity":0,"bundle_virtual":false,"bundle_layout":"","bundle_add_to_cart_form_location":"","bundle_editable_in_cart":false,"bundle_sold_individually_context":"","bundle_item_grouping":"","bundle_min_size":"","bundle_max_size":"","bundle_price":[],"bundled_items":[],"bundle_sell_ids":[],"exclude_global_add_ons":[],"addons":[],"acf":[],"_links":{"self":[{"href":"https:\/\/kraftwerk-shop.cc\/cs\/wp-json\/wp\/v2\/product\/68255072","targetHints":{"allow":["GET"]}}],"collection":[{"href":"https:\/\/kraftwerk-shop.cc\/cs\/wp-json\/wp\/v2\/product"}],"about":[{"href":"https:\/\/kraftwerk-shop.cc\/cs\/wp-json\/wp\/v2\/types\/product"}],"replies":[{"embeddable":true,"href":"https:\/\/kraftwerk-shop.cc\/cs\/wp-json\/wp\/v2\/comments?post=68255072"}],"version-history":[{"count":0,"href":"https:\/\/kraftwerk-shop.cc\/cs\/wp-json\/wp\/v2\/product\/68255072\/revisions"}],"wp:featuredmedia":[{"embeddable":true,"href":"https:\/\/kraftwerk-shop.cc\/cs\/wp-json\/wp\/v2\/media\/68274589"}],"wp:attachment":[{"href":"https:\/\/kraftwerk-shop.cc\/cs\/wp-json\/wp\/v2\/media?parent=68255072"}],"wp:term":[{"taxonomy":"product_brand","embeddable":true,"href":"https:\/\/kraftwerk-shop.cc\/cs\/wp-json\/wp\/v2\/product_brand?post=68255072"},{"taxonomy":"product_cat","embeddable":true,"href":"https:\/\/kraftwerk-shop.cc\/cs\/wp-json\/wp\/v2\/product_cat?post=68255072"},{"taxonomy":"product_tag","embeddable":true,"href":"https:\/\/kraftwerk-shop.cc\/cs\/wp-json\/wp\/v2\/product_tag?post=68255072"}],"curies":[{"name":"wp","href":"https:\/\/api.w.org\/{rel}","templated":true}]}}