{"id":68255116,"date":"2021-09-17T13:02:27","date_gmt":"2021-09-17T13:02:27","guid":{"rendered":"https:\/\/kraftwerk-gruppe.de\/?post_type=product&#038;p=68255116"},"modified":"2026-02-15T00:55:39","modified_gmt":"2026-02-14T23:55:39","slug":"borla-atak-axle-back-exhaust-system-chevrolet-camaro-ss-npp-delete-11921","status":"publish","type":"product","link":"https:\/\/kraftwerk-shop.cc\/cs\/produkt\/borla-atak-axle-back-auspuffanlage-chevrolet-camaro-ss-npp-delete-11921\/","title":{"rendered":"V\u00fdfukov\u00fd syst\u00e9m BORLA ATAK Axle-Back pro Chevrolet Camaro SS"},"content":{"rendered":"<h1>BORLA ATAK 11921 Vysoce v\u00fdkonn\u00fd v\u00fdfukov\u00fd syst\u00e9m s n\u00e1pravou pro Chevrolet Camaro SS z let 2016 a\u017e 2023 s NPP (dvoure\u017eimov\u00fd v\u00fdfuk)<\/h1>\n<h2><span style=\"font-size: 16px;\"><strong>U t\u00e9to varianty je funkce JE odstran\u011bna<\/strong><\/span><\/h2>\n<p>V\u00fdfukov\u00e9 syst\u00e9my BORLA\u00ae ATAK\u00ae (Acoustically Tuned Applied Kinetics) jsou ur\u010deny pro vyznava\u010de vysok\u00e9ho v\u00fdkonu, kte\u0159\u00ed d\u00e1vaj\u00ed p\u0159ednost poslechu v\u00fdfuku sv\u00e9ho vozu Chevrolet Camaro SS p\u0159ed stereofonn\u00edm syst\u00e9mem.<\/p>\n<p>V\u00fdfukov\u00e9 syst\u00e9my ATAK\u00ae dosahuj\u00ed nejvy\u0161\u0161\u00edch hodnot dB mezi r\u016fzn\u00fdmi syst\u00e9my Borla, ani\u017e by do\u0161lo ke sn\u00ed\u017een\u00ed kvality zvuku, jak tomu \u010dasto b\u00fdv\u00e1 u jin\u00fdch hlasit\u00fdch v\u00fdfukov\u00fdch syst\u00e9m\u016f.<\/p>\n<p>Technologie ATAK\u00ae je zalo\u017eena na speci\u00e1ln\u011b p\u0159izp\u016fsoben\u00fdch vlastnostech jader tlumi\u010d\u016f, kter\u00e9 jsou individu\u00e1ln\u011b vylad\u011bny pro ka\u017ed\u00fd typ vozidla, aby bylo dosa\u017eeno nejlep\u0161\u00edho zvuku.<\/p>\n<p><strong>Super agresivn\u00ed, siln\u00fd, hlasit\u00fd zvuk americk\u00e9ho auta. Syst\u00e9m je rozhodn\u011b p\u0159\u00edli\u0161 hlasit\u00fd na \u0159idi\u010dsk\u00fd pr\u016fkaz - ale vozidlo m\u00e1 zvuk, kter\u00fd opravdov\u00fd nad\u0161enec o\u010dek\u00e1v\u00e1.<\/strong><\/p>\n<p>Sportovn\u00ed v\u00fdfukov\u00e9 syst\u00e9my Borla jsou vyr\u00e1b\u011bny z vysoce legovan\u00e9 nerezov\u00e9 oceli \u0159ady T304 podle americk\u00e9 normy AISI.<\/p>\n<p>&nbsp;<\/p>\n<table border=\"0\" width=\"513\" cellspacing=\"0\" cellpadding=\"0\">\n<colgroup>\n<col \/>\n<col \/> <\/colgroup>\n<tbody>\n<tr>\n<td style=\"height: 21px; width: 223px;\" height=\"21\">Typ v\u00fdfuku<\/td>\n<td style=\"width: 291px;\">Zadn\u00ed n\u00e1prava<\/td>\n<\/tr>\n<tr>\n<td style=\"height: 21px; width: 223px;\" height=\"21\">Pr\u016fm\u011br potrub\u00ed<\/td>\n<td style=\"width: 291px;\">2,75 palce a\u017e 2x 2,5 palce<\/td>\n<\/tr>\n<tr>\n<td style=\"height: 21px; width: 223px;\" height=\"21\">V\u00fdfukov\u00e9 potrub\u00ed<\/td>\n<td>Dvojit\u00fd kulat\u00fd v\u00e1lcovan\u00fd \u00faheln\u00edk<\/td>\n<\/tr>\n<\/tbody>\n<\/table>\n<p>&nbsp;<\/p>\n<p><iframe loading=\"lazy\" title=\"V\u00fdfuk Borla pro 2016 2022 Camaro SS V\u00fdfukov\u00fd syst\u00e9m Zvuky\" width=\"500\" height=\"281\" src=\"https:\/\/www.youtube.com\/embed\/x0xI1AC7_ak?feature=oembed\" frameborder=\"0\" allow=\"accelerometer; autoplay; clipboard-write; encrypted-media; gyroscope; picture-in-picture; web-share\" referrerpolicy=\"strict-origin-when-cross-origin\" allowfullscreen><\/iframe><\/p>","protected":false},"excerpt":{"rendered":"<p>2016 - 2023 - JE Vymazat<\/p>","protected":false},"featured_media":68276263,"comment_status":"open","ping_status":"closed","template":"","meta":{"_acf_changed":false},"product_brand":[17170],"product_cat":[3073,3024],"product_tag":[2312,250,251,252,419,420,2066,1049,1046,1035,1036,1048,546,1037,1032,2443,191,1047,189,190,331,1052,429,1043,1039,1042,1050,532,529,441,20273,1040,898,1044,1051,1045,1041,547,1034,1038,291,1055,233,1053],"class_list":{"0":"post-68255116","1":"product","2":"type-product","3":"status-publish","4":"has-post-thumbnail","6":"product_brand-borla","7":"product_cat-camaro-62-2016-abgasanlage","8":"product_cat-nicht-nach-eu","9":"product_tag-2312","10":"product_tag-250","11":"product_tag-251","12":"product_tag-252","13":"product_tag-419","14":"product_tag-420","15":"product_tag-2066","16":"product_tag-1049","17":"product_tag-abe","18":"product_tag-abgasanlage","19":"product_tag-abgassystem","20":"product_tag-atak","21":"product_tag-auspuff","22":"product_tag-auspuffsystem","23":"product_tag-borla","24":"product_tag-borla-exhaust","25":"product_tag-camaro","26":"product_tag-cat-back","27":"product_tag-chevrolet","28":"product_tag-chevy","29":"product_tag-deaktivieren","30":"product_tag-delete","31":"product_tag-deutschland","32":"product_tag-endrohr","33":"product_tag-endschalldaempfer","34":"product_tag-endtopf","35":"product_tag-gen6","36":"product_tag-kat","37":"product_tag-katalysator","38":"product_tag-kaufen","39":"product_tag-keintuev","40":"product_tag-laut","41":"product_tag-lt1","42":"product_tag-mittelschalldaempfer","43":"product_tag-npp","44":"product_tag-sound","45":"product_tag-sport","46":"product_tag-sportauspuff","47":"product_tag-sportauspuffanlage","48":"product_tag-sportendschalldaempfer","49":"product_tag-ss","50":"product_tag-totlegen","51":"product_tag-tuning","52":"product_tag-wegfall","53":"product_shipping_class-paket-xl","55":"first","56":"onbackorder","57":"taxable","58":"shipping-taxable","59":"purchasable","60":"product-type-simple"},"bundled_by":[],"bundle_stock_status":"onbackorder","bundle_stock_quantity":0,"bundle_virtual":false,"bundle_layout":"","bundle_add_to_cart_form_location":"","bundle_editable_in_cart":false,"bundle_sold_individually_context":"","bundle_item_grouping":"","bundle_min_size":"","bundle_max_size":"","bundle_price":[],"bundled_items":[],"bundle_sell_ids":[],"exclude_global_add_ons":[],"addons":[],"acf":[],"_links":{"self":[{"href":"https:\/\/kraftwerk-shop.cc\/cs\/wp-json\/wp\/v2\/product\/68255116","targetHints":{"allow":["GET"]}}],"collection":[{"href":"https:\/\/kraftwerk-shop.cc\/cs\/wp-json\/wp\/v2\/product"}],"about":[{"href":"https:\/\/kraftwerk-shop.cc\/cs\/wp-json\/wp\/v2\/types\/product"}],"replies":[{"embeddable":true,"href":"https:\/\/kraftwerk-shop.cc\/cs\/wp-json\/wp\/v2\/comments?post=68255116"}],"version-history":[{"count":0,"href":"https:\/\/kraftwerk-shop.cc\/cs\/wp-json\/wp\/v2\/product\/68255116\/revisions"}],"wp:featuredmedia":[{"embeddable":true,"href":"https:\/\/kraftwerk-shop.cc\/cs\/wp-json\/wp\/v2\/media\/68276263"}],"wp:attachment":[{"href":"https:\/\/kraftwerk-shop.cc\/cs\/wp-json\/wp\/v2\/media?parent=68255116"}],"wp:term":[{"taxonomy":"product_brand","embeddable":true,"href":"https:\/\/kraftwerk-shop.cc\/cs\/wp-json\/wp\/v2\/product_brand?post=68255116"},{"taxonomy":"product_cat","embeddable":true,"href":"https:\/\/kraftwerk-shop.cc\/cs\/wp-json\/wp\/v2\/product_cat?post=68255116"},{"taxonomy":"product_tag","embeddable":true,"href":"https:\/\/kraftwerk-shop.cc\/cs\/wp-json\/wp\/v2\/product_tag?post=68255116"}],"curies":[{"name":"wp","href":"https:\/\/api.w.org\/{rel}","templated":true}]}}