{"id":68255268,"date":"2021-09-17T13:03:13","date_gmt":"2021-09-17T13:03:13","guid":{"rendered":"https:\/\/kraftwerk-gruppe.de\/?post_type=product&#038;p=68255268"},"modified":"2026-02-15T00:05:33","modified_gmt":"2026-02-14T23:05:33","slug":"borla-atak-vyfukovy-system-dodge-challenger-srt-hellcat-140646","status":"publish","type":"product","link":"https:\/\/kraftwerk-shop.cc\/cs\/produkt\/borla-atak-auspuffanlage-dodge-challenger-srt-hellcat-140646\/","title":{"rendered":"V\u00fdfukov\u00fd syst\u00e9m BORLA ATAK pro Dodge Challenger SRT Hellcat"},"content":{"rendered":"<h1>Vysoce v\u00fdkonn\u00fd v\u00fdfukov\u00fd syst\u00e9m BORLA ATAK pro Dodge Challenger SRT Hellcat od roku 2015 do roku 2023<\/h1>\n<h2>Syst\u00e9m s funk\u010dn\u00edmi aktivn\u00edmi v\u00fdfukov\u00fdmi ventily<\/h2>\n<p>V\u00fdfukov\u00e9 syst\u00e9my BORLA\u00ae ATAK\u00ae (Acoustically Tuned Applied Kinetics) jsou ur\u010deny pro vyznava\u010de vysok\u00e9ho v\u00fdkonu, kte\u0159\u00ed d\u00e1vaj\u00ed p\u0159ednost poslechu v\u00fdfuku sv\u00e9ho vozu Dodge Durango Hellcat p\u0159ed poslechem sterea.<\/p>\n<p>V\u00fdfukov\u00e9 syst\u00e9my ATAK\u00ae dosahuj\u00ed nejvy\u0161\u0161\u00edch hodnot dB mezi r\u016fzn\u00fdmi syst\u00e9my Borla, ani\u017e by do\u0161lo ke sn\u00ed\u017een\u00ed kvality zvuku, jak tomu \u010dasto b\u00fdv\u00e1 u jin\u00fdch hlasit\u00fdch v\u00fdfukov\u00fdch syst\u00e9m\u016f.<\/p>\n<p>Technologie ATAK\u00ae je zalo\u017eena na speci\u00e1ln\u011b p\u0159izp\u016fsoben\u00fdch vlastnostech jader tlumi\u010d\u016f, kter\u00e9 jsou individu\u00e1ln\u011b vylad\u011bny pro ka\u017ed\u00fd typ vozidla, aby bylo dosa\u017eeno nejlep\u0161\u00edho zvuku.<\/p>\n<p><strong>Super agresivn\u00ed, siln\u00fd, hlasit\u00fd zvuk americk\u00e9ho auta. Syst\u00e9m je rozhodn\u011b p\u0159\u00edli\u0161 hlasit\u00fd na \u0159idi\u010dsk\u00fd pr\u016fkaz - ale vozidlo m\u00e1 zvuk, kter\u00fd opravdov\u00fd nad\u0161enec o\u010dek\u00e1v\u00e1.<\/strong><\/p>\n<p>Sportovn\u00ed v\u00fdfukov\u00e9 syst\u00e9my Borla jsou vyr\u00e1b\u011bny z vysoce legovan\u00e9 nerezov\u00e9 oceli \u0159ady T304 podle americk\u00e9 normy AISI.<\/p>\n<p>&nbsp;<\/p>\n<table border=\"0\" width=\"513\" cellspacing=\"0\" cellpadding=\"0\">\n<colgroup>\n<col \/>\n<col \/> <\/colgroup>\n<tbody>\n<tr>\n<td style=\"height: 21px; width: 223px;\" height=\"21\">Typ v\u00fdfuku<\/td>\n<td style=\"width: 291px;\">Cat-Back<\/td>\n<\/tr>\n<tr>\n<td style=\"height: 21px; width: 223px;\" height=\"21\">Pr\u016fm\u011br potrub\u00ed<\/td>\n<td style=\"width: 291px;\">3 palce<\/td>\n<\/tr>\n<tr>\n<td style=\"height: 21px; width: 223px;\" height=\"21\">V\u00fdfukov\u00e9 potrub\u00ed<\/td>\n<td>bez, pou\u017eijte s origin\u00e1ln\u00edm d\u00edlem<\/td>\n<\/tr>\n<\/tbody>\n<\/table>\n<p>&nbsp;<\/p>\n<p>&nbsp;<\/p>","protected":false},"excerpt":{"rendered":"<p>2015\u20132023<\/p>","protected":false},"featured_media":68276478,"comment_status":"open","ping_status":"closed","template":"","meta":{"_acf_changed":false},"product_brand":[17170],"product_cat":[6593,3024],"product_tag":[2279,249,250,251,252,419,420,2066,101,1046,1035,1036,1048,546,1037,1032,2443,1047,54,429,49,3853,1043,1039,1042,100,532,529,441,20273,1040,1044,1045,1041,547,1034,1038,96,233],"class_list":{"0":"post-68255268","1":"product","2":"type-product","3":"status-publish","4":"has-post-thumbnail","6":"product_brand-borla","7":"product_cat-challenger-hellcat-abgasanlage-catback","8":"product_cat-nicht-nach-eu","9":"product_tag-2279","10":"product_tag-249","11":"product_tag-250","12":"product_tag-251","13":"product_tag-252","14":"product_tag-419","15":"product_tag-420","16":"product_tag-2066","17":"product_tag-6-2","18":"product_tag-abe","19":"product_tag-abgasanlage","20":"product_tag-abgassystem","21":"product_tag-atak","22":"product_tag-auspuff","23":"product_tag-auspuffsystem","24":"product_tag-borla","25":"product_tag-borla-exhaust","26":"product_tag-cat-back","27":"product_tag-challenger","28":"product_tag-deutschland","29":"product_tag-dodge","30":"product_tag-dodge-challenger","31":"product_tag-endrohr","32":"product_tag-endschalldaempfer","33":"product_tag-endtopf","34":"product_tag-hellcat","35":"product_tag-kat","36":"product_tag-katalysator","37":"product_tag-kaufen","38":"product_tag-keintuev","39":"product_tag-laut","40":"product_tag-mittelschalldaempfer","41":"product_tag-sound","42":"product_tag-sport","43":"product_tag-sportauspuff","44":"product_tag-sportauspuffanlage","45":"product_tag-sportendschalldaempfer","46":"product_tag-srt","47":"product_tag-tuning","48":"product_shipping_class-spedition-1","50":"first","51":"onbackorder","52":"taxable","53":"shipping-taxable","54":"purchasable","55":"product-type-simple"},"bundled_by":[],"bundle_stock_status":"onbackorder","bundle_stock_quantity":0,"bundle_virtual":false,"bundle_layout":"","bundle_add_to_cart_form_location":"","bundle_editable_in_cart":false,"bundle_sold_individually_context":"","bundle_item_grouping":"","bundle_min_size":"","bundle_max_size":"","bundle_price":[],"bundled_items":[],"bundle_sell_ids":[],"exclude_global_add_ons":[],"addons":[],"acf":[],"_links":{"self":[{"href":"https:\/\/kraftwerk-shop.cc\/cs\/wp-json\/wp\/v2\/product\/68255268","targetHints":{"allow":["GET"]}}],"collection":[{"href":"https:\/\/kraftwerk-shop.cc\/cs\/wp-json\/wp\/v2\/product"}],"about":[{"href":"https:\/\/kraftwerk-shop.cc\/cs\/wp-json\/wp\/v2\/types\/product"}],"replies":[{"embeddable":true,"href":"https:\/\/kraftwerk-shop.cc\/cs\/wp-json\/wp\/v2\/comments?post=68255268"}],"version-history":[{"count":0,"href":"https:\/\/kraftwerk-shop.cc\/cs\/wp-json\/wp\/v2\/product\/68255268\/revisions"}],"wp:featuredmedia":[{"embeddable":true,"href":"https:\/\/kraftwerk-shop.cc\/cs\/wp-json\/wp\/v2\/media\/68276478"}],"wp:attachment":[{"href":"https:\/\/kraftwerk-shop.cc\/cs\/wp-json\/wp\/v2\/media?parent=68255268"}],"wp:term":[{"taxonomy":"product_brand","embeddable":true,"href":"https:\/\/kraftwerk-shop.cc\/cs\/wp-json\/wp\/v2\/product_brand?post=68255268"},{"taxonomy":"product_cat","embeddable":true,"href":"https:\/\/kraftwerk-shop.cc\/cs\/wp-json\/wp\/v2\/product_cat?post=68255268"},{"taxonomy":"product_tag","embeddable":true,"href":"https:\/\/kraftwerk-shop.cc\/cs\/wp-json\/wp\/v2\/product_tag?post=68255268"}],"curies":[{"name":"wp","href":"https:\/\/api.w.org\/{rel}","templated":true}]}}