{"id":68255348,"date":"2021-09-17T13:03:21","date_gmt":"2021-09-17T13:03:21","guid":{"rendered":"https:\/\/kraftwerk-gruppe.de\/?post_type=product&#038;p=68255348"},"modified":"2026-02-15T00:48:32","modified_gmt":"2026-02-14T23:48:32","slug":"borla-atak-cerny-chromovany-vyfukovy-system-ram-1500-5-7-140753bc","status":"publish","type":"product","link":"https:\/\/kraftwerk-shop.cc\/cs\/produkt\/borla-atak-black-chrome-auspuffanlage-ram-1500-5-7-140753bc\/","title":{"rendered":"V\u00fdfukov\u00fd syst\u00e9m BORLA ATAK Black Chrome pro RAM 1500 5.7"},"content":{"rendered":"<h1><strong>BORLA ATAK 140753BC Black Chrome Vysoce v\u00fdkonn\u00fd v\u00fdfukov\u00fd syst\u00e9m pro RAM 1500 5.7 model 2019 - 2024<\/strong><\/h1>\n<p>&nbsp;<\/p>\n<p>V\u00fdfukov\u00e9 syst\u00e9my BORLA\u00ae ATAK\u00ae (Acoustically Tuned Applied Kinetics) jsou ur\u010deny pro v\u00fdkonn\u00e9 puristy, kte\u0159\u00ed rad\u011bji poslouchaj\u00ed v\u00fdfuk sv\u00e9ho Mustangu ne\u017e stereo.<\/p>\n<p>V\u00fdfukov\u00e9 syst\u00e9my ATAK\u00ae dosahuj\u00ed nejvy\u0161\u0161\u00edch hodnot dB mezi r\u016fzn\u00fdmi syst\u00e9my Borla, ani\u017e by do\u0161lo ke sn\u00ed\u017een\u00ed kvality zvuku, jak tomu \u010dasto b\u00fdv\u00e1 u jin\u00fdch hlasit\u00fdch v\u00fdfukov\u00fdch syst\u00e9m\u016f.<\/p>\n<p>Technologie ATAK\u00ae je zalo\u017eena na speci\u00e1ln\u011b p\u0159izp\u016fsoben\u00fdch vlastnostech jader tlumi\u010d\u016f, kter\u00e9 jsou individu\u00e1ln\u011b vylad\u011bny pro ka\u017ed\u00fd typ vozidla, aby bylo dosa\u017eeno nejlep\u0161\u00edho zvuku.<\/p>\n<p><strong>Super agresivn\u00ed, siln\u00fd, hlasit\u00fd zvuk americk\u00e9ho auta. Syst\u00e9m je rozhodn\u011b p\u0159\u00edli\u0161 hlasit\u00fd na \u0159idi\u010dsk\u00fd pr\u016fkaz - ale vozidlo m\u00e1 zvuk, kter\u00fd opravdov\u00fd nad\u0161enec o\u010dek\u00e1v\u00e1.<\/strong><\/p>\n<p>Sportovn\u00ed v\u00fdfukov\u00e9 syst\u00e9my Borla jsou vyr\u00e1b\u011bny z vysoce legovan\u00e9 nerezov\u00e9 oceli \u0159ady T304 podle americk\u00e9 normy AISI.<\/p>\n<p>&nbsp;<\/p>\n<table border=\"0\" width=\"335\" cellspacing=\"0\" cellpadding=\"0\">\n<colgroup>\n<col \/>\n<col \/> <\/colgroup>\n<tbody>\n<tr>\n<td style=\"height: 20px; width: 149px;\" height=\"20\">Typ v\u00fdfuku<\/td>\n<td style=\"width: 187px;\">Cat-Back<\/td>\n<\/tr>\n<tr>\n<td style=\"height: 40px; width: 149px;\" height=\"40\">Pr\u016fm\u011br potrub\u00ed<\/td>\n<td>3 palce a\u017e 2,5 palce<\/td>\n<\/tr>\n<tr>\n<td style=\"height: 80px; width: 149px;\" height=\"80\">V\u00fdfukov\u00e9 potrub\u00ed<\/td>\n<td style=\"width: 187px;\">Jednoduch\u00fd kulat\u00fd v\u00e1lcovan\u00fd \u00faheln\u00edk, pasuje do p\u016fvodn\u00edch v\u00fd\u0159ez\u016f v n\u00e1razn\u00edku (viz obr\u00e1zky)<\/td>\n<\/tr>\n<\/tbody>\n<\/table>\n<p><u><strong>Nen\u00ed vhodn\u00e9 pro RAM Classic.<\/strong><\/u><\/p>\n<p>&nbsp;<\/p>\n<p><strong>D\u016fle\u017eit\u00e9 upozorn\u011bn\u00ed pro vozidla s deaktivac\u00ed v\u00e1lc\u016f:<\/strong><\/p>\n<p>Kv\u016fli deaktivaci v\u00e1lc\u016f je zvuk ve \u010dty\u0159v\u00e1lcov\u00e9m re\u017eimu ve spojen\u00ed se sportovn\u00edm v\u00fdfukem (bez ohledu na v\u00fdrobce) \u010dasto vn\u00edm\u00e1n jako \"nevhodn\u00fd\".<br \/>\nTo m\u016f\u017eeme napravit elektronickou deaktivac\u00ed vyp\u00edn\u00e1n\u00ed v\u00e1lc\u016f.<br \/>\nVozidlo pak v\u017edy b\u011b\u017e\u00ed na v\u0161ech 8 v\u00e1lc\u016f a v\u017edy m\u00e1 po\u017eadovan\u00fd zvuk V8.<\/p>\n<p>Z\u00e1kazn\u00edk\u016fm, kte\u0159\u00ed si u n\u00e1s zakoup\u00ed tento v\u00fdfukov\u00fd syst\u00e9m Borla, nab\u00edz\u00edme deaktivaci deaktivace v\u00e1lc\u016f pro tento model za speci\u00e1ln\u00ed cenu 179 eur (m\u00edsto 279 eur) v\u010detn\u011b DPH.<\/p>\n<p>&nbsp;<\/p>\n<p><iframe loading=\"lazy\" title=\"V\u00fdfuk Borla pro 2019 2022 RAM 1500 Zvuky v\u00fdfuku\" width=\"500\" height=\"281\" src=\"https:\/\/www.youtube.com\/embed\/LrUXBwdG8ow?feature=oembed\" frameborder=\"0\" allow=\"accelerometer; autoplay; clipboard-write; encrypted-media; gyroscope; picture-in-picture; web-share\" referrerpolicy=\"strict-origin-when-cross-origin\" allowfullscreen><\/iframe><\/p>","protected":false},"excerpt":{"rendered":"<p>2019\u20132024<\/p>","protected":false},"featured_media":68276554,"comment_status":"open","ping_status":"closed","template":"","meta":{"_acf_changed":false},"product_brand":[17170],"product_cat":[3024,6623],"product_tag":[2253,475,1046,1035,1036,1048,546,1037,1032,2443,1047,429,49,1043,1039,1042,532,529,441,20273,1040,1044,86,1045,1041,547,1034,1038,233],"class_list":{"0":"post-68255348","1":"product","2":"type-product","3":"status-publish","4":"has-post-thumbnail","6":"product_brand-borla","7":"product_cat-nicht-nach-eu","8":"product_cat-1500-57-dt-abgasanlage-catback","9":"product_tag-140753bc","10":"product_tag-475","11":"product_tag-abe","12":"product_tag-abgasanlage","13":"product_tag-abgassystem","14":"product_tag-atak","15":"product_tag-auspuff","16":"product_tag-auspuffsystem","17":"product_tag-borla","18":"product_tag-borla-exhaust","19":"product_tag-cat-back","20":"product_tag-deutschland","21":"product_tag-dodge","22":"product_tag-endrohr","23":"product_tag-endschalldaempfer","24":"product_tag-endtopf","25":"product_tag-kat","26":"product_tag-katalysator","27":"product_tag-kaufen","28":"product_tag-keintuev","29":"product_tag-laut","30":"product_tag-mittelschalldaempfer","31":"product_tag-ram","32":"product_tag-sound","33":"product_tag-sport","34":"product_tag-sportauspuff","35":"product_tag-sportauspuffanlage","36":"product_tag-sportendschalldaempfer","37":"product_tag-tuning","38":"product_shipping_class-spedition-1","40":"first","41":"onbackorder","42":"taxable","43":"shipping-taxable","44":"purchasable","45":"product-type-simple"},"bundled_by":[],"bundle_stock_status":"onbackorder","bundle_stock_quantity":0,"bundle_virtual":false,"bundle_layout":"","bundle_add_to_cart_form_location":"","bundle_editable_in_cart":false,"bundle_sold_individually_context":"","bundle_item_grouping":"","bundle_min_size":"","bundle_max_size":"","bundle_price":[],"bundled_items":[],"bundle_sell_ids":[],"exclude_global_add_ons":[],"addons":[],"acf":[],"_links":{"self":[{"href":"https:\/\/kraftwerk-shop.cc\/cs\/wp-json\/wp\/v2\/product\/68255348","targetHints":{"allow":["GET"]}}],"collection":[{"href":"https:\/\/kraftwerk-shop.cc\/cs\/wp-json\/wp\/v2\/product"}],"about":[{"href":"https:\/\/kraftwerk-shop.cc\/cs\/wp-json\/wp\/v2\/types\/product"}],"replies":[{"embeddable":true,"href":"https:\/\/kraftwerk-shop.cc\/cs\/wp-json\/wp\/v2\/comments?post=68255348"}],"version-history":[{"count":0,"href":"https:\/\/kraftwerk-shop.cc\/cs\/wp-json\/wp\/v2\/product\/68255348\/revisions"}],"wp:featuredmedia":[{"embeddable":true,"href":"https:\/\/kraftwerk-shop.cc\/cs\/wp-json\/wp\/v2\/media\/68276554"}],"wp:attachment":[{"href":"https:\/\/kraftwerk-shop.cc\/cs\/wp-json\/wp\/v2\/media?parent=68255348"}],"wp:term":[{"taxonomy":"product_brand","embeddable":true,"href":"https:\/\/kraftwerk-shop.cc\/cs\/wp-json\/wp\/v2\/product_brand?post=68255348"},{"taxonomy":"product_cat","embeddable":true,"href":"https:\/\/kraftwerk-shop.cc\/cs\/wp-json\/wp\/v2\/product_cat?post=68255348"},{"taxonomy":"product_tag","embeddable":true,"href":"https:\/\/kraftwerk-shop.cc\/cs\/wp-json\/wp\/v2\/product_tag?post=68255348"}],"curies":[{"name":"wp","href":"https:\/\/api.w.org\/{rel}","templated":true}]}}