{"id":68255355,"date":"2021-09-17T13:03:21","date_gmt":"2021-09-17T13:03:21","guid":{"rendered":"https:\/\/kraftwerk-gruppe.de\/?post_type=product&#038;p=68255355"},"modified":"2026-02-14T23:58:58","modified_gmt":"2026-02-14T22:58:58","slug":"vyfukovy-system-borla-atak-jeep-grand-cherokee-trackhawk-140756","status":"publish","type":"product","link":"https:\/\/kraftwerk-shop.cc\/cs\/produkt\/borla-atak-auspuffanlage-jeep-grand-cherokee-trackhawk-140756\/","title":{"rendered":"V\u00fdfukov\u00fd syst\u00e9m BORLA ATAK pro Jeep Grand Cherokee Trackhawk"},"content":{"rendered":"<h1>BORLA ATAK 140756 Vysoce v\u00fdkonn\u00fd v\u00fdfukov\u00fd syst\u00e9m pro Jeep Grand Cherokee Trackhawk od 2018 do 2021<\/h1>\n<p>&nbsp;<\/p>\n<p>V\u00fdfukov\u00e9 syst\u00e9my BORLA\u00ae ATAK\u00ae (Acoustically Tuned Applied Kinetics) jsou ur\u010deny pro v\u00fdkonn\u00e9 puristy, kte\u0159\u00ed rad\u011bji poslouchaj\u00ed v\u00fdfuk sv\u00e9ho Mustangu ne\u017e stereo.<\/p>\n<p>V\u00fdfukov\u00e9 syst\u00e9my ATAK\u00ae dosahuj\u00ed nejvy\u0161\u0161\u00edch hodnot dB mezi r\u016fzn\u00fdmi syst\u00e9my Borla, ani\u017e by do\u0161lo ke sn\u00ed\u017een\u00ed kvality zvuku, jak tomu \u010dasto b\u00fdv\u00e1 u jin\u00fdch hlasit\u00fdch v\u00fdfukov\u00fdch syst\u00e9m\u016f.<\/p>\n<p>Technologie ATAK\u00ae je zalo\u017eena na speci\u00e1ln\u011b p\u0159izp\u016fsoben\u00fdch vlastnostech jader tlumi\u010d\u016f, kter\u00e9 jsou individu\u00e1ln\u011b vylad\u011bny pro ka\u017ed\u00fd typ vozidla, aby bylo dosa\u017eeno nejlep\u0161\u00edho zvuku.<\/p>\n<p><strong>Super agresivn\u00ed, siln\u00fd, hlasit\u00fd zvuk americk\u00e9ho auta. Syst\u00e9m je rozhodn\u011b p\u0159\u00edli\u0161 hlasit\u00fd na \u0159idi\u010dsk\u00fd pr\u016fkaz - ale vozidlo m\u00e1 zvuk, kter\u00fd opravdov\u00fd nad\u0161enec o\u010dek\u00e1v\u00e1.<\/strong><\/p>\n<p>Sportovn\u00ed v\u00fdfukov\u00e9 syst\u00e9my Borla jsou vyrobeny z vysoce legovan\u00fdch nerezov\u00fdch ocel\u00ed \u0159ady<br \/>\nT304 vyroben\u00fd podle americk\u00e9 normy AISI.<\/p>\n<p>&nbsp;<\/p>\n<table border=\"0\" width=\"513\" cellspacing=\"0\" cellpadding=\"0\">\n<colgroup>\n<col \/>\n<col \/> <\/colgroup>\n<tbody>\n<tr>\n<td style=\"height: 21px; width: 223px;\" height=\"21\">Typ v\u00fdfuku<\/td>\n<td style=\"width: 291px;\">Cat-Back<\/td>\n<\/tr>\n<tr>\n<td style=\"height: 21px; width: 223px;\" height=\"21\">Pr\u016fm\u011br potrub\u00ed<\/td>\n<td style=\"width: 291px;\">3 palce<\/td>\n<\/tr>\n<tr>\n<td style=\"height: 21px; width: 223px;\" height=\"21\">V\u00fdfukov\u00e9 potrub\u00ed<\/td>\n<td>Bez, pro pou\u017eit\u00ed s p\u016fvodn\u00edmi koncovkami<\/td>\n<\/tr>\n<\/tbody>\n<\/table>\n<p>&nbsp;<\/p>\n<p><iframe loading=\"lazy\" title=\"V\u00fdfuk Borla VS skladov\u00fd Jeep Trackhawk! Srovn\u00e1n\u00ed zvuku v\u00fdfuku Jeep Trackhawk\" width=\"500\" height=\"281\" src=\"https:\/\/www.youtube.com\/embed\/xyqn8QHowS8?feature=oembed\" frameborder=\"0\" allow=\"accelerometer; autoplay; clipboard-write; encrypted-media; gyroscope; picture-in-picture; web-share\" referrerpolicy=\"strict-origin-when-cross-origin\" allowfullscreen><\/iframe><\/p>\n<p>&nbsp;<\/p>","protected":false},"excerpt":{"rendered":"<p>2018\u20132021<\/p>","protected":false},"featured_media":68276565,"comment_status":"open","ping_status":"closed","template":"","meta":{"_acf_changed":false},"product_brand":[17170],"product_cat":[6632,3024],"product_tag":[2254,1046,1035,1036,1048,546,1037,1032,2443,1047,429,1043,1039,1042,56,50,4425,4427,4426,532,529,441,20273,1040,1044,1045,1041,547,1034,1038,102,233],"class_list":{"0":"post-68255355","1":"product","2":"type-product","3":"status-publish","4":"has-post-thumbnail","6":"product_brand-borla","7":"product_cat-trackhawk-abgasanlage-catback","8":"product_cat-nicht-nach-eu","9":"product_tag-2254","10":"product_tag-abe","11":"product_tag-abgasanlage","12":"product_tag-abgassystem","13":"product_tag-atak","14":"product_tag-auspuff","15":"product_tag-auspuffsystem","16":"product_tag-borla","17":"product_tag-borla-exhaust","18":"product_tag-cat-back","19":"product_tag-deutschland","20":"product_tag-endrohr","21":"product_tag-endschalldaempfer","22":"product_tag-endtopf","23":"product_tag-grand-cherokee","24":"product_tag-jeep","25":"product_tag-jeep-grand-cherokee","26":"product_tag-jeep-grand-cherokee-trackhawk","27":"product_tag-jeep-trackhawk","28":"product_tag-kat","29":"product_tag-katalysator","30":"product_tag-kaufen","31":"product_tag-keintuev","32":"product_tag-laut","33":"product_tag-mittelschalldaempfer","34":"product_tag-sound","35":"product_tag-sport","36":"product_tag-sportauspuff","37":"product_tag-sportauspuffanlage","38":"product_tag-sportendschalldaempfer","39":"product_tag-trackhawk","40":"product_tag-tuning","41":"product_shipping_class-spedition-1","43":"first","44":"onbackorder","45":"taxable","46":"shipping-taxable","47":"purchasable","48":"product-type-simple"},"bundled_by":[],"bundle_stock_status":"onbackorder","bundle_stock_quantity":0,"bundle_virtual":false,"bundle_layout":"","bundle_add_to_cart_form_location":"","bundle_editable_in_cart":false,"bundle_sold_individually_context":"","bundle_item_grouping":"","bundle_min_size":"","bundle_max_size":"","bundle_price":[],"bundled_items":[],"bundle_sell_ids":[],"exclude_global_add_ons":[],"addons":[],"acf":[],"_links":{"self":[{"href":"https:\/\/kraftwerk-shop.cc\/cs\/wp-json\/wp\/v2\/product\/68255355","targetHints":{"allow":["GET"]}}],"collection":[{"href":"https:\/\/kraftwerk-shop.cc\/cs\/wp-json\/wp\/v2\/product"}],"about":[{"href":"https:\/\/kraftwerk-shop.cc\/cs\/wp-json\/wp\/v2\/types\/product"}],"replies":[{"embeddable":true,"href":"https:\/\/kraftwerk-shop.cc\/cs\/wp-json\/wp\/v2\/comments?post=68255355"}],"version-history":[{"count":0,"href":"https:\/\/kraftwerk-shop.cc\/cs\/wp-json\/wp\/v2\/product\/68255355\/revisions"}],"wp:featuredmedia":[{"embeddable":true,"href":"https:\/\/kraftwerk-shop.cc\/cs\/wp-json\/wp\/v2\/media\/68276565"}],"wp:attachment":[{"href":"https:\/\/kraftwerk-shop.cc\/cs\/wp-json\/wp\/v2\/media?parent=68255355"}],"wp:term":[{"taxonomy":"product_brand","embeddable":true,"href":"https:\/\/kraftwerk-shop.cc\/cs\/wp-json\/wp\/v2\/product_brand?post=68255355"},{"taxonomy":"product_cat","embeddable":true,"href":"https:\/\/kraftwerk-shop.cc\/cs\/wp-json\/wp\/v2\/product_cat?post=68255355"},{"taxonomy":"product_tag","embeddable":true,"href":"https:\/\/kraftwerk-shop.cc\/cs\/wp-json\/wp\/v2\/product_tag?post=68255355"}],"curies":[{"name":"wp","href":"https:\/\/api.w.org\/{rel}","templated":true}]}}