{"id":68255362,"date":"2021-09-17T13:03:22","date_gmt":"2021-09-17T13:03:22","guid":{"rendered":"https:\/\/kraftwerk-gruppe.de\/?post_type=product&#038;p=68255362"},"modified":"2026-02-15T00:06:55","modified_gmt":"2026-02-14T23:06:55","slug":"borla-touring-cerny-chromovany-vyfukovy-system-ram-1500-5-7-140758bc","status":"publish","type":"product","link":"https:\/\/kraftwerk-shop.cc\/cs\/produkt\/borla-touring-black-chrome-auspuffanlage-ram-1500-5-7-140758bc\/","title":{"rendered":"V\u00fdfukov\u00fd syst\u00e9m BORLA Touring Black Chrome pro RAM 1500 5.7"},"content":{"rendered":"<h1>BORLA Touring Black Chrome 140758BC Vysoce v\u00fdkonn\u00fd v\u00fdfukov\u00fd syst\u00e9m pro RAM 1500 5.7 model 2019 - 2024<\/h1>\n<p>&nbsp;<\/p>\n<p>Hlubok\u00fd, hrdeln\u00ed zvuk je jen o m\u00e1lo hlasit\u011bj\u0161\u00ed ne\u017e standardn\u00ed a podtrhuje charakter motoru bez nep\u0159\u00edjemn\u00e9ho dun\u011bn\u00ed, kter\u00e9 se vyskytuje u mnoha dodate\u010dn\u011b dod\u00e1van\u00fdch syst\u00e9m\u016f. Ide\u00e1ln\u011b se hod\u00ed pro ka\u017edodenn\u00ed pou\u017eit\u00ed a jeho zvuk ocen\u00ed i citliv\u00ed cestuj\u00edc\u00ed.<\/p>\n<p><strong>Model Touring, vyvinut\u00fd speci\u00e1ln\u011b pro n\u00e1ro\u010dn\u00e9 jezdce na dlouh\u00e9 vzd\u00e1lenosti, je nejti\u0161\u0161\u00ed ze t\u0159\u00ed zvukov\u00fdch variant Borla.<\/strong><\/p>\n<p>P\u0159i v\u00fdvoji tohoto v\u00fdfukov\u00e9ho syst\u00e9mu byl na prvn\u00edm m\u00edst\u011b plynodynamick\u00fd a aerodynamick\u00fd design, n\u00e1sledovan\u00fd zvukovou technikou.<br \/>\nD\u00edky tomuto propracovan\u00e9mu p\u0159\u00edstupu, kter\u00fd se v pr\u016fmyslu uplat\u0148uje jen z\u0159\u00eddka, nejsou v\u00fdkon a to\u010div\u00fd moment ob\u011btov\u00e1ny zvuku, ale jsou vz\u00e1jemn\u011b slad\u011bny.<\/p>\n<p>To je zvl\u00e1\u0161tn\u00ed \u00fasp\u011bch spole\u010dnosti Borla. Ne v\u017edy je na prvn\u00ed pohled rozpoznateln\u00fd - ale pr\u00e1v\u011b to je velk\u00fd rozd\u00edl mezi pr\u016fm\u011brnost\u00ed a technickou brilantnost\u00ed.<\/p>\n<p>U mnoha jin\u00fdch v\u00fdfukov\u00fdch syst\u00e9m\u016f jsou n\u00e1klady na v\u00fdvoj n\u00edzk\u00e9 a pozornost je v\u011bnov\u00e1na pouze zvuku. V\u00fdsledkem je, \u017ee tyto syst\u00e9my \u010dasto zn\u011bj\u00ed dob\u0159e, ale maj\u00ed za n\u00e1sledek ztr\u00e1tu v\u00fdkonu, a proto si ve skute\u010dnosti nezaslou\u017e\u00ed ozna\u010den\u00ed \"sportovn\u00ed v\u00fdfuk\".<\/p>\n<p>Toho byste si m\u011bli b\u00fdt v\u011bdomi. S t\u011bmito znalostmi se m\u016f\u017eete informovan\u011b rozhodnout pro nebo proti konkr\u00e9tn\u00edmu sportovn\u00edmu v\u00fdfukov\u00e9mu syst\u00e9mu.<\/p>\n<p>Sportovn\u00ed v\u00fdfukov\u00e9 syst\u00e9my Borla jsou vyr\u00e1b\u011bny z vysoce legovan\u00e9 nerezov\u00e9 oceli \u0159ady T304 podle americk\u00e9 normy AISI.<\/p>\n<p>&nbsp;<\/p>\n<table border=\"0\" width=\"335\" cellspacing=\"0\" cellpadding=\"0\">\n<colgroup>\n<col \/>\n<col \/> <\/colgroup>\n<tbody>\n<tr>\n<td style=\"height: 20px; width: 149px;\" height=\"20\">Typ v\u00fdfuku<\/td>\n<td style=\"width: 187px;\">Cat-Back<\/td>\n<\/tr>\n<tr>\n<td style=\"height: 40px; width: 149px;\" height=\"40\">Pr\u016fm\u011br potrub\u00ed<\/td>\n<td>3 palce a\u017e 2,5 palce<\/td>\n<\/tr>\n<tr>\n<td style=\"height: 80px; width: 149px;\" height=\"80\">V\u00fdfukov\u00e9 potrub\u00ed<\/td>\n<td style=\"width: 187px;\">Jednoduch\u00fd kulat\u00fd v\u00e1lcovan\u00fd \u00faheln\u00edk, pasuje do p\u016fvodn\u00edch v\u00fd\u0159ez\u016f v n\u00e1razn\u00edku (viz obr\u00e1zky)<\/td>\n<\/tr>\n<\/tbody>\n<\/table>\n<p><u><strong>Nen\u00ed vhodn\u00e9 pro RAM Classic.<\/strong><\/u><\/p>\n<p>&nbsp;<\/p>\n<p><strong>D\u016fle\u017eit\u00e9 upozorn\u011bn\u00ed pro vozidla s deaktivac\u00ed v\u00e1lc\u016f:<\/strong><\/p>\n<p>Kv\u016fli deaktivaci v\u00e1lc\u016f je zvuk ve \u010dty\u0159v\u00e1lcov\u00e9m re\u017eimu ve spojen\u00ed se sportovn\u00edm v\u00fdfukem (bez ohledu na v\u00fdrobce) \u010dasto vn\u00edm\u00e1n jako \"nevhodn\u00fd\".<br \/>\nTo m\u016f\u017eeme napravit elektronickou deaktivac\u00ed vyp\u00edn\u00e1n\u00ed v\u00e1lc\u016f.<br \/>\nVozidlo pak v\u017edy b\u011b\u017e\u00ed na v\u0161ech 8 v\u00e1lc\u016f a v\u017edy m\u00e1 po\u017eadovan\u00fd zvuk V8.<\/p>\n<p>Z\u00e1kazn\u00edk\u016fm, kte\u0159\u00ed si u n\u00e1s zakoup\u00ed tento v\u00fdfukov\u00fd syst\u00e9m Borla, nab\u00edz\u00edme deaktivaci deaktivace v\u00e1lc\u016f pro tento model za speci\u00e1ln\u00ed cenu 179 eur (m\u00edsto 279 eur) v\u010detn\u011b DPH.<\/p>\n<p>&nbsp;<\/p>\n<p><iframe loading=\"lazy\" title=\"V\u00fdfuk Borla pro 2019 2022 RAM 1500 Zvuky v\u00fdfuku\" width=\"500\" height=\"281\" src=\"https:\/\/www.youtube.com\/embed\/LrUXBwdG8ow?feature=oembed\" frameborder=\"0\" allow=\"accelerometer; autoplay; clipboard-write; encrypted-media; gyroscope; picture-in-picture; web-share\" referrerpolicy=\"strict-origin-when-cross-origin\" allowfullscreen><\/iframe><\/p>","protected":false},"excerpt":{"rendered":"<p>2019\u20132024<\/p>","protected":false},"featured_media":68276568,"comment_status":"open","ping_status":"closed","template":"","meta":{"_acf_changed":false},"product_brand":[17170],"product_cat":[3024,6623],"product_tag":[2248,475,419,420,1046,1035,1036,546,1037,1032,2443,1047,429,49,1043,1039,1042,532,529,441,20273,1040,1044,86,1045,1041,547,1034,1038,1057,233],"class_list":{"0":"post-68255362","1":"product","2":"type-product","3":"status-publish","4":"has-post-thumbnail","6":"product_brand-borla","7":"product_cat-nicht-nach-eu","8":"product_cat-1500-57-dt-abgasanlage-catback","9":"product_tag-140758bc","10":"product_tag-475","11":"product_tag-419","12":"product_tag-420","13":"product_tag-abe","14":"product_tag-abgasanlage","15":"product_tag-abgassystem","16":"product_tag-auspuff","17":"product_tag-auspuffsystem","18":"product_tag-borla","19":"product_tag-borla-exhaust","20":"product_tag-cat-back","21":"product_tag-deutschland","22":"product_tag-dodge","23":"product_tag-endrohr","24":"product_tag-endschalldaempfer","25":"product_tag-endtopf","26":"product_tag-kat","27":"product_tag-katalysator","28":"product_tag-kaufen","29":"product_tag-keintuev","30":"product_tag-laut","31":"product_tag-mittelschalldaempfer","32":"product_tag-ram","33":"product_tag-sound","34":"product_tag-sport","35":"product_tag-sportauspuff","36":"product_tag-sportauspuffanlage","37":"product_tag-sportendschalldaempfer","38":"product_tag-touring","39":"product_tag-tuning","40":"product_shipping_class-spedition-1","42":"first","43":"onbackorder","44":"taxable","45":"shipping-taxable","46":"purchasable","47":"product-type-simple"},"bundled_by":[],"bundle_stock_status":"onbackorder","bundle_stock_quantity":0,"bundle_virtual":false,"bundle_layout":"","bundle_add_to_cart_form_location":"","bundle_editable_in_cart":false,"bundle_sold_individually_context":"","bundle_item_grouping":"","bundle_min_size":"","bundle_max_size":"","bundle_price":[],"bundled_items":[],"bundle_sell_ids":[],"exclude_global_add_ons":[],"addons":[],"acf":[],"_links":{"self":[{"href":"https:\/\/kraftwerk-shop.cc\/cs\/wp-json\/wp\/v2\/product\/68255362","targetHints":{"allow":["GET"]}}],"collection":[{"href":"https:\/\/kraftwerk-shop.cc\/cs\/wp-json\/wp\/v2\/product"}],"about":[{"href":"https:\/\/kraftwerk-shop.cc\/cs\/wp-json\/wp\/v2\/types\/product"}],"replies":[{"embeddable":true,"href":"https:\/\/kraftwerk-shop.cc\/cs\/wp-json\/wp\/v2\/comments?post=68255362"}],"version-history":[{"count":0,"href":"https:\/\/kraftwerk-shop.cc\/cs\/wp-json\/wp\/v2\/product\/68255362\/revisions"}],"wp:featuredmedia":[{"embeddable":true,"href":"https:\/\/kraftwerk-shop.cc\/cs\/wp-json\/wp\/v2\/media\/68276568"}],"wp:attachment":[{"href":"https:\/\/kraftwerk-shop.cc\/cs\/wp-json\/wp\/v2\/media?parent=68255362"}],"wp:term":[{"taxonomy":"product_brand","embeddable":true,"href":"https:\/\/kraftwerk-shop.cc\/cs\/wp-json\/wp\/v2\/product_brand?post=68255362"},{"taxonomy":"product_cat","embeddable":true,"href":"https:\/\/kraftwerk-shop.cc\/cs\/wp-json\/wp\/v2\/product_cat?post=68255362"},{"taxonomy":"product_tag","embeddable":true,"href":"https:\/\/kraftwerk-shop.cc\/cs\/wp-json\/wp\/v2\/product_tag?post=68255362"}],"curies":[{"name":"wp","href":"https:\/\/api.w.org\/{rel}","templated":true}]}}