{"id":68255422,"date":"2021-09-17T13:03:54","date_gmt":"2021-09-17T13:03:54","guid":{"rendered":"https:\/\/kraftwerk-gruppe.de\/?post_type=product&#038;p=68255422"},"modified":"2026-04-09T15:25:15","modified_gmt":"2026-04-09T13:25:15","slug":"dba-brzdove-desticky-db2375xp","status":"publish","type":"product","link":"https:\/\/kraftwerk-shop.cc\/cs\/produkt\/dba-bremsbelaege-db2375xp\/","title":{"rendered":"Brzdov\u00e9 desti\u010dky DBA Xtreme Performance Dodge SRT, Hellcat a Grand Cherokee SRT"},"content":{"rendered":"<h1>Brzdov\u00e9 desti\u010dky DBA DB2375XP pro Chrysler 300C, Dodge Challenger a Charger 6.2 Hellcat a 6.4 SRT, Dodge Durango 6.4 SRT a Jeep Grand Cherokee 6.4 SRT<\/h1>\n<p>&nbsp;<\/p>\n<p>Brzdov\u00e9 desti\u010dky Xtreme Performance od spole\u010dnosti DBA byly vyvinuty pro \u0159idi\u010de, kte\u0159\u00ed o\u010dek\u00e1vaj\u00ed vysok\u00fd po\u010d\u00e1te\u010dn\u00ed z\u00e1b\u011br a t\u0159ec\u00ed odolnost od n\u00edzk\u00fdch a\u017e po vysok\u00e9 teploty.<br \/>\n\u0158ada XP je ur\u010dena pro n\u00e1ro\u010dn\u00e9 aplikace, kde je pro bezpe\u010dn\u00e9 brzd\u011bn\u00ed v extr\u00e9mn\u00edch podm\u00ednk\u00e1ch vy\u017eadov\u00e1na vy\u0161\u0161\u00ed \u00farove\u0148 t\u0159en\u00ed.<\/p>\n<p>Pro optim\u00e1ln\u00ed brzdn\u00fd v\u00fdkon doporu\u010duje DBA kombinaci s dr\u00e1\u017ekovan\u00fdmi rotory T3 \u0159ady 4000 a 5000.<br \/>\nSpecifikace:<\/p>\n<ul>\n<li>Polokovov\u00fd t\u0159ec\u00ed materi\u00e1l vyztu\u017een\u00fd uhl\u00edkov\u00fdmi vl\u00e1kny<\/li>\n<li>Koeficient t\u0159en\u00ed je v pr\u016fm\u011bru 0,45 od n\u00edzk\u00fdch po vysok\u00e9 teploty.<\/li>\n<li>\u00a0Vynikaj\u00edc\u00ed v\u00fdkon p\u0159i vysok\u00fdch teplot\u00e1ch<\/li>\n<li>Optim\u00e1ln\u00ed konzistence brzd\u011bn\u00ed a\u017e do 550<span style=\"font-family: cambria math,serif;\">\u2103<\/span> (1022<span style=\"font-family: cambria math,serif;\">\u2109<\/span>)<\/li>\n<\/ul>\n<p>&nbsp;<\/p>\n<p><strong>Srovn\u00e1vac\u00ed \u010d\u00edsla Mopar:<\/strong> 68144427AA, 68144427AB, 68303052AA, 68248384AA, 68248384AB, 68248384AC, 68248384AD, 68525329AA, 68525329AB.<\/p>\n<p>&nbsp;<\/p>\n<p><strong>Vhodn\u00e9 pro:<\/strong><\/p>\n<table width=\"873\">\n<tbody>\n<tr>\n<td width=\"209\">Chrysler<\/td>\n<td width=\"133\">300C<\/td>\n<td width=\"206\">6.4<\/td>\n<td width=\"325\">2015 - 2020 s brzdov\u00fdmi kotou\u010di 390 mm<\/td>\n<\/tr>\n<tr>\n<td width=\"209\">Chrysler<\/td>\n<td width=\"133\">300C<\/td>\n<td width=\"206\">6.4<\/td>\n<td width=\"325\">2021 - 2023 s brzdov\u00fdmi kotou\u010di 400 mm<\/td>\n<\/tr>\n<tr>\n<td width=\"209\">Dodge<\/td>\n<td width=\"133\">Challenger<\/td>\n<td width=\"206\">6.4<\/td>\n<td width=\"325\">2015 - 2020 s brzdov\u00fdmi kotou\u010di 390 mm<\/td>\n<\/tr>\n<tr>\n<td width=\"209\">Dodge<\/td>\n<td width=\"133\">Challenger<\/td>\n<td width=\"206\">6.4<\/td>\n<td width=\"325\">2021 - 2023 s brzdov\u00fdmi kotou\u010di 400 mm<\/td>\n<\/tr>\n<tr>\n<td width=\"209\">Dodge<\/td>\n<td width=\"133\">Challenger Hellcat<\/td>\n<td width=\"206\">6.2<\/td>\n<td width=\"325\">2015 - 2020 s brzdov\u00fdmi kotou\u010di 390 mm<\/td>\n<\/tr>\n<tr>\n<td width=\"209\">Dodge<\/td>\n<td width=\"133\">Challenger Hellcat<\/td>\n<td width=\"206\">6.2<\/td>\n<td width=\"325\">2021 - 2023 s brzdov\u00fdmi kotou\u010di 400 mm<\/td>\n<\/tr>\n<tr>\n<td width=\"209\">Dodge<\/td>\n<td width=\"133\">Charger<\/td>\n<td width=\"206\">6.4<\/td>\n<td width=\"325\">2015 - 2020 s brzdov\u00fdmi kotou\u010di 390 mm<\/td>\n<\/tr>\n<tr>\n<td width=\"209\">Dodge<\/td>\n<td width=\"133\">Charger<\/td>\n<td width=\"206\">6.4<\/td>\n<td width=\"325\">2021 - 2023 s brzdov\u00fdmi kotou\u010di 400 mm<\/td>\n<\/tr>\n<tr>\n<td width=\"209\">Dodge<\/td>\n<td width=\"133\">Charger Hellcat<\/td>\n<td width=\"206\">6.2<\/td>\n<td width=\"325\">2015 - 2020 s brzdov\u00fdmi kotou\u010di 390 mm<\/td>\n<\/tr>\n<tr>\n<td width=\"209\">Dodge<\/td>\n<td width=\"133\">Charger Hellcat<\/td>\n<td width=\"206\">6.2<\/td>\n<td width=\"325\">2021 - 2023 s brzdov\u00fdmi kotou\u010di 400 mm<\/td>\n<\/tr>\n<tr>\n<td width=\"209\">Jeep<\/td>\n<td width=\"133\">Grand Cherokee<\/td>\n<td width=\"206\">6.4<\/td>\n<td width=\"325\">2011 - 2021 s brzdov\u00fdmi kotou\u010di 380 mm<\/td>\n<\/tr>\n<tr>\n<td width=\"209\">Dodge<\/td>\n<td width=\"133\">Durango<\/td>\n<td width=\"206\">6.4<\/td>\n<td width=\"325\">2018 - 2024 s brzdov\u00fdmi kotou\u010di 380 mm<\/td>\n<\/tr>\n<\/tbody>\n<\/table>\n<p>&nbsp;<\/p>\n<p><strong>Autorizace:<\/strong> Ano<\/p>\n<p>Cena se vztahuje na 1 sadu pro kompletn\u00ed p\u0159edn\u00ed n\u00e1pravu.<\/p>\n<p>&nbsp;<\/p>","protected":false},"excerpt":{"rendered":"<p>Vhodn\u00e9 pro brzdov\u00e9 kotou\u010de o pr\u016fm\u011bru 380, 390 a 400 mm.<\/p>","protected":false},"featured_media":68271227,"comment_status":"open","ping_status":"closed","template":"","meta":{"_acf_changed":false},"product_brand":[18922],"product_cat":[17735,17691,17687,17759,17763,17932,17966],"product_tag":[929,930,945,943,944,6821,931,1046,832,838,590,10803,10805,795,839,840,54,53,9901,789,49,3853,3854,95,2325,692,56,1070,100,50,4425,31,96,102,2139,842,841,673,2137],"class_list":{"0":"post-68255422","1":"product","2":"type-product","3":"status-publish","4":"has-post-thumbnail","6":"product_brand-dba","7":"product_cat-300c-64-bremsbelaege-vorne","8":"product_cat-challenger-hellcat-bremsbelaege-vorne","9":"product_cat-challenger-64-bremsbelaege-vorne","10":"product_cat-charger-hellcat-bremsbelaege-vorne","11":"product_cat-charger-64-bremsbelaege-vorne","12":"product_cat-durango-64-bremsbelaege-vorne","13":"product_cat-grand-cherokee-64-bremsbelaege-vorne","14":"product_tag-68144427aa","15":"product_tag-68144427ab","16":"product_tag-68248384aa","17":"product_tag-68248384ab","18":"product_tag-68248384ac","19":"product_tag-68248384ad","20":"product_tag-68303052aa","21":"product_tag-abe","22":"product_tag-brembo","23":"product_tag-bremsbelag","24":"product_tag-bremsbelaege","25":"product_tag-bremsbelaege-fuer-dodge-challenger-6-4","26":"product_tag-bremsbelaege-fuer-jeep-grand-cherokee-6-4-srt","27":"product_tag-bremse","28":"product_tag-bremsklotz","29":"product_tag-bremskloetze","30":"product_tag-challenger","31":"product_tag-charger","32":"product_tag-db2375xp","33":"product_tag-dba","34":"product_tag-dodge","35":"product_tag-dodge-challenger","36":"product_tag-dodge-charger","37":"product_tag-durango","38":"product_tag-eg","39":"product_tag-ersatzteil","40":"product_tag-grand-cherokee","41":"product_tag-hawk","42":"product_tag-hellcat","43":"product_tag-jeep","44":"product_tag-jeep-grand-cherokee","45":"product_tag-mopar","46":"product_tag-srt","47":"product_tag-trackhawk","48":"product_tag-tuev","49":"product_tag-vorderachse","50":"product_tag-vorne","51":"product_tag-zubehoer","52":"product_tag-zulassung","54":"first","55":"instock","56":"taxable","57":"shipping-taxable","58":"purchasable","59":"product-type-simple"},"bundled_by":[],"bundle_stock_status":"instock","bundle_stock_quantity":8,"bundle_virtual":false,"bundle_layout":"","bundle_add_to_cart_form_location":"","bundle_editable_in_cart":false,"bundle_sold_individually_context":"","bundle_item_grouping":"","bundle_min_size":"","bundle_max_size":"","bundle_price":[],"bundled_items":[],"bundle_sell_ids":[],"exclude_global_add_ons":[],"addons":[],"acf":[],"_links":{"self":[{"href":"https:\/\/kraftwerk-shop.cc\/cs\/wp-json\/wp\/v2\/product\/68255422","targetHints":{"allow":["GET"]}}],"collection":[{"href":"https:\/\/kraftwerk-shop.cc\/cs\/wp-json\/wp\/v2\/product"}],"about":[{"href":"https:\/\/kraftwerk-shop.cc\/cs\/wp-json\/wp\/v2\/types\/product"}],"replies":[{"embeddable":true,"href":"https:\/\/kraftwerk-shop.cc\/cs\/wp-json\/wp\/v2\/comments?post=68255422"}],"version-history":[{"count":0,"href":"https:\/\/kraftwerk-shop.cc\/cs\/wp-json\/wp\/v2\/product\/68255422\/revisions"}],"wp:featuredmedia":[{"embeddable":true,"href":"https:\/\/kraftwerk-shop.cc\/cs\/wp-json\/wp\/v2\/media\/68271227"}],"wp:attachment":[{"href":"https:\/\/kraftwerk-shop.cc\/cs\/wp-json\/wp\/v2\/media?parent=68255422"}],"wp:term":[{"taxonomy":"product_brand","embeddable":true,"href":"https:\/\/kraftwerk-shop.cc\/cs\/wp-json\/wp\/v2\/product_brand?post=68255422"},{"taxonomy":"product_cat","embeddable":true,"href":"https:\/\/kraftwerk-shop.cc\/cs\/wp-json\/wp\/v2\/product_cat?post=68255422"},{"taxonomy":"product_tag","embeddable":true,"href":"https:\/\/kraftwerk-shop.cc\/cs\/wp-json\/wp\/v2\/product_tag?post=68255422"}],"curies":[{"name":"wp","href":"https:\/\/api.w.org\/{rel}","templated":true}]}}