{"id":68255424,"date":"2021-09-17T13:03:54","date_gmt":"2021-09-17T13:03:54","guid":{"rendered":"https:\/\/kraftwerk-gruppe.de\/?post_type=product&#038;p=68255424"},"modified":"2026-04-10T15:15:44","modified_gmt":"2026-04-10T13:15:44","slug":"dba-brzdove-desticky-db8805xp","status":"publish","type":"product","link":"https:\/\/kraftwerk-shop.cc\/cs\/produkt\/dba-bremsbelaege-db8805xp\/","title":{"rendered":"Brzdov\u00e9 desti\u010dky DBA Xtreme Performance Chrysler &amp; Dodge SRT, Hellcat, Grand Cherokee SRT"},"content":{"rendered":"<h1>Brzdov\u00e9 desti\u010dky DBA Xtreme Performance DB8805XP pro Chrysler a Dodge SRT, Hellcat a Grand Cherokee SRT (zadn\u00ed n\u00e1prava)<\/h1>\n<p>&nbsp;<\/p>\n<p>Brzdov\u00e9 desti\u010dky Xtreme Performance od spole\u010dnosti DBA byly vyvinuty pro \u0159idi\u010de, kte\u0159\u00ed o\u010dek\u00e1vaj\u00ed vysok\u00fd po\u010d\u00e1te\u010dn\u00ed z\u00e1b\u011br a t\u0159ec\u00ed odolnost od n\u00edzk\u00fdch a\u017e po vysok\u00e9 teploty.<br \/>\n\u0158ada XP je ur\u010dena pro n\u00e1ro\u010dn\u00e9 aplikace, kde je pro bezpe\u010dn\u00e9 brzd\u011bn\u00ed v extr\u00e9mn\u00edch podm\u00ednk\u00e1ch vy\u017eadov\u00e1na vy\u0161\u0161\u00ed \u00farove\u0148 t\u0159en\u00ed.<\/p>\n<p>Pro optim\u00e1ln\u00ed brzdn\u00fd v\u00fdkon doporu\u010duje DBA kombinaci s dr\u00e1\u017ekovan\u00fdmi rotory T3 \u0159ady 4000 a 5000.<br \/>\nSpecifikace:<\/p>\n<ul>\n<li>Polokovov\u00fd t\u0159ec\u00ed materi\u00e1l vyztu\u017een\u00fd uhl\u00edkov\u00fdmi vl\u00e1kny<\/li>\n<li>Koeficient t\u0159en\u00ed je v pr\u016fm\u011bru 0,45 od n\u00edzk\u00fdch po vysok\u00e9 teploty.<\/li>\n<li>\u00a0Vynikaj\u00edc\u00ed v\u00fdkon p\u0159i vysok\u00fdch teplot\u00e1ch<\/li>\n<li>Optim\u00e1ln\u00ed konzistence brzd\u011bn\u00ed a\u017e do 550<span style=\"font-family: cambria math,serif;\">\u2103<\/span> (1022<span style=\"font-family: cambria math,serif;\">\u2109<\/span>)<\/li>\n<\/ul>\n<p>&nbsp;<\/p>\n<p><strong><br \/>\nSrovn\u00e1vac\u00ed \u010d\u00edsla Mopar:<\/strong> 68144223AA, 68144223AB, 68144223AC, 68144432AA, <span class=\"list-value sku-display\">68399102AB<\/span><\/p>\n<p>&nbsp;<\/p>\n<p><strong>Vhodn\u00e9 pro:<\/strong><\/p>\n<table width=\"637\">\n<tbody>\n<tr>\n<td width=\"115\"><strong>Zna\u010dka<\/strong><\/td>\n<td width=\"145\"><strong>Model<\/strong><\/td>\n<td width=\"214\"><strong>Motor<\/strong><\/td>\n<td width=\"163\"><strong>Rok v\u00fdstavby<\/strong><\/td>\n<\/tr>\n<tr>\n<td>Chrysler<\/td>\n<td>300C<\/td>\n<td>6.1<\/td>\n<td>2005\u20132010<\/td>\n<\/tr>\n<tr>\n<td width=\"115\">Chrysler<\/td>\n<td width=\"145\">300C<\/td>\n<td>6.4<\/td>\n<td width=\"163\">2012\u20132023<\/td>\n<\/tr>\n<tr>\n<td>Dodge<\/td>\n<td>Challenger<\/td>\n<td>6.1<\/td>\n<td>2008\u20132010<\/td>\n<\/tr>\n<tr>\n<td width=\"115\">Dodge<\/td>\n<td width=\"145\">Challenger<\/td>\n<td width=\"214\">6.2 Hellcat<\/td>\n<td width=\"163\">2015\u20132023<\/td>\n<\/tr>\n<tr>\n<td width=\"115\">Dodge<\/td>\n<td width=\"145\">Challenger<\/td>\n<td>6.4<\/td>\n<td width=\"163\">2011\u20132023<\/td>\n<\/tr>\n<tr>\n<td>Dodge<\/td>\n<td>Charger<\/td>\n<td>6.1<\/td>\n<td>2005\u20132010<\/td>\n<\/tr>\n<tr>\n<td width=\"115\">Dodge<\/td>\n<td width=\"145\">Charger<\/td>\n<td width=\"214\">6.2 Hellcat<\/td>\n<td width=\"163\">2015\u20132023<\/td>\n<\/tr>\n<tr>\n<td width=\"115\">Dodge<\/td>\n<td width=\"145\">Charger<\/td>\n<td>6.4<\/td>\n<td width=\"163\">2011\u20132023<\/td>\n<\/tr>\n<tr>\n<td width=\"115\">Dodge<\/td>\n<td width=\"145\">Durango<\/td>\n<td width=\"214\">6.2 Hellcat<\/td>\n<td width=\"163\">2021\u20132025<\/td>\n<\/tr>\n<tr>\n<td>Dodge<\/td>\n<td>Durango<\/td>\n<td>6.4<\/td>\n<td>2018\u20132024<\/td>\n<\/tr>\n<tr>\n<td>Dodge<\/td>\n<td>Magnum<\/td>\n<td>6.1<\/td>\n<td>2006\u20132008<\/td>\n<\/tr>\n<tr>\n<td>Jeep<\/td>\n<td>Grand Cherokee<\/td>\n<td>6.1<\/td>\n<td>2006\u20132010<\/td>\n<\/tr>\n<tr>\n<td width=\"115\">Jeep<\/td>\n<td width=\"145\">Grand Cherokee<\/td>\n<td width=\"214\">6.2 Trackhawk<\/td>\n<td width=\"163\">2018\u20132021<\/td>\n<\/tr>\n<tr>\n<td>Jeep<\/td>\n<td>Grand Cherokee<\/td>\n<td>6.4<\/td>\n<td>2011\u20132021<\/td>\n<\/tr>\n<\/tbody>\n<\/table>\n<p>&nbsp;<\/p>\n<p><strong>Autorizace:<\/strong> Ano<\/p>\n<p>Cena se vztahuje na 1 sadu pro kompletn\u00ed zadn\u00ed n\u00e1pravu.<\/p>\n<p>&nbsp;<\/p>\n<p>&nbsp;<\/p>","protected":false},"excerpt":{"rendered":"<p>DBA Xtreme Performance Bremsbel\u00e4ge DB8805XP f\u00fcr Chrysler &amp; Dodge SRT, Hellcat, &amp; Grand Cherokee SRT (Hinterachse) &nbsp; Die Xtreme Performance-Bremsbel\u00e4ge<\/p>","protected":false},"featured_media":68271230,"comment_status":"open","ping_status":"closed","template":"","meta":{"_acf_changed":false},"product_brand":[18922],"product_cat":[17732,17736,17696,17692,17688,17756,17760,17764,17929,17933,17776,17957,17962,17967],"product_tag":[52,217,92,101,93,928,949,950,933,2436,832,838,590,10803,795,839,840,54,53,48,536,789,49,3853,3854,95,2325,692,56,1070,100,798,799,50,4425,4427,4426,55,31,794,96,102,2139,673,2137],"class_list":{"0":"post-68255424","1":"product","2":"type-product","3":"status-publish","4":"has-post-thumbnail","6":"product_brand-dba","7":"product_cat-300c-61-bremsbelaege-hinten","8":"product_cat-300c-64-bremsbelaege-hinten","9":"product_cat-challenger-61-bremsbelaege-hinten","10":"product_cat-challenger-hellcat-bremsbelaege-hinten","11":"product_cat-challenger-64-bremsbelaege-hinten","12":"product_cat-charger-61-bremsbelaege-hinten","13":"product_cat-charger-hellcat-bremsbelaege-hinten","14":"product_cat-charger-64-bremsbelaege-hinten","15":"product_cat-durango-hellcat-bremsbelaege-hinten","16":"product_cat-durango-64-bremsbelaege-hinten","17":"product_cat-magnum-61-bremsbelaege-hinten","18":"product_cat-grand-cherokee-61-bremsbelaege-hinten","19":"product_cat-trackhawk-bremsbelaege-hinten","20":"product_cat-grand-cherokee-64-bremsbelaege-hinten","21":"product_tag-300c","22":"product_tag-217","23":"product_tag-6-1","24":"product_tag-6-2","25":"product_tag-6-4","26":"product_tag-68144223aa","27":"product_tag-68144223ab","28":"product_tag-68144223ac","29":"product_tag-68144432aa","30":"product_tag-68399102ab","31":"product_tag-brembo","32":"product_tag-bremsbelag","33":"product_tag-bremsbelaege","34":"product_tag-bremsbelaege-fuer-dodge-challenger-6-4","35":"product_tag-bremse","36":"product_tag-bremsklotz","37":"product_tag-bremskloetze","38":"product_tag-challenger","39":"product_tag-charger","40":"product_tag-chrysler","41":"product_tag-chrysler-300c","42":"product_tag-dba","43":"product_tag-dodge","44":"product_tag-dodge-challenger","45":"product_tag-dodge-charger","46":"product_tag-durango","47":"product_tag-eg","48":"product_tag-ersatzteil","49":"product_tag-grand-cherokee","50":"product_tag-hawk","51":"product_tag-hellcat","52":"product_tag-hinten","53":"product_tag-hinterachse","54":"product_tag-jeep","55":"product_tag-jeep-grand-cherokee","56":"product_tag-jeep-grand-cherokee-trackhawk","57":"product_tag-jeep-trackhawk","58":"product_tag-magnum","59":"product_tag-mopar","60":"product_tag-premium","61":"product_tag-srt","62":"product_tag-trackhawk","63":"product_tag-tuev","64":"product_tag-zubehoer","65":"product_tag-zulassung","66":"product_shipping_class-deutschlandohne","68":"first","69":"instock","70":"taxable","71":"shipping-taxable","72":"purchasable","73":"product-type-simple"},"bundled_by":[],"bundle_stock_status":"instock","bundle_stock_quantity":9,"bundle_virtual":false,"bundle_layout":"","bundle_add_to_cart_form_location":"","bundle_editable_in_cart":false,"bundle_sold_individually_context":"","bundle_item_grouping":"","bundle_min_size":"","bundle_max_size":"","bundle_price":[],"bundled_items":[],"bundle_sell_ids":[],"exclude_global_add_ons":[],"addons":[],"acf":[],"_links":{"self":[{"href":"https:\/\/kraftwerk-shop.cc\/cs\/wp-json\/wp\/v2\/product\/68255424","targetHints":{"allow":["GET"]}}],"collection":[{"href":"https:\/\/kraftwerk-shop.cc\/cs\/wp-json\/wp\/v2\/product"}],"about":[{"href":"https:\/\/kraftwerk-shop.cc\/cs\/wp-json\/wp\/v2\/types\/product"}],"replies":[{"embeddable":true,"href":"https:\/\/kraftwerk-shop.cc\/cs\/wp-json\/wp\/v2\/comments?post=68255424"}],"version-history":[{"count":0,"href":"https:\/\/kraftwerk-shop.cc\/cs\/wp-json\/wp\/v2\/product\/68255424\/revisions"}],"wp:featuredmedia":[{"embeddable":true,"href":"https:\/\/kraftwerk-shop.cc\/cs\/wp-json\/wp\/v2\/media\/68271230"}],"wp:attachment":[{"href":"https:\/\/kraftwerk-shop.cc\/cs\/wp-json\/wp\/v2\/media?parent=68255424"}],"wp:term":[{"taxonomy":"product_brand","embeddable":true,"href":"https:\/\/kraftwerk-shop.cc\/cs\/wp-json\/wp\/v2\/product_brand?post=68255424"},{"taxonomy":"product_cat","embeddable":true,"href":"https:\/\/kraftwerk-shop.cc\/cs\/wp-json\/wp\/v2\/product_cat?post=68255424"},{"taxonomy":"product_tag","embeddable":true,"href":"https:\/\/kraftwerk-shop.cc\/cs\/wp-json\/wp\/v2\/product_tag?post=68255424"}],"curies":[{"name":"wp","href":"https:\/\/api.w.org\/{rel}","templated":true}]}}