{"id":68255493,"date":"2021-09-17T13:04:02","date_gmt":"2021-09-17T13:04:02","guid":{"rendered":"https:\/\/kraftwerk-gruppe.de\/?post_type=product&#038;p=68255493"},"modified":"2026-03-23T15:47:39","modified_gmt":"2026-03-23T14:47:39","slug":"jlt-oil-catch-can-57-hemi","status":"publish","type":"product","link":"https:\/\/kraftwerk-shop.cc\/cs\/produkt\/jlt-oil-catch-can-57-hemi\/","title":{"rendered":"Oil Catch Can J&amp;L 5.7 Hemi"},"content":{"rendered":"<h1>Oil Catch Can J&amp;L pro Chrysler 300C, Dodge Challenger, Charger a Magnum 5.7 <strong><br \/>\n<\/strong><\/h1>\n<p>&nbsp;<\/p>\n<ul>\n<li>Objem 90 ml<\/li>\n<li>Pevn\u00e1 konstrukce z polotovaru<\/li>\n<li>Rychlospojky PCV ve stylu OEM<\/li>\n<li>V\u00edcestup\u0148ov\u00fd filtra\u010dn\u00ed syst\u00e9m, kter\u00fd zachycuje nejjemn\u011bj\u0161\u00ed v\u00fdpary a zachycuje je ve snadno vyj\u00edmateln\u00e9m z\u00e1sobn\u00edku, zat\u00edmco \u010dist\u00fd vzduch proch\u00e1z\u00ed do sac\u00edho traktu.<\/li>\n<\/ul>\n<p>&nbsp;<\/p>\n<p><strong>Jak syst\u00e9m funguje?<\/strong><\/p>\n<p>Kdy\u017e je tlak v klikov\u00e9 sk\u0159\u00edni odv\u00e1d\u011bn p\u0159es sac\u00ed potrub\u00ed, dost\u00e1v\u00e1 se do sac\u00edho potrub\u00ed a sb\u011brn\u00e9ho potrub\u00ed velk\u00e9 mno\u017estv\u00ed oleje ve form\u011b v\u00fdpar\u016f a dokonce \u0159ed\u00ed benz\u00edn, co\u017e zp\u016fsobuje pokles oktanov\u00e9ho \u010d\u00edsla.<br \/>\nK tomu doch\u00e1z\u00ed u v\u0161ech motor\u016f a je\u0161t\u011b v\u00fdrazn\u011bji u vozidel s nucen\u00fdm p\u0159epl\u0148ov\u00e1n\u00edm (turbodmychadla a turbodmychadla), proto\u017ee se zvy\u0161uje tlak v klikov\u00e9 sk\u0159\u00edni.<br \/>\nProti tomu byl vyvinut odlu\u010dova\u010d oleje s vlastn\u00ed konstrukc\u00ed.<br \/>\nJe vyroben z masivn\u00edho hlin\u00edkov\u00e9ho polotovaru a p\u0159edstavuje pevn\u00fd d\u00edl. M\u00e1 vroubkovanou z\u00e1kladnu n\u00e1dr\u017ee, kter\u00e1 usnad\u0148uje vypou\u0161t\u011bn\u00ed pou\u017eit\u00e9ho oleje, a t\u011bsnic\u00ed O-krou\u017eek, kter\u00fd zabra\u0148uje \u00fanik\u016fm.<\/p>\n<p>Filtrace se skl\u00e1d\u00e1 ze s\u00edta z nerezov\u00e9 oceli s jemn\u00fdmi oky, kter\u00e9 zachycuje jemn\u00e9 olejov\u00e9 p\u00e1ry a uvol\u0148uje je, jakmile jsou dostate\u010dn\u011b t\u011b\u017ek\u00e9 na to, aby spadly dol\u016f.<br \/>\nPot\u00e9 proch\u00e1zej\u00ed p\u0159es 1\/2\u2033 siln\u00fd 1\/16\u2033 hlin\u00edkov\u00fd vo\u0161tinov\u00fd filtr, kde se zv\u011bt\u0161uj\u00ed a nakonec spadnou do n\u00e1doby.<br \/>\nPokud se olej dostane p\u0159es filtr, je p\u0159\u00edli\u0161 t\u011b\u017ek\u00fd na to, aby se dostal do sac\u00edho traktu.<br \/>\nSb\u011brn\u00e1 n\u00e1dobka pojme 90 ml kapaliny. Mo\u017en\u00e1 to nezn\u00ed jako mnoho, ale tolik oleje byste v syst\u00e9mu PCV nem\u011bli naj\u00edt.<\/p>\n<p>&nbsp;<\/p>\n<p><strong>Vhodn\u00e9 pro:<\/strong><\/p>\n<table border=\"0\" width=\"497\" cellspacing=\"0\" cellpadding=\"0\">\n<colgroup>\n<col \/>\n<col \/> <\/colgroup>\n<tbody>\n<tr>\n<td style=\"height: 19px; width: 233px;\" height=\"19\">Chrysler 300C 5.7<\/td>\n<td style=\"width: 264px;\">2005\u20132023<\/td>\n<\/tr>\n<tr>\n<td style=\"height: 19px;\" height=\"19\">Dodge Challenger 5.7<\/td>\n<td>2005\u20132023<\/td>\n<\/tr>\n<tr>\n<td style=\"height: 19px;\" height=\"19\">Dodge Charger 5.7<\/td>\n<td>2005\u20132023<\/td>\n<\/tr>\n<tr>\n<td style=\"height: 19px;\" height=\"19\">Dodge Magnum 5.7<\/td>\n<td>2005\u20132010<\/td>\n<\/tr>\n<\/tbody>\n<\/table>\n<p>&nbsp;<\/p>\n<p><strong>Rozsah dod\u00e1vky<\/strong>:<\/p>\n<ul>\n<li>Oil Catch Can (\u010dern\u00e1)<\/li>\n<li>Dr\u017e\u00e1k<\/li>\n<li>Hadice<\/li>\n<li>P\u0159ipojen\u00ed<\/li>\n<li>N\u00e1vod k obsluze v n\u011bm\u010din\u011b a angli\u010dtin\u011b<\/li>\n<\/ul>\n<p>&nbsp;<\/p>\n<p><strong>Pozn\u00e1mka:<\/strong> Pozn\u00e1mka: JLT JLT Oil Catch Can se nyn\u00ed prod\u00e1vaj\u00ed tak\u00e9 pod zna\u010dkou J&amp;L Oil Separator Co (OSC).<br \/>\nB\u011bhem p\u0159echodn\u00e9ho obdob\u00ed jsou k dispozici oba n\u00e1zvy n\u00e1dobek na olej.<br \/>\nOb\u011b jsou stejn\u00fdm produktem.<\/p>","protected":false},"excerpt":{"rendered":"<p>2005\u20132023<\/p>","protected":false},"featured_media":68277589,"comment_status":"open","ping_status":"closed","template":"","meta":{"_acf_changed":false},"product_brand":[17171],"product_cat":[1572,4983,1677,1612,5161,1717],"product_tag":[52,18227,91,54,53,48,536,49,3853,3854,126,3245,903,1093,2444,2235,36,84,82,85,3243,406,83,3242,3244],"class_list":{"0":"post-68255493","1":"product","2":"type-product","3":"status-publish","4":"has-post-thumbnail","6":"product_brand-jl","7":"product_cat-300c-57-2005-2010-oil-catch-can","8":"product_cat-300c-57-2011-2023-oil-catch-can","9":"product_cat-challenger-57-oil-catch-can","10":"product_cat-charger-57-oil-catch-can","11":"product_cat-charger-57-2011-2023-oil-catch-can","12":"product_cat-magnum-57-oil-catch-can","13":"product_tag-300c","14":"product_tag-3061p-b","15":"product_tag-5-7","16":"product_tag-challenger","17":"product_tag-charger","18":"product_tag-chrysler","19":"product_tag-chrysler-300c","20":"product_tag-dodge","21":"product_tag-dodge-challenger","22":"product_tag-dodge-charger","23":"product_tag-hemi","24":"product_tag-jl-oil-separator-co","25":"product_tag-jl","26":"product_tag-jlt","27":"product_tag-jlt-performance","28":"product_tag-jlt3061p","29":"product_tag-kraftwerk","30":"product_tag-kurbelgehaeuseentlueftung","31":"product_tag-oil-catch-can","32":"product_tag-oil-catch-tank","33":"product_tag-oil-separator","34":"product_tag-oel","35":"product_tag-oelabscheider","36":"product_tag-osc","37":"product_tag-separator","39":"first","40":"instock","41":"taxable","42":"shipping-taxable","43":"purchasable","44":"product-type-simple"},"bundled_by":[],"bundle_stock_status":"instock","bundle_stock_quantity":3,"bundle_virtual":false,"bundle_layout":"","bundle_add_to_cart_form_location":"","bundle_editable_in_cart":false,"bundle_sold_individually_context":"","bundle_item_grouping":"","bundle_min_size":"","bundle_max_size":"","bundle_price":[],"bundled_items":[],"bundle_sell_ids":[],"exclude_global_add_ons":[],"addons":[],"acf":[],"_links":{"self":[{"href":"https:\/\/kraftwerk-shop.cc\/cs\/wp-json\/wp\/v2\/product\/68255493","targetHints":{"allow":["GET"]}}],"collection":[{"href":"https:\/\/kraftwerk-shop.cc\/cs\/wp-json\/wp\/v2\/product"}],"about":[{"href":"https:\/\/kraftwerk-shop.cc\/cs\/wp-json\/wp\/v2\/types\/product"}],"replies":[{"embeddable":true,"href":"https:\/\/kraftwerk-shop.cc\/cs\/wp-json\/wp\/v2\/comments?post=68255493"}],"version-history":[{"count":0,"href":"https:\/\/kraftwerk-shop.cc\/cs\/wp-json\/wp\/v2\/product\/68255493\/revisions"}],"wp:featuredmedia":[{"embeddable":true,"href":"https:\/\/kraftwerk-shop.cc\/cs\/wp-json\/wp\/v2\/media\/68277589"}],"wp:attachment":[{"href":"https:\/\/kraftwerk-shop.cc\/cs\/wp-json\/wp\/v2\/media?parent=68255493"}],"wp:term":[{"taxonomy":"product_brand","embeddable":true,"href":"https:\/\/kraftwerk-shop.cc\/cs\/wp-json\/wp\/v2\/product_brand?post=68255493"},{"taxonomy":"product_cat","embeddable":true,"href":"https:\/\/kraftwerk-shop.cc\/cs\/wp-json\/wp\/v2\/product_cat?post=68255493"},{"taxonomy":"product_tag","embeddable":true,"href":"https:\/\/kraftwerk-shop.cc\/cs\/wp-json\/wp\/v2\/product_tag?post=68255493"}],"curies":[{"name":"wp","href":"https:\/\/api.w.org\/{rel}","templated":true}]}}