{"id":68255530,"date":"2021-09-17T13:04:06","date_gmt":"2021-09-17T13:04:06","guid":{"rendered":"https:\/\/kraftwerk-gruppe.de\/?post_type=product&#038;p=68255530"},"modified":"2026-02-26T12:16:53","modified_gmt":"2026-02-26T11:16:53","slug":"kryt-nadrze-na-chladici-vodu","status":"publish","type":"product","link":"https:\/\/kraftwerk-shop.cc\/cs\/produkt\/abdeckung-kuehlwasserbehaelter\/","title":{"rendered":"Kryt n\u00e1dr\u017ee na chladic\u00ed vodu"},"content":{"rendered":"<h1>Kryt n\u00e1dr\u017ee na chladic\u00ed vodu<\/h1>\n<p>&nbsp;<\/p>\n<ul>\n<li>Perfektn\u011b sed\u00ed, povrch ve vzhledu OEM<\/li>\n<li>Jednoduch\u00e1 instalace, funguje s p\u016fvodn\u00edm v\u00ed\u010dkem n\u00e1dr\u017ee<\/li>\n<li>hladina kapaliny je snadno rozpoznateln\u00e1 ze strany.<\/li>\n<\/ul>\n<p>&nbsp;<\/p>\n<p><strong>Vhodn\u00e9 pro:<\/strong><\/p>\n<table border=\"0\" width=\"372\" cellspacing=\"0\" cellpadding=\"0\">\n<colgroup>\n<col \/>\n<col \/>\n<col \/>\n<col \/> <\/colgroup>\n<tbody>\n<tr>\n<td style=\"height: 19px; width: 116px;\" height=\"19\"><strong>Rok v\u00fdstavby<\/strong><\/td>\n<td style=\"width: 103px;\"><strong>Zna\u010dka<\/strong><\/td>\n<td style=\"width: 91px;\"><strong>Model<\/strong><\/td>\n<td style=\"width: 64px;\"><strong>Motor<\/strong><\/td>\n<\/tr>\n<tr>\n<td style=\"height: 19px;\" height=\"19\">2011\u20132023<\/td>\n<td>Chrysler<\/td>\n<td>300C<\/td>\n<td>v\u0161echny<\/td>\n<\/tr>\n<tr>\n<td style=\"height: 19px;\" height=\"19\">2011\u20132023<\/td>\n<td>Dodge<\/td>\n<td>Charger<\/td>\n<td>v\u0161echny<\/td>\n<\/tr>\n<tr>\n<td style=\"height: 19px;\" height=\"19\">2011\u20132023<\/td>\n<td>Dodge<\/td>\n<td>Challenger<\/td>\n<td>v\u0161echny<\/td>\n<\/tr>\n<\/tbody>\n<\/table>\n<p>&nbsp;<\/p>\n<p>&nbsp;<\/p>","protected":false},"excerpt":{"rendered":"<p>Perfektn\u011b sed\u00ed, povrch ve vzhledu OEM<\/p>","protected":false},"featured_media":68277449,"comment_status":"open","ping_status":"closed","template":"","meta":{"_acf_changed":false},"product_brand":[17168],"product_cat":[1567,4986,1591,1672,1680,1696,1704,1607,5164,1631,1639],"product_tag":[52,864,54,53,48,536,863,49,3853,3854,1399,1093,2444,36,1397,1398,1396],"class_list":{"0":"post-68255530","1":"product","2":"type-product","3":"status-publish","4":"has-post-thumbnail","6":"product_brand-jlt","7":"product_cat-300c-36-zubehoer","8":"product_cat-300c-57-2011-2023-zubehoer","9":"product_cat-300c-64-zubehoer","10":"product_cat-challenger-36-zubehoer","11":"product_cat-challenger-57-zubehoer","12":"product_cat-challenger-hellcat-zubehoer","13":"product_cat-challenger-64-zubehoer","14":"product_cat-charger-36-zubehoer","15":"product_cat-dodge-charger-57-2011-2023-zubehoer","16":"product_cat-charger-hellcat-zubehoer","17":"product_cat-charger-64-zubehoer","18":"product_tag-300c","19":"product_tag-abdeckung","20":"product_tag-challenger","21":"product_tag-charger","22":"product_tag-chrysler","23":"product_tag-chrysler-300c","24":"product_tag-cover","25":"product_tag-dodge","26":"product_tag-dodge-challenger","27":"product_tag-dodge-charger","28":"product_tag-intercooler","29":"product_tag-jlt","30":"product_tag-jlt-performance","31":"product_tag-kraftwerk","32":"product_tag-kuehlwasserbehaelter","33":"product_tag-ladeluftkuehlung","34":"product_tag-tank","36":"first","37":"instock","38":"taxable","39":"shipping-taxable","40":"purchasable","41":"product-type-simple"},"bundled_by":[],"bundle_stock_status":"instock","bundle_stock_quantity":2,"bundle_virtual":false,"bundle_layout":"","bundle_add_to_cart_form_location":"","bundle_editable_in_cart":false,"bundle_sold_individually_context":"","bundle_item_grouping":"","bundle_min_size":"","bundle_max_size":"","bundle_price":[],"bundled_items":[],"bundle_sell_ids":[],"exclude_global_add_ons":[],"addons":[],"acf":[],"_links":{"self":[{"href":"https:\/\/kraftwerk-shop.cc\/cs\/wp-json\/wp\/v2\/product\/68255530","targetHints":{"allow":["GET"]}}],"collection":[{"href":"https:\/\/kraftwerk-shop.cc\/cs\/wp-json\/wp\/v2\/product"}],"about":[{"href":"https:\/\/kraftwerk-shop.cc\/cs\/wp-json\/wp\/v2\/types\/product"}],"replies":[{"embeddable":true,"href":"https:\/\/kraftwerk-shop.cc\/cs\/wp-json\/wp\/v2\/comments?post=68255530"}],"version-history":[{"count":0,"href":"https:\/\/kraftwerk-shop.cc\/cs\/wp-json\/wp\/v2\/product\/68255530\/revisions"}],"wp:featuredmedia":[{"embeddable":true,"href":"https:\/\/kraftwerk-shop.cc\/cs\/wp-json\/wp\/v2\/media\/68277449"}],"wp:attachment":[{"href":"https:\/\/kraftwerk-shop.cc\/cs\/wp-json\/wp\/v2\/media?parent=68255530"}],"wp:term":[{"taxonomy":"product_brand","embeddable":true,"href":"https:\/\/kraftwerk-shop.cc\/cs\/wp-json\/wp\/v2\/product_brand?post=68255530"},{"taxonomy":"product_cat","embeddable":true,"href":"https:\/\/kraftwerk-shop.cc\/cs\/wp-json\/wp\/v2\/product_cat?post=68255530"},{"taxonomy":"product_tag","embeddable":true,"href":"https:\/\/kraftwerk-shop.cc\/cs\/wp-json\/wp\/v2\/product_tag?post=68255530"}],"curies":[{"name":"wp","href":"https:\/\/api.w.org\/{rel}","templated":true}]}}