{"id":68255852,"date":"2021-09-25T12:57:38","date_gmt":"2021-09-25T10:57:38","guid":{"rendered":"https:\/\/kraftwerk-gruppe.de\/?post_type=product&#038;p=68255852"},"modified":"2026-02-15T00:44:46","modified_gmt":"2026-02-14T23:44:46","slug":"brzdove-kotouce-ebc-premium-d7558","status":"publish","type":"product","link":"https:\/\/kraftwerk-shop.cc\/cs\/produkt\/ebc-premium-bremsscheiben-d7558\/","title":{"rendered":"Brzdov\u00e9 kotou\u010de EBC Premium D7558"},"content":{"rendered":"<h1>Brzdov\u00e9 kotou\u010de EBC Premium pro Dodge Durango 3.6, 5.7 a Jeep Grand Cherokee 3.0 MultiJet, 3.6 a 5.7 od roku 2011 (zadn\u00ed n\u00e1prava)<\/h1>\n<p>&nbsp;<\/p>\n<p>Spole\u010dnost EBC nab\u00edz\u00ed pr\u00e9miov\u00e9 brzdov\u00e9 kotou\u010de jako origin\u00e1ln\u00ed n\u00e1hradn\u00ed d\u00edly. Spole\u010dnost EBC klade velk\u00fd d\u016fraz na v\u00fdrobu vysoce kvalitn\u00edch produkt\u016f v oblasti n\u00e1hradn\u00edch d\u00edl\u016f OE, aby byla zaru\u010dena va\u0161e bezpe\u010dnost.<\/p>\n<p>V\u0161echny brzdov\u00e9 kotou\u010de EBC Premium jsou vyrobeny z \u0161ed\u00e9 litiny a maj\u00ed pevnost v tahu 150N\/m2 s odchylkou v tvrdosti povrchu max. 20HB.<\/p>\n<p>Brzdov\u00e9 kotou\u010de EBC Premium jsou fr\u00e9zov\u00e1ny na CNC s toleranc\u00ed povrchu 0,01 mm.<\/p>\n<p>Nejedn\u00e1 se tedy o levn\u00fd dov\u00e1\u017een\u00fd v\u00fdrobek, ale o vysoce kvalitn\u00ed origin\u00e1ln\u00ed n\u00e1hradn\u00ed d\u00edl, kter\u00fd si v ni\u010dem nezad\u00e1 s kvalitou origin\u00e1ln\u00edch brzdov\u00fdch kotou\u010d\u016f.<\/p>\n<p>\u010cern\u00e9 pr\u00e1\u0161kov\u00e9 lakov\u00e1n\u00ed brzdov\u00fdch kotou\u010d\u016f poskytuje nejlep\u0161\u00ed mo\u017enou ochranu proti korozi a je vhodn\u00e9 zejm\u00e9na pro vozidla s otev\u0159en\u00fdm designem r\u00e1fk\u016f.<\/p>\n<p>&nbsp;<\/p>\n<p><strong>Vlastnosti produktu:<\/strong><\/p>\n<p>330x22mm \/ v\u00fd\u0161ka: 63mm \/ po\u010det otvor\u016f: 5 \/ kruh \u0161roub\u016f: 127mm \/ v\u011btran\u00e9 \/ namontov\u00e1no: vzadu<br \/>\nSchv\u00e1len\u00ed: bez registrace<\/p>\n<p>\u010c\u00edslo OE (pouze pro \u00fa\u010dely porovn\u00e1n\u00ed): 68035022AA, 68035022AB, 68035022AC, 68035022AD, 68035022AE<\/p>\n<p>&nbsp;<\/p>\n<p><strong>Vhodn\u00e9 pro:<br \/>\n<\/strong><\/p>\n<table width=\"0\">\n<tbody>\n<tr>\n<td width=\"64\">Dodge<\/td>\n<td width=\"117\">Durango<\/td>\n<td width=\"147\">3.6, 5.7<\/td>\n<td width=\"208\">2011\u20132025<\/td>\n<\/tr>\n<tr>\n<td width=\"64\">Jeep<\/td>\n<td width=\"117\">Grand Cherokee<\/td>\n<td width=\"147\">3.0 MultiJet, 3.6, 5.7<\/td>\n<td width=\"208\">2011\u20132021<\/td>\n<\/tr>\n<\/tbody>\n<\/table>\n<p><strong><br \/>\nRozsah dod\u00e1vky: <\/strong><\/p>\n<p>- 2 brzdov\u00e9 kotou\u010de EBC Premium (D7558) pro zadn\u00ed n\u00e1pravu<\/p>\n<p><strong>Pozn\u00e1mka:<\/strong><\/p>\n<p>P\u0159ed objedn\u00e1n\u00edm zkontrolujte, zda je va\u0161e vozidlo vybaveno ventilovan\u00fdmi nebo neventilovan\u00fdmi brzdov\u00fdmi kotou\u010di.<br \/>\nJen velmi m\u00e1lo vozidel m\u00e1 vzadu neventilovan\u00e9 brzdov\u00e9 kotou\u010de. Tato vozidla maj\u00ed obvykle mal\u00e9 brzdov\u00e9 kotou\u010de o pr\u016fm\u011bru 320 mm na p\u0159edn\u00ed n\u00e1prav\u011b.<\/p>","protected":false},"excerpt":{"rendered":"<p>2011\u20132023<\/p>","protected":false},"featured_media":68274203,"comment_status":"open","ping_status":"closed","template":"","meta":{"_acf_changed":false},"product_brand":[16875],"product_cat":[17919,17923,17939,17944,17954],"product_tag":[572,169,91,2098,2099,2100,2101,2102,795,796,2097,49,95,964,2442,16877,16876,16878,692,56,126,798,799,50,4425,36,794,797,216,673],"class_list":{"0":"post-68255852","1":"product","2":"type-product","3":"status-publish","4":"has-post-thumbnail","6":"product_brand-ebc-brakes","7":"product_cat-durango-36-bremsscheiben-hinten","8":"product_cat-durango-57-bremsscheiben-hinten","9":"product_cat-grand-cherokee-30-diesel-bremsscheiben-hinten","10":"product_cat-grand-cherokee-36-bremsscheiben-hinten","11":"product_cat-grand-cherokee-57-2011-2021-bremsscheiben-hinten","12":"product_tag-3-0-crd","13":"product_tag-3-6","14":"product_tag-5-7","15":"product_tag-68035022aa","16":"product_tag-68035022ab","17":"product_tag-68035022ac","18":"product_tag-68035022ad","19":"product_tag-68035022ae","20":"product_tag-bremse","21":"product_tag-bremsscheibe","22":"product_tag-d7558","23":"product_tag-dodge","24":"product_tag-durango","25":"product_tag-ebc","26":"product_tag-ebc-brakes","27":"product_tag-ebc-bremsbelaege","28":"product_tag-ebc-bremsen","29":"product_tag-ebc-bremsscheiben","30":"product_tag-ersatzteil","31":"product_tag-grand-cherokee","32":"product_tag-hemi","33":"product_tag-hinten","34":"product_tag-hinterachse","35":"product_tag-jeep","36":"product_tag-jeep-grand-cherokee","37":"product_tag-kraftwerk","38":"product_tag-premium","39":"product_tag-sportbremsscheibe","40":"product_tag-upgrade","41":"product_tag-zubehoer","42":"product_shipping_class-deutschlandohne","44":"first","45":"onbackorder","46":"taxable","47":"shipping-taxable","48":"purchasable","49":"product-type-simple"},"bundled_by":[],"bundle_stock_status":"onbackorder","bundle_stock_quantity":0,"bundle_virtual":false,"bundle_layout":"","bundle_add_to_cart_form_location":"","bundle_editable_in_cart":false,"bundle_sold_individually_context":"","bundle_item_grouping":"","bundle_min_size":"","bundle_max_size":"","bundle_price":[],"bundled_items":[],"bundle_sell_ids":[],"exclude_global_add_ons":[],"addons":[],"acf":[],"_links":{"self":[{"href":"https:\/\/kraftwerk-shop.cc\/cs\/wp-json\/wp\/v2\/product\/68255852","targetHints":{"allow":["GET"]}}],"collection":[{"href":"https:\/\/kraftwerk-shop.cc\/cs\/wp-json\/wp\/v2\/product"}],"about":[{"href":"https:\/\/kraftwerk-shop.cc\/cs\/wp-json\/wp\/v2\/types\/product"}],"replies":[{"embeddable":true,"href":"https:\/\/kraftwerk-shop.cc\/cs\/wp-json\/wp\/v2\/comments?post=68255852"}],"version-history":[{"count":0,"href":"https:\/\/kraftwerk-shop.cc\/cs\/wp-json\/wp\/v2\/product\/68255852\/revisions"}],"wp:featuredmedia":[{"embeddable":true,"href":"https:\/\/kraftwerk-shop.cc\/cs\/wp-json\/wp\/v2\/media\/68274203"}],"wp:attachment":[{"href":"https:\/\/kraftwerk-shop.cc\/cs\/wp-json\/wp\/v2\/media?parent=68255852"}],"wp:term":[{"taxonomy":"product_brand","embeddable":true,"href":"https:\/\/kraftwerk-shop.cc\/cs\/wp-json\/wp\/v2\/product_brand?post=68255852"},{"taxonomy":"product_cat","embeddable":true,"href":"https:\/\/kraftwerk-shop.cc\/cs\/wp-json\/wp\/v2\/product_cat?post=68255852"},{"taxonomy":"product_tag","embeddable":true,"href":"https:\/\/kraftwerk-shop.cc\/cs\/wp-json\/wp\/v2\/product_tag?post=68255852"}],"curies":[{"name":"wp","href":"https:\/\/api.w.org\/{rel}","templated":true}]}}