{"id":68255854,"date":"2021-09-25T12:58:07","date_gmt":"2021-09-25T10:58:07","guid":{"rendered":"https:\/\/kraftwerk-gruppe.de\/?post_type=product&#038;p=68255854"},"modified":"2026-02-15T00:45:14","modified_gmt":"2026-02-14T23:45:14","slug":"brzdove-kotouce-ebc-premium-d7598","status":"publish","type":"product","link":"https:\/\/kraftwerk-shop.cc\/cs\/produkt\/ebc-premium-bremsscheiben-d7598\/","title":{"rendered":"Brzdov\u00e9 kotou\u010de EBC Premium D7598"},"content":{"rendered":"<h1>Brzdov\u00e9 kotou\u010de EBC Premium pro Dodge Durango 6.2 Hellcat, 6.4 SRT, Jeep Grand Cherokee 6.2 Trackhawk a 6.4 SRT (zadn\u00ed n\u00e1prava)<\/h1>\n<p>&nbsp;<\/p>\n<p>Spole\u010dnost EBC nab\u00edz\u00ed pr\u00e9miov\u00e9 brzdov\u00e9 kotou\u010de jako origin\u00e1ln\u00ed n\u00e1hradn\u00ed d\u00edly. Spole\u010dnost EBC klade velk\u00fd d\u016fraz na v\u00fdrobu vysoce kvalitn\u00edch produkt\u016f v oblasti n\u00e1hradn\u00edch d\u00edl\u016f OE, aby byla zaru\u010dena va\u0161e bezpe\u010dnost.<\/p>\n<p>V\u0161echny brzdov\u00e9 kotou\u010de EBC Premium jsou vyrobeny z \u0161ed\u00e9 litiny a maj\u00ed pevnost v tahu 150N\/m2 s odchylkou v tvrdosti povrchu max. 20HB.<\/p>\n<p>Brzdov\u00e9 kotou\u010de EBC Premium jsou fr\u00e9zov\u00e1ny na CNC s toleranc\u00ed povrchu 0,01 mm.<\/p>\n<p>Nejedn\u00e1 se tedy o levn\u00fd dov\u00e1\u017een\u00fd v\u00fdrobek, ale o vysoce kvalitn\u00ed origin\u00e1ln\u00ed n\u00e1hradn\u00ed d\u00edl, kter\u00fd si v ni\u010dem nezad\u00e1 s kvalitou origin\u00e1ln\u00edch brzdov\u00fdch kotou\u010d\u016f.<\/p>\n<p>\u010cern\u00e9 pr\u00e1\u0161kov\u00e9 lakov\u00e1n\u00ed brzdov\u00fdch kotou\u010d\u016f poskytuje nejlep\u0161\u00ed mo\u017enou ochranu proti korozi a je vhodn\u00e9 zejm\u00e9na pro vozidla s otev\u0159en\u00fdm designem r\u00e1fk\u016f.<\/p>\n<p>&nbsp;<\/p>\n<p><strong>Vlastnosti produktu:<\/strong><\/p>\n<p>350x28mm \/ v\u00fd\u0161ka: 64mm \/ po\u010det otvor\u016f: 5 \/ kruh \u0161roub\u016f: 127mm \/ v\u011btran\u00e9 \/ namontov\u00e1no: vzadu<br \/>\nSchv\u00e1len\u00ed: bez registrace<\/p>\n<p>\u010c\u00edslo OE (pouze pro \u00fa\u010dely porovn\u00e1n\u00ed): 5181512AA, 5181512AB, 5181512AC, 68256680AA, 68256680AB, 68256680AC<\/p>\n<p>&nbsp;<\/p>\n<p><strong>Vhodn\u00e9 pro:<\/strong><\/p>\n<table width=\"530\">\n<tbody>\n<tr>\n<td width=\"141\">Dodge<\/td>\n<td width=\"116\">Durango<\/td>\n<td width=\"176\">6.2 Hellcat<\/td>\n<td width=\"97\">2021\u20132025<\/td>\n<\/tr>\n<tr>\n<td>Dodge<\/td>\n<td>Durango<\/td>\n<td>6.4 SRT<\/td>\n<td>2018\u20132024<\/td>\n<\/tr>\n<tr>\n<td width=\"141\">Jeep<\/td>\n<td width=\"116\">Grand Cherokee<\/td>\n<td width=\"176\">6.2 Trackhawk<\/td>\n<td width=\"97\">2018\u20132021<\/td>\n<\/tr>\n<tr>\n<td>Jeep<\/td>\n<td width=\"116\">Grand Cherokee<\/td>\n<td>6.4 SRT<\/td>\n<td>2011\u20132021<\/td>\n<\/tr>\n<\/tbody>\n<\/table>\n<p>&nbsp;<\/p>\n<p><strong>Rozsah dod\u00e1vky: <\/strong><\/p>\n<p>- 2 brzdov\u00e9 kotou\u010de EBC Premium (D7598) pro zadn\u00ed n\u00e1pravu<\/p>\n<p>&nbsp;<\/p>","protected":false},"excerpt":{"rendered":"<p>Brzdov\u00e9 kotou\u010de EBC Premium pro Dodge Durango 6.2 Hellcat, 6.4 SRT, Jeep Grand Cherokee 6.2 Trackhawk a 6.4 SRT (zadn\u00ed n\u00e1prava) &nbsp;<\/p>","protected":false},"featured_media":68274201,"comment_status":"open","ping_status":"closed","template":"","meta":{"_acf_changed":false},"product_brand":[16875],"product_cat":[17931,17935,17964,17969],"product_tag":[18232,18233,18234,217,2106,2107,2108,93,807,808,809,795,796,2105,49,95,964,2442,16877,16876,16878,692,56,100,126,798,799,50,4425,4427,4426,36,794,797,96,102,216,673],"class_list":{"0":"post-68255854","1":"product","2":"type-product","3":"status-publish","4":"has-post-thumbnail","6":"product_brand-ebc-brakes","7":"product_cat-durango-hellcat-bremsscheiben-hinten","8":"product_cat-durango-64-bremsscheiben-hinten","9":"product_cat-trackhawk-bremsscheiben-hinten","10":"product_cat-grand-cherokee-64-bremsscheiben-hinten","11":"product_tag-05181512aa","12":"product_tag-05181512ab","13":"product_tag-05181512ac","14":"product_tag-217","15":"product_tag-5181512aa","16":"product_tag-5181512ab","17":"product_tag-5181512ac","18":"product_tag-6-4","19":"product_tag-68256680aa","20":"product_tag-68256680ab","21":"product_tag-68256680ac","22":"product_tag-bremse","23":"product_tag-bremsscheibe","24":"product_tag-d7598","25":"product_tag-dodge","26":"product_tag-durango","27":"product_tag-ebc","28":"product_tag-ebc-brakes","29":"product_tag-ebc-bremsbelaege","30":"product_tag-ebc-bremsen","31":"product_tag-ebc-bremsscheiben","32":"product_tag-ersatzteil","33":"product_tag-grand-cherokee","34":"product_tag-hellcat","35":"product_tag-hemi","36":"product_tag-hinten","37":"product_tag-hinterachse","38":"product_tag-jeep","39":"product_tag-jeep-grand-cherokee","40":"product_tag-jeep-grand-cherokee-trackhawk","41":"product_tag-jeep-trackhawk","42":"product_tag-kraftwerk","43":"product_tag-premium","44":"product_tag-sportbremsscheibe","45":"product_tag-srt","46":"product_tag-trackhawk","47":"product_tag-upgrade","48":"product_tag-zubehoer","49":"product_shipping_class-deutschlandohne","51":"first","52":"outofstock","53":"taxable","54":"shipping-taxable","55":"purchasable","56":"product-type-simple"},"bundled_by":[],"bundle_stock_status":"outofstock","bundle_stock_quantity":0,"bundle_virtual":false,"bundle_layout":"","bundle_add_to_cart_form_location":"","bundle_editable_in_cart":false,"bundle_sold_individually_context":"","bundle_item_grouping":"","bundle_min_size":"","bundle_max_size":"","bundle_price":[],"bundled_items":[],"bundle_sell_ids":[],"exclude_global_add_ons":[],"addons":[],"acf":[],"_links":{"self":[{"href":"https:\/\/kraftwerk-shop.cc\/cs\/wp-json\/wp\/v2\/product\/68255854","targetHints":{"allow":["GET"]}}],"collection":[{"href":"https:\/\/kraftwerk-shop.cc\/cs\/wp-json\/wp\/v2\/product"}],"about":[{"href":"https:\/\/kraftwerk-shop.cc\/cs\/wp-json\/wp\/v2\/types\/product"}],"replies":[{"embeddable":true,"href":"https:\/\/kraftwerk-shop.cc\/cs\/wp-json\/wp\/v2\/comments?post=68255854"}],"version-history":[{"count":0,"href":"https:\/\/kraftwerk-shop.cc\/cs\/wp-json\/wp\/v2\/product\/68255854\/revisions"}],"wp:featuredmedia":[{"embeddable":true,"href":"https:\/\/kraftwerk-shop.cc\/cs\/wp-json\/wp\/v2\/media\/68274201"}],"wp:attachment":[{"href":"https:\/\/kraftwerk-shop.cc\/cs\/wp-json\/wp\/v2\/media?parent=68255854"}],"wp:term":[{"taxonomy":"product_brand","embeddable":true,"href":"https:\/\/kraftwerk-shop.cc\/cs\/wp-json\/wp\/v2\/product_brand?post=68255854"},{"taxonomy":"product_cat","embeddable":true,"href":"https:\/\/kraftwerk-shop.cc\/cs\/wp-json\/wp\/v2\/product_cat?post=68255854"},{"taxonomy":"product_tag","embeddable":true,"href":"https:\/\/kraftwerk-shop.cc\/cs\/wp-json\/wp\/v2\/product_tag?post=68255854"}],"curies":[{"name":"wp","href":"https:\/\/api.w.org\/{rel}","templated":true}]}}