{"id":68255873,"date":"2021-09-25T15:45:55","date_gmt":"2021-09-25T13:45:55","guid":{"rendered":"https:\/\/kraftwerk-gruppe.de\/?post_type=product&#038;p=68255873"},"modified":"2026-03-03T13:18:12","modified_gmt":"2026-03-03T12:18:12","slug":"brzdove-kotouce-ebc-premium-gd7240","status":"publish","type":"product","link":"https:\/\/kraftwerk-shop.cc\/cs\/produkt\/ebc-premium-bremsscheiben-gd7240\/","title":{"rendered":"Sportovn\u00ed brzdov\u00e9 kotou\u010de EBC Turbo Groove GD7240"},"content":{"rendered":"<h1>Brzdov\u00e9 kotou\u010de EBC Turbo Groove pro Chrysler 300C, Dodge Challenger, Charger, Magnum a Lancia Thema 3.5, 3.6 a 5.7 (p\u0159edn\u00ed n\u00e1prava)<\/h1>\n<p>&nbsp;<\/p>\n<p>T\u0159ec\u00ed plocha sportovn\u00edho brzdov\u00e9ho kotou\u010de Turbo Groove je dr\u00e1\u017ekovan\u00e1 a dr\u00e1\u017ekovan\u00e1.<\/p>\n<p>Dr\u00e1\u017eky v t\u011bchto brzdov\u00fdch kotou\u010d\u00edch jsou vyfr\u00e9zov\u00e1ny a\u017e k vn\u011bj\u0161\u00edmu okraji.<br \/>\nT\u00edm je zaji\u0161t\u011bno t\u00e9m\u011b\u0159 \u00fapln\u00e9 odstran\u011bn\u00ed brzdov\u00fdch plyn\u016f, ot\u011bru, ne\u010distot a vody z t\u0159ec\u00edho povrchu brzdov\u00fdch kotou\u010d\u016f.<\/p>\n<p>Krom\u011b toho je \u0161t\u011brbinami p\u0159iv\u00e1d\u011bn \"chladn\u011bj\u0161\u00ed\" vzduch, kter\u00fd optim\u00e1ln\u011b p\u016fsob\u00ed proti p\u0159eh\u0159\u00edv\u00e1n\u00ed brzdov\u00fdch desti\u010dek a brzdov\u00fdch kotou\u010d\u016f.<\/p>\n<p>P\u0159\u00eddavn\u00e9 dr\u00e1\u017eky na b\u011bhounech tuto vlastnost d\u00e1le v\u00fdrazn\u011b zlep\u0161uj\u00ed.<br \/>\nT\u00edm se dos\u00e1hne v\u0161ech v\u00fdhod vrtan\u00fdch sportovn\u00edch brzdov\u00fdch kotou\u010d\u016f, ale bez rizika zn\u00e1m\u00fdch tepeln\u00fdch trhlin, kter\u00e9 jsou spojeny s pln\u011b vrtan\u00fdmi brzdov\u00fdmi kotou\u010di.<\/p>\n<p>D\u00edky dr\u00e1\u017ekov\u00e1n\u00ed se brzdov\u00e9 desti\u010dky opot\u0159ebov\u00e1vaj\u00ed rovnom\u011brn\u011b a soub\u011b\u017en\u011b po celou dobu \u017eivotnosti.<\/p>\n<p>\u010cern\u00e1 pr\u00e1\u0161kov\u00e1 barva \u010dern\u00fdch disk\u016f poskytuje nejlep\u0161\u00ed mo\u017enou ochranu proti korozi a je vhodn\u00e1 zejm\u00e9na pro vozidla s otev\u0159en\u00fdm designem r\u00e1fk\u016f.<\/p>\n<p>&nbsp;<\/p>\n<p><strong>P\u0159ehled v\u00fdhod a nev\u00fdhod:<\/strong><\/p>\n<p>+ Nejlep\u0161\u00ed mo\u017en\u00e9 chlazen\u00ed p\u0159es dr\u00e1\u017eky a \u0161t\u011brbiny<br \/>\n+ Nejlep\u0161\u00ed mo\u017en\u00e9 odstran\u011bn\u00ed plyn\u016f, ne\u010distot, vody atd.<br \/>\n+ Ochrana proti korozi d\u00edky povlaku zlat\u00e9 barvy<br \/>\n+ Nehroz\u00ed nebezpe\u010d\u00ed tepeln\u00fdch trhlin, proto\u017ee nejsou provrtan\u00e9.<br \/>\n+ Rovnom\u011brn\u00e9 opot\u0159eben\u00ed brzdov\u00fdch desti\u010dek po celou dobu jejich \u017eivotnosti<\/p>\n<p>- Vy\u0161\u0161\u00ed hlu\u010dnost ne\u017e brzdov\u00e9 kotou\u010de Black Dash<\/p>\n<p>&nbsp;<\/p>\n<p><strong>Vlastnosti produktu:<\/strong><\/p>\n<p>320x28mm \/ v\u00fd\u0161ka: 55mm \/ po\u010det otvor\u016f: 5 \/ kruh \u0161roub\u016f: 114,3mm \/ v\u011btran\u00fd \/ m\u00edsto mont\u00e1\u017ee: vp\u0159edu<br \/>\nAutorizace: ano<\/p>\n<p>\u010c\u00edslo OE (pouze pro \u00fa\u010dely porovn\u00e1n\u00ed): 04779196AA, K04779196AF, 00K04779196AG, 4779196AD, 4779196AE, 4779196AF, 4779196AG, 68368064AA<\/p>\n<p>&nbsp;<\/p>\n<p><strong>Vhodn\u00e9 pro:<\/strong><\/p>\n<table width=\"0\">\n<tbody>\n<tr>\n<td width=\"64\">Chrysler<\/td>\n<td width=\"100\">300C<\/td>\n<td width=\"163\">3.5, 3.6, 5.7<\/td>\n<td width=\"305\">V\u0161echny modelov\u00e9 roky s brzdov\u00fdmi kotou\u010di 320 mm<\/td>\n<\/tr>\n<tr>\n<td width=\"64\">Dodge<\/td>\n<td width=\"100\">Challenger<\/td>\n<td width=\"163\">3.5, 3.6, 5.7<\/td>\n<td width=\"305\">V\u0161echny modelov\u00e9 roky s brzdov\u00fdmi kotou\u010di 320 mm<\/td>\n<\/tr>\n<tr>\n<td width=\"64\">Dodge<\/td>\n<td width=\"100\">Charger<\/td>\n<td width=\"163\">3.5, 3.6, 5.7<\/td>\n<td width=\"305\">V\u0161echny modelov\u00e9 roky s brzdov\u00fdmi kotou\u010di 320 mm<\/td>\n<\/tr>\n<tr>\n<td width=\"64\">Dodge<\/td>\n<td width=\"100\">Magnum<\/td>\n<td width=\"163\">3.5, 5.7<\/td>\n<td width=\"305\">V\u0161echny modelov\u00e9 roky s brzdov\u00fdmi kotou\u010di 320 mm<\/td>\n<\/tr>\n<tr>\n<td width=\"64\">Lancia<\/td>\n<td width=\"100\">T\u00e9ma<\/td>\n<td width=\"163\">3.6<\/td>\n<td width=\"305\">V\u0161echny modelov\u00e9 roky s brzdov\u00fdmi kotou\u010di 320 mm<\/td>\n<\/tr>\n<\/tbody>\n<\/table>\n<p><strong><br \/>\nRozsah dod\u00e1vky: <\/strong><\/p>\n<p>- 2 brzdov\u00e9 kotou\u010de EBC Turbo Groove (GD7240) pro p\u0159edn\u00ed n\u00e1pravu<\/p>\n<p><strong>Pozn\u00e1mka:<\/strong><\/p>\n<p>P\u0159ed objedn\u00e1n\u00edm zkontrolujte, zda jsou na p\u0159edn\u00ed \u010d\u00e1sti va\u0161eho vozidla namontov\u00e1ny brzdov\u00e9 kotou\u010de o pr\u016fm\u011bru 345 mm nebo 320 mm.<br \/>\nPro orientaci m\u016f\u017eete porovnat velikost p\u0159edn\u00edch a zadn\u00edch brzdov\u00fdch kotou\u010d\u016f.<br \/>\nZadn\u00ed brzdov\u00e9 kotou\u010de maj\u00ed v\u017edy pr\u016fm\u011br 320 mm.<\/p>","protected":false},"excerpt":{"rendered":"<p>Brzdov\u00e9 kotou\u010de 320 mm<\/p>","protected":false},"featured_media":68274136,"comment_status":"open","ping_status":"closed","template":"","meta":{"_acf_changed":false},"product_brand":[16875],"product_cat":[17714,17717,17721,17725,17729,17707,17705,17699,17741,17745,17749,17753,17769,17773],"product_tag":[2053,2051,18211,18212,18213,18214,87,572,88,52,18210,2054,17578,17579,17580,91,17581,795,796,54,53,48,536,49,3853,3854,964,2442,16877,16876,16878,692,2109,942,2111,941,126,2052,36,173,55,797,174,2110,216,842,841,673],"class_list":{"0":"post-68255873","1":"product","2":"type-product","3":"status-publish","4":"has-post-thumbnail","6":"product_brand-ebc-brakes","7":"product_cat-300c-30-diesel-bremsscheiben-vorne","8":"product_cat-300c-35-bremsscheiben-vorne","9":"product_cat-300c-36-bremsscheiben-vorne","10":"product_cat-300c-57-2005-2010-bremsscheiben-vorne","11":"product_cat-300c-57-2011-2023-bremsscheiben-vorne","12":"product_cat-challenger-35-bremsscheiben-vorne","13":"product_cat-challenger-36-bremsscheiben-vorne","14":"product_cat-challenger-57-bremsscheiben-vorne","15":"product_cat-charger-35-bremsscheiben-vorne","16":"product_cat-charger-36-bremsscheiben-vorne","17":"product_cat-charger-57-bremsscheiben-vorne","18":"product_cat-charger-57-2011-2023-bremsscheiben-vorne","19":"product_cat-magnum-35-bremsscheiben-vorne","20":"product_cat-magnum-57-bremsscheiben-vorne","21":"product_tag-00k04779196ag","22":"product_tag-04779196aa","23":"product_tag-04779196ad","24":"product_tag-04779196ae","25":"product_tag-04779196af","26":"product_tag-04779196ag","27":"product_tag-2-7","28":"product_tag-3-0-crd","29":"product_tag-3-5","30":"product_tag-300c","31":"product_tag-4779196aa","32":"product_tag-4779196ad","33":"product_tag-4779196ae","34":"product_tag-4779196af","35":"product_tag-4779196ag","36":"product_tag-5-7","37":"product_tag-68368064aa","38":"product_tag-bremse","39":"product_tag-bremsscheibe","40":"product_tag-challenger","41":"product_tag-charger","42":"product_tag-chrysler","43":"product_tag-chrysler-300c","44":"product_tag-dodge","45":"product_tag-dodge-challenger","46":"product_tag-dodge-charger","47":"product_tag-ebc","48":"product_tag-ebc-brakes","49":"product_tag-ebc-bremsbelaege","50":"product_tag-ebc-bremsen","51":"product_tag-ebc-bremsscheiben","52":"product_tag-ersatzteil","53":"product_tag-gd7240","54":"product_tag-gelocht","55":"product_tag-genutet","56":"product_tag-geschlitzt","57":"product_tag-hemi","58":"product_tag-k04779196af","59":"product_tag-kraftwerk","60":"product_tag-lancia","61":"product_tag-magnum","62":"product_tag-sportbremsscheibe","63":"product_tag-thema","64":"product_tag-turbo-groove","65":"product_tag-upgrade","66":"product_tag-vorderachse","67":"product_tag-vorne","68":"product_tag-zubehoer","70":"first","71":"onbackorder","72":"taxable","73":"shipping-taxable","74":"purchasable","75":"product-type-simple"},"bundled_by":[],"bundle_stock_status":"onbackorder","bundle_stock_quantity":0,"bundle_virtual":false,"bundle_layout":"","bundle_add_to_cart_form_location":"","bundle_editable_in_cart":false,"bundle_sold_individually_context":"","bundle_item_grouping":"","bundle_min_size":"","bundle_max_size":"","bundle_price":[],"bundled_items":[],"bundle_sell_ids":[],"exclude_global_add_ons":[],"addons":[],"acf":[],"_links":{"self":[{"href":"https:\/\/kraftwerk-shop.cc\/cs\/wp-json\/wp\/v2\/product\/68255873","targetHints":{"allow":["GET"]}}],"collection":[{"href":"https:\/\/kraftwerk-shop.cc\/cs\/wp-json\/wp\/v2\/product"}],"about":[{"href":"https:\/\/kraftwerk-shop.cc\/cs\/wp-json\/wp\/v2\/types\/product"}],"replies":[{"embeddable":true,"href":"https:\/\/kraftwerk-shop.cc\/cs\/wp-json\/wp\/v2\/comments?post=68255873"}],"version-history":[{"count":0,"href":"https:\/\/kraftwerk-shop.cc\/cs\/wp-json\/wp\/v2\/product\/68255873\/revisions"}],"wp:featuredmedia":[{"embeddable":true,"href":"https:\/\/kraftwerk-shop.cc\/cs\/wp-json\/wp\/v2\/media\/68274136"}],"wp:attachment":[{"href":"https:\/\/kraftwerk-shop.cc\/cs\/wp-json\/wp\/v2\/media?parent=68255873"}],"wp:term":[{"taxonomy":"product_brand","embeddable":true,"href":"https:\/\/kraftwerk-shop.cc\/cs\/wp-json\/wp\/v2\/product_brand?post=68255873"},{"taxonomy":"product_cat","embeddable":true,"href":"https:\/\/kraftwerk-shop.cc\/cs\/wp-json\/wp\/v2\/product_cat?post=68255873"},{"taxonomy":"product_tag","embeddable":true,"href":"https:\/\/kraftwerk-shop.cc\/cs\/wp-json\/wp\/v2\/product_tag?post=68255873"}],"curies":[{"name":"wp","href":"https:\/\/api.w.org\/{rel}","templated":true}]}}