{"id":68255881,"date":"2021-09-25T15:48:12","date_gmt":"2021-09-25T13:48:12","guid":{"rendered":"https:\/\/kraftwerk-gruppe.de\/?post_type=product&#038;p=68255881"},"modified":"2026-02-14T23:59:44","modified_gmt":"2026-02-14T22:59:44","slug":"brzdove-kotouce-ebc-premium-gd7520","status":"publish","type":"product","link":"https:\/\/kraftwerk-shop.cc\/cs\/produkt\/ebc-premium-bremsscheiben-gd7520\/","title":{"rendered":"Sportovn\u00ed brzdov\u00e9 kotou\u010de EBC Turbo Groove GD7520"},"content":{"rendered":"<h1>Brzdov\u00e9 kotou\u010de EBC Turbo Groove pro Chevrolet Camaro SS LS3 a L99 z let 2010 a\u017e 2015 (p\u0159edn\u00ed n\u00e1prava)<\/h1>\n<p>&nbsp;<\/p>\n<p>T\u0159ec\u00ed plocha sportovn\u00edho brzdov\u00e9ho kotou\u010de Turbo Groove je dr\u00e1\u017ekovan\u00e1 a dr\u00e1\u017ekovan\u00e1.<\/p>\n<p>Dr\u00e1\u017eky v t\u011bchto brzdov\u00fdch kotou\u010d\u00edch jsou vyfr\u00e9zov\u00e1ny a\u017e k vn\u011bj\u0161\u00edmu okraji.<br \/>\nT\u00edm je zaji\u0161t\u011bno t\u00e9m\u011b\u0159 \u00fapln\u00e9 odstran\u011bn\u00ed brzdov\u00fdch plyn\u016f, ot\u011bru, ne\u010distot a vody z t\u0159ec\u00edho povrchu brzdov\u00fdch kotou\u010d\u016f.<\/p>\n<p>Krom\u011b toho je \u0161t\u011brbinami p\u0159iv\u00e1d\u011bn \"chladn\u011bj\u0161\u00ed\" vzduch, kter\u00fd optim\u00e1ln\u011b p\u016fsob\u00ed proti p\u0159eh\u0159\u00edv\u00e1n\u00ed brzdov\u00fdch desti\u010dek a brzdov\u00fdch kotou\u010d\u016f.<\/p>\n<p>P\u0159\u00eddavn\u00e9 dr\u00e1\u017eky na b\u011bhounech tuto vlastnost d\u00e1le v\u00fdrazn\u011b zlep\u0161uj\u00ed.<br \/>\nT\u00edm se dos\u00e1hne v\u0161ech v\u00fdhod vrtan\u00fdch sportovn\u00edch brzdov\u00fdch kotou\u010d\u016f, ale bez rizika zn\u00e1m\u00fdch tepeln\u00fdch trhlin, kter\u00e9 jsou spojeny s pln\u011b vrtan\u00fdmi brzdov\u00fdmi kotou\u010di.<\/p>\n<p>D\u00edky dr\u00e1\u017ekov\u00e1n\u00ed se brzdov\u00e9 desti\u010dky opot\u0159ebov\u00e1vaj\u00ed rovnom\u011brn\u011b a soub\u011b\u017en\u011b po celou dobu \u017eivotnosti.<\/p>\n<p>\u010cern\u00e1 pr\u00e1\u0161kov\u00e1 barva \u010dern\u00fdch disk\u016f poskytuje nejlep\u0161\u00ed mo\u017enou ochranu proti korozi a je vhodn\u00e1 zejm\u00e9na pro vozidla s otev\u0159en\u00fdm designem r\u00e1fk\u016f.<\/p>\n<p>&nbsp;<\/p>\n<p><strong>P\u0159ehled v\u00fdhod a nev\u00fdhod:<\/strong><\/p>\n<p>+ Nejlep\u0161\u00ed mo\u017en\u00e9 chlazen\u00ed p\u0159es dr\u00e1\u017eky a \u0161t\u011brbiny<br \/>\n+ Nejlep\u0161\u00ed mo\u017en\u00e9 odstran\u011bn\u00ed plyn\u016f, ne\u010distot, vody atd.<br \/>\n+ Ochrana proti korozi d\u00edky povlaku zlat\u00e9 barvy<br \/>\n+ Nehroz\u00ed nebezpe\u010d\u00ed tepeln\u00fdch trhlin, proto\u017ee nejsou provrtan\u00e9.<br \/>\n+ Rovnom\u011brn\u00e9 opot\u0159eben\u00ed brzdov\u00fdch desti\u010dek po celou dobu jejich \u017eivotnosti<\/p>\n<p>- Vy\u0161\u0161\u00ed hlu\u010dnost ne\u017e brzdov\u00e9 kotou\u010de Black Dash<\/p>\n<p>&nbsp;<\/p>\n<p><strong>Vlastnosti produktu:<\/strong><\/p>\n<p>355x32mm \/ v\u00fd\u0161ka: 50mm \/ po\u010det otvor\u016f: 5 \/ kruh \u0161roub\u016f: 120mm \/ v\u011btran\u00e9 \/ osazen\u00ed: p\u0159edn\u00ed strana<br \/>\nAutorizace: ano<\/p>\n<p>\u010c\u00edslo OE (pouze pro \u00fa\u010dely porovn\u00e1n\u00ed): 92245928<\/p>\n<p>&nbsp;<\/p>\n<p><strong>Vhodn\u00e9 pro:<br \/>\n<\/strong><\/p>\n<table width=\"0\">\n<tbody>\n<tr>\n<td width=\"66\">Chevrolet<\/td>\n<td width=\"100\">Camaro<\/td>\n<td width=\"163\">6.2 L99 (405 K)<\/td>\n<\/tr>\n<tr>\n<td width=\"66\">Chevrolet<\/td>\n<td width=\"100\">Camaro<\/td>\n<td width=\"163\">6.2 LS3 (432 K)<\/td>\n<\/tr>\n<\/tbody>\n<\/table>\n<p><strong><br \/>\nRozsah dod\u00e1vky: <\/strong><\/p>\n<p>- 2 brzdov\u00e9 kotou\u010de EBC Turbo Groove (GD7520) pro p\u0159edn\u00ed n\u00e1pravu<\/p>","protected":false},"excerpt":{"rendered":"<p>EBC Turbo Groove Bremsscheiben f\u00fcr Chevrolet Camaro SS LS3 und L99 von 2010 bis 2015 (Vorderachse) &nbsp; Die Reibfl\u00e4che der<\/p>","protected":false},"featured_media":68274103,"comment_status":"open","ping_status":"closed","template":"","meta":{"_acf_changed":false},"product_brand":[16875],"product_cat":[2679],"product_tag":[2089,795,796,191,189,190,964,2442,16877,16876,16878,692,2119,942,2111,941,36,192,193,797,2110,216,842,841,673],"class_list":{"0":"post-68255881","1":"product","2":"type-product","3":"status-publish","4":"has-post-thumbnail","6":"product_brand-ebc-brakes","7":"product_cat-camaro-62-2010-2015-bremsen-vorne","8":"product_tag-2089","9":"product_tag-bremse","10":"product_tag-bremsscheibe","11":"product_tag-camaro","12":"product_tag-chevrolet","13":"product_tag-chevy","14":"product_tag-ebc","15":"product_tag-ebc-brakes","16":"product_tag-ebc-bremsbelaege","17":"product_tag-ebc-bremsen","18":"product_tag-ebc-bremsscheiben","19":"product_tag-ersatzteil","20":"product_tag-gd7520","21":"product_tag-gelocht","22":"product_tag-genutet","23":"product_tag-geschlitzt","24":"product_tag-kraftwerk","25":"product_tag-l99","26":"product_tag-ls3","27":"product_tag-sportbremsscheibe","28":"product_tag-turbo-groove","29":"product_tag-upgrade","30":"product_tag-vorderachse","31":"product_tag-vorne","32":"product_tag-zubehoer","33":"product_shipping_class-deutschlandohne","35":"first","36":"onbackorder","37":"taxable","38":"shipping-taxable","39":"purchasable","40":"product-type-simple"},"bundled_by":[],"bundle_stock_status":"onbackorder","bundle_stock_quantity":0,"bundle_virtual":false,"bundle_layout":"","bundle_add_to_cart_form_location":"","bundle_editable_in_cart":false,"bundle_sold_individually_context":"","bundle_item_grouping":"","bundle_min_size":"","bundle_max_size":"","bundle_price":[],"bundled_items":[],"bundle_sell_ids":[],"exclude_global_add_ons":[],"addons":[],"acf":[],"_links":{"self":[{"href":"https:\/\/kraftwerk-shop.cc\/cs\/wp-json\/wp\/v2\/product\/68255881","targetHints":{"allow":["GET"]}}],"collection":[{"href":"https:\/\/kraftwerk-shop.cc\/cs\/wp-json\/wp\/v2\/product"}],"about":[{"href":"https:\/\/kraftwerk-shop.cc\/cs\/wp-json\/wp\/v2\/types\/product"}],"replies":[{"embeddable":true,"href":"https:\/\/kraftwerk-shop.cc\/cs\/wp-json\/wp\/v2\/comments?post=68255881"}],"version-history":[{"count":0,"href":"https:\/\/kraftwerk-shop.cc\/cs\/wp-json\/wp\/v2\/product\/68255881\/revisions"}],"wp:featuredmedia":[{"embeddable":true,"href":"https:\/\/kraftwerk-shop.cc\/cs\/wp-json\/wp\/v2\/media\/68274103"}],"wp:attachment":[{"href":"https:\/\/kraftwerk-shop.cc\/cs\/wp-json\/wp\/v2\/media?parent=68255881"}],"wp:term":[{"taxonomy":"product_brand","embeddable":true,"href":"https:\/\/kraftwerk-shop.cc\/cs\/wp-json\/wp\/v2\/product_brand?post=68255881"},{"taxonomy":"product_cat","embeddable":true,"href":"https:\/\/kraftwerk-shop.cc\/cs\/wp-json\/wp\/v2\/product_cat?post=68255881"},{"taxonomy":"product_tag","embeddable":true,"href":"https:\/\/kraftwerk-shop.cc\/cs\/wp-json\/wp\/v2\/product_tag?post=68255881"}],"curies":[{"name":"wp","href":"https:\/\/api.w.org\/{rel}","templated":true}]}}