{"id":68255942,"date":"2021-09-26T00:02:30","date_gmt":"2021-09-25T22:02:30","guid":{"rendered":"https:\/\/kraftwerk-gruppe.de\/?post_type=product&#038;p=68255942"},"modified":"2026-03-13T14:21:15","modified_gmt":"2026-03-13T13:21:15","slug":"ebc-blackstuff-brzdove-desticky-dp1722","status":"publish","type":"product","link":"https:\/\/kraftwerk-shop.cc\/cs\/produkt\/ebc-blackstuff-bremsbelaege-dp1722\/","title":{"rendered":"Brzdov\u00e9 desti\u010dky EBC Blackstuff DP1722\/2"},"content":{"rendered":"<h1>Brzdov\u00e9 desti\u010dky EBC Blackstuff pro Chrysler 300C, Dodge Challenger, Charger, Magnum a Lancia Thema 3.0 CRD, 3.5, 3.6 a 5.7 (zadn\u00ed n\u00e1prava)<\/h1>\n<p>&nbsp;<\/p>\n<p>Toto brzdov\u00e9 oblo\u017een\u00ed optimalizovan\u00e9 pro brzdov\u00fd prach nab\u00edz\u00edme jako \"origin\u00e1ln\u00ed n\u00e1hradn\u00ed d\u00edl\".<br \/>\nOdpov\u00edd\u00e1 kvalit\u011b OE, ale byla spole\u010dnost\u00ed EBC vylep\u0161ena z hlediska \u017eivotnosti a v\u00fdvoje brzdov\u00e9ho prachu.<br \/>\nDobr\u00e1 tepeln\u00e1 odolnost a minim\u00e1ln\u00ed opot\u0159eben\u00ed brzdov\u00e9ho kotou\u010de jsou dal\u0161\u00edmi d\u016fvody velk\u00e9ho \u00fasp\u011bchu tohoto brzdov\u00e9ho oblo\u017een\u00ed EBC.<br \/>\nV\u0161echny brzdov\u00e9 desti\u010dky Blackstuff Ultimax maj\u00ed homologaci ECE R90.<\/p>\n<p>&nbsp;<\/p>\n<p>Vlastnosti:<\/p>\n<p>- Optimalizovan\u00e9 n\u00e1hradn\u00ed brzdov\u00e9 desti\u010dky s koeficientem t\u0159en\u00ed 0,41<br \/>\n- Dvoud\u00edln\u00e9 t\u0159ec\u00ed oblo\u017een\u00ed proti tepeln\u00fdm zlom\u016fm<br \/>\n- Zkosen\u00e9 rohy proti hluku brzd<br \/>\n- Unik\u00e1tn\u00ed povrchov\u00e1 \u00faprava Brake-In\u2122 pro optim\u00e1ln\u00ed brzd\u011bn\u00ed<br \/>\n- Velmi \u0161etrn\u00e9 k brzdov\u00fdm kotou\u010d\u016fm<br \/>\n- S odoln\u00fdm, vypalovan\u00fdm povlakem s vysok\u00fdm leskem<br \/>\n- Pracovn\u00ed teplota a\u017e 400 \u00b0C<\/p>\n<div id=\"attachment_68255951\" style=\"width: 460px\" class=\"wp-caption alignnone\"><a href=\"https:\/\/kraftwerk-shop.cc\/wp-content\/uploads\/2021\/09\/EBC_Blackstuff_Info.jpg\"><img decoding=\"async\" aria-describedby=\"caption-attachment-68255951\" class=\"wp-image-68255951\" src=\"https:\/\/kraftwerk-shop.cc\/wp-content\/uploads\/2021\/09\/EBC_Blackstuff_Info-300x229.jpg\" alt=\"Vlastnosti brzdov\u00fdch desti\u010dek EBC Blackstuff pro Chrysler, Dodge a Jeep\" width=\"450\" height=\"343\" \/><\/a><p id=\"caption-attachment-68255951\" class=\"wp-caption-text\">Vlastnosti brzdov\u00fdch desti\u010dek EBC Blackstuff<\/p><\/div>\n<p>&nbsp;<\/p>\n<p>\u010c\u00edslo OE (pouze pro \u00fa\u010dely porovn\u00e1n\u00ed): 5139191AA , 5142561AA, 5142561AB, 5142566AA, 5142566AB, 5142566AC <span class=\"list-value sku-display\">68504576AA<\/span>, <span class=\"list-value sku-display\">68504576AB<\/span><br \/>\nSchv\u00e1len\u00ed: REG90<\/p>\n<p>M\u00edsto instalace: Zadn\u00ed n\u00e1prava<\/p>\n<p><strong><br \/>\nVhodn\u00e9 pro:<\/strong><\/p>\n<table width=\"0\">\n<tbody>\n<tr>\n<td width=\"64\">Chrysler<\/td>\n<td width=\"100\">300C<\/td>\n<td width=\"163\">3.0 CRD, 3.5, 3.6, 5.7<\/td>\n<td width=\"305\">v\u0161echny roky v\u00fdstavby<\/td>\n<\/tr>\n<tr>\n<td width=\"64\">Dodge<\/td>\n<td width=\"100\">Challenger<\/td>\n<td width=\"163\">3.5, 3.6, 5.7<\/td>\n<td width=\"305\">v\u0161echny roky v\u00fdstavby<\/td>\n<\/tr>\n<tr>\n<td width=\"64\">Dodge<\/td>\n<td width=\"100\">Charger<\/td>\n<td width=\"163\">3.5, 3.6, 5.7<\/td>\n<td width=\"305\">v\u0161echny roky v\u00fdstavby<\/td>\n<\/tr>\n<tr>\n<td width=\"64\">Dodge<\/td>\n<td width=\"100\">Magnum<\/td>\n<td width=\"163\">3.5, 5.7<\/td>\n<td width=\"305\">v\u0161echny roky v\u00fdstavby<\/td>\n<\/tr>\n<tr>\n<td width=\"64\">Lancia<\/td>\n<td width=\"100\">T\u00e9ma<\/td>\n<td width=\"163\">3.0 MultiJet, 3.6<\/td>\n<td width=\"305\">v\u0161echny roky v\u00fdstavby<\/td>\n<\/tr>\n<\/tbody>\n<\/table>\n<p>&nbsp;<\/p>\n<p><strong>Rozsah dod\u00e1vky: <\/strong><\/p>\n<p>- 1 sada brzdov\u00fdch desti\u010dek (DP1722\/2) pro zadn\u00ed n\u00e1pravu<\/p>","protected":false},"excerpt":{"rendered":"<p>Brzdov\u00e9 desti\u010dky EBC Blackstuff pro Chrysler 300C, Dodge Challenger, Charger, Magnum a Lancia Thema 3.0 CRD, 3.5, 3.6 a 5.7 (zadn\u00ed n\u00e1prava)<\/p>","protected":false},"featured_media":68274313,"comment_status":"open","ping_status":"closed","template":"","meta":{"_acf_changed":false},"product_brand":[16875],"product_cat":[17711,17716,17720,17724,17728,17710,17704,17702,17740,17744,17748,17752,17768,17772],"product_tag":[18219,18220,18221,18222,18223,18224,87,572,2136,88,169,52,91,2140,2141,2142,2143,2144,2145,21021,21020,1046,969,590,795,840,54,53,48,536,49,3853,3854,2146,964,2442,16877,16876,16878,126,798,799,36,173,55,2138,970,174,2139,673,2135,2137],"class_list":{"0":"post-68255942","1":"product","2":"type-product","3":"status-publish","4":"has-post-thumbnail","6":"product_brand-ebc-brakes","7":"product_cat-300c-30-diesel-bremsbelaege-hinten","8":"product_cat-300c-35-bremsbelaege-hinten","9":"product_cat-300c-36-bremsbelaege-hinten","10":"product_cat-300c-57-2005-2010-bremsbelaege-hinten","11":"product_cat-300c-57-2011-2023-bremsbelaege-hinten","12":"product_cat-challenger-35-bremsbelaege-hinten","13":"product_cat-challenger-36-bremsbelaege-hinten","14":"product_cat-challenger-57-bremsbelaege-hinten","15":"product_cat-charger-35-bremsbelaege-hinten","16":"product_cat-charger-36-bremsbelaege-hinten","17":"product_cat-charger-57-bremsbelaege-hinten","18":"product_cat-charger-57-2011-2023-bremsbelaege-hinten","19":"product_cat-magnum-35-bremsbelaege-hinten","20":"product_cat-magnum-57-bremsbelaege-hinten","21":"product_tag-05139191aa","22":"product_tag-05142561aa","23":"product_tag-05142561ab","24":"product_tag-05142566aa","25":"product_tag-05142566ab","26":"product_tag-05142566ac","27":"product_tag-2-7","28":"product_tag-3-0-crd","29":"product_tag-3-0-multijet","30":"product_tag-3-5","31":"product_tag-3-6","32":"product_tag-300c","33":"product_tag-5-7","34":"product_tag-5139191aa","35":"product_tag-5142561aa","36":"product_tag-5142561ab","37":"product_tag-5142566aa","38":"product_tag-5142566ab","39":"product_tag-5142566ac","40":"product_tag-68504576aa","41":"product_tag-68504576ab","42":"product_tag-abe","43":"product_tag-blackstuff","44":"product_tag-bremsbelaege","45":"product_tag-bremse","46":"product_tag-bremskloetze","47":"product_tag-challenger","48":"product_tag-charger","49":"product_tag-chrysler","50":"product_tag-chrysler-300c","51":"product_tag-dodge","52":"product_tag-dodge-challenger","53":"product_tag-dodge-charger","54":"product_tag-dp1722-2","55":"product_tag-ebc","56":"product_tag-ebc-brakes","57":"product_tag-ebc-bremsbelaege","58":"product_tag-ebc-bremsen","59":"product_tag-ebc-bremsscheiben","60":"product_tag-hemi","61":"product_tag-hinten","62":"product_tag-hinterachse","63":"product_tag-kraftwerk","64":"product_tag-lancia","65":"product_tag-magnum","66":"product_tag-reg90","67":"product_tag-sportbremsbelaege","68":"product_tag-thema","69":"product_tag-tuev","70":"product_tag-zubehoer","71":"product_tag-zubehoerbremsbelaege","72":"product_tag-zulassung","73":"product_shipping_class-deutschlandohne","75":"first","76":"instock","77":"taxable","78":"shipping-taxable","79":"purchasable","80":"product-type-simple"},"bundled_by":[],"bundle_stock_status":"instock","bundle_stock_quantity":1,"bundle_virtual":false,"bundle_layout":"","bundle_add_to_cart_form_location":"","bundle_editable_in_cart":false,"bundle_sold_individually_context":"","bundle_item_grouping":"","bundle_min_size":"","bundle_max_size":"","bundle_price":[],"bundled_items":[],"bundle_sell_ids":[],"exclude_global_add_ons":[],"addons":[],"acf":[],"_links":{"self":[{"href":"https:\/\/kraftwerk-shop.cc\/cs\/wp-json\/wp\/v2\/product\/68255942","targetHints":{"allow":["GET"]}}],"collection":[{"href":"https:\/\/kraftwerk-shop.cc\/cs\/wp-json\/wp\/v2\/product"}],"about":[{"href":"https:\/\/kraftwerk-shop.cc\/cs\/wp-json\/wp\/v2\/types\/product"}],"replies":[{"embeddable":true,"href":"https:\/\/kraftwerk-shop.cc\/cs\/wp-json\/wp\/v2\/comments?post=68255942"}],"version-history":[{"count":0,"href":"https:\/\/kraftwerk-shop.cc\/cs\/wp-json\/wp\/v2\/product\/68255942\/revisions"}],"wp:featuredmedia":[{"embeddable":true,"href":"https:\/\/kraftwerk-shop.cc\/cs\/wp-json\/wp\/v2\/media\/68274313"}],"wp:attachment":[{"href":"https:\/\/kraftwerk-shop.cc\/cs\/wp-json\/wp\/v2\/media?parent=68255942"}],"wp:term":[{"taxonomy":"product_brand","embeddable":true,"href":"https:\/\/kraftwerk-shop.cc\/cs\/wp-json\/wp\/v2\/product_brand?post=68255942"},{"taxonomy":"product_cat","embeddable":true,"href":"https:\/\/kraftwerk-shop.cc\/cs\/wp-json\/wp\/v2\/product_cat?post=68255942"},{"taxonomy":"product_tag","embeddable":true,"href":"https:\/\/kraftwerk-shop.cc\/cs\/wp-json\/wp\/v2\/product_tag?post=68255942"}],"curies":[{"name":"wp","href":"https:\/\/api.w.org\/{rel}","templated":true}]}}