{"id":68255965,"date":"2021-09-26T13:32:01","date_gmt":"2021-09-26T11:32:01","guid":{"rendered":"https:\/\/kraftwerk-gruppe.de\/?post_type=product&#038;p=68255965"},"modified":"2026-02-15T00:05:42","modified_gmt":"2026-02-14T23:05:42","slug":"ebc-greenstuff-brzdove-desticky-dp21723","status":"publish","type":"product","link":"https:\/\/kraftwerk-shop.cc\/cs\/produkt\/ebc-greenstuff-bremsbelaege-dp21723\/","title":{"rendered":"Brzdov\u00e9 desti\u010dky EBC Greenstuff DP21723"},"content":{"rendered":"<h1>Brzdov\u00e9 desti\u010dky EBC Greenstuff pro Chrysler 300C, Dodge Challenger, Charger a Magnum 3.5 a 5.7 do roku 2010 (p\u0159edn\u00ed n\u00e1prava)<\/h1>\n<p>&nbsp;<\/p>\n<p>Nov\u00e1 sm\u011bs desti\u010dek Greenstuff dosahuje v\u00fdrazn\u00e9ho zlep\u0161en\u00ed brzdn\u00e9ho v\u00fdkonu.<br \/>\nSportovn\u00ed brzdov\u00e9 desti\u010dky Greenstuff maj\u00ed vynikaj\u00edc\u00ed zpomalovac\u00ed\/brzdn\u00fd v\u00fdkon, i kdy\u017e je brzdov\u00fd syst\u00e9m studen\u00fd.<br \/>\n\u00da\u010dinn\u00fd pracovn\u00ed rozsah tohoto povlaku sah\u00e1 a\u017e do teploty 650 \u00b0C.<br \/>\nStejn\u011b jako v\u0161echny brzdov\u00e9 desti\u010dky EBC v automobilov\u00e9m pr\u016fmyslu maj\u00ed i v\u0161echny sportovn\u00ed brzdov\u00e9 desti\u010dky EBC Greenstuff povrchovou \u00fapravu proti zlomen\u00ed, lomen\u00e9 hrany, tepelnou dr\u00e1\u017eku a pr\u00e1\u0161kov\u00fd lak.<\/p>\n<p>&nbsp;<\/p>\n<p>Vlastnosti:<\/p>\n<p>- Sn\u00ed\u017een\u00e9 mno\u017estv\u00ed brzdov\u00e9ho prachu<br \/>\n- Pr\u016fm\u011brn\u00e1 \u017eivotnost<br \/>\n- \u0160etrn\u00e9 zach\u00e1zen\u00ed s brzdov\u00fdmi kotou\u010di<br \/>\n- N\u00e1kladov\u011b efektivn\u00ed zlep\u0161en\u00ed brzdn\u00e9ho \u00fa\u010dinku<\/p>\n<p>&nbsp;<\/p>\n<div id=\"attachment_68255968\" style=\"width: 460px\" class=\"wp-caption alignnone\"><img decoding=\"async\" aria-describedby=\"caption-attachment-68255968\" class=\"wp-image-68255968\" src=\"https:\/\/kraftwerk-shop.cc\/wp-content\/uploads\/2021\/09\/EBC_Greenstuff_Info-300x229.png\" alt=\"Vlastnosti brzdov\u00fdch desti\u010dek EBC Greenstuff pro Chrysler, Dodge a Jeep\" width=\"450\" height=\"343\" \/><p id=\"caption-attachment-68255968\" class=\"wp-caption-text\">Vlastnosti brzdov\u00fdch desti\u010dek EBC Greenstuff<\/p><\/div>\n<p>&nbsp;<\/p>\n<p>\u010c\u00edslo OE (pouze pro \u00fa\u010dely porovn\u00e1n\u00ed): -<br \/>\nSchv\u00e1len\u00ed: REG90<\/p>\n<p>M\u00edsto instalace: P\u0159edn\u00ed n\u00e1prava<\/p>\n<p>&nbsp;<\/p>\n<p><strong>Vhodn\u00e9 pro:<\/strong><\/p>\n<table width=\"0\">\n<tbody>\n<tr>\n<td width=\"64\">Chrysler<\/td>\n<td width=\"97\">300C<\/td>\n<td width=\"137\">3.5, 5.7<\/td>\n<td width=\"391\">do modelov\u00e9ho roku 2010 s brzdov\u00fdmi kotou\u010di 320 mm<\/td>\n<\/tr>\n<tr>\n<td width=\"64\">Dodge<\/td>\n<td width=\"97\">Challenger<\/td>\n<td width=\"137\">3.5, 5.7<\/td>\n<td width=\"391\">do modelov\u00e9ho roku 2010 s brzdov\u00fdmi kotou\u010di 320 mm<\/td>\n<\/tr>\n<tr>\n<td width=\"64\">Dodge<\/td>\n<td width=\"97\">Charger<\/td>\n<td width=\"137\">3.5, 5.7<\/td>\n<td width=\"391\">do modelov\u00e9ho roku 2010 s brzdov\u00fdmi kotou\u010di 320 mm<\/td>\n<\/tr>\n<tr>\n<td width=\"64\">Dodge<\/td>\n<td width=\"97\">Magnum<\/td>\n<td width=\"137\">3.5, 5.7<\/td>\n<td width=\"391\">do modelov\u00e9ho roku 2010 s brzdov\u00fdmi kotou\u010di 320 mm<\/td>\n<\/tr>\n<\/tbody>\n<\/table>\n<p><strong>\u00a0<\/strong><\/p>\n<p><strong>Rozsah dod\u00e1vky: <\/strong><\/p>\n<p>- 1 sada brzdov\u00fdch desti\u010dek EBC Greenstuff (DP21723) pro p\u0159edn\u00ed n\u00e1pravu<\/p>\n<p>&nbsp;<\/p>\n<p><strong>Pozn\u00e1mka:<\/strong><\/p>\n<p>P\u0159ed objedn\u00e1n\u00edm zkontrolujte, zda jsou na p\u0159edn\u00ed \u010d\u00e1sti va\u0161eho vozidla namontov\u00e1ny brzdov\u00e9 kotou\u010de o pr\u016fm\u011bru 345 mm nebo 320 mm.<br \/>\nPro orientaci m\u016f\u017eete porovnat velikost p\u0159edn\u00edch a zadn\u00edch brzdov\u00fdch kotou\u010d\u016f.<br \/>\nZadn\u00ed brzdov\u00e9 kotou\u010de maj\u00ed v\u017edy pr\u016fm\u011br 320 mm.<\/p>","protected":false},"excerpt":{"rendered":"<p>Vhodn\u00e9 pro brzdov\u00e9 kotou\u010de o pr\u016fm\u011bru 320 mm do roku 2010.<\/p>","protected":false},"featured_media":68274365,"comment_status":"open","ping_status":"closed","template":"","meta":{"_acf_changed":false},"product_brand":[16875],"product_cat":[17712,17715,17719,17723,17709,17701,17739,17747,17767,17771],"product_tag":[87,572,2136,88,169,52,2166,91,1046,590,795,840,54,53,48,536,49,3853,3854,2167,964,2442,16877,16876,16878,971,126,36,173,55,2138,970,174,2139,842,841,673,2135,2137],"class_list":{"0":"post-68255965","1":"product","2":"type-product","3":"status-publish","4":"has-post-thumbnail","6":"product_brand-ebc-brakes","7":"product_cat-300c-30-diesel-bremsbelaege-vorne","8":"product_cat-300c-35-bremsbelaege-vorne","9":"product_cat-300c-36-bremsbelaege-vorne","10":"product_cat-300c-57-2005-2010-bremsbelaege-vorne","11":"product_cat-challenger-35-bremsbelaege-vorne","12":"product_cat-challenger-57-bremsbelaege-vorne","13":"product_cat-charger-35-bremsbelaege-vorne","14":"product_cat-charger-57-bremsbelaege-vorne","15":"product_cat-magnum-35-bremsbelaege-vorne","16":"product_cat-magnum-57-bremsbelaege-vorne","17":"product_tag-2-7","18":"product_tag-3-0-crd","19":"product_tag-3-0-multijet","20":"product_tag-3-5","21":"product_tag-3-6","22":"product_tag-300c","23":"product_tag-320-mm","24":"product_tag-5-7","25":"product_tag-abe","26":"product_tag-bremsbelaege","27":"product_tag-bremse","28":"product_tag-bremskloetze","29":"product_tag-challenger","30":"product_tag-charger","31":"product_tag-chrysler","32":"product_tag-chrysler-300c","33":"product_tag-dodge","34":"product_tag-dodge-challenger","35":"product_tag-dodge-charger","36":"product_tag-dp21723","37":"product_tag-ebc","38":"product_tag-ebc-brakes","39":"product_tag-ebc-bremsbelaege","40":"product_tag-ebc-bremsen","41":"product_tag-ebc-bremsscheiben","42":"product_tag-greenstuff","43":"product_tag-hemi","44":"product_tag-kraftwerk","45":"product_tag-lancia","46":"product_tag-magnum","47":"product_tag-reg90","48":"product_tag-sportbremsbelaege","49":"product_tag-thema","50":"product_tag-tuev","51":"product_tag-vorderachse","52":"product_tag-vorne","53":"product_tag-zubehoer","54":"product_tag-zubehoerbremsbelaege","55":"product_tag-zulassung","57":"first","58":"instock","59":"taxable","60":"shipping-taxable","61":"purchasable","62":"product-type-simple"},"bundled_by":[],"bundle_stock_status":"instock","bundle_stock_quantity":3,"bundle_virtual":false,"bundle_layout":"","bundle_add_to_cart_form_location":"","bundle_editable_in_cart":false,"bundle_sold_individually_context":"","bundle_item_grouping":"","bundle_min_size":"","bundle_max_size":"","bundle_price":[],"bundled_items":[],"bundle_sell_ids":[],"exclude_global_add_ons":[],"addons":[],"acf":[],"_links":{"self":[{"href":"https:\/\/kraftwerk-shop.cc\/cs\/wp-json\/wp\/v2\/product\/68255965","targetHints":{"allow":["GET"]}}],"collection":[{"href":"https:\/\/kraftwerk-shop.cc\/cs\/wp-json\/wp\/v2\/product"}],"about":[{"href":"https:\/\/kraftwerk-shop.cc\/cs\/wp-json\/wp\/v2\/types\/product"}],"replies":[{"embeddable":true,"href":"https:\/\/kraftwerk-shop.cc\/cs\/wp-json\/wp\/v2\/comments?post=68255965"}],"version-history":[{"count":0,"href":"https:\/\/kraftwerk-shop.cc\/cs\/wp-json\/wp\/v2\/product\/68255965\/revisions"}],"wp:featuredmedia":[{"embeddable":true,"href":"https:\/\/kraftwerk-shop.cc\/cs\/wp-json\/wp\/v2\/media\/68274365"}],"wp:attachment":[{"href":"https:\/\/kraftwerk-shop.cc\/cs\/wp-json\/wp\/v2\/media?parent=68255965"}],"wp:term":[{"taxonomy":"product_brand","embeddable":true,"href":"https:\/\/kraftwerk-shop.cc\/cs\/wp-json\/wp\/v2\/product_brand?post=68255965"},{"taxonomy":"product_cat","embeddable":true,"href":"https:\/\/kraftwerk-shop.cc\/cs\/wp-json\/wp\/v2\/product_cat?post=68255965"},{"taxonomy":"product_tag","embeddable":true,"href":"https:\/\/kraftwerk-shop.cc\/cs\/wp-json\/wp\/v2\/product_tag?post=68255965"}],"curies":[{"name":"wp","href":"https:\/\/api.w.org\/{rel}","templated":true}]}}