{"id":68255974,"date":"2021-09-26T13:49:57","date_gmt":"2021-09-26T11:49:57","guid":{"rendered":"https:\/\/kraftwerk-gruppe.de\/?post_type=product&#038;p=68255974"},"modified":"2026-03-13T14:21:17","modified_gmt":"2026-03-13T13:21:17","slug":"brzdove-desticky-ebc-greenstuff-dp61853","status":"publish","type":"product","link":"https:\/\/kraftwerk-shop.cc\/cs\/produkt\/ebc-greenstuff-bremsbelaege-dp61853\/","title":{"rendered":"Brzdov\u00e9 desti\u010dky EBC Greenstuff DP61853"},"content":{"rendered":"<h1>Brzdov\u00e9 desti\u010dky EBC Greenstuff pro Dodge Durango 6.4 SRT a Jeep Grand Cherokee 6.4 SRT (p\u0159edn\u00ed n\u00e1prava)<\/h1>\n<p>&nbsp;<\/p>\n<p>Nov\u00e1 sm\u011bs desti\u010dek Greenstuff dosahuje v\u00fdrazn\u00e9ho zlep\u0161en\u00ed brzdn\u00e9ho v\u00fdkonu.<br \/>\nSportovn\u00ed brzdov\u00e9 desti\u010dky Greenstuff maj\u00ed vynikaj\u00edc\u00ed zpomalovac\u00ed\/brzdn\u00fd v\u00fdkon, i kdy\u017e je brzdov\u00fd syst\u00e9m studen\u00fd.<br \/>\n\u00da\u010dinn\u00fd pracovn\u00ed rozsah tohoto povlaku sah\u00e1 a\u017e do teploty 650 \u00b0C.<br \/>\nStejn\u011b jako v\u0161echny brzdov\u00e9 desti\u010dky EBC v automobilov\u00e9m pr\u016fmyslu maj\u00ed i v\u0161echny sportovn\u00ed brzdov\u00e9 desti\u010dky EBC Greenstuff povrchovou \u00fapravu proti zlomen\u00ed, lomen\u00e9 hrany, tepelnou dr\u00e1\u017eku a pr\u00e1\u0161kov\u00fd lak.<\/p>\n<p>&nbsp;<\/p>\n<p>Vlastnosti:<\/p>\n<p>- Sn\u00ed\u017een\u00e9 mno\u017estv\u00ed brzdov\u00e9ho prachu<br \/>\n- Pr\u016fm\u011brn\u00e1 \u017eivotnost<br \/>\n- \u0160etrn\u00e9 zach\u00e1zen\u00ed s brzdov\u00fdmi kotou\u010di<br \/>\n- N\u00e1kladov\u011b efektivn\u00ed zlep\u0161en\u00ed brzdn\u00e9ho \u00fa\u010dinku<\/p>\n<p>&nbsp;<\/p>\n<div id=\"attachment_68255968\" style=\"width: 460px\" class=\"wp-caption alignnone\"><img decoding=\"async\" aria-describedby=\"caption-attachment-68255968\" class=\"wp-image-68255968\" src=\"https:\/\/kraftwerk-shop.cc\/wp-content\/uploads\/2021\/09\/EBC_Greenstuff_Info-300x229.png\" alt=\"Vlastnosti brzdov\u00fdch desti\u010dek EBC Greenstuff pro Chrysler, Dodge a Jeep\" width=\"450\" height=\"343\" \/><p id=\"caption-attachment-68255968\" class=\"wp-caption-text\">Vlastnosti brzdov\u00fdch desti\u010dek EBC Greenstuff<\/p><\/div>\n<p>&nbsp;<\/p>\n<p>\u010c\u00edslo OE (pouze pro \u00fa\u010dely porovn\u00e1n\u00ed): 68144427AA, 68144427AB, 68303052AA<br \/>\nSchv\u00e1len\u00ed: REG90<\/p>\n<p>M\u00edsto instalace: P\u0159edn\u00ed n\u00e1prava<\/p>\n<p>&nbsp;<\/p>\n<p><strong>Vhodn\u00e9 pro:<\/strong><\/p>\n<table width=\"0\">\n<tbody>\n<tr>\n<td width=\"64\">Jeep<\/td>\n<td width=\"115\">Grand Cherokee<\/td>\n<td width=\"85\">6.4 SRT<\/td>\n<td width=\"375\">V\u0161echny modelov\u00e9 roky s jednod\u00edln\u00fdmi brzdov\u00fdmi kotou\u010di 380 mm<\/td>\n<\/tr>\n<tr>\n<td width=\"64\">Dodge<\/td>\n<td width=\"115\">Durango<\/td>\n<td width=\"85\">6.4 SRT<\/td>\n<td width=\"375\">V\u0161echny modelov\u00e9 roky s jednod\u00edln\u00fdmi brzdov\u00fdmi kotou\u010di 380 mm<\/td>\n<\/tr>\n<\/tbody>\n<\/table>\n<p><strong>\u00a0<\/strong><\/p>\n<p><strong>Rozsah dod\u00e1vky: <\/strong><\/p>\n<p>- 1 sada brzdov\u00fdch desti\u010dek EBC Greenstuff (DP61853) pro p\u0159edn\u00ed n\u00e1pravu<\/p>\n<p>&nbsp;<\/p>","protected":false},"excerpt":{"rendered":"<p>Vhodn\u00e9 pro brzdov\u00e9 kotou\u010de o pr\u016fm\u011bru 380 mm<\/p>","protected":false},"featured_media":68274352,"comment_status":"open","ping_status":"closed","template":"","meta":{"_acf_changed":false},"product_brand":[16875],"product_cat":[17932,17966],"product_tag":[2176,217,93,929,930,931,1046,590,10805,795,840,49,2175,95,964,2442,16877,16876,16878,56,971,126,50,4425,36,2138,970,96,2139,842,841,673,2135,2137],"class_list":{"0":"post-68255974","1":"product","2":"type-product","3":"status-publish","4":"has-post-thumbnail","6":"product_brand-ebc-brakes","7":"product_cat-durango-64-bremsbelaege-vorne","8":"product_cat-grand-cherokee-64-bremsbelaege-vorne","9":"product_tag-380-mm","10":"product_tag-217","11":"product_tag-6-4","12":"product_tag-68144427aa","13":"product_tag-68144427ab","14":"product_tag-68303052aa","15":"product_tag-abe","16":"product_tag-bremsbelaege","17":"product_tag-bremsbelaege-fuer-jeep-grand-cherokee-6-4-srt","18":"product_tag-bremse","19":"product_tag-bremskloetze","20":"product_tag-dodge","21":"product_tag-dp61853","22":"product_tag-durango","23":"product_tag-ebc","24":"product_tag-ebc-brakes","25":"product_tag-ebc-bremsbelaege","26":"product_tag-ebc-bremsen","27":"product_tag-ebc-bremsscheiben","28":"product_tag-grand-cherokee","29":"product_tag-greenstuff","30":"product_tag-hemi","31":"product_tag-jeep","32":"product_tag-jeep-grand-cherokee","33":"product_tag-kraftwerk","34":"product_tag-reg90","35":"product_tag-sportbremsbelaege","36":"product_tag-srt","37":"product_tag-tuev","38":"product_tag-vorderachse","39":"product_tag-vorne","40":"product_tag-zubehoer","41":"product_tag-zubehoerbremsbelaege","42":"product_tag-zulassung","44":"first","45":"instock","46":"taxable","47":"shipping-taxable","48":"purchasable","49":"product-type-simple"},"bundled_by":[],"bundle_stock_status":"instock","bundle_stock_quantity":1,"bundle_virtual":false,"bundle_layout":"","bundle_add_to_cart_form_location":"","bundle_editable_in_cart":false,"bundle_sold_individually_context":"","bundle_item_grouping":"","bundle_min_size":"","bundle_max_size":"","bundle_price":[],"bundled_items":[],"bundle_sell_ids":[],"exclude_global_add_ons":[],"addons":[],"acf":[],"_links":{"self":[{"href":"https:\/\/kraftwerk-shop.cc\/cs\/wp-json\/wp\/v2\/product\/68255974","targetHints":{"allow":["GET"]}}],"collection":[{"href":"https:\/\/kraftwerk-shop.cc\/cs\/wp-json\/wp\/v2\/product"}],"about":[{"href":"https:\/\/kraftwerk-shop.cc\/cs\/wp-json\/wp\/v2\/types\/product"}],"replies":[{"embeddable":true,"href":"https:\/\/kraftwerk-shop.cc\/cs\/wp-json\/wp\/v2\/comments?post=68255974"}],"version-history":[{"count":0,"href":"https:\/\/kraftwerk-shop.cc\/cs\/wp-json\/wp\/v2\/product\/68255974\/revisions"}],"wp:featuredmedia":[{"embeddable":true,"href":"https:\/\/kraftwerk-shop.cc\/cs\/wp-json\/wp\/v2\/media\/68274352"}],"wp:attachment":[{"href":"https:\/\/kraftwerk-shop.cc\/cs\/wp-json\/wp\/v2\/media?parent=68255974"}],"wp:term":[{"taxonomy":"product_brand","embeddable":true,"href":"https:\/\/kraftwerk-shop.cc\/cs\/wp-json\/wp\/v2\/product_brand?post=68255974"},{"taxonomy":"product_cat","embeddable":true,"href":"https:\/\/kraftwerk-shop.cc\/cs\/wp-json\/wp\/v2\/product_cat?post=68255974"},{"taxonomy":"product_tag","embeddable":true,"href":"https:\/\/kraftwerk-shop.cc\/cs\/wp-json\/wp\/v2\/product_tag?post=68255974"}],"curies":[{"name":"wp","href":"https:\/\/api.w.org\/{rel}","templated":true}]}}