{"id":68256003,"date":"2021-09-26T16:59:33","date_gmt":"2021-09-26T14:59:33","guid":{"rendered":"https:\/\/kraftwerk-gruppe.de\/?post_type=product&#038;p=68256003"},"modified":"2026-02-15T00:46:13","modified_gmt":"2026-02-14T23:46:13","slug":"ebc-redstuff-brzdove-desticky-dp32014c","status":"publish","type":"product","link":"https:\/\/kraftwerk-shop.cc\/cs\/produkt\/ebc-redstuff-bremsbelaege-dp32014c\/","title":{"rendered":"Brzdov\u00e9 desti\u010dky EBC Redstuff DP32014C"},"content":{"rendered":"<h1>Brzdov\u00e9 desti\u010dky EBC Redstuff pro Chevrolet Camaro 3.6 V6 z let 2010 a\u017e 2015 (p\u0159edn\u00ed n\u00e1prava)<\/h1>\n<p>&nbsp;<\/p>\n<p>Redstuff je 2. kategorie sportovn\u00edch brzdov\u00fdch desti\u010dek EBC.<\/p>\n<p>Toto vysoce v\u00fdkonn\u00e9 brzdov\u00e9 oblo\u017een\u00ed se skl\u00e1d\u00e1 z kevlarov\u00fdch vl\u00e1ken a keramick\u00fdch \u010d\u00e1stic a bylo vyvinuto speci\u00e1ln\u011b pro vysoce motorizovan\u00e1 silni\u010dn\u00ed vozidla. Tvorba brzdov\u00e9ho prachu je minim\u00e1ln\u00ed a vznikl\u00fd brzdov\u00fd prach lze snadno sm\u00fdt z r\u00e1fk\u016f vodou. Nejsou zapot\u0159eb\u00ed \u017e\u00e1dn\u00e9 agresivn\u00ed \u010distic\u00ed prost\u0159edky na r\u00e1fky a nehroz\u00ed ji\u017e \u017e\u00e1dn\u00e9 riziko po\u0161kozen\u00ed r\u00e1fk\u016f brzdov\u00fdm prachem.<\/p>\n<p>Navzdory pom\u011brn\u011b tvrd\u00e9mu materi\u00e1lu brzdov\u00fdch desti\u010dek dosahuje na\u0161e desti\u010dka Redstuff velmi vysok\u00e9ho koeficientu t\u0159en\u00ed (0,5), a zaji\u0161\u0165uje tak v\u011bt\u0161\u00ed brzdn\u00fd v\u00fdkon a rychlej\u0161\u00ed zpomalen\u00ed va\u0161eho vozidla, ani\u017e by byl brzdov\u00fd kotou\u010d nadm\u011brn\u011b nam\u00e1h\u00e1n. Vynikaj\u00edc\u00edho brzdn\u00e9ho v\u00fdkonu je dosa\u017eeno i p\u0159i studen\u00fdch brzd\u00e1ch. Ten se st\u00e1le v\u00edce zlep\u0161uje s rostouc\u00ed teplotou brzdov\u00fdch desti\u010dek. Neomezen\u00fd provozn\u00ed rozsah tohoto oblo\u017een\u00ed sah\u00e1 a\u017e do 750 \u00b0C.<br \/>\nStejn\u011b jako v\u0161echny brzdov\u00e9 desti\u010dky EBC v automobilov\u00e9m pr\u016fmyslu maj\u00ed i v\u0161echny sportovn\u00ed brzdov\u00e9 desti\u010dky EBC Greenstuff povrchovou \u00fapravu proti zlomen\u00ed, lomen\u00e9 hrany, tepelnou dr\u00e1\u017eku a pr\u00e1\u0161kov\u00fd lak.<\/p>\n<p>&nbsp;<\/p>\n<p>Vlastnosti:<\/p>\n<p>- Sn\u00ed\u017een\u00e9 mno\u017estv\u00ed brzdov\u00e9ho prachu<br \/>\n- Pr\u016fm\u011brn\u00e1 \u017eivotnost<br \/>\n- \u0160etrn\u00e9 zach\u00e1zen\u00ed s brzdov\u00fdmi kotou\u010di<br \/>\n- N\u00e1kladov\u011b efektivn\u00ed zlep\u0161en\u00ed brzdn\u00e9ho \u00fa\u010dinku<\/p>\n<div id=\"attachment_68255994\" style=\"width: 460px\" class=\"wp-caption alignnone\"><img decoding=\"async\" aria-describedby=\"caption-attachment-68255994\" class=\"wp-image-68255994\" src=\"https:\/\/kraftwerk-shop.cc\/wp-content\/uploads\/2021\/09\/EBC_Redstuff_Info-300x229.jpg\" alt=\"EBC Redstuff Chrysler, Dodge, Jeep\" width=\"450\" height=\"343\" \/><p id=\"caption-attachment-68255994\" class=\"wp-caption-text\">Vlastnosti brzdov\u00fdch desti\u010dek EBC Redstuff<\/p><\/div>\n<p>&nbsp;<\/p>\n<p>\u010c\u00edslo OE (pouze pro \u00fa\u010dely porovn\u00e1n\u00ed): 13237751, 92230269<br \/>\nSchv\u00e1len\u00ed: REG90<\/p>\n<p>M\u00edsto instalace: P\u0159edn\u00ed n\u00e1prava<\/p>\n<p>&nbsp;<\/p>\n<p><strong>Vhodn\u00e9 pro:<br \/>\n<\/strong><\/p>\n<table width=\"0\">\n<tbody>\n<tr>\n<td width=\"66\">Chevrolet<\/td>\n<td width=\"97\">Camaro<\/td>\n<td width=\"137\">3.6 do roku 2015<\/td>\n<\/tr>\n<\/tbody>\n<\/table>\n<p><strong>\u00a0<\/strong><\/p>\n<p><strong>Rozsah dod\u00e1vky: <\/strong><\/p>\n<p>- 1 sada brzdov\u00fdch desti\u010dek EBC Redstuff (DP32014C) pro p\u0159edn\u00ed n\u00e1pravu<\/p>","protected":false},"excerpt":{"rendered":"<p>EBC Redstuff Bremsbel\u00e4ge f\u00fcr Chevrolet Camaro 3.6 V6 von 2010 bis 2015 (Vorderachse) &nbsp; Redstuff ist die 2. Kategorie der<\/p>","protected":false},"featured_media":68274374,"comment_status":"open","ping_status":"closed","template":"","meta":{"_acf_changed":false},"product_brand":[16875],"product_cat":[2677],"product_tag":[2189,169,2190,1046,590,795,840,191,189,190,2188,964,2442,16877,16876,16878,36,972,2138,970,2139,198,842,841,673,2135,2137],"class_list":{"0":"post-68256003","1":"product","2":"type-product","3":"status-publish","4":"has-post-thumbnail","6":"product_brand-ebc-brakes","7":"product_cat-camaro-36-2010-2015-bremsen-vorne","8":"product_tag-2189","9":"product_tag-3-6","10":"product_tag-2190","11":"product_tag-abe","12":"product_tag-bremsbelaege","13":"product_tag-bremse","14":"product_tag-bremskloetze","15":"product_tag-camaro","16":"product_tag-chevrolet","17":"product_tag-chevy","18":"product_tag-dp32014c","19":"product_tag-ebc","20":"product_tag-ebc-brakes","21":"product_tag-ebc-bremsbelaege","22":"product_tag-ebc-bremsen","23":"product_tag-ebc-bremsscheiben","24":"product_tag-kraftwerk","25":"product_tag-redstuff","26":"product_tag-reg90","27":"product_tag-sportbremsbelaege","28":"product_tag-tuev","29":"product_tag-v6","30":"product_tag-vorderachse","31":"product_tag-vorne","32":"product_tag-zubehoer","33":"product_tag-zubehoerbremsbelaege","34":"product_tag-zulassung","36":"first","37":"onbackorder","38":"taxable","39":"shipping-taxable","40":"purchasable","41":"product-type-simple"},"bundled_by":[],"bundle_stock_status":"onbackorder","bundle_stock_quantity":0,"bundle_virtual":false,"bundle_layout":"","bundle_add_to_cart_form_location":"","bundle_editable_in_cart":false,"bundle_sold_individually_context":"","bundle_item_grouping":"","bundle_min_size":"","bundle_max_size":"","bundle_price":[],"bundled_items":[],"bundle_sell_ids":[],"exclude_global_add_ons":[],"addons":[],"acf":[],"_links":{"self":[{"href":"https:\/\/kraftwerk-shop.cc\/cs\/wp-json\/wp\/v2\/product\/68256003","targetHints":{"allow":["GET"]}}],"collection":[{"href":"https:\/\/kraftwerk-shop.cc\/cs\/wp-json\/wp\/v2\/product"}],"about":[{"href":"https:\/\/kraftwerk-shop.cc\/cs\/wp-json\/wp\/v2\/types\/product"}],"replies":[{"embeddable":true,"href":"https:\/\/kraftwerk-shop.cc\/cs\/wp-json\/wp\/v2\/comments?post=68256003"}],"version-history":[{"count":0,"href":"https:\/\/kraftwerk-shop.cc\/cs\/wp-json\/wp\/v2\/product\/68256003\/revisions"}],"wp:featuredmedia":[{"embeddable":true,"href":"https:\/\/kraftwerk-shop.cc\/cs\/wp-json\/wp\/v2\/media\/68274374"}],"wp:attachment":[{"href":"https:\/\/kraftwerk-shop.cc\/cs\/wp-json\/wp\/v2\/media?parent=68256003"}],"wp:term":[{"taxonomy":"product_brand","embeddable":true,"href":"https:\/\/kraftwerk-shop.cc\/cs\/wp-json\/wp\/v2\/product_brand?post=68256003"},{"taxonomy":"product_cat","embeddable":true,"href":"https:\/\/kraftwerk-shop.cc\/cs\/wp-json\/wp\/v2\/product_cat?post=68256003"},{"taxonomy":"product_tag","embeddable":true,"href":"https:\/\/kraftwerk-shop.cc\/cs\/wp-json\/wp\/v2\/product_tag?post=68256003"}],"curies":[{"name":"wp","href":"https:\/\/api.w.org\/{rel}","templated":true}]}}