{"id":68256021,"date":"2021-09-26T19:12:58","date_gmt":"2021-09-26T17:12:58","guid":{"rendered":"https:\/\/kraftwerk-gruppe.de\/?post_type=product&#038;p=68256021"},"modified":"2026-04-08T14:56:20","modified_gmt":"2026-04-08T12:56:20","slug":"ebc-yellowstuff-brzdove-desticky-dp41723r","status":"publish","type":"product","link":"https:\/\/kraftwerk-shop.cc\/cs\/produkt\/ebc-yellowstuff-bremsbelaege-dp41723r\/","title":{"rendered":"Brzdov\u00e9 desti\u010dky EBC Yellowstuff DP41723R"},"content":{"rendered":"<h1>Brzdov\u00e9 desti\u010dky EBC Yellowstuff pro Chrysler 300C, Dodge Challenger, Charger, Magnum a Lancia Thema 3.0 CRD, 3.5, 3.6 a 5.7 (p\u0159edn\u00ed n\u00e1prava)<\/h1>\n<p>&nbsp;<\/p>\n<p>Yellowstuff je 3. kategorie sportovn\u00edch brzdov\u00fdch desti\u010dek EBC.<\/p>\n<p>Tato sm\u011bs brzdov\u00fdch desti\u010dek je zalo\u017eena na aramidov\u00fdch vl\u00e1knech.<br \/>\nObrovsk\u00fd provozn\u00ed rozsah (a\u017e 900 \u00b0C) umo\u017e\u0148uje pou\u017eit\u00ed v silni\u010dn\u00edm provozu i na z\u00e1vodn\u00ed trati.<br \/>\nD\u00edky sv\u00fdm vlastnostem je tento povrch ide\u00e1ln\u00ed i pro velmi t\u011b\u017ek\u00e1 vozidla nebo vozidla, kter\u00e1 jezd\u00ed s dal\u0161\u00edm n\u00e1kladem (nap\u0159. p\u0159\u00edv\u011bsy).<\/p>\n<p>Toto brzdov\u00e9 oblo\u017een\u00ed nab\u00edz\u00ed vynikaj\u00edc\u00ed hodnoty zpomalen\u00ed, i kdy\u017e jsou brzdy studen\u00e9.<br \/>\nS rostouc\u00ed teplotou se v\u0161ak \"z\u00e1b\u011br\" t\u00e9to sportovn\u00ed brzdov\u00e9 desti\u010dky st\u00e1v\u00e1 v\u00fdrazn\u011b agresivn\u011bj\u0161\u00edm, co\u017e vede k je\u0161t\u011b lep\u0161\u00edm hodnot\u00e1m zpomalen\u00ed.<br \/>\nD\u00edky \"m\u011bkk\u00e9\" sm\u011bsi brzdov\u00fdch desti\u010dek Yellowstuff lze sportovn\u00ed brzdov\u00e9 desti\u010dky rychle zajet a jsou velmi \u0161etrn\u00e9 k brzdov\u00fdm kotou\u010d\u016fm.<\/p>\n<p>Navzdory sv\u00e9 dlouh\u00e9 \u017eivotnosti zp\u016fsobuje toto sportovn\u00ed brzdov\u00e9 oblo\u017een\u00ed vysokou m\u00edru brzdov\u00e9ho prachu, ale stejn\u011b jako u v\u0161ech brzdov\u00fdch oblo\u017een\u00ed EBC nevznik\u00e1 agresivn\u00ed brzdov\u00fd prach.<\/p>\n<p>Stejn\u011b jako v\u0161echny brzdov\u00e9 desti\u010dky EBC v automobilov\u00e9m pr\u016fmyslu maj\u00ed i v\u0161echny sportovn\u00ed brzdov\u00e9 desti\u010dky EBC Greenstuff povrchovou \u00fapravu proti zlomen\u00ed, lomen\u00e9 hrany, tepelnou dr\u00e1\u017eku a pr\u00e1\u0161kov\u00fd lak.<\/p>\n<p>&nbsp;<\/p>\n<div id=\"attachment_68256022\" style=\"width: 460px\" class=\"wp-caption alignnone\"><img decoding=\"async\" aria-describedby=\"caption-attachment-68256022\" class=\"wp-image-68256022\" src=\"https:\/\/kraftwerk-shop.cc\/wp-content\/uploads\/2021\/09\/EBC_Yellowstuff_Info-300x229.jpg\" alt=\"EBC Yellowstuff Chrysler, Dodge, Jeep\" width=\"450\" height=\"343\" \/><p id=\"caption-attachment-68256022\" class=\"wp-caption-text\">Vlastnosti brzdov\u00fdch desti\u010dek EBC Yellowstuff<\/p><\/div>\n<p>&nbsp;<\/p>\n<p>\u010c\u00edslo OE (pouze pro \u00fa\u010dely porovn\u00e1n\u00ed): -<br \/>\nSchv\u00e1len\u00ed: REG90<\/p>\n<p>M\u00edsto instalace: P\u0159edn\u00ed n\u00e1prava<\/p>\n<p>&nbsp;<\/p>\n<p><strong>Vhodn\u00e9 pro:<br \/>\n<\/strong><\/p>\n<table width=\"0\">\n<tbody>\n<tr>\n<td width=\"64\">Chrysler<\/td>\n<td width=\"97\">300C<\/td>\n<td width=\"151\">3.0 CRD, 3.5, 3.6, 5.7<\/td>\n<td width=\"277\">V\u0161echny modelov\u00e9 roky s brzdov\u00fdmi kotou\u010di 320 mm<\/td>\n<\/tr>\n<tr>\n<td width=\"64\">Dodge<\/td>\n<td width=\"97\">Challenger<\/td>\n<td width=\"151\">3.5, 3.6, 5.7<\/td>\n<td width=\"277\">V\u0161echny modelov\u00e9 roky s brzdov\u00fdmi kotou\u010di 320 mm<\/td>\n<\/tr>\n<tr>\n<td width=\"64\">Dodge<\/td>\n<td width=\"97\">Charger<\/td>\n<td width=\"151\">3.5, 3.6, 5.7<\/td>\n<td width=\"277\">V\u0161echny modelov\u00e9 roky s brzdov\u00fdmi kotou\u010di 320 mm<\/td>\n<\/tr>\n<tr>\n<td width=\"64\">Dodge<\/td>\n<td width=\"97\">Magnum<\/td>\n<td width=\"151\">3.5, 5.7<\/td>\n<td width=\"277\">V\u0161echny modelov\u00e9 roky s brzdov\u00fdmi kotou\u010di 320 mm<\/td>\n<\/tr>\n<tr>\n<td width=\"64\">Lancia<\/td>\n<td width=\"97\">T\u00e9ma<\/td>\n<td width=\"151\">3.0 MultiJet, 3.6<\/td>\n<td width=\"277\">V\u0161echny modelov\u00e9 roky s brzdov\u00fdmi kotou\u010di 320 mm<\/td>\n<\/tr>\n<\/tbody>\n<\/table>\n<p><strong>\u00a0<\/strong><\/p>\n<p><strong>Rozsah dod\u00e1vky: <\/strong><\/p>\n<p>- 1 sada brzdov\u00fdch desti\u010dek EBC Yellowstuff (DP41723R) pro p\u0159edn\u00ed n\u00e1pravu<\/p>\n<p>&nbsp;<\/p>\n<p><strong>Pozn\u00e1mka:<\/strong><\/p>\n<p>P\u0159ed objedn\u00e1n\u00edm zkontrolujte, zda jsou na p\u0159edn\u00ed \u010d\u00e1sti va\u0161eho vozidla namontov\u00e1ny brzdov\u00e9 kotou\u010de o pr\u016fm\u011bru 345 mm nebo 320 mm.<\/p>","protected":false},"excerpt":{"rendered":"<p>Vhodn\u00e9 pro brzdov\u00e9 kotou\u010de o pr\u016fm\u011bru 320 mm<\/p>","protected":false},"featured_media":68274436,"comment_status":"open","ping_status":"closed","template":"","meta":{"_acf_changed":false},"product_brand":[16875],"product_cat":[17712,17715,17719,17723,17727,17709,17703,17701,17739,17743,17747,17751,17767,17771],"product_tag":[87,572,2136,88,169,52,2166,91,1046,590,795,840,54,53,48,536,49,3853,3854,2195,964,2442,16877,16876,16878,126,36,173,55,2138,970,174,2139,842,841,974,673,2135,2137],"class_list":{"0":"post-68256021","1":"product","2":"type-product","3":"status-publish","4":"has-post-thumbnail","6":"product_brand-ebc-brakes","7":"product_cat-300c-30-diesel-bremsbelaege-vorne","8":"product_cat-300c-35-bremsbelaege-vorne","9":"product_cat-300c-36-bremsbelaege-vorne","10":"product_cat-300c-57-2005-2010-bremsbelaege-vorne","11":"product_cat-300c-57-2011-2023-bremsbelaege-vorne","12":"product_cat-challenger-35-bremsbelaege-vorne","13":"product_cat-challenger-36-bremsbelaege-vorne","14":"product_cat-challenger-57-bremsbelaege-vorne","15":"product_cat-charger-35-bremsbelaege-vorne","16":"product_cat-charger-36-bremsbelaege-vorne","17":"product_cat-charger-57-bremsbelaege-vorne","18":"product_cat-charger-57-2011-2023-bremsbelaege-vorne","19":"product_cat-magnum-35-bremsbelaege-vorne","20":"product_cat-magnum-57-bremsbelaege-vorne","21":"product_tag-2-7","22":"product_tag-3-0-crd","23":"product_tag-3-0-multijet","24":"product_tag-3-5","25":"product_tag-3-6","26":"product_tag-300c","27":"product_tag-320-mm","28":"product_tag-5-7","29":"product_tag-abe","30":"product_tag-bremsbelaege","31":"product_tag-bremse","32":"product_tag-bremskloetze","33":"product_tag-challenger","34":"product_tag-charger","35":"product_tag-chrysler","36":"product_tag-chrysler-300c","37":"product_tag-dodge","38":"product_tag-dodge-challenger","39":"product_tag-dodge-charger","40":"product_tag-dp41723r","41":"product_tag-ebc","42":"product_tag-ebc-brakes","43":"product_tag-ebc-bremsbelaege","44":"product_tag-ebc-bremsen","45":"product_tag-ebc-bremsscheiben","46":"product_tag-hemi","47":"product_tag-kraftwerk","48":"product_tag-lancia","49":"product_tag-magnum","50":"product_tag-reg90","51":"product_tag-sportbremsbelaege","52":"product_tag-thema","53":"product_tag-tuev","54":"product_tag-vorderachse","55":"product_tag-vorne","56":"product_tag-yellowstuff","57":"product_tag-zubehoer","58":"product_tag-zubehoerbremsbelaege","59":"product_tag-zulassung","61":"first","62":"instock","63":"taxable","64":"shipping-taxable","65":"purchasable","66":"product-type-simple"},"bundled_by":[],"bundle_stock_status":"instock","bundle_stock_quantity":2,"bundle_virtual":false,"bundle_layout":"","bundle_add_to_cart_form_location":"","bundle_editable_in_cart":false,"bundle_sold_individually_context":"","bundle_item_grouping":"","bundle_min_size":"","bundle_max_size":"","bundle_price":[],"bundled_items":[],"bundle_sell_ids":[],"exclude_global_add_ons":[],"addons":[],"acf":[],"_links":{"self":[{"href":"https:\/\/kraftwerk-shop.cc\/cs\/wp-json\/wp\/v2\/product\/68256021","targetHints":{"allow":["GET"]}}],"collection":[{"href":"https:\/\/kraftwerk-shop.cc\/cs\/wp-json\/wp\/v2\/product"}],"about":[{"href":"https:\/\/kraftwerk-shop.cc\/cs\/wp-json\/wp\/v2\/types\/product"}],"replies":[{"embeddable":true,"href":"https:\/\/kraftwerk-shop.cc\/cs\/wp-json\/wp\/v2\/comments?post=68256021"}],"version-history":[{"count":0,"href":"https:\/\/kraftwerk-shop.cc\/cs\/wp-json\/wp\/v2\/product\/68256021\/revisions"}],"wp:featuredmedia":[{"embeddable":true,"href":"https:\/\/kraftwerk-shop.cc\/cs\/wp-json\/wp\/v2\/media\/68274436"}],"wp:attachment":[{"href":"https:\/\/kraftwerk-shop.cc\/cs\/wp-json\/wp\/v2\/media?parent=68256021"}],"wp:term":[{"taxonomy":"product_brand","embeddable":true,"href":"https:\/\/kraftwerk-shop.cc\/cs\/wp-json\/wp\/v2\/product_brand?post=68256021"},{"taxonomy":"product_cat","embeddable":true,"href":"https:\/\/kraftwerk-shop.cc\/cs\/wp-json\/wp\/v2\/product_cat?post=68256021"},{"taxonomy":"product_tag","embeddable":true,"href":"https:\/\/kraftwerk-shop.cc\/cs\/wp-json\/wp\/v2\/product_tag?post=68256021"}],"curies":[{"name":"wp","href":"https:\/\/api.w.org\/{rel}","templated":true}]}}