{"id":68256028,"date":"2021-09-26T19:21:51","date_gmt":"2021-09-26T17:21:51","guid":{"rendered":"https:\/\/kraftwerk-gruppe.de\/?post_type=product&#038;p=68256028"},"modified":"2026-02-15T00:05:43","modified_gmt":"2026-02-14T23:05:43","slug":"ebc-yellowstuff-brzdove-desticky-dp41788r","status":"publish","type":"product","link":"https:\/\/kraftwerk-shop.cc\/cs\/produkt\/ebc-yellowstuff-bremsbelaege-dp41788r\/","title":{"rendered":"Brzdov\u00e9 desti\u010dky EBC Yellowstuff DP41788R"},"content":{"rendered":"<h1>Brzdov\u00e9 desti\u010dky EBC Yellowstuff pro Chrysler 300C, Dodge Challenger, Charger, Magnum, Durango, Jeep Grand Cherokee 6.1 SRT8, 6.2 Hellcat, 6.4 SRT a Chevrolet Camaro SS (zadn\u00ed n\u00e1prava)<\/h1>\n<p>&nbsp;<\/p>\n<p>Yellowstuff je 3. kategorie sportovn\u00edch brzdov\u00fdch desti\u010dek EBC.<\/p>\n<p>Tato sm\u011bs brzdov\u00fdch desti\u010dek je zalo\u017eena na aramidov\u00fdch vl\u00e1knech.<br \/>\nObrovsk\u00fd provozn\u00ed rozsah (a\u017e 900 \u00b0C) umo\u017e\u0148uje pou\u017eit\u00ed v silni\u010dn\u00edm provozu i na z\u00e1vodn\u00ed trati.<br \/>\nD\u00edky sv\u00fdm vlastnostem je tento povrch ide\u00e1ln\u00ed i pro velmi t\u011b\u017ek\u00e1 vozidla nebo vozidla, kter\u00e1 jezd\u00ed s dal\u0161\u00edm n\u00e1kladem (nap\u0159. p\u0159\u00edv\u011bsy).<\/p>\n<p>Toto brzdov\u00e9 oblo\u017een\u00ed nab\u00edz\u00ed vynikaj\u00edc\u00ed hodnoty zpomalen\u00ed, i kdy\u017e jsou brzdy studen\u00e9.<br \/>\nS rostouc\u00ed teplotou se v\u0161ak \"z\u00e1b\u011br\" t\u00e9to sportovn\u00ed brzdov\u00e9 desti\u010dky st\u00e1v\u00e1 v\u00fdrazn\u011b agresivn\u011bj\u0161\u00edm, co\u017e vede k je\u0161t\u011b lep\u0161\u00edm hodnot\u00e1m zpomalen\u00ed.<br \/>\nD\u00edky \"m\u011bkk\u00e9\" sm\u011bsi brzdov\u00fdch desti\u010dek Yellowstuff lze sportovn\u00ed brzdov\u00e9 desti\u010dky rychle zajet a jsou velmi \u0161etrn\u00e9 k brzdov\u00fdm kotou\u010d\u016fm.<\/p>\n<p>Navzdory sv\u00e9 dlouh\u00e9 \u017eivotnosti zp\u016fsobuje toto sportovn\u00ed brzdov\u00e9 oblo\u017een\u00ed vysokou m\u00edru brzdov\u00e9ho prachu, ale stejn\u011b jako u v\u0161ech brzdov\u00fdch oblo\u017een\u00ed EBC nevznik\u00e1 agresivn\u00ed brzdov\u00fd prach.<\/p>\n<p>Stejn\u011b jako v\u0161echny brzdov\u00e9 desti\u010dky EBC v automobilov\u00e9m pr\u016fmyslu maj\u00ed i v\u0161echny sportovn\u00ed brzdov\u00e9 desti\u010dky EBC Greenstuff povrchovou \u00fapravu proti zlomen\u00ed, lomen\u00e9 hrany, tepelnou dr\u00e1\u017eku a pr\u00e1\u0161kov\u00fd lak.<\/p>\n<p>&nbsp;<\/p>\n<div id=\"attachment_68256022\" style=\"width: 460px\" class=\"wp-caption alignnone\"><img decoding=\"async\" aria-describedby=\"caption-attachment-68256022\" class=\"wp-image-68256022\" src=\"https:\/\/kraftwerk-shop.cc\/wp-content\/uploads\/2021\/09\/EBC_Yellowstuff_Info-300x229.jpg\" alt=\"EBC Yellowstuff Chrysler, Dodge, Jeep\" width=\"450\" height=\"343\" \/><p id=\"caption-attachment-68256022\" class=\"wp-caption-text\">Vlastnosti brzdov\u00fdch desti\u010dek EBC Yellowstuff<\/p><\/div>\n<p>&nbsp;<\/p>\n<p>\u010c\u00edslo OE (pouze pro \u00fa\u010dely porovn\u00e1n\u00ed): 68144432AA, 5174327AA, 5174327AB, 5174327AC, 68144223AA, 68144223AB, 68144223AC<br \/>\nSchv\u00e1len\u00ed: REG90<\/p>\n<p>M\u00edsto instalace: Zadn\u00ed n\u00e1prava<\/p>\n<p>&nbsp;<\/p>\n<p><strong>Vhodn\u00e9 pro:<\/strong><\/p>\n<table width=\"582\">\n<tbody>\n<tr>\n<td width=\"165\">Chrysler<\/td>\n<td width=\"195\">300C<\/td>\n<td width=\"222\">6.1, 6.4<\/td>\n<\/tr>\n<tr>\n<td width=\"165\">Dodge<\/td>\n<td width=\"195\">Challenger<\/td>\n<td width=\"222\">6.1, 6.2 Hellcat, 6.4<\/td>\n<\/tr>\n<tr>\n<td width=\"165\">Dodge<\/td>\n<td width=\"195\">Charger<\/td>\n<td width=\"222\">6.1, 6.2 Hellcat, 6.4<\/td>\n<\/tr>\n<tr>\n<td width=\"165\">Dodge<\/td>\n<td width=\"195\">Durango<\/td>\n<td width=\"222\">6.2 Hellcat, 6.4<\/td>\n<\/tr>\n<tr>\n<td width=\"165\">Dodge<\/td>\n<td width=\"195\">Magnum<\/td>\n<td width=\"222\">6.1<\/td>\n<\/tr>\n<tr>\n<td width=\"165\">Jeep<\/td>\n<td width=\"195\">Grand Cherokee<\/td>\n<td width=\"222\">6.1, 6.2 Trackhawk, 6.4<\/td>\n<\/tr>\n<tr>\n<td width=\"165\">Chevrolet<\/td>\n<td width=\"195\">Camaro<\/td>\n<td width=\"222\">6.2 L99 (405 K), 6.2 LS3 (432 K)<\/td>\n<\/tr>\n<\/tbody>\n<\/table>\n<p><strong>\u00a0<\/strong><\/p>\n<p><strong>\u00a0<\/strong><\/p>\n<p><strong>Rozsah dod\u00e1vky: <\/strong><\/p>\n<p>- 1 sada brzdov\u00fdch desti\u010dek EBC Yellowstuff (DP41788R) pro zadn\u00ed n\u00e1pravu<\/p>","protected":false},"excerpt":{"rendered":"<p>EBC Yellowstuff brzdov\u00e9 desti\u010dky pro Chrysler 300C, Dodge Challenger, Charger, Magnum, Durango, Jeep Grand Cherokee 6.1 SRT8, 6.2 Hellcat, 6.4 SRT<\/p>","protected":false},"featured_media":68274430,"comment_status":"open","ping_status":"closed","template":"","meta":{"_acf_changed":false},"product_brand":[16875],"product_cat":[2680,17732,17736,17696,17692,17688,17756,17760,17764,17929,17933,17776,17957,17962,17967],"product_tag":[846,951,952,52,217,844,845,843,92,101,93,928,949,950,933,1046,590,10803,795,840,54,53,48,536,49,3853,3854,2198,95,964,2442,16877,16876,16878,56,100,126,798,799,50,4425,4427,4426,36,55,2138,970,96,164,2139,974,673,2135,2137],"class_list":{"0":"post-68256028","1":"product","2":"type-product","3":"status-publish","4":"has-post-thumbnail","6":"product_brand-ebc-brakes","7":"product_cat-camaro-62-2010-2015-bremsen-hinten","8":"product_cat-300c-61-bremsbelaege-hinten","9":"product_cat-300c-64-bremsbelaege-hinten","10":"product_cat-challenger-61-bremsbelaege-hinten","11":"product_cat-challenger-hellcat-bremsbelaege-hinten","12":"product_cat-challenger-64-bremsbelaege-hinten","13":"product_cat-charger-61-bremsbelaege-hinten","14":"product_cat-charger-hellcat-bremsbelaege-hinten","15":"product_cat-charger-64-bremsbelaege-hinten","16":"product_cat-durango-hellcat-bremsbelaege-hinten","17":"product_cat-durango-64-bremsbelaege-hinten","18":"product_cat-magnum-61-bremsbelaege-hinten","19":"product_cat-grand-cherokee-61-bremsbelaege-hinten","20":"product_cat-trackhawk-bremsbelaege-hinten","21":"product_cat-grand-cherokee-64-bremsbelaege-hinten","22":"product_tag-05174327aa","23":"product_tag-05174327ab","24":"product_tag-05174327ac","25":"product_tag-300c","26":"product_tag-217","27":"product_tag-5174327aa","28":"product_tag-5174327ab","29":"product_tag-5174327ac","30":"product_tag-6-1","31":"product_tag-6-2","32":"product_tag-6-4","33":"product_tag-68144223aa","34":"product_tag-68144223ab","35":"product_tag-68144223ac","36":"product_tag-68144432aa","37":"product_tag-abe","38":"product_tag-bremsbelaege","39":"product_tag-bremsbelaege-fuer-dodge-challenger-6-4","40":"product_tag-bremse","41":"product_tag-bremskloetze","42":"product_tag-challenger","43":"product_tag-charger","44":"product_tag-chrysler","45":"product_tag-chrysler-300c","46":"product_tag-dodge","47":"product_tag-dodge-challenger","48":"product_tag-dodge-charger","49":"product_tag-dp41788r","50":"product_tag-durango","51":"product_tag-ebc","52":"product_tag-ebc-brakes","53":"product_tag-ebc-bremsbelaege","54":"product_tag-ebc-bremsen","55":"product_tag-ebc-bremsscheiben","56":"product_tag-grand-cherokee","57":"product_tag-hellcat","58":"product_tag-hemi","59":"product_tag-hinten","60":"product_tag-hinterachse","61":"product_tag-jeep","62":"product_tag-jeep-grand-cherokee","63":"product_tag-jeep-grand-cherokee-trackhawk","64":"product_tag-jeep-trackhawk","65":"product_tag-kraftwerk","66":"product_tag-magnum","67":"product_tag-reg90","68":"product_tag-sportbremsbelaege","69":"product_tag-srt","70":"product_tag-srt8","71":"product_tag-tuev","72":"product_tag-yellowstuff","73":"product_tag-zubehoer","74":"product_tag-zubehoerbremsbelaege","75":"product_tag-zulassung","77":"first","78":"onbackorder","79":"taxable","80":"shipping-taxable","81":"purchasable","82":"product-type-simple"},"bundled_by":[],"bundle_stock_status":"onbackorder","bundle_stock_quantity":0,"bundle_virtual":false,"bundle_layout":"","bundle_add_to_cart_form_location":"","bundle_editable_in_cart":false,"bundle_sold_individually_context":"","bundle_item_grouping":"","bundle_min_size":"","bundle_max_size":"","bundle_price":[],"bundled_items":[],"bundle_sell_ids":[],"exclude_global_add_ons":[],"addons":[],"acf":[],"_links":{"self":[{"href":"https:\/\/kraftwerk-shop.cc\/cs\/wp-json\/wp\/v2\/product\/68256028","targetHints":{"allow":["GET"]}}],"collection":[{"href":"https:\/\/kraftwerk-shop.cc\/cs\/wp-json\/wp\/v2\/product"}],"about":[{"href":"https:\/\/kraftwerk-shop.cc\/cs\/wp-json\/wp\/v2\/types\/product"}],"replies":[{"embeddable":true,"href":"https:\/\/kraftwerk-shop.cc\/cs\/wp-json\/wp\/v2\/comments?post=68256028"}],"version-history":[{"count":0,"href":"https:\/\/kraftwerk-shop.cc\/cs\/wp-json\/wp\/v2\/product\/68256028\/revisions"}],"wp:featuredmedia":[{"embeddable":true,"href":"https:\/\/kraftwerk-shop.cc\/cs\/wp-json\/wp\/v2\/media\/68274430"}],"wp:attachment":[{"href":"https:\/\/kraftwerk-shop.cc\/cs\/wp-json\/wp\/v2\/media?parent=68256028"}],"wp:term":[{"taxonomy":"product_brand","embeddable":true,"href":"https:\/\/kraftwerk-shop.cc\/cs\/wp-json\/wp\/v2\/product_brand?post=68256028"},{"taxonomy":"product_cat","embeddable":true,"href":"https:\/\/kraftwerk-shop.cc\/cs\/wp-json\/wp\/v2\/product_cat?post=68256028"},{"taxonomy":"product_tag","embeddable":true,"href":"https:\/\/kraftwerk-shop.cc\/cs\/wp-json\/wp\/v2\/product_tag?post=68256028"}],"curies":[{"name":"wp","href":"https:\/\/api.w.org\/{rel}","templated":true}]}}