{"id":68256031,"date":"2021-09-26T19:21:55","date_gmt":"2021-09-26T17:21:55","guid":{"rendered":"https:\/\/kraftwerk-gruppe.de\/?post_type=product&#038;p=68256031"},"modified":"2026-04-10T17:43:31","modified_gmt":"2026-04-10T15:43:31","slug":"ebc-yellowstuff-brzdove-desticky-dp41872r","status":"publish","type":"product","link":"https:\/\/kraftwerk-shop.cc\/cs\/produkt\/ebc-yellowstuff-bremsbelaege-dp41872r\/","title":{"rendered":"Brzdov\u00e9 desti\u010dky EBC Yellowstuff DP41872R"},"content":{"rendered":"<h1>Brzdov\u00e9 desti\u010dky EBC Yellowstuff pro Dodge Durango 3.6, 5.7 a Jeep Grand Cherokee 3.0 MultiJet, 3.6 a 5.7 od roku 2011 (zadn\u00ed n\u00e1prava)<\/h1>\n<p>&nbsp;<\/p>\n<p>Yellowstuff je 3. kategorie sportovn\u00edch brzdov\u00fdch desti\u010dek EBC.<\/p>\n<p>Tato sm\u011bs brzdov\u00fdch desti\u010dek je zalo\u017eena na aramidov\u00fdch vl\u00e1knech.<br \/>\nObrovsk\u00fd provozn\u00ed rozsah (a\u017e 900 \u00b0C) umo\u017e\u0148uje pou\u017eit\u00ed v silni\u010dn\u00edm provozu i na z\u00e1vodn\u00ed trati.<br \/>\nD\u00edky sv\u00fdm vlastnostem je tento povrch ide\u00e1ln\u00ed i pro velmi t\u011b\u017ek\u00e1 vozidla nebo vozidla, kter\u00e1 jezd\u00ed s dal\u0161\u00edm n\u00e1kladem (nap\u0159. p\u0159\u00edv\u011bsy).<\/p>\n<p>Toto brzdov\u00e9 oblo\u017een\u00ed nab\u00edz\u00ed vynikaj\u00edc\u00ed hodnoty zpomalen\u00ed, i kdy\u017e jsou brzdy studen\u00e9.<br \/>\nS rostouc\u00ed teplotou se v\u0161ak \"z\u00e1b\u011br\" t\u00e9to sportovn\u00ed brzdov\u00e9 desti\u010dky st\u00e1v\u00e1 v\u00fdrazn\u011b agresivn\u011bj\u0161\u00edm, co\u017e vede k je\u0161t\u011b lep\u0161\u00edm hodnot\u00e1m zpomalen\u00ed.<br \/>\nD\u00edky \"m\u011bkk\u00e9\" sm\u011bsi brzdov\u00fdch desti\u010dek Yellowstuff lze sportovn\u00ed brzdov\u00e9 desti\u010dky rychle zajet a jsou velmi \u0161etrn\u00e9 k brzdov\u00fdm kotou\u010d\u016fm.<\/p>\n<p>Navzdory sv\u00e9 dlouh\u00e9 \u017eivotnosti zp\u016fsobuje toto sportovn\u00ed brzdov\u00e9 oblo\u017een\u00ed vysokou m\u00edru brzdov\u00e9ho prachu, ale stejn\u011b jako u v\u0161ech brzdov\u00fdch oblo\u017een\u00ed EBC nevznik\u00e1 agresivn\u00ed brzdov\u00fd prach.<\/p>\n<p>Stejn\u011b jako v\u0161echny brzdov\u00e9 desti\u010dky EBC v automobilov\u00e9m pr\u016fmyslu maj\u00ed i v\u0161echny sportovn\u00ed brzdov\u00e9 desti\u010dky EBC Greenstuff povrchovou \u00fapravu proti zlomen\u00ed, lomen\u00e9 hrany, tepelnou dr\u00e1\u017eku a pr\u00e1\u0161kov\u00fd lak.<\/p>\n<p>&nbsp;<\/p>\n<div id=\"attachment_68256022\" style=\"width: 460px\" class=\"wp-caption alignnone\"><img decoding=\"async\" aria-describedby=\"caption-attachment-68256022\" class=\"wp-image-68256022\" src=\"https:\/\/kraftwerk-shop.cc\/wp-content\/uploads\/2021\/09\/EBC_Yellowstuff_Info-300x229.jpg\" alt=\"EBC Yellowstuff Chrysler, Dodge, Jeep\" width=\"450\" height=\"343\" \/><p id=\"caption-attachment-68256022\" class=\"wp-caption-text\">Vlastnosti brzdov\u00fdch desti\u010dek EBC Yellowstuff<\/p><\/div>\n<p>&nbsp;<\/p>\n<p>\u010c\u00edslo OE (pouze pro \u00fa\u010dely porovn\u00e1n\u00ed): 68052386AA<br \/>\nAutorizace: ne<\/p>\n<p>M\u00edsto instalace: Zadn\u00ed n\u00e1prava<\/p>\n<p>&nbsp;<\/p>\n<p><strong>Vhodn\u00e9 pro:<br \/>\n<\/strong><\/p>\n<table width=\"0\">\n<tbody>\n<tr>\n<td width=\"64\">Dodge<\/td>\n<td width=\"117\">Durango<\/td>\n<td width=\"147\">3.6, 5.7<\/td>\n<td width=\"208\">2011\u20132025<\/td>\n<\/tr>\n<tr>\n<td width=\"64\">Jeep<\/td>\n<td width=\"117\">Grand Cherokee<\/td>\n<td width=\"147\">3.0 MultiJet, 3.6, 5.7<\/td>\n<td width=\"208\">2011\u20132021<\/td>\n<\/tr>\n<\/tbody>\n<\/table>\n<p><strong>\u00a0<\/strong><\/p>\n<p><strong>Rozsah dod\u00e1vky: <\/strong><\/p>\n<p>- 1 sada brzdov\u00fdch desti\u010dek EBC Yellowstuff (DP41872R) pro zadn\u00ed n\u00e1pravu<\/p>","protected":false},"excerpt":{"rendered":"<p>2011\u20132023<\/p>","protected":false},"featured_media":68274424,"comment_status":"open","ping_status":"closed","template":"","meta":{"_acf_changed":false},"product_brand":[16875],"product_cat":[17917,17921,17937,17942,17952],"product_tag":[572,2136,169,91,2164,1046,590,795,840,49,2201,95,964,2442,16877,16876,16878,56,126,798,799,50,4425,36,2138,970,2139,974,673,2135,2137],"class_list":{"0":"post-68256031","1":"product","2":"type-product","3":"status-publish","4":"has-post-thumbnail","6":"product_brand-ebc-brakes","7":"product_cat-durango-36-bremsbelaege-hinten","8":"product_cat-durango-57-bremsbelaege-hinten","9":"product_cat-grand-cherokee-30-diesel-bremsbelaege-hinten","10":"product_cat-grand-cherokee-36-bremsbelaege-hinten","11":"product_cat-grand-cherokee-57-2011-2021-bremsbelaege-hinten","12":"product_tag-3-0-crd","13":"product_tag-3-0-multijet","14":"product_tag-3-6","15":"product_tag-5-7","16":"product_tag-68052386aa","17":"product_tag-abe","18":"product_tag-bremsbelaege","19":"product_tag-bremse","20":"product_tag-bremskloetze","21":"product_tag-dodge","22":"product_tag-dp41872r","23":"product_tag-durango","24":"product_tag-ebc","25":"product_tag-ebc-brakes","26":"product_tag-ebc-bremsbelaege","27":"product_tag-ebc-bremsen","28":"product_tag-ebc-bremsscheiben","29":"product_tag-grand-cherokee","30":"product_tag-hemi","31":"product_tag-hinten","32":"product_tag-hinterachse","33":"product_tag-jeep","34":"product_tag-jeep-grand-cherokee","35":"product_tag-kraftwerk","36":"product_tag-reg90","37":"product_tag-sportbremsbelaege","38":"product_tag-tuev","39":"product_tag-yellowstuff","40":"product_tag-zubehoer","41":"product_tag-zubehoerbremsbelaege","42":"product_tag-zulassung","43":"product_shipping_class-deutschlandohne","45":"first","46":"instock","47":"taxable","48":"shipping-taxable","49":"purchasable","50":"product-type-simple"},"bundled_by":[],"bundle_stock_status":"instock","bundle_stock_quantity":2,"bundle_virtual":false,"bundle_layout":"","bundle_add_to_cart_form_location":"","bundle_editable_in_cart":false,"bundle_sold_individually_context":"","bundle_item_grouping":"","bundle_min_size":"","bundle_max_size":"","bundle_price":[],"bundled_items":[],"bundle_sell_ids":[],"exclude_global_add_ons":[],"addons":[],"acf":[],"_links":{"self":[{"href":"https:\/\/kraftwerk-shop.cc\/cs\/wp-json\/wp\/v2\/product\/68256031","targetHints":{"allow":["GET"]}}],"collection":[{"href":"https:\/\/kraftwerk-shop.cc\/cs\/wp-json\/wp\/v2\/product"}],"about":[{"href":"https:\/\/kraftwerk-shop.cc\/cs\/wp-json\/wp\/v2\/types\/product"}],"replies":[{"embeddable":true,"href":"https:\/\/kraftwerk-shop.cc\/cs\/wp-json\/wp\/v2\/comments?post=68256031"}],"version-history":[{"count":0,"href":"https:\/\/kraftwerk-shop.cc\/cs\/wp-json\/wp\/v2\/product\/68256031\/revisions"}],"wp:featuredmedia":[{"embeddable":true,"href":"https:\/\/kraftwerk-shop.cc\/cs\/wp-json\/wp\/v2\/media\/68274424"}],"wp:attachment":[{"href":"https:\/\/kraftwerk-shop.cc\/cs\/wp-json\/wp\/v2\/media?parent=68256031"}],"wp:term":[{"taxonomy":"product_brand","embeddable":true,"href":"https:\/\/kraftwerk-shop.cc\/cs\/wp-json\/wp\/v2\/product_brand?post=68256031"},{"taxonomy":"product_cat","embeddable":true,"href":"https:\/\/kraftwerk-shop.cc\/cs\/wp-json\/wp\/v2\/product_cat?post=68256031"},{"taxonomy":"product_tag","embeddable":true,"href":"https:\/\/kraftwerk-shop.cc\/cs\/wp-json\/wp\/v2\/product_tag?post=68256031"}],"curies":[{"name":"wp","href":"https:\/\/api.w.org\/{rel}","templated":true}]}}