{"id":68256033,"date":"2021-09-26T19:21:59","date_gmt":"2021-09-26T17:21:59","guid":{"rendered":"https:\/\/kraftwerk-gruppe.de\/?post_type=product&#038;p=68256033"},"modified":"2026-02-15T00:50:27","modified_gmt":"2026-02-14T23:50:27","slug":"ebc-yellowstuff-brzdove-desticky-dp42014r","status":"publish","type":"product","link":"https:\/\/kraftwerk-shop.cc\/cs\/produkt\/ebc-yellowstuff-bremsbelaege-dp42014r\/","title":{"rendered":"Brzdov\u00e9 desti\u010dky EBC Yellowstuff DP42014R"},"content":{"rendered":"<h1>Brzdov\u00e9 desti\u010dky EBC Yellowstuff pro Chevrolet Camaro 3.6 z let 2010 a\u017e 2015 (p\u0159edn\u00ed n\u00e1prava)<\/h1>\n<p>&nbsp;<\/p>\n<p>Yellowstuff je 3. kategorie sportovn\u00edch brzdov\u00fdch desti\u010dek EBC.<\/p>\n<p>Tato sm\u011bs brzdov\u00fdch desti\u010dek je zalo\u017eena na aramidov\u00fdch vl\u00e1knech.<br \/>\nObrovsk\u00fd provozn\u00ed rozsah (a\u017e 900 \u00b0C) umo\u017e\u0148uje pou\u017eit\u00ed v silni\u010dn\u00edm provozu i na z\u00e1vodn\u00ed trati.<br \/>\nD\u00edky sv\u00fdm vlastnostem je tento povrch ide\u00e1ln\u00ed i pro velmi t\u011b\u017ek\u00e1 vozidla nebo vozidla, kter\u00e1 jezd\u00ed s dal\u0161\u00edm n\u00e1kladem (nap\u0159. p\u0159\u00edv\u011bsy).<\/p>\n<p>Toto brzdov\u00e9 oblo\u017een\u00ed nab\u00edz\u00ed vynikaj\u00edc\u00ed hodnoty zpomalen\u00ed, i kdy\u017e jsou brzdy studen\u00e9.<br \/>\nS rostouc\u00ed teplotou se v\u0161ak \"z\u00e1b\u011br\" t\u00e9to sportovn\u00ed brzdov\u00e9 desti\u010dky st\u00e1v\u00e1 v\u00fdrazn\u011b agresivn\u011bj\u0161\u00edm, co\u017e vede k je\u0161t\u011b lep\u0161\u00edm hodnot\u00e1m zpomalen\u00ed.<br \/>\nD\u00edky \"m\u011bkk\u00e9\" sm\u011bsi brzdov\u00fdch desti\u010dek Yellowstuff lze sportovn\u00ed brzdov\u00e9 desti\u010dky rychle zajet a jsou velmi \u0161etrn\u00e9 k brzdov\u00fdm kotou\u010d\u016fm.<\/p>\n<p>Navzdory sv\u00e9 dlouh\u00e9 \u017eivotnosti zp\u016fsobuje toto sportovn\u00ed brzdov\u00e9 oblo\u017een\u00ed vysokou m\u00edru brzdov\u00e9ho prachu, ale stejn\u011b jako u v\u0161ech brzdov\u00fdch oblo\u017een\u00ed EBC nevznik\u00e1 agresivn\u00ed brzdov\u00fd prach.<\/p>\n<p>Stejn\u011b jako v\u0161echny brzdov\u00e9 desti\u010dky EBC v automobilov\u00e9m pr\u016fmyslu maj\u00ed i v\u0161echny sportovn\u00ed brzdov\u00e9 desti\u010dky EBC Greenstuff povrchovou \u00fapravu proti zlomen\u00ed, lomen\u00e9 hrany, tepelnou dr\u00e1\u017eku a pr\u00e1\u0161kov\u00fd lak.<\/p>\n<p>&nbsp;<\/p>\n<div id=\"attachment_68256022\" style=\"width: 460px\" class=\"wp-caption alignnone\"><img decoding=\"async\" aria-describedby=\"caption-attachment-68256022\" class=\"wp-image-68256022\" src=\"https:\/\/kraftwerk-shop.cc\/wp-content\/uploads\/2021\/09\/EBC_Yellowstuff_Info-300x229.jpg\" alt=\"EBC Yellowstuff Chrysler, Dodge, Jeep\" width=\"450\" height=\"343\" \/><p id=\"caption-attachment-68256022\" class=\"wp-caption-text\">Vlastnosti brzdov\u00fdch desti\u010dek EBC Yellowstuff<\/p><\/div>\n<p>&nbsp;<\/p>\n<p>\u010c\u00edslo OE (pouze pro \u00fa\u010dely porovn\u00e1n\u00ed): 13237751, 92230269, 13237751<br \/>\nSchv\u00e1len\u00ed: REG90<\/p>\n<p>M\u00edsto instalace: P\u0159edn\u00ed n\u00e1prava<\/p>\n<p>&nbsp;<\/p>\n<p><strong>Vhodn\u00e9 pro:<br \/>\n<\/strong><\/p>\n<table width=\"0\">\n<tbody>\n<tr>\n<td width=\"66\">Chevrolet<\/td>\n<td width=\"97\">Camaro<\/td>\n<td width=\"137\">3.6 do roku 2015<\/td>\n<\/tr>\n<\/tbody>\n<\/table>\n<p><strong>\u00a0<\/strong><\/p>\n<p><strong>Rozsah dod\u00e1vky: <\/strong><\/p>\n<p>- 1 sada brzdov\u00fdch desti\u010dek EBC Yellowstuff (DP42014R) pro p\u0159edn\u00ed n\u00e1pravu<\/p>","protected":false},"excerpt":{"rendered":"<p>EBC Yellowstuff brzdov\u00e9 desti\u010dky pro Chevrolet Camaro 3.6 od 2010 do 2015 (p\u0159edn\u00ed n\u00e1prava) Yellowstuff je 3. kategorie EBC.<\/p>","protected":false},"featured_media":68274418,"comment_status":"open","ping_status":"closed","template":"","meta":{"_acf_changed":false},"product_brand":[16875],"product_cat":[2677],"product_tag":[2189,169,2190,1046,590,795,840,191,189,2204,964,2442,16877,16876,16878,36,2138,970,2139,198,842,841,974,673,2135,2137],"class_list":{"0":"post-68256033","1":"product","2":"type-product","3":"status-publish","4":"has-post-thumbnail","6":"product_brand-ebc-brakes","7":"product_cat-camaro-36-2010-2015-bremsen-vorne","8":"product_tag-2189","9":"product_tag-3-6","10":"product_tag-2190","11":"product_tag-abe","12":"product_tag-bremsbelaege","13":"product_tag-bremse","14":"product_tag-bremskloetze","15":"product_tag-camaro","16":"product_tag-chevrolet","17":"product_tag-dp42014r","18":"product_tag-ebc","19":"product_tag-ebc-brakes","20":"product_tag-ebc-bremsbelaege","21":"product_tag-ebc-bremsen","22":"product_tag-ebc-bremsscheiben","23":"product_tag-kraftwerk","24":"product_tag-reg90","25":"product_tag-sportbremsbelaege","26":"product_tag-tuev","27":"product_tag-v6","28":"product_tag-vorderachse","29":"product_tag-vorne","30":"product_tag-yellowstuff","31":"product_tag-zubehoer","32":"product_tag-zubehoerbremsbelaege","33":"product_tag-zulassung","35":"first","36":"onbackorder","37":"taxable","38":"shipping-taxable","39":"purchasable","40":"product-type-simple"},"bundled_by":[],"bundle_stock_status":"onbackorder","bundle_stock_quantity":0,"bundle_virtual":false,"bundle_layout":"","bundle_add_to_cart_form_location":"","bundle_editable_in_cart":false,"bundle_sold_individually_context":"","bundle_item_grouping":"","bundle_min_size":"","bundle_max_size":"","bundle_price":[],"bundled_items":[],"bundle_sell_ids":[],"exclude_global_add_ons":[],"addons":[],"acf":[],"_links":{"self":[{"href":"https:\/\/kraftwerk-shop.cc\/cs\/wp-json\/wp\/v2\/product\/68256033","targetHints":{"allow":["GET"]}}],"collection":[{"href":"https:\/\/kraftwerk-shop.cc\/cs\/wp-json\/wp\/v2\/product"}],"about":[{"href":"https:\/\/kraftwerk-shop.cc\/cs\/wp-json\/wp\/v2\/types\/product"}],"replies":[{"embeddable":true,"href":"https:\/\/kraftwerk-shop.cc\/cs\/wp-json\/wp\/v2\/comments?post=68256033"}],"version-history":[{"count":0,"href":"https:\/\/kraftwerk-shop.cc\/cs\/wp-json\/wp\/v2\/product\/68256033\/revisions"}],"wp:featuredmedia":[{"embeddable":true,"href":"https:\/\/kraftwerk-shop.cc\/cs\/wp-json\/wp\/v2\/media\/68274418"}],"wp:attachment":[{"href":"https:\/\/kraftwerk-shop.cc\/cs\/wp-json\/wp\/v2\/media?parent=68256033"}],"wp:term":[{"taxonomy":"product_brand","embeddable":true,"href":"https:\/\/kraftwerk-shop.cc\/cs\/wp-json\/wp\/v2\/product_brand?post=68256033"},{"taxonomy":"product_cat","embeddable":true,"href":"https:\/\/kraftwerk-shop.cc\/cs\/wp-json\/wp\/v2\/product_cat?post=68256033"},{"taxonomy":"product_tag","embeddable":true,"href":"https:\/\/kraftwerk-shop.cc\/cs\/wp-json\/wp\/v2\/product_tag?post=68256033"}],"curies":[{"name":"wp","href":"https:\/\/api.w.org\/{rel}","templated":true}]}}