{"id":68256060,"date":"2021-09-27T14:36:50","date_gmt":"2021-09-27T12:36:50","guid":{"rendered":"https:\/\/kraftwerk-gruppe.de\/?post_type=product&#038;p=68256060"},"modified":"2026-02-15T00:05:44","modified_gmt":"2026-02-14T23:05:44","slug":"magnaflow-19371-dodge-charger","status":"publish","type":"product","link":"https:\/\/kraftwerk-shop.cc\/cs\/produkt\/magnaflow-19371-dodge-charger\/","title":{"rendered":"MagnaFlow Competition Series Dodge Charger"},"content":{"rendered":"<h1>MagnaFlow Competition Series pro Dodge Charger<\/h1>\n<p>Z\u00e1vazek spole\u010dnosti MagnaFlow vyv\u00edjet a vyr\u00e1b\u011bt nejlep\u0161\u00ed sportovn\u00ed v\u00fdfukov\u00e9 syst\u00e9my zaji\u0161\u0165uje vynikaj\u00edc\u00ed zvuk a z\u00e1\u017eitek z j\u00edzdy. Vyrobeno z vysoce kvalitn\u00edch materi\u00e1l\u016f, navr\u017eeno pro optim\u00e1ln\u00ed mont\u00e1\u017e a v\u00fdkon.<\/p>\n<p>V\u00fdfukov\u00fd syst\u00e9m z nerezov\u00e9 oceli \u0159ady Competition nab\u00edz\u00ed maxim\u00e1ln\u00ed v\u00fdkon a agresivn\u00ed zvuk v\u00fdfuku pro va\u0161e vozidlo.<\/p>\n<p><img decoding=\"async\" class=\"alignnone size-medium wp-image-68256064\" src=\"https:\/\/kraftwerk-shop.cc\/wp-content\/uploads\/2021\/09\/MagnaFlow_19371_sound-300x141.jpg\" alt=\"Sportovn\u00ed v\u00fdfukov\u00fd syst\u00e9m MagnaFlow\" width=\"300\" height=\"141\" \/><\/p>\n<p>MagnaFlow Competition Series 19371 se hod\u00ed pro n\u00e1sleduj\u00edc\u00ed modely:<\/p>\n<table width=\"437\">\n<tbody>\n<tr>\n<td width=\"122\"><strong>Zna\u010dka<\/strong><\/td>\n<td width=\"136\"><strong>Model<\/strong><\/td>\n<td width=\"96\"><strong>Motor<\/strong><\/td>\n<td width=\"83\"><strong>Rok v\u00fdstavby<\/strong><\/td>\n<\/tr>\n<tr>\n<td>Dodge<\/td>\n<td>Charger<\/td>\n<td>5.7<\/td>\n<td>2015\u20132023<\/td>\n<\/tr>\n<tr>\n<td>Dodge<\/td>\n<td>Charger<\/td>\n<td>6.2 Hellcat<\/td>\n<td>2015\u20132023<\/td>\n<\/tr>\n<tr>\n<td>Dodge<\/td>\n<td>Charger<\/td>\n<td>6.4<\/td>\n<td>2015\u20132023<\/td>\n<\/tr>\n<\/tbody>\n<\/table>\n<p>&nbsp;<\/p>\n<p><strong>D\u016fle\u017eit\u00e9 upozorn\u011bn\u00ed pro vozidla s deaktivac\u00ed v\u00e1lc\u016f:<\/strong><\/p>\n<p>Kv\u016fli deaktivaci v\u00e1lc\u016f je zvuk ve \u010dty\u0159v\u00e1lcov\u00e9m re\u017eimu ve spojen\u00ed se sportovn\u00edm v\u00fdfukem (bez ohledu na v\u00fdrobce) \u010dasto vn\u00edm\u00e1n jako \"nevhodn\u00fd\".<br \/>\nTo m\u016f\u017eeme napravit elektronickou deaktivac\u00ed vyp\u00edn\u00e1n\u00ed v\u00e1lc\u016f.<br \/>\nVozidlo pak v\u017edy b\u011b\u017e\u00ed na v\u0161ech 8 v\u00e1lc\u016f a v\u017edy m\u00e1 po\u017eadovan\u00fd zvuk V8.<\/p>\n<p>Z\u00e1kazn\u00edk\u016fm, kte\u0159\u00ed si u n\u00e1s zakoup\u00ed tento v\u00fdfukov\u00fd syst\u00e9m MagnaFlow, nab\u00edz\u00edme deaktivaci v\u00e1lc\u016f pro tento model za speci\u00e1ln\u00ed cenu 179 eur (m\u00edsto 279 eur) v\u010detn\u011b DPH.<\/p>","protected":false},"excerpt":{"rendered":"<p>2015\u20132023<\/p>","protected":false},"featured_media":68267014,"comment_status":"open","ping_status":"closed","template":"","meta":{"_acf_changed":false},"product_brand":[18925],"product_cat":[6608,6596,6558,3024],"product_tag":[249,250,251,252,419,420,217,91,93,1046,1035,1036,546,1037,1047,2210,53,429,49,3854,662,1043,1039,1042,2212,2934,100,532,529,441,20273,2211,1040,2208,2062,1044,783,787,1045,1041,547,1034,1038,96,164,1057,233,2139,2137],"class_list":{"0":"post-68256060","1":"product","2":"type-product","3":"status-publish","4":"has-post-thumbnail","6":"product_brand-magnaflow","7":"product_cat-charger-57-2011-2023-abgasanlage-catback","8":"product_cat-charger-hellcat-abgasanlage-catback","9":"product_cat-charger-64-catback","10":"product_cat-nicht-nach-eu","11":"product_tag-249","12":"product_tag-250","13":"product_tag-251","14":"product_tag-252","15":"product_tag-419","16":"product_tag-420","17":"product_tag-217","18":"product_tag-5-7","19":"product_tag-6-4","20":"product_tag-abe","21":"product_tag-abgasanlage","22":"product_tag-abgassystem","23":"product_tag-auspuff","24":"product_tag-auspuffsystem","25":"product_tag-cat-back","26":"product_tag-catback","27":"product_tag-charger","28":"product_tag-deutschland","29":"product_tag-dodge","30":"product_tag-dodge-charger","31":"product_tag-edelstahl","32":"product_tag-endrohr","33":"product_tag-endschalldaempfer","34":"product_tag-endtopf","35":"product_tag-gutachten","36":"product_tag-harder","37":"product_tag-hellcat","38":"product_tag-kat","39":"product_tag-katalysator","40":"product_tag-kaufen","41":"product_tag-keintuev","42":"product_tag-klang","43":"product_tag-laut","44":"product_tag-lauter","45":"product_tag-magnaflow","46":"product_tag-mittelschalldaempfer","47":"product_tag-r-t","48":"product_tag-rt","49":"product_tag-sound","50":"product_tag-sport","51":"product_tag-sportauspuff","52":"product_tag-sportauspuffanlage","53":"product_tag-sportendschalldaempfer","54":"product_tag-srt","55":"product_tag-srt8","56":"product_tag-touring","57":"product_tag-tuning","58":"product_tag-tuev","59":"product_tag-zulassung","60":"product_shipping_class-spedition-1","62":"first","63":"onbackorder","64":"taxable","65":"shipping-taxable","66":"purchasable","67":"product-type-simple"},"bundled_by":[],"bundle_stock_status":"onbackorder","bundle_stock_quantity":0,"bundle_virtual":false,"bundle_layout":"","bundle_add_to_cart_form_location":"","bundle_editable_in_cart":false,"bundle_sold_individually_context":"","bundle_item_grouping":"","bundle_min_size":"","bundle_max_size":"","bundle_price":[],"bundled_items":[],"bundle_sell_ids":[],"exclude_global_add_ons":[],"addons":[],"acf":[],"_links":{"self":[{"href":"https:\/\/kraftwerk-shop.cc\/cs\/wp-json\/wp\/v2\/product\/68256060","targetHints":{"allow":["GET"]}}],"collection":[{"href":"https:\/\/kraftwerk-shop.cc\/cs\/wp-json\/wp\/v2\/product"}],"about":[{"href":"https:\/\/kraftwerk-shop.cc\/cs\/wp-json\/wp\/v2\/types\/product"}],"replies":[{"embeddable":true,"href":"https:\/\/kraftwerk-shop.cc\/cs\/wp-json\/wp\/v2\/comments?post=68256060"}],"version-history":[{"count":0,"href":"https:\/\/kraftwerk-shop.cc\/cs\/wp-json\/wp\/v2\/product\/68256060\/revisions"}],"wp:featuredmedia":[{"embeddable":true,"href":"https:\/\/kraftwerk-shop.cc\/cs\/wp-json\/wp\/v2\/media\/68267014"}],"wp:attachment":[{"href":"https:\/\/kraftwerk-shop.cc\/cs\/wp-json\/wp\/v2\/media?parent=68256060"}],"wp:term":[{"taxonomy":"product_brand","embeddable":true,"href":"https:\/\/kraftwerk-shop.cc\/cs\/wp-json\/wp\/v2\/product_brand?post=68256060"},{"taxonomy":"product_cat","embeddable":true,"href":"https:\/\/kraftwerk-shop.cc\/cs\/wp-json\/wp\/v2\/product_cat?post=68256060"},{"taxonomy":"product_tag","embeddable":true,"href":"https:\/\/kraftwerk-shop.cc\/cs\/wp-json\/wp\/v2\/product_tag?post=68256060"}],"curies":[{"name":"wp","href":"https:\/\/api.w.org\/{rel}","templated":true}]}}