{"id":68256065,"date":"2021-09-27T16:08:22","date_gmt":"2021-09-27T14:08:22","guid":{"rendered":"https:\/\/kraftwerk-gruppe.de\/?post_type=product&#038;p=68256065"},"modified":"2026-02-15T00:44:50","modified_gmt":"2026-02-14T23:44:50","slug":"magnaflow-19206-dodge-challenger","status":"publish","type":"product","link":"https:\/\/kraftwerk-shop.cc\/cs\/produkt\/magnaflow-19206-dodge-challenger\/","title":{"rendered":"MagnaFlow Race Series Dodge Challenger"},"content":{"rendered":"<h1>MagnaFlow Race Series pro Dodge Challenger<\/h1>\n<p>&nbsp;<\/p>\n<p>Z\u00e1vazek spole\u010dnosti MagnaFlow vyv\u00edjet a vyr\u00e1b\u011bt nejlep\u0161\u00ed sportovn\u00ed v\u00fdfukov\u00e9 syst\u00e9my zaji\u0161\u0165uje vynikaj\u00edc\u00ed zvuk a z\u00e1\u017eitek z j\u00edzdy. Vyrobeno z vysoce kvalitn\u00edch materi\u00e1l\u016f, navr\u017eeno pro optim\u00e1ln\u00ed mont\u00e1\u017e a v\u00fdkon.<\/p>\n<p>V\u00fdfukov\u00fd syst\u00e9m z nerezov\u00e9 oceli \u0159ady RACE je navr\u017een tak, \u017ee je vynech\u00e1n zadn\u00ed tlumi\u010d v\u00fdfuku, aby se zabr\u00e1nilo ne\u017e\u00e1douc\u00edmu protitlaku. V\u00fdsledkem je hlasit\u00fd, velmi agresivn\u00ed zvuk z\u00e1vodn\u00edho vozu.<\/p>\n<p><img decoding=\"async\" class=\"alignnone size-medium wp-image-68256066\" src=\"https:\/\/kraftwerk-shop.cc\/wp-content\/uploads\/2021\/09\/19206-Challenger-Race-300x128.jpg\" alt=\"MagnaFlow Race 19206 Dodge Challenger\" width=\"300\" height=\"128\" \/><\/p>\n<p>MagnaFlow Race Series 19206 se hod\u00ed pro n\u00e1sleduj\u00edc\u00ed modely:<\/p>\n<table width=\"437\">\n<tbody>\n<tr>\n<td width=\"122\"><strong>Zna\u010dka<\/strong><\/td>\n<td width=\"136\"><strong>Model<\/strong><\/td>\n<td width=\"96\"><strong>Motor<\/strong><\/td>\n<td width=\"83\"><strong>Rok v\u00fdstavby<\/strong><\/td>\n<\/tr>\n<tr>\n<td>Dodge<\/td>\n<td>Challenger<\/td>\n<td>5.7<\/td>\n<td>2015\u20132023<\/td>\n<\/tr>\n<tr>\n<td>Dodge<\/td>\n<td>Challenger<\/td>\n<td>6.2 Hellcat<\/td>\n<td>2015\u20132023<\/td>\n<\/tr>\n<tr>\n<td>Dodge<\/td>\n<td>Challenger<\/td>\n<td>6.4<\/td>\n<td>2015\u20132023<\/td>\n<\/tr>\n<\/tbody>\n<\/table>\n<p>&nbsp;<\/p>\n<p><strong>D\u016fle\u017eit\u00e9 upozorn\u011bn\u00ed pro vozidla s deaktivac\u00ed v\u00e1lc\u016f:<\/strong><\/p>\n<p>Kv\u016fli deaktivaci v\u00e1lc\u016f je zvuk ve \u010dty\u0159v\u00e1lcov\u00e9m re\u017eimu ve spojen\u00ed se sportovn\u00edm v\u00fdfukem (bez ohledu na v\u00fdrobce) \u010dasto vn\u00edm\u00e1n jako \"nevhodn\u00fd\".<br \/>\nTo m\u016f\u017eeme napravit elektronickou deaktivac\u00ed vyp\u00edn\u00e1n\u00ed v\u00e1lc\u016f.<br \/>\nVozidlo pak v\u017edy b\u011b\u017e\u00ed na v\u0161ech 8 v\u00e1lc\u016f a v\u017edy m\u00e1 po\u017eadovan\u00fd zvuk V8.<\/p>\n<p>Z\u00e1kazn\u00edk\u016fm, kte\u0159\u00ed si u n\u00e1s zakoup\u00ed tento v\u00fdfukov\u00fd syst\u00e9m MagnaFlow, nab\u00edz\u00edme deaktivaci v\u00e1lc\u016f pro tento model za speci\u00e1ln\u00ed cenu 179 eur (m\u00edsto 279 eur) v\u010detn\u011b DPH.<\/p>","protected":false},"excerpt":{"rendered":"<p>2015\u20132023<\/p>","protected":false},"featured_media":68267007,"comment_status":"open","ping_status":"closed","template":"","meta":{"_acf_changed":false},"product_brand":[18925],"product_cat":[6602,6593,6520,3024],"product_tag":[2213,249,250,251,252,419,420,217,91,93,1046,1035,1036,546,1037,1047,2210,54,429,49,3853,662,1043,1039,1042,2212,2934,100,532,529,441,20273,2211,1040,2208,2062,1044,783,1181,787,1045,1041,547,1034,1038,96,164,1057,233,2139,2137],"class_list":{"0":"post-68256065","1":"product","2":"type-product","3":"status-publish","4":"has-post-thumbnail","6":"product_brand-magnaflow","7":"product_cat-challenger-57-abgasanlage-catback","8":"product_cat-challenger-hellcat-abgasanlage-catback","9":"product_cat-challenger-64-catback","10":"product_cat-nicht-nach-eu","11":"product_tag-2213","12":"product_tag-249","13":"product_tag-250","14":"product_tag-251","15":"product_tag-252","16":"product_tag-419","17":"product_tag-420","18":"product_tag-217","19":"product_tag-5-7","20":"product_tag-6-4","21":"product_tag-abe","22":"product_tag-abgasanlage","23":"product_tag-abgassystem","24":"product_tag-auspuff","25":"product_tag-auspuffsystem","26":"product_tag-cat-back","27":"product_tag-catback","28":"product_tag-challenger","29":"product_tag-deutschland","30":"product_tag-dodge","31":"product_tag-dodge-challenger","32":"product_tag-edelstahl","33":"product_tag-endrohr","34":"product_tag-endschalldaempfer","35":"product_tag-endtopf","36":"product_tag-gutachten","37":"product_tag-harder","38":"product_tag-hellcat","39":"product_tag-kat","40":"product_tag-katalysator","41":"product_tag-kaufen","42":"product_tag-keintuev","43":"product_tag-klang","44":"product_tag-laut","45":"product_tag-lauter","46":"product_tag-magnaflow","47":"product_tag-mittelschalldaempfer","48":"product_tag-r-t","49":"product_tag-race","50":"product_tag-rt","51":"product_tag-sound","52":"product_tag-sport","53":"product_tag-sportauspuff","54":"product_tag-sportauspuffanlage","55":"product_tag-sportendschalldaempfer","56":"product_tag-srt","57":"product_tag-srt8","58":"product_tag-touring","59":"product_tag-tuning","60":"product_tag-tuev","61":"product_tag-zulassung","62":"product_shipping_class-paket-xl","64":"first","65":"onbackorder","66":"taxable","67":"shipping-taxable","68":"purchasable","69":"product-type-simple"},"bundled_by":[],"bundle_stock_status":"onbackorder","bundle_stock_quantity":0,"bundle_virtual":false,"bundle_layout":"","bundle_add_to_cart_form_location":"","bundle_editable_in_cart":false,"bundle_sold_individually_context":"","bundle_item_grouping":"","bundle_min_size":"","bundle_max_size":"","bundle_price":[],"bundled_items":[],"bundle_sell_ids":[],"exclude_global_add_ons":[],"addons":[],"acf":[],"_links":{"self":[{"href":"https:\/\/kraftwerk-shop.cc\/cs\/wp-json\/wp\/v2\/product\/68256065","targetHints":{"allow":["GET"]}}],"collection":[{"href":"https:\/\/kraftwerk-shop.cc\/cs\/wp-json\/wp\/v2\/product"}],"about":[{"href":"https:\/\/kraftwerk-shop.cc\/cs\/wp-json\/wp\/v2\/types\/product"}],"replies":[{"embeddable":true,"href":"https:\/\/kraftwerk-shop.cc\/cs\/wp-json\/wp\/v2\/comments?post=68256065"}],"version-history":[{"count":0,"href":"https:\/\/kraftwerk-shop.cc\/cs\/wp-json\/wp\/v2\/product\/68256065\/revisions"}],"wp:featuredmedia":[{"embeddable":true,"href":"https:\/\/kraftwerk-shop.cc\/cs\/wp-json\/wp\/v2\/media\/68267007"}],"wp:attachment":[{"href":"https:\/\/kraftwerk-shop.cc\/cs\/wp-json\/wp\/v2\/media?parent=68256065"}],"wp:term":[{"taxonomy":"product_brand","embeddable":true,"href":"https:\/\/kraftwerk-shop.cc\/cs\/wp-json\/wp\/v2\/product_brand?post=68256065"},{"taxonomy":"product_cat","embeddable":true,"href":"https:\/\/kraftwerk-shop.cc\/cs\/wp-json\/wp\/v2\/product_cat?post=68256065"},{"taxonomy":"product_tag","embeddable":true,"href":"https:\/\/kraftwerk-shop.cc\/cs\/wp-json\/wp\/v2\/product_tag?post=68256065"}],"curies":[{"name":"wp","href":"https:\/\/api.w.org\/{rel}","templated":true}]}}