{"id":68256168,"date":"2021-09-30T11:36:28","date_gmt":"2021-09-30T09:36:28","guid":{"rendered":"https:\/\/kraftwerk-gruppe.de\/?post_type=product&#038;p=68256168"},"modified":"2026-02-15T00:46:14","modified_gmt":"2026-02-14T23:46:14","slug":"slp-loudmouth-sportovni-vyfukovy-system-dodge-charger-5-7-hemi","status":"publish","type":"product","link":"https:\/\/kraftwerk-shop.cc\/cs\/produkt\/slp-loudmouth-sportabgasanlage-dodge-charger-5-7-hemi\/","title":{"rendered":"SLP D31040 LoudMouth sportovn\u00ed v\u00fdfukov\u00fd syst\u00e9m Dodge Charger 5.7"},"content":{"rendered":"<h1>Sportovn\u00ed v\u00fdfukov\u00fd syst\u00e9m SLP LoudMouth pro Dodge Charger 5.7<\/h1>\n<p>&nbsp;<\/p>\n<p>Tyto sportovn\u00ed v\u00fdfukov\u00e9 syst\u00e9my SLP poskytuj\u00ed znateln\u00e9 zv\u00fd\u0161en\u00ed v\u00fdkonu a jsou navr\u017eeny s inovativn\u00ed modul\u00e1rn\u00ed technologi\u00ed LoudMouth. D\u00edky tomu m\u016f\u017eete flexibiln\u011b m\u011bnit v\u00fdkon a hlukov\u00e9 charakteristiky p\u0159ep\u00edn\u00e1n\u00edm ze sf\u00e9rick\u00fdch rezon\u00e1tor\u016f na ti\u0161\u0161\u00ed tlumi\u010de, abyste vyhov\u011bli sv\u00fdm neust\u00e1le se m\u011bn\u00edc\u00edm individu\u00e1ln\u00edm po\u017eadavk\u016fm.<\/p>\n<p>Ka\u017ed\u00fd syst\u00e9m se skl\u00e1d\u00e1 z 2,5\" trubek z nerezov\u00e9 oceli s trnov\u00fdm ohybem pro neomezen\u00fd pr\u016ftok s integrovanou p\u0159\u00ed\u010dnou trubkou \"PowerFlo-X\", kterou lze p\u0159i\u0161roubovat k tov\u00e1rn\u00edm svod\u016fm. Sou\u010d\u00e1st\u00ed balen\u00ed je ve\u0161ker\u00fd hardware a mont\u00e1\u017en\u00ed n\u00e1vod pro rychlou a snadnou instalaci.<\/p>\n<p>&nbsp;<\/p>\n<p>SLP LoudMouth D31040 je vhodn\u00fd pro n\u00e1sleduj\u00edc\u00ed modely:<\/p>\n<p><strong>Dodge Charger 5.7 HEMI rok v\u00fdroby 2011 a\u017e 2014<\/strong><\/p>\n<p><iframe loading=\"lazy\" title=\"P\u0159ehr\u00e1va\u010d vide\u00ed YouTube\" src=\"https:\/\/www.youtube.com\/embed\/VViStqmYMas\" width=\"661\" height=\"496\" frameborder=\"0\" allowfullscreen=\"allowfullscreen\"><\/iframe><\/p>\n<p><strong>D\u016fle\u017eit\u00e9 upozorn\u011bn\u00ed pro vozidla s deaktivac\u00ed v\u00e1lc\u016f:<\/strong><\/p>\n<p>Kv\u016fli deaktivaci v\u00e1lc\u016f je zvuk ve \u010dty\u0159v\u00e1lcov\u00e9m re\u017eimu ve spojen\u00ed se sportovn\u00edm v\u00fdfukem (bez ohledu na v\u00fdrobce) \u010dasto vn\u00edm\u00e1n jako \"nevhodn\u00fd\".<br \/>\nTo m\u016f\u017eeme napravit elektronickou deaktivac\u00ed vyp\u00edn\u00e1n\u00ed v\u00e1lc\u016f.<br \/>\nVozidlo pak v\u017edy b\u011b\u017e\u00ed na v\u0161ech 8 v\u00e1lc\u016f a v\u017edy m\u00e1 po\u017eadovan\u00fd zvuk V8.<\/p>","protected":false},"excerpt":{"rendered":"<p>2011\u20132014<\/p>","protected":false},"featured_media":68256170,"comment_status":"open","ping_status":"closed","template":"","meta":{"_acf_changed":false},"product_brand":[],"product_cat":[6608,3024],"product_tag":[176,177,165,248,91,1046,1035,1036,546,1037,1047,2210,53,429,49,3854,662,1043,1039,1042,2212,2934,532,529,441,20273,2211,1040,2208,1044,783,1181,787,2265,2266,1045,1041,547,1034,1038,233,2139,2137],"class_list":{"0":"post-68256168","1":"product","2":"type-product","3":"status-publish","4":"has-post-thumbnail","6":"product_cat-charger-57-2011-2023-abgasanlage-catback","7":"product_cat-nicht-nach-eu","8":"product_tag-176","9":"product_tag-177","10":"product_tag-165","11":"product_tag-248","12":"product_tag-5-7","13":"product_tag-abe","14":"product_tag-abgasanlage","15":"product_tag-abgassystem","16":"product_tag-auspuff","17":"product_tag-auspuffsystem","18":"product_tag-cat-back","19":"product_tag-catback","20":"product_tag-charger","21":"product_tag-deutschland","22":"product_tag-dodge","23":"product_tag-dodge-charger","24":"product_tag-edelstahl","25":"product_tag-endrohr","26":"product_tag-endschalldaempfer","27":"product_tag-endtopf","28":"product_tag-gutachten","29":"product_tag-harder","30":"product_tag-kat","31":"product_tag-katalysator","32":"product_tag-kaufen","33":"product_tag-keintuev","34":"product_tag-klang","35":"product_tag-laut","36":"product_tag-lauter","37":"product_tag-mittelschalldaempfer","38":"product_tag-r-t","39":"product_tag-race","40":"product_tag-rt","41":"product_tag-slp","42":"product_tag-slp31040","43":"product_tag-sound","44":"product_tag-sport","45":"product_tag-sportauspuff","46":"product_tag-sportauspuffanlage","47":"product_tag-sportendschalldaempfer","48":"product_tag-tuning","49":"product_tag-tuev","50":"product_tag-zulassung","51":"product_shipping_class-spedition-1","53":"first","54":"onbackorder","55":"taxable","56":"shipping-taxable","57":"purchasable","58":"product-type-simple"},"bundled_by":[],"bundle_stock_status":"onbackorder","bundle_stock_quantity":0,"bundle_virtual":false,"bundle_layout":"","bundle_add_to_cart_form_location":"","bundle_editable_in_cart":false,"bundle_sold_individually_context":"","bundle_item_grouping":"","bundle_min_size":"","bundle_max_size":"","bundle_price":[],"bundled_items":[],"bundle_sell_ids":[],"exclude_global_add_ons":[],"addons":[],"acf":[],"_links":{"self":[{"href":"https:\/\/kraftwerk-shop.cc\/cs\/wp-json\/wp\/v2\/product\/68256168","targetHints":{"allow":["GET"]}}],"collection":[{"href":"https:\/\/kraftwerk-shop.cc\/cs\/wp-json\/wp\/v2\/product"}],"about":[{"href":"https:\/\/kraftwerk-shop.cc\/cs\/wp-json\/wp\/v2\/types\/product"}],"replies":[{"embeddable":true,"href":"https:\/\/kraftwerk-shop.cc\/cs\/wp-json\/wp\/v2\/comments?post=68256168"}],"version-history":[{"count":0,"href":"https:\/\/kraftwerk-shop.cc\/cs\/wp-json\/wp\/v2\/product\/68256168\/revisions"}],"wp:featuredmedia":[{"embeddable":true,"href":"https:\/\/kraftwerk-shop.cc\/cs\/wp-json\/wp\/v2\/media\/68256170"}],"wp:attachment":[{"href":"https:\/\/kraftwerk-shop.cc\/cs\/wp-json\/wp\/v2\/media?parent=68256168"}],"wp:term":[{"taxonomy":"product_brand","embeddable":true,"href":"https:\/\/kraftwerk-shop.cc\/cs\/wp-json\/wp\/v2\/product_brand?post=68256168"},{"taxonomy":"product_cat","embeddable":true,"href":"https:\/\/kraftwerk-shop.cc\/cs\/wp-json\/wp\/v2\/product_cat?post=68256168"},{"taxonomy":"product_tag","embeddable":true,"href":"https:\/\/kraftwerk-shop.cc\/cs\/wp-json\/wp\/v2\/product_tag?post=68256168"}],"curies":[{"name":"wp","href":"https:\/\/api.w.org\/{rel}","templated":true}]}}