{"id":68256540,"date":"2021-10-05T14:44:55","date_gmt":"2021-10-05T12:44:55","guid":{"rendered":"https:\/\/kraftwerk-gruppe.de\/?post_type=product&#038;p=68256540"},"modified":"2026-02-15T00:53:11","modified_gmt":"2026-02-14T23:53:11","slug":"magnaflow-19225-dodge-charger","status":"publish","type":"product","link":"https:\/\/kraftwerk-shop.cc\/cs\/produkt\/magnaflow-19225-dodge-charger\/","title":{"rendered":"V\u00fdfukov\u00fd syst\u00e9m MagnaFlow Street Series Chrysler 300 3.6 &amp; Dodge Charger 3.6"},"content":{"rendered":"<h1>V\u00fdfukov\u00fd syst\u00e9m MagnaFlow Street Series pro Chrysler 300 3.6 a Dodge Charger 3.6<\/h1>\n<p>&nbsp;<\/p>\n<p>Z\u00e1vazek spole\u010dnosti MagnaFlow vyv\u00edjet a vyr\u00e1b\u011bt nejlep\u0161\u00ed sportovn\u00ed v\u00fdfukov\u00e9 syst\u00e9my zaji\u0161\u0165uje vynikaj\u00edc\u00ed zvuk a z\u00e1\u017eitek z j\u00edzdy. Vyrobeno z vysoce kvalitn\u00edch materi\u00e1l\u016f, navr\u017eeno pro optim\u00e1ln\u00ed mont\u00e1\u017e a v\u00fdkon.<\/p>\n<p>V\u00fdkonn\u00fd v\u00fdfukov\u00fd syst\u00e9m \u0159ady Street Series z nerezov\u00e9 oceli p\u0159in\u00e1\u0161\u00ed dynamicky ov\u011b\u0159en\u00fd n\u00e1r\u016fst v\u00fdkonu s p\u0159\u00edjemn\u00fdm zvukem v interi\u00e9ru a siln\u00fdm zvukem navenek.<\/p>\n<p><img decoding=\"async\" class=\"alignnone size-medium wp-image-68256544\" src=\"https:\/\/kraftwerk-shop.cc\/wp-content\/uploads\/2021\/10\/19225_MagnaFlow_Sound-1-300x130.jpg\" alt=\"MagnaFlow 19225 Zvuk\" width=\"300\" height=\"130\" \/><\/p>\n<p><span style=\"color: #800000;\"><a style=\"color: #800000;\" href=\"https:\/\/kraftwerk-shop.cc\/wp-content\/uploads\/2021\/10\/19225-1.pdf\" target=\"_blank\" rel=\"noopener\">St\u00e1hn\u011bte si pokyny k instalaci<\/a><\/span><\/p>\n<p>MagnaFlow Street Series 19225 je vhodn\u00fd pro n\u00e1sleduj\u00edc\u00ed modely:<\/p>\n<p><strong>Chrysler <\/strong><strong>300<\/strong><\/p>\n<p>2021 300 V6 3.6L<br \/>\n2020 300 V6 3.6L<br \/>\n2019 300 V6 3.6L<br \/>\n2018 300 V6 3.6L<br \/>\n2017 300 V6 3.6L<br \/>\n2016 300 V6 3.6L<br \/>\n2015 300 V6 3.6L<\/p>\n<p><strong>\u00a0<\/strong><\/p>\n<p><strong>Dodge <\/strong><strong>Charger<\/strong><strong>\u00a0\u00a0\u00a0\u00a0\u00a0\u00a0\u00a0\u00a0\u00a0\u00a0\u00a0\u00a0\u00a0\u00a0\u00a0\u00a0\u00a0\u00a0\u00a0\u00a0\u00a0\u00a0\u00a0\u00a0\u00a0\u00a0\u00a0\u00a0\u00a0\u00a0 <\/strong><\/p>\n<p>2021 Charger SXT V6 3.6L<br \/>\n2020 Charger SXT V6 3.6L<br \/>\n2019 Charger SXT V6 3.6L<br \/>\n2018 Charger V6 3.6L<br \/>\n2017 Charger V6 3.6L<br \/>\n2016 Charger V6 3.6L<br \/>\n2015 Charger V6 3.6L<\/p>\n<p>&nbsp;<\/p>\n<p>&nbsp;<\/p>","protected":false},"excerpt":{"rendered":"<p>2015- 2021<\/p>","protected":false},"featured_media":68267135,"comment_status":"open","ping_status":"closed","template":"","meta":{"_acf_changed":false},"product_brand":[18925],"product_cat":[2714,2591,3024],"product_tag":[2385,249,250,251,252,419,420,2066,217,91,93,1046,1035,1036,546,1037,1047,2210,53,48,429,49,3854,662,1043,1039,1042,2212,2934,100,50,532,529,441,20273,2211,1040,2208,2062,1044,783,1181,787,1045,1041,547,1034,1038,96,164,2215,785,1057,102,233,2139,198,2137],"class_list":{"0":"post-68256540","1":"product","2":"type-product","3":"status-publish","4":"has-post-thumbnail","6":"product_brand-magnaflow","7":"product_cat-300c-36-abgasanlage","8":"product_cat-charger-36-abgasanlage","9":"product_cat-nicht-nach-eu","10":"product_tag-2385","11":"product_tag-249","12":"product_tag-250","13":"product_tag-251","14":"product_tag-252","15":"product_tag-419","16":"product_tag-420","17":"product_tag-2066","18":"product_tag-217","19":"product_tag-5-7","20":"product_tag-6-4","21":"product_tag-abe","22":"product_tag-abgasanlage","23":"product_tag-abgassystem","24":"product_tag-auspuff","25":"product_tag-auspuffsystem","26":"product_tag-cat-back","27":"product_tag-catback","28":"product_tag-charger","29":"product_tag-chrysler","30":"product_tag-deutschland","31":"product_tag-dodge","32":"product_tag-dodge-charger","33":"product_tag-edelstahl","34":"product_tag-endrohr","35":"product_tag-endschalldaempfer","36":"product_tag-endtopf","37":"product_tag-gutachten","38":"product_tag-harder","39":"product_tag-hellcat","40":"product_tag-jeep","41":"product_tag-kat","42":"product_tag-katalysator","43":"product_tag-kaufen","44":"product_tag-keintuev","45":"product_tag-klang","46":"product_tag-laut","47":"product_tag-lauter","48":"product_tag-magnaflow","49":"product_tag-mittelschalldaempfer","50":"product_tag-r-t","51":"product_tag-race","52":"product_tag-rt","53":"product_tag-sound","54":"product_tag-sport","55":"product_tag-sportauspuff","56":"product_tag-sportauspuffanlage","57":"product_tag-sportendschalldaempfer","58":"product_tag-srt","59":"product_tag-srt8","60":"product_tag-street","61":"product_tag-sxt","62":"product_tag-touring","63":"product_tag-trackhawk","64":"product_tag-tuning","65":"product_tag-tuev","66":"product_tag-v6","67":"product_tag-zulassung","68":"product_shipping_class-spedition-1","70":"first","71":"onbackorder","72":"taxable","73":"shipping-taxable","74":"purchasable","75":"product-type-simple"},"bundled_by":[],"bundle_stock_status":"onbackorder","bundle_stock_quantity":0,"bundle_virtual":false,"bundle_layout":"","bundle_add_to_cart_form_location":"","bundle_editable_in_cart":false,"bundle_sold_individually_context":"","bundle_item_grouping":"","bundle_min_size":"","bundle_max_size":"","bundle_price":[],"bundled_items":[],"bundle_sell_ids":[],"exclude_global_add_ons":[],"addons":[],"acf":[],"_links":{"self":[{"href":"https:\/\/kraftwerk-shop.cc\/cs\/wp-json\/wp\/v2\/product\/68256540","targetHints":{"allow":["GET"]}}],"collection":[{"href":"https:\/\/kraftwerk-shop.cc\/cs\/wp-json\/wp\/v2\/product"}],"about":[{"href":"https:\/\/kraftwerk-shop.cc\/cs\/wp-json\/wp\/v2\/types\/product"}],"replies":[{"embeddable":true,"href":"https:\/\/kraftwerk-shop.cc\/cs\/wp-json\/wp\/v2\/comments?post=68256540"}],"version-history":[{"count":0,"href":"https:\/\/kraftwerk-shop.cc\/cs\/wp-json\/wp\/v2\/product\/68256540\/revisions"}],"wp:featuredmedia":[{"embeddable":true,"href":"https:\/\/kraftwerk-shop.cc\/cs\/wp-json\/wp\/v2\/media\/68267135"}],"wp:attachment":[{"href":"https:\/\/kraftwerk-shop.cc\/cs\/wp-json\/wp\/v2\/media?parent=68256540"}],"wp:term":[{"taxonomy":"product_brand","embeddable":true,"href":"https:\/\/kraftwerk-shop.cc\/cs\/wp-json\/wp\/v2\/product_brand?post=68256540"},{"taxonomy":"product_cat","embeddable":true,"href":"https:\/\/kraftwerk-shop.cc\/cs\/wp-json\/wp\/v2\/product_cat?post=68256540"},{"taxonomy":"product_tag","embeddable":true,"href":"https:\/\/kraftwerk-shop.cc\/cs\/wp-json\/wp\/v2\/product_tag?post=68256540"}],"curies":[{"name":"wp","href":"https:\/\/api.w.org\/{rel}","templated":true}]}}