{"id":68256682,"date":"2021-10-08T19:41:25","date_gmt":"2021-10-08T17:41:25","guid":{"rendered":"https:\/\/kraftwerk-gruppe.de\/?post_type=product&#038;p=68256682"},"modified":"2026-02-15T00:44:50","modified_gmt":"2026-02-14T23:44:50","slug":"vymenik-tepla-dodge-challenger-charger-hellcat","status":"publish","type":"product","link":"https:\/\/kraftwerk-shop.cc\/cs\/produkt\/waermetauscher-dodge-challenger-charger-hellcat\/","title":{"rendered":"V\u00fdm\u011bn\u00edk tepla Dodge Challenger &amp; Charger Hellcat"},"content":{"rendered":"<h1>Velk\u00fd p\u0159\u00eddavn\u00fd v\u00fdm\u011bn\u00edk tepla pro Dodge Challenger &amp; Charger Hellcat<\/h1>\n<p>&nbsp;<\/p>\n<p>V\u00fdm\u011bn\u00edk tepla (n\u011bkter\u00fdmi nespr\u00e1vn\u011b ozna\u010dovan\u00fd tak\u00e9 jako mezichladi\u010d) t\u00e9m\u011b\u0159 zdvojn\u00e1sobuje celkov\u00fd objem chladic\u00edho okruhu v syst\u00e9mu chlazen\u00ed plnic\u00edho vzduchu a v\u00fdrazn\u011b zlep\u0161uje chladic\u00ed v\u00fdkon.<br \/>\nV\u00fdsledkem je ni\u017e\u0161\u00ed teplota plnic\u00edho vzduchu, a tedy vy\u0161\u0161\u00ed v\u00fdkon motoru.<\/p>\n<p>Zejm\u00e9na u modelu Hellcat je teplota plnic\u00edho vzduchu \u010dasto opom\u00edjen\u00fdm faktorem, pokud jde o v\u00fdkon motoru.<\/p>\n<p>Tento v\u00fdm\u011bn\u00edk tepla nenahrazuje v\u00fdm\u011bn\u00edk instalovan\u00fd ve vozidle, ale instaluje se dodate\u010dn\u011b.<br \/>\nT\u00edm se maximalizuje chladic\u00ed v\u00fdkon.<\/p>\n<p>&nbsp;<\/p>\n<p><strong>Rozsah dod\u00e1vky:<\/strong><\/p>\n<ul>\n<li>V\u00fdm\u011bn\u00edk tepla (66 x 18 x 9 cm)<\/li>\n<li>Z\u00e1vorky<\/li>\n<li>Hadice<\/li>\n<li>Upev\u0148ovac\u00ed materi\u00e1l<\/li>\n<li>P\u0159\u00edsada do chladic\u00ed kapaliny Water Wetter<\/li>\n<li>Podrobn\u00fd n\u00e1vod k instalaci (anglicky)<\/li>\n<\/ul>\n<p>Water Wetter je p\u0159\u00edsada do chladic\u00ed kapaliny, kter\u00e1 zlep\u0161uje p\u0159enos tepla.<\/p>\n<p>&nbsp;<\/p>\n<p><strong>Pozn\u00e1mky:<\/strong><\/p>\n<ul>\n<li>p\u011bnov\u00e1 vlo\u017eka v n\u00e1razn\u00edku mus\u00ed b\u00fdt odstran\u011bna.<\/li>\n<li>vzduchov\u00fd kan\u00e1l p\u016fvodn\u00edho v\u00fdm\u011bn\u00edku tepla na stran\u011b \u0159idi\u010de mus\u00ed b\u00fdt opracov\u00e1n.<\/li>\n<li>p\u0159edn\u00ed n\u00e1razn\u00edk mus\u00ed b\u00fdt zkr\u00e1cen \/ upraven za krytem n\u00e1razn\u00edku.<\/li>\n<\/ul>\n<p>&nbsp;<\/p>\n<p><strong>Vhodn\u00e9 pro:<\/strong><\/p>\n<table width=\"449\">\n<tbody>\n<tr>\n<td width=\"115\"><strong>Zna\u010dka<\/strong><\/td>\n<td width=\"145\"><strong>Model<\/strong><\/td>\n<td width=\"106\"><strong>Motor<\/strong><\/td>\n<td width=\"83\"><strong>Rok v\u00fdstavby<\/strong><\/td>\n<\/tr>\n<tr>\n<td width=\"115\">Dodge<\/td>\n<td width=\"145\">Charger<\/td>\n<td width=\"106\">6.2 Hellcat<\/td>\n<td width=\"83\">2015\u20132023<\/td>\n<\/tr>\n<tr>\n<td width=\"115\">Dodge<\/td>\n<td width=\"145\">Challenger<\/td>\n<td width=\"106\">6.2 Hellcat<\/td>\n<td width=\"83\">2015\u20132023<\/td>\n<\/tr>\n<\/tbody>\n<\/table>","protected":false},"excerpt":{"rendered":"<p>Velk\u00fd p\u0159\u00eddavn\u00fd v\u00fdm\u011bn\u00edk tepla pro Dodge Challenger &amp; Charger Hellcat V\u00fdm\u011bn\u00edk tepla (n\u011bkter\u00fdmi lidmi chybn\u011b ozna\u010dovan\u00fd jako mezichladi\u010d)<\/p>","protected":false},"featured_media":68278309,"comment_status":"open","ping_status":"closed","template":"","meta":{"_acf_changed":false},"product_brand":[],"product_cat":[2550,2535],"product_tag":[249,250,251,252,419,420,2066,101,42,2403,2398,53,49,3853,3854,242,2401,664,2399,425,2400,2402,246,401],"class_list":{"0":"post-68256682","1":"product","2":"type-product","3":"status-publish","4":"has-post-thumbnail","6":"product_cat-challenger-hellcat-kuehlung","7":"product_cat-charger-hellcat-kuehlung","8":"product_tag-249","9":"product_tag-250","10":"product_tag-251","11":"product_tag-252","12":"product_tag-419","13":"product_tag-420","14":"product_tag-2066","15":"product_tag-6-2","16":"product_tag-ansaugtemperatur","17":"product_tag-bwoody","18":"product_tag-challenger-hellcat","19":"product_tag-charger","20":"product_tag-dodge","21":"product_tag-dodge-challenger","22":"product_tag-dodge-charger","23":"product_tag-kompressor","24":"product_tag-kreislauf","25":"product_tag-kuehlung","26":"product_tag-ladeluft","27":"product_tag-ladeluftkuehler","28":"product_tag-niedertemperatur","29":"product_tag-reduzieren","30":"product_tag-supercharger","31":"product_tag-zusatzkuehler","33":"first","34":"onbackorder","35":"taxable","36":"shipping-taxable","37":"purchasable","38":"product-type-simple"},"bundled_by":[],"bundle_stock_status":"onbackorder","bundle_stock_quantity":0,"bundle_virtual":false,"bundle_layout":"","bundle_add_to_cart_form_location":"","bundle_editable_in_cart":false,"bundle_sold_individually_context":"","bundle_item_grouping":"","bundle_min_size":"","bundle_max_size":"","bundle_price":[],"bundled_items":[],"bundle_sell_ids":[],"exclude_global_add_ons":[],"addons":[],"acf":[],"_links":{"self":[{"href":"https:\/\/kraftwerk-shop.cc\/cs\/wp-json\/wp\/v2\/product\/68256682","targetHints":{"allow":["GET"]}}],"collection":[{"href":"https:\/\/kraftwerk-shop.cc\/cs\/wp-json\/wp\/v2\/product"}],"about":[{"href":"https:\/\/kraftwerk-shop.cc\/cs\/wp-json\/wp\/v2\/types\/product"}],"replies":[{"embeddable":true,"href":"https:\/\/kraftwerk-shop.cc\/cs\/wp-json\/wp\/v2\/comments?post=68256682"}],"version-history":[{"count":0,"href":"https:\/\/kraftwerk-shop.cc\/cs\/wp-json\/wp\/v2\/product\/68256682\/revisions"}],"wp:featuredmedia":[{"embeddable":true,"href":"https:\/\/kraftwerk-shop.cc\/cs\/wp-json\/wp\/v2\/media\/68278309"}],"wp:attachment":[{"href":"https:\/\/kraftwerk-shop.cc\/cs\/wp-json\/wp\/v2\/media?parent=68256682"}],"wp:term":[{"taxonomy":"product_brand","embeddable":true,"href":"https:\/\/kraftwerk-shop.cc\/cs\/wp-json\/wp\/v2\/product_brand?post=68256682"},{"taxonomy":"product_cat","embeddable":true,"href":"https:\/\/kraftwerk-shop.cc\/cs\/wp-json\/wp\/v2\/product_cat?post=68256682"},{"taxonomy":"product_tag","embeddable":true,"href":"https:\/\/kraftwerk-shop.cc\/cs\/wp-json\/wp\/v2\/product_tag?post=68256682"}],"curies":[{"name":"wp","href":"https:\/\/api.w.org\/{rel}","templated":true}]}}