{"id":68256690,"date":"2021-10-09T13:26:13","date_gmt":"2021-10-09T11:26:13","guid":{"rendered":"https:\/\/kraftwerk-gruppe.de\/?post_type=product&#038;p=68256690"},"modified":"2026-02-15T00:49:59","modified_gmt":"2026-02-14T23:49:59","slug":"jlt-sani-studeneho-vzduchu-dodge-durango-hellcat","status":"publish","type":"product","link":"https:\/\/kraftwerk-shop.cc\/cs\/produkt\/jlt-cold-air-intake-dodge-durango-hellcat\/","title":{"rendered":"S\u00e1n\u00ed studen\u00e9ho vzduchu JLT Dodge Durango Hellcat"},"content":{"rendered":"<h1>Syst\u00e9m s\u00e1n\u00ed studen\u00e9ho vzduchu JLT \/ sportovn\u00ed vzduchov\u00fd filtr pro Dodge Durango Hellcat<\/h1>\n<p>&nbsp;<\/p>\n<p><strong>Velk\u00fd vzduchov\u00fd filtr<\/strong><br \/>\nVelkoryse dimenzovan\u00fd vzduchov\u00fd filtr umo\u017e\u0148uje v\u011bt\u0161\u00ed pr\u016ftok vzduchu ne\u017e standardn\u00ed filtr.<br \/>\nVzduchov\u00fd filtr se skl\u00e1d\u00e1 z bavln\u011bn\u00e9ho filtra\u010dn\u00edho materi\u00e1lu, kter\u00fd je sm\u00e1\u010den speci\u00e1ln\u00edm filtra\u010dn\u00edm olejem a lze jej vym\u00fdvat. T\u00edm se maximalizuje kapacita a v\u00fdkon filtru.<\/p>\n<p><strong>Sac\u00ed potrub\u00ed<\/strong><br \/>\nSac\u00ed trubice je vyrobena z roto-moulded plastu s obrovsk\u00fdm 5\u2033 filtra\u010dn\u00edm otvorem pro vynikaj\u00edc\u00ed pr\u016ftok vzduchu a BEZ zah\u0159\u00edv\u00e1n\u00ed jako u kovov\u00fdch trubic.<br \/>\nD\u00edky otvoru 4,5\u2033 na konci \u0161krtic\u00ed klapky je vhodn\u00fd i pro v\u011bt\u0161\u00ed \u0161krtic\u00ed klapky.<\/p>\n<p><strong>Kryt vzduchov\u00e9ho filtru<\/strong><br \/>\nObsahuje n\u00e1\u0161 velk\u00fd tepeln\u00fd \u0161t\u00edt z plastu ABS, kter\u00fd izoluje nas\u00e1van\u00fd vzduch od tepla motoru p\u0159i volnob\u011bhu a n\u00edzk\u00fdch ot\u00e1\u010dk\u00e1ch.<br \/>\nVyu\u017e\u00edv\u00e1 velkou plochu, aby filtr m\u011bl dostatek chladn\u00e9ho vzduchu, a vyu\u017e\u00edv\u00e1 tov\u00e1rn\u00ed p\u0159\u00edvod \u010derstv\u00e9ho vzduchu z n\u00e1razn\u00edku k udr\u017een\u00ed co nejni\u017e\u0161\u00edch teplot.<\/p>\n<p>&nbsp;<\/p>\n<p><strong>Vysoce kvalitn\u00ed instala\u010dn\u00ed materi\u00e1l<\/strong><\/p>\n<ul>\n<li>Sac\u00ed potrub\u00ed z lisovan\u00e9ho plastu JLT Roto<\/li>\n<li>Silikonov\u00fd reduktor<\/li>\n<li>Vzduchov\u00fd filtr 5\u00d77 S&amp;B Powerstack<\/li>\n<li>Tepeln\u00fd \u0161t\u00edt ABS<\/li>\n<li>HD svorky, v\u0161echny pot\u0159ebn\u00e9 d\u00edly<\/li>\n<li>Kryt proti de\u0161ti pro v\u011btrac\u00ed otvor v kapot\u011b motoru<\/li>\n<li>N\u011bmeck\u00fd n\u00e1vod k instalaci<\/li>\n<\/ul>\n<p>&nbsp;<\/p>\n<p><strong>podrobnosti<\/strong><\/p>\n<p>- + 35 k, + 35 NM maxim\u00e1ln\u00ed zv\u00fd\u0161en\u00ed v\u00fdkonu (\u00fadaj v\u00fdrobce)<br \/>\n- Kryt vzduchov\u00e9ho filtru s dr\u017e\u00e1ky pro p\u0159\u00edmou mont\u00e1\u017e<br \/>\n- P\u0159edem promazan\u00fd, omyvateln\u00fd a opakovan\u011b pou\u017eiteln\u00fd vzduchov\u00fd filtr Pro 10R pro maxim\u00e1ln\u00ed v\u00fdkon<\/p>\n<p>&nbsp;<\/p>\n<p><strong>Vhodn\u00e9 pro:<\/strong><\/p>\n<table width=\"584\">\n<tbody>\n<tr>\n<td width=\"97\"><strong>Rok v\u00fdstavby<\/strong><\/td>\n<td width=\"158\"><strong>Zna\u010dka<\/strong><\/td>\n<td width=\"134\"><strong>Model<\/strong><\/td>\n<td width=\"112\"><strong>Varianta<\/strong><\/td>\n<td width=\"83\"><strong>Motor<\/strong><\/td>\n<\/tr>\n<tr>\n<td width=\"97\">2021\u20132025<\/td>\n<td width=\"158\">Dodge<\/td>\n<td width=\"134\">Durango<\/td>\n<td width=\"112\">Hellcat<\/td>\n<td width=\"83\">V8 6,2 L<\/td>\n<\/tr>\n<\/tbody>\n<\/table>\n<p>&nbsp;<\/p>\n<p><iframe loading=\"lazy\" title=\"Instalace s\u00e1n\u00ed JLT pro 2021 Hellcat Durango\" width=\"500\" height=\"281\" src=\"https:\/\/www.youtube.com\/embed\/7n3ZIQWI5PU?feature=oembed\" frameborder=\"0\" allow=\"accelerometer; autoplay; clipboard-write; encrypted-media; gyroscope; picture-in-picture; web-share\" referrerpolicy=\"strict-origin-when-cross-origin\" allowfullscreen><\/iframe><\/p>","protected":false},"excerpt":{"rendered":"<p>JLT Cold Air Intake System \/ Sportluftfilter f\u00fcr Dodge Durango Hellcat &nbsp; Gro\u00dfer Luftfilter Der gro\u00dfz\u00fcgig dimensionierte Luftfilter erlaubt mehr<\/p>","protected":false},"featured_media":68277442,"comment_status":"open","ping_status":"closed","template":"","meta":{"_acf_changed":false},"product_brand":[17168],"product_cat":[2711],"product_tag":[2066,2373,4526,826,824,2406,825,49,95,100,1094,1093,2444,20273,57,500,102],"class_list":{"0":"post-68256690","1":"product","2":"type-product","3":"status-publish","4":"has-post-thumbnail","6":"product_brand-jlt","7":"product_cat-durango-hellcat-ansaugung","8":"product_tag-2066","9":"product_tag-2373","10":"product_tag-4526","11":"product_tag-ansaugung","12":"product_tag-cai","13":"product_tag-cai-ddhc-21","14":"product_tag-cold-air-intake","15":"product_tag-dodge","16":"product_tag-durango","17":"product_tag-hellcat","18":"product_tag-intake","19":"product_tag-jlt","20":"product_tag-jlt-performance","21":"product_tag-keintuev","22":"product_tag-luftfilter","23":"product_tag-sportluftfilter","24":"product_tag-trackhawk","26":"first","27":"instock","28":"taxable","29":"shipping-taxable","30":"purchasable","31":"product-type-simple"},"bundled_by":[],"bundle_stock_status":"instock","bundle_stock_quantity":2,"bundle_virtual":false,"bundle_layout":"","bundle_add_to_cart_form_location":"","bundle_editable_in_cart":false,"bundle_sold_individually_context":"","bundle_item_grouping":"","bundle_min_size":"","bundle_max_size":"","bundle_price":[],"bundled_items":[],"bundle_sell_ids":[],"exclude_global_add_ons":[],"addons":[],"acf":[],"_links":{"self":[{"href":"https:\/\/kraftwerk-shop.cc\/cs\/wp-json\/wp\/v2\/product\/68256690","targetHints":{"allow":["GET"]}}],"collection":[{"href":"https:\/\/kraftwerk-shop.cc\/cs\/wp-json\/wp\/v2\/product"}],"about":[{"href":"https:\/\/kraftwerk-shop.cc\/cs\/wp-json\/wp\/v2\/types\/product"}],"replies":[{"embeddable":true,"href":"https:\/\/kraftwerk-shop.cc\/cs\/wp-json\/wp\/v2\/comments?post=68256690"}],"version-history":[{"count":0,"href":"https:\/\/kraftwerk-shop.cc\/cs\/wp-json\/wp\/v2\/product\/68256690\/revisions"}],"wp:featuredmedia":[{"embeddable":true,"href":"https:\/\/kraftwerk-shop.cc\/cs\/wp-json\/wp\/v2\/media\/68277442"}],"wp:attachment":[{"href":"https:\/\/kraftwerk-shop.cc\/cs\/wp-json\/wp\/v2\/media?parent=68256690"}],"wp:term":[{"taxonomy":"product_brand","embeddable":true,"href":"https:\/\/kraftwerk-shop.cc\/cs\/wp-json\/wp\/v2\/product_brand?post=68256690"},{"taxonomy":"product_cat","embeddable":true,"href":"https:\/\/kraftwerk-shop.cc\/cs\/wp-json\/wp\/v2\/product_cat?post=68256690"},{"taxonomy":"product_tag","embeddable":true,"href":"https:\/\/kraftwerk-shop.cc\/cs\/wp-json\/wp\/v2\/product_tag?post=68256690"}],"curies":[{"name":"wp","href":"https:\/\/api.w.org\/{rel}","templated":true}]}}