{"id":68256711,"date":"2021-10-09T20:27:39","date_gmt":"2021-10-09T18:27:39","guid":{"rendered":"https:\/\/kraftwerk-gruppe.de\/?post_type=product&#038;p=68256711"},"modified":"2026-03-12T00:01:40","modified_gmt":"2026-03-11T23:01:40","slug":"jlt-sani-studeneho-vzduchu-destovy-deflektor-challenger-hellcat","status":"publish","type":"product","link":"https:\/\/kraftwerk-shop.cc\/cs\/produkt\/jlt-cold-air-intake-regenabweiser-challenger-hellcat\/","title":{"rendered":"Deflektor de\u0161t\u011b pro s\u00e1n\u00ed studen\u00e9ho vzduchu JLT Challenger Hellcat 2015 - 2018"},"content":{"rendered":"<h1>Deflektor de\u0161t\u011b JLT Dodge Challenger Hellcat pro otev\u0159en\u00fd vzduchov\u00fd filtr<\/h1>\n<p>&nbsp;<\/p>\n<p>Vad\u00ed v\u00e1m, \u017ee je v\u00e1\u0161 otev\u0159en\u00fd vzduchov\u00fd filtr p\u0159\u00edmo vystaven de\u0161ti?<br \/>\n\u0158e\u0161en\u00ed najdete zde.<\/p>\n<p>De\u0161\u0165ov\u00fd kryt JLT byl speci\u00e1ln\u011b vyvinut pro otev\u0159en\u00e9 s\u00e1n\u00ed JLT, aby zabr\u00e1nil pronik\u00e1n\u00ed de\u0161\u0165ov\u00e9 vody do filtru.<br \/>\nJsou vyrobeny z lexanu, odol\u00e1vaj\u00ed teplot\u00e1m pod kapotou, jsou t\u00e9m\u011b\u0159 neviditeln\u00e9 a nerozb\u00edjej\u00ed se.<\/p>\n<p>&nbsp;<\/p>\n<p><strong>POZN\u00c1MKA<\/strong><\/p>\n<p>Tato ochrann\u00e1 za\u0159\u00edzen\u00ed nezadr\u017e\u00ed ve\u0161kerou vodu. Jsou navr\u017eena tak, aby odv\u00e1d\u011bla vodu kolem sac\u00edho syst\u00e9mu JLT.<br \/>\nKompatibilita s jin\u00fdmi sac\u00edmi syst\u00e9my nebo va\u0161\u00ed konkr\u00e9tn\u00ed konfigurac\u00ed nen\u00ed zaru\u010dena.<br \/>\nSou\u010d\u00e1st\u00ed dod\u00e1vky je pouze jeden kryt ventilace. Pokud chcete zakr\u00fdt oba v\u011btrac\u00ed otvory v kapot\u011b, mus\u00edte si objednat dva.<\/p>\n<p>&nbsp;<\/p>\n<p><strong>Vhodn\u00e9 pro:<\/strong><\/p>\n<table class=\"cke_show_border\" border=\"0\" width=\"468\" cellspacing=\"0\" cellpadding=\"0\">\n<colgroup>\n<col \/>\n<col span=\"4\" \/><\/colgroup>\n<tbody>\n<tr>\n<td height=\"19\">Rok v\u00fdstavby<\/td>\n<td>Zna\u010dka<\/td>\n<td>Model<\/td>\n<td>Varianta<\/td>\n<td>Motor<\/td>\n<\/tr>\n<tr>\n<td height=\"19\">2015\u20132018<\/td>\n<td>Dodge<\/td>\n<td>Challenger<\/td>\n<td>Hellcat<\/td>\n<td>V8 6,2 L<\/td>\n<\/tr>\n<\/tbody>\n<\/table>\n<p>&nbsp;<\/p>\n<p>Nen\u00ed vhodn\u00e9 pro kapoty Redeye a pro Challenger Hellcat od roku 2019.<\/p>","protected":false},"excerpt":{"rendered":"<p>Kryt proti de\u0161ti pro otev\u0159en\u00e9 vzduchov\u00e9 filtry<\/p>","protected":false},"featured_media":68271325,"comment_status":"open","ping_status":"closed","template":"","meta":{"_acf_changed":false},"product_brand":[17168],"product_cat":[1790],"product_tag":[249,250,251,252,864,54,863,49,3853,100,1094,1093,2444,2416,36,57,1088,581,2411,2417,881,2414,2413,2415,2412],"class_list":{"0":"post-68256711","1":"product","2":"type-product","3":"status-publish","4":"has-post-thumbnail","6":"product_brand-jlt","7":"product_cat-challenger-hellcat-ansaugung","8":"product_tag-249","9":"product_tag-250","10":"product_tag-251","11":"product_tag-252","12":"product_tag-abdeckung","13":"product_tag-challenger","14":"product_tag-cover","15":"product_tag-dodge","16":"product_tag-dodge-challenger","17":"product_tag-hellcat","18":"product_tag-intake","19":"product_tag-jlt","20":"product_tag-jlt-performance","21":"product_tag-jlthcrs-l","22":"product_tag-kraftwerk","23":"product_tag-luftfilter","24":"product_tag-motorhaube","25":"product_tag-offen","26":"product_tag-regen","27":"product_tag-regenabweiser","28":"product_tag-regenschutz","29":"product_tag-regenwasser","30":"product_tag-schutz","31":"product_tag-spritzwasser","32":"product_tag-wasser","34":"first","35":"outofstock","36":"taxable","37":"shipping-taxable","38":"purchasable","39":"product-type-simple"},"bundled_by":[],"bundle_stock_status":"outofstock","bundle_stock_quantity":0,"bundle_virtual":false,"bundle_layout":"","bundle_add_to_cart_form_location":"","bundle_editable_in_cart":false,"bundle_sold_individually_context":"","bundle_item_grouping":"","bundle_min_size":"","bundle_max_size":"","bundle_price":[],"bundled_items":[],"bundle_sell_ids":[],"exclude_global_add_ons":[],"addons":[],"acf":[],"_links":{"self":[{"href":"https:\/\/kraftwerk-shop.cc\/cs\/wp-json\/wp\/v2\/product\/68256711","targetHints":{"allow":["GET"]}}],"collection":[{"href":"https:\/\/kraftwerk-shop.cc\/cs\/wp-json\/wp\/v2\/product"}],"about":[{"href":"https:\/\/kraftwerk-shop.cc\/cs\/wp-json\/wp\/v2\/types\/product"}],"replies":[{"embeddable":true,"href":"https:\/\/kraftwerk-shop.cc\/cs\/wp-json\/wp\/v2\/comments?post=68256711"}],"version-history":[{"count":0,"href":"https:\/\/kraftwerk-shop.cc\/cs\/wp-json\/wp\/v2\/product\/68256711\/revisions"}],"wp:featuredmedia":[{"embeddable":true,"href":"https:\/\/kraftwerk-shop.cc\/cs\/wp-json\/wp\/v2\/media\/68271325"}],"wp:attachment":[{"href":"https:\/\/kraftwerk-shop.cc\/cs\/wp-json\/wp\/v2\/media?parent=68256711"}],"wp:term":[{"taxonomy":"product_brand","embeddable":true,"href":"https:\/\/kraftwerk-shop.cc\/cs\/wp-json\/wp\/v2\/product_brand?post=68256711"},{"taxonomy":"product_cat","embeddable":true,"href":"https:\/\/kraftwerk-shop.cc\/cs\/wp-json\/wp\/v2\/product_cat?post=68256711"},{"taxonomy":"product_tag","embeddable":true,"href":"https:\/\/kraftwerk-shop.cc\/cs\/wp-json\/wp\/v2\/product_tag?post=68256711"}],"curies":[{"name":"wp","href":"https:\/\/api.w.org\/{rel}","templated":true}]}}