{"id":68256732,"date":"2021-10-11T22:26:04","date_gmt":"2021-10-11T20:26:04","guid":{"rendered":"https:\/\/kraftwerk-gruppe.de\/?post_type=product&#038;p=68256732"},"modified":"2026-04-07T18:04:25","modified_gmt":"2026-04-07T16:04:25","slug":"silver-bullet-throttle-body-spacer-ram-57","status":"publish","type":"product","link":"https:\/\/kraftwerk-shop.cc\/cs\/produkt\/silver-bullet-drosselklappen-spacer-ram-57\/","title":{"rendered":"Silver Bullet distan\u010dn\u00ed r\u00e1me\u010dek \u0161krtic\u00ed klapky Dodge Durango, RAM a Jeep Grand Cherokee 5.7"},"content":{"rendered":"<h1>aFe Silver Bullet distan\u010dn\u00ed r\u00e1me\u010dek \u0161krtic\u00ed klapky 46-32005 pro Dodge Durango, RAM a Jeep Grand Cherokee 5.7<\/h1>\n<p>&nbsp;<\/p>\n<p>Rozp\u011brka t\u011blesa \u0161krtic\u00ed klapky Silver Bullet p\u0159in\u00e1\u0161\u00ed a\u017e o 12 k vy\u0161\u0161\u00ed v\u00fdkon a zv\u00fd\u0161en\u00ed to\u010div\u00e9ho momentu a\u017e o 20 Nm.<\/p>\n<p>Je vyroben z p\u0159esn\u011b opracovan\u00e9ho hlin\u00edkov\u00e9ho polotovaru 6061-T6 a m\u00e1 vroubkovan\u00fd\/\u0161roubovit\u00fd design, kter\u00fd vytv\u00e1\u0159\u00ed turbulence v proudu vzduchu v m\u00edst\u011b t\u011bsn\u011b p\u0159ed vstupem do motoru, \u010d\u00edm\u017e optimalizuje spalovac\u00ed cyklus.<\/p>\n<p>Tato turbulence p\u0159isp\u00edv\u00e1 k \u00fapln\u00e9mu sp\u00e1len\u00ed sm\u011bsi vzduchu a paliva a zaji\u0161\u0165uje vy\u0161\u0161\u00ed v\u00fdkon, to\u010div\u00fd moment a lep\u0161\u00ed odezvu na plyn.<br \/>\nTento distan\u010dn\u00ed r\u00e1me\u010dek funguje s origin\u00e1ln\u00edmi syst\u00e9my vzduchov\u00fdch filtr\u016f aFe POWER.<\/p>\n<p>&nbsp;<\/p>\n<p><strong>Konstrukce se zuby\/\u0161roubovic\u00ed<\/strong><\/p>\n<p>Kombinovan\u00e1 konstrukce ozuben\u00fdch kol a spir\u00e1l vytv\u00e1\u0159\u00ed ve spalovac\u00edm prostoru turbulence. Tato turbulence rozb\u00edj\u00ed palivo a vytv\u00e1\u0159\u00ed dokonalej\u0161\u00ed spalovac\u00ed cyklus, kter\u00fd zvy\u0161uje v\u00fdkon a to\u010div\u00fd moment a zlep\u0161uje reakci na plyn.<br \/>\nKombinace ozuben\u00fdch kol a \u0161roubovice tak\u00e9 omezuje p\u00edsk\u00e1n\u00ed v s\u00e1n\u00ed, kter\u00e9 se vyskytuje u jin\u00fdch konstrukc\u00ed pouze se \u0161roubovic\u00ed.<\/p>\n<p>&nbsp;<\/p>\n<p><strong>Hlin\u00edkov\u00e1 konstrukce 6061-T6<\/strong><\/p>\n<p>V\u0161echny rozp\u011brky \u0161krt\u00edc\u00ed klapky Silver Bullet jsou p\u0159esn\u011b opracov\u00e1ny z hlin\u00edkov\u00e9ho polotovaru 6061-T6, aby byla zaji\u0161t\u011bna n\u00edzk\u00e1 hmotnost, vysok\u00e1 pevnost a dokonal\u00e9 l\u00edcov\u00e1n\u00ed a povrchov\u00e1 \u00faprava.<\/p>\n<p>&nbsp;<\/p>\n<p><strong>Del\u0161\u00ed sac\u00ed trakt<\/strong><\/p>\n<p>P\u0159id\u00e1n\u00edm rozp\u011brky \u0161krtic\u00ed klapky Silver Bullet se prodlou\u017e\u00ed sac\u00ed trakt, \u010d\u00edm\u017e se zv\u00fd\u0161\u00ed rychlost nas\u00e1van\u00e9ho vzduchu, zv\u00fd\u0161\u00ed se v\u00fdkon a zlep\u0161\u00ed se odezva na plyn.<\/p>\n<p>&nbsp;<\/p>\n<p>&nbsp;<\/p>\n<p><strong>Vhodn\u00e9 pro:<\/strong><\/p>\n<table width=\"638\">\n<tbody>\n<tr>\n<td width=\"105\"><strong>Rok v\u00fdstavby<\/strong><\/td>\n<td width=\"118\"><strong>Zna\u010dka<\/strong><\/td>\n<td width=\"182\"><strong>Model<\/strong><\/td>\n<td width=\"118\"><strong>Varianta<\/strong><\/td>\n<td width=\"115\"><strong>Motor<\/strong><\/td>\n<\/tr>\n<tr>\n<td width=\"105\">2011-2025<\/td>\n<td width=\"118\">Dodge<\/td>\n<td width=\"182\">Durango<\/td>\n<td width=\"118\">HEMI<\/td>\n<td width=\"115\">V8 5.7L<\/td>\n<\/tr>\n<tr>\n<td width=\"105\">2009-2010<\/td>\n<td width=\"118\">Dodge<\/td>\n<td width=\"182\">Ram 1500<\/td>\n<td width=\"118\">HEMI<\/td>\n<td width=\"115\">V8 5.7L<\/td>\n<\/tr>\n<tr>\n<td width=\"105\">2010-2010<\/td>\n<td width=\"118\">Dodge<\/td>\n<td width=\"182\">Ram 2500<\/td>\n<td width=\"118\">HEMI<\/td>\n<td width=\"115\">V8 5.7L<\/td>\n<\/tr>\n<tr>\n<td width=\"105\">2011-2021<\/td>\n<td width=\"118\">Jeep<\/td>\n<td width=\"182\">Grand Cherokee<\/td>\n<td width=\"118\">HEMI<\/td>\n<td width=\"115\">V8 5.7L<\/td>\n<\/tr>\n<tr>\n<td width=\"105\">2011-2024<\/td>\n<td width=\"118\">RAM<\/td>\n<td width=\"182\">1500<\/td>\n<td width=\"118\">HEMI<\/td>\n<td width=\"115\">V8 5.7L<\/td>\n<\/tr>\n<tr>\n<td width=\"105\">2019-2024<\/td>\n<td width=\"118\">RAM<\/td>\n<td width=\"182\">1500 Classic<\/td>\n<td width=\"118\">HEMI<\/td>\n<td width=\"115\">V8 5.7L<\/td>\n<\/tr>\n<tr>\n<td width=\"105\">2010-2018<\/td>\n<td width=\"118\">RAM<\/td>\n<td width=\"182\">2500<\/td>\n<td width=\"118\">HEMI<\/td>\n<td width=\"115\">V8 5.7L<\/td>\n<\/tr>\n<tr>\n<td width=\"105\">2011-2018<\/td>\n<td width=\"118\">RAM<\/td>\n<td width=\"182\">3500<\/td>\n<td width=\"118\">HEMI<\/td>\n<td width=\"115\">V8 5.7L<\/td>\n<\/tr>\n<\/tbody>\n<\/table>\n<p>&nbsp;<\/p>\n<p><strong>Vhodn\u00e9 pouze pro origin\u00e1ln\u00ed \u0161krtic\u00ed klapky!<\/strong><\/p>","protected":false},"excerpt":{"rendered":"<p>aFe Silver Bullet distan\u010dn\u00ed krou\u017eek \u0161krtic\u00ed klapky 46-32005 pro Dodge Durango, RAM a Jeep Grand Cherokee 5.7 Distan\u010dn\u00ed krou\u017eek \u0161krtic\u00ed klapky Silver Bullet generuje<\/p>","protected":false},"featured_media":68277098,"comment_status":"open","ping_status":"closed","template":"","meta":{"_acf_changed":false},"product_brand":[16879],"product_cat":[2521,2500,1512,5009],"product_tag":[475,506,507,2426,91,16880,498,2441,2219,49,158,95,56,159,160,126,50,4425,20273,36,186,86,741],"class_list":{"0":"post-68256732","1":"product","2":"type-product","3":"status-publish","4":"has-post-thumbnail","6":"product_brand-afe-power","7":"product_cat-durango-57-ansaugung","8":"product_cat-grand-cherokee-57-2011-2021-ansaugung","9":"product_cat-1500-57-2009-2018-classic-ansaugung","10":"product_cat-1500-57-dt-ansaugung","11":"product_tag-475","12":"product_tag-506","13":"product_tag-507","14":"product_tag-46-32005","15":"product_tag-5-7","16":"product_tag-advanced-flow-engineering","17":"product_tag-afe","18":"product_tag-afe-power","19":"product_tag-classic","20":"product_tag-dodge","21":"product_tag-drosselklappe","22":"product_tag-durango","23":"product_tag-grand-cherokee","24":"product_tag-gross","25":"product_tag-groesser","26":"product_tag-hemi","27":"product_tag-jeep","28":"product_tag-jeep-grand-cherokee","29":"product_tag-keintuev","30":"product_tag-kraftwerk","31":"product_tag-performance","32":"product_tag-ram","33":"product_tag-spacer","35":"first","36":"instock","37":"taxable","38":"shipping-taxable","39":"purchasable","40":"product-type-simple"},"bundled_by":[],"bundle_stock_status":"instock","bundle_stock_quantity":1,"bundle_virtual":false,"bundle_layout":"","bundle_add_to_cart_form_location":"","bundle_editable_in_cart":false,"bundle_sold_individually_context":"","bundle_item_grouping":"","bundle_min_size":"","bundle_max_size":"","bundle_price":[],"bundled_items":[],"bundle_sell_ids":[],"exclude_global_add_ons":[],"addons":[],"acf":[],"_links":{"self":[{"href":"https:\/\/kraftwerk-shop.cc\/cs\/wp-json\/wp\/v2\/product\/68256732","targetHints":{"allow":["GET"]}}],"collection":[{"href":"https:\/\/kraftwerk-shop.cc\/cs\/wp-json\/wp\/v2\/product"}],"about":[{"href":"https:\/\/kraftwerk-shop.cc\/cs\/wp-json\/wp\/v2\/types\/product"}],"replies":[{"embeddable":true,"href":"https:\/\/kraftwerk-shop.cc\/cs\/wp-json\/wp\/v2\/comments?post=68256732"}],"version-history":[{"count":0,"href":"https:\/\/kraftwerk-shop.cc\/cs\/wp-json\/wp\/v2\/product\/68256732\/revisions"}],"wp:featuredmedia":[{"embeddable":true,"href":"https:\/\/kraftwerk-shop.cc\/cs\/wp-json\/wp\/v2\/media\/68277098"}],"wp:attachment":[{"href":"https:\/\/kraftwerk-shop.cc\/cs\/wp-json\/wp\/v2\/media?parent=68256732"}],"wp:term":[{"taxonomy":"product_brand","embeddable":true,"href":"https:\/\/kraftwerk-shop.cc\/cs\/wp-json\/wp\/v2\/product_brand?post=68256732"},{"taxonomy":"product_cat","embeddable":true,"href":"https:\/\/kraftwerk-shop.cc\/cs\/wp-json\/wp\/v2\/product_cat?post=68256732"},{"taxonomy":"product_tag","embeddable":true,"href":"https:\/\/kraftwerk-shop.cc\/cs\/wp-json\/wp\/v2\/product_tag?post=68256732"}],"curies":[{"name":"wp","href":"https:\/\/api.w.org\/{rel}","templated":true}]}}