{"id":68256739,"date":"2021-10-13T00:01:11","date_gmt":"2021-10-12T22:01:11","guid":{"rendered":"https:\/\/kraftwerk-gruppe.de\/?post_type=product&#038;p=68256739"},"modified":"2026-02-15T00:05:45","modified_gmt":"2026-02-14T23:05:45","slug":"vyfukovy-system-afe-mach-force-z-nerezove-oceli-na-zadni-naprave","status":"publish","type":"product","link":"https:\/\/kraftwerk-shop.cc\/cs\/produkt\/afe-mach-force-edelstahl-axle-back-auspuffanlage\/","title":{"rendered":"v\u00fdfukov\u00fd syst\u00e9m aFe MACH Force-Xp 3 z nerezov\u00e9 oceli s n\u00e1pravou vzadu"},"content":{"rendered":"<h1>v\u00fdfukov\u00fd syst\u00e9m aFe MACH Force-Xp 3 z nerezov\u00e9 oceli Axle-Back pro Dodge Challenger a Charger 5.7, 6.2 Hellcat a 6.4<\/h1>\n<p>&nbsp;<\/p>\n<p><strong>3palcov\u00e1 konstrukce z nerezov\u00e9 oceli 409<\/strong><br \/>\nTento v\u00fdfukov\u00fd syst\u00e9m je zkonstruov\u00e1n z 3palcov\u00fdch trubek z nerezov\u00e9 oceli 409 oh\u00fdban\u00fdch na trnu pro maxim\u00e1ln\u00ed pevnost a odolnost.<\/p>\n<p><strong>Agresivn\u00ed zvuk<\/strong><br \/>\nTento syst\u00e9m vyd\u00e1v\u00e1 agresivn\u00ed zvuk.<\/p>\n<p><strong>Po\u010d\u00edta\u010dem podporovan\u00e9 navrhov\u00e1n\u00ed<\/strong><br \/>\nTento v\u00fdfukov\u00fd syst\u00e9m byl vyvinut s vyu\u017eit\u00edm nejmodern\u011bj\u0161\u00ed technologie po\u010d\u00edta\u010dem podporovan\u00e9ho navrhov\u00e1n\u00ed pro individu\u00e1ln\u00ed tov\u00e1rn\u00ed \u00fapravy s vysokou toleranc\u00ed.<\/p>\n<p><strong>Sva\u0159ov\u00e1n\u00ed metodou MIG<\/strong><br \/>\n100% Sva\u0159eno metodou MIG pro z\u00e1vodn\u00ed pevnost a odolnost.<\/p>\n<p><strong>Trubky z nerezov\u00e9 oceli<\/strong><br \/>\nOdstra\u0148uje \/ nahrazuje p\u016fvodn\u00ed zadn\u00ed tlumi\u010d v\u00fdfuku.<br \/>\nVyu\u017e\u00edv\u00e1 tov\u00e1rn\u00ed z\u00e1v\u011bsy pro bezpe\u010dn\u00e9 uchycen\u00ed<br \/>\n100% Sva\u0159eno metodou MIG pro zv\u00fd\u0161en\u00ed pevnosti a odolnosti.<\/p>\n<p>&nbsp;<\/p>\n<p><strong>Pokyny k instalaci:<\/strong><\/p>\n<p>M\u016f\u017ee b\u00fdt zapot\u0159eb\u00ed \u0159ez\u00e1n\u00ed, dal\u0161\u00ed informace naleznete v pokynech. Pou\u017eit\u00ed tov\u00e1rn\u00edch z\u00e1v\u011bs\u016f umo\u017e\u0148uje mont\u00e1\u017e tohoto syst\u00e9mu p\u0159\u00edmo na tov\u00e1rn\u00ed upev\u0148ovac\u00ed body, co\u017e usnad\u0148uje instalaci.<\/p>\n<p>&nbsp;<\/p>\n<p><strong>Vhodn\u00e9 pro:<\/strong><\/p>\n<table width=\"531\">\n<tbody>\n<tr>\n<td width=\"94\"><strong>Rok v\u00fdstavby<\/strong><\/td>\n<td width=\"74\"><strong>Zna\u010dka<\/strong><\/td>\n<td width=\"164\"><strong>Model<\/strong><\/td>\n<td width=\"84\"><strong>Varianta<\/strong><\/td>\n<td width=\"115\"><strong>Motor<\/strong><\/td>\n<\/tr>\n<tr>\n<td width=\"94\">2017-2023<\/td>\n<td width=\"74\">Dodge<\/td>\n<td width=\"164\">Challenger<\/td>\n<td width=\"84\">HEMI<\/td>\n<td width=\"115\">V8 5.7L<\/td>\n<\/tr>\n<tr>\n<td width=\"94\">2015-2023<\/td>\n<td width=\"74\">Dodge<\/td>\n<td width=\"164\">Challenger<\/td>\n<td width=\"84\">HEMI<\/td>\n<td width=\"115\">V8 6,4 L<\/td>\n<\/tr>\n<tr>\n<td width=\"94\">2018-2018<\/td>\n<td width=\"74\">Dodge<\/td>\n<td width=\"164\">Challenger SRT Demon<\/td>\n<td width=\"84\">HEMI<\/td>\n<td width=\"115\">V8 6,2 l (sc)<\/td>\n<\/tr>\n<tr>\n<td width=\"94\">2015-2023<\/td>\n<td width=\"74\">Dodge<\/td>\n<td width=\"164\">Challenger SRT Hellcat<\/td>\n<td width=\"84\">HEMI<\/td>\n<td width=\"115\">V8 6,2 l (sc)<\/td>\n<\/tr>\n<tr>\n<td width=\"94\">2015-2023<\/td>\n<td width=\"74\">Dodge<\/td>\n<td width=\"164\">Charger<\/td>\n<td width=\"84\">HEMI<\/td>\n<td width=\"115\">V8 6,4 L<\/td>\n<\/tr>\n<tr>\n<td width=\"94\">2015-2023<\/td>\n<td width=\"74\">Dodge<\/td>\n<td width=\"164\">Charger SRT Hellcat<\/td>\n<td width=\"84\">HEMI<\/td>\n<td width=\"115\">V8 6,2 l (sc)<\/td>\n<\/tr>\n<\/tbody>\n<\/table>\n<p>&nbsp;<\/p>","protected":false},"excerpt":{"rendered":"<p>aFe MACH Force-Xp 3 nerezov\u00fd v\u00fdfukov\u00fd syst\u00e9m Axle-Back pro Dodge Challenger a Charger 5.7, 6.2 Hellcat a 6.4 3 palce<\/p>","protected":false},"featured_media":68277105,"comment_status":"open","ping_status":"closed","template":"","meta":{"_acf_changed":false},"product_brand":[16879],"product_cat":[3024,6602,6593,6520,6596,6558],"product_tag":[217,2427,91,101,93,1035,16880,498,2441,546,2432,2433,54,53,49,3853,3854,1039,1042,100,126,20273,1040,2431,2435,547,96],"class_list":{"0":"post-68256739","1":"product","2":"type-product","3":"status-publish","4":"has-post-thumbnail","6":"product_brand-afe-power","7":"product_cat-nicht-nach-eu","8":"product_cat-challenger-57-abgasanlage-catback","9":"product_cat-challenger-hellcat-abgasanlage-catback","10":"product_cat-challenger-64-catback","11":"product_cat-charger-hellcat-abgasanlage-catback","12":"product_cat-charger-64-catback","13":"product_tag-217","14":"product_tag-49-42079","15":"product_tag-5-7","16":"product_tag-6-2","17":"product_tag-6-4","18":"product_tag-abgasanlage","19":"product_tag-advanced-flow-engineering","20":"product_tag-afe","21":"product_tag-afe-power","22":"product_tag-auspuff","23":"product_tag-axle","24":"product_tag-back","25":"product_tag-challenger","26":"product_tag-charger","27":"product_tag-dodge","28":"product_tag-dodge-challenger","29":"product_tag-dodge-charger","30":"product_tag-endschalldaempfer","31":"product_tag-endtopf","32":"product_tag-hellcat","33":"product_tag-hemi","34":"product_tag-keintuev","35":"product_tag-laut","36":"product_tag-mach-force-xp","37":"product_tag-rohr","38":"product_tag-sportauspuff","39":"product_tag-srt","40":"product_shipping_class-paket-l","42":"first","43":"instock","44":"taxable","45":"shipping-taxable","46":"purchasable","47":"product-type-simple"},"bundled_by":[],"bundle_stock_status":"instock","bundle_stock_quantity":1,"bundle_virtual":false,"bundle_layout":"","bundle_add_to_cart_form_location":"","bundle_editable_in_cart":false,"bundle_sold_individually_context":"","bundle_item_grouping":"","bundle_min_size":"","bundle_max_size":"","bundle_price":[],"bundled_items":[],"bundle_sell_ids":[],"exclude_global_add_ons":[],"addons":[],"acf":[],"_links":{"self":[{"href":"https:\/\/kraftwerk-shop.cc\/cs\/wp-json\/wp\/v2\/product\/68256739","targetHints":{"allow":["GET"]}}],"collection":[{"href":"https:\/\/kraftwerk-shop.cc\/cs\/wp-json\/wp\/v2\/product"}],"about":[{"href":"https:\/\/kraftwerk-shop.cc\/cs\/wp-json\/wp\/v2\/types\/product"}],"replies":[{"embeddable":true,"href":"https:\/\/kraftwerk-shop.cc\/cs\/wp-json\/wp\/v2\/comments?post=68256739"}],"version-history":[{"count":0,"href":"https:\/\/kraftwerk-shop.cc\/cs\/wp-json\/wp\/v2\/product\/68256739\/revisions"}],"wp:featuredmedia":[{"embeddable":true,"href":"https:\/\/kraftwerk-shop.cc\/cs\/wp-json\/wp\/v2\/media\/68277105"}],"wp:attachment":[{"href":"https:\/\/kraftwerk-shop.cc\/cs\/wp-json\/wp\/v2\/media?parent=68256739"}],"wp:term":[{"taxonomy":"product_brand","embeddable":true,"href":"https:\/\/kraftwerk-shop.cc\/cs\/wp-json\/wp\/v2\/product_brand?post=68256739"},{"taxonomy":"product_cat","embeddable":true,"href":"https:\/\/kraftwerk-shop.cc\/cs\/wp-json\/wp\/v2\/product_cat?post=68256739"},{"taxonomy":"product_tag","embeddable":true,"href":"https:\/\/kraftwerk-shop.cc\/cs\/wp-json\/wp\/v2\/product_tag?post=68256739"}],"curies":[{"name":"wp","href":"https:\/\/api.w.org\/{rel}","templated":true}]}}