{"id":68256923,"date":"2021-10-24T01:10:05","date_gmt":"2021-10-23T23:10:05","guid":{"rendered":"https:\/\/kraftwerk-gruppe.de\/?post_type=product&#038;p=68256923"},"modified":"2026-02-15T00:45:18","modified_gmt":"2026-02-14T23:45:18","slug":"5-7-hemi-vvt-vackovy-hridel-kit-custom","status":"publish","type":"product","link":"https:\/\/kraftwerk-shop.cc\/cs\/produkt\/5-7-hemi-vvt-nockenwellen-kit-custom\/","title":{"rendered":"Sada va\u010dkov\u00fdch h\u0159\u00eddel\u016f 5.7 Hemi VVT \"Custom\""},"content":{"rendered":"<h1>Sada va\u010dkov\u00fdch h\u0159\u00eddel\u016f 5.7 Hemi VVT \"Custom\"<\/h1>\n<p>&nbsp;<\/p>\n<p>Na\u0161e sady va\u010dkov\u00fdch h\u0159\u00eddel\u00ed HEMI byly vyvinuty tak, aby v\u00fdb\u011br spr\u00e1vn\u00e9 va\u010dkov\u00e9 h\u0159\u00eddele pro va\u0161e vozidlo byl velmi snadn\u00fd.<br \/>\nM\u016f\u017eete si b\u00fdt jisti, \u017ee dost\u00e1v\u00e1te d\u00edly nejvy\u0161\u0161\u00ed kvality a nejlep\u0161\u00ed konstrukci va\u010dkov\u00e9ho h\u0159\u00eddele, kter\u00e9 pro v\u00e1s sestavili nejzku\u0161en\u011bj\u0161\u00ed technici v oboru.<br \/>\nTento va\u010dkov\u00fd h\u0159\u00eddel se po\u010d\u00edt\u00e1 a vyr\u00e1b\u00ed individu\u00e1ln\u011b podle va\u0161ich po\u017eadavk\u016f, nap\u0159. pro p\u0159estavbu na p\u0159epl\u0148ov\u00e1n\u00ed, zv\u00fd\u0161en\u00ed kubatury atd. K tomu pot\u0159ebujeme kompletn\u00ed seznam v\u0161ech p\u0159estaveb na vozidle.<\/p>\n<p>Pro p\u011btistup\u0148ov\u00e9 p\u0159evodovky NAG1 doporu\u010dujeme jin\u00fd m\u011bni\u010d to\u010div\u00e9ho momentu.<br \/>\nU osmistup\u0148ov\u00e9 p\u0159evodovky nen\u00ed vy\u017eadov\u00e1n \u017e\u00e1dn\u00fd jin\u00fd m\u011bni\u010d to\u010div\u00e9ho momentu.<br \/>\nVhodn\u00e9 tak\u00e9 pro manu\u00e1ln\u00ed p\u0159evodovky.<\/p>\n<p>&nbsp;<\/p>\n<p><strong>Tato sada obsahuje:<\/strong><\/p>\n<ul>\n<li>Va\u010dkov\u00fd h\u0159\u00eddel Comp Cams 5.7 Hemi VVT \"Kraftwerk\" podle na\u0161ich specifikac\u00ed<\/li>\n<li>1511 zes\u00edlen\u00e9 ventilov\u00e9 pru\u017einy<\/li>\n<li>Zes\u00edlen\u00e9 pr\u00e9miov\u00e9 tla\u010dn\u00e9 ty\u010de<\/li>\n<li>Cam Phaser Limiter<\/li>\n<li>Kompletn\u00ed sada zved\u00e1k\u016f jin\u00fdch ne\u017e MDS (16 kus\u016f)<\/li>\n<li>\u0160roub va\u010dkov\u00e9ho h\u0159\u00eddele<\/li>\n<li>Mont\u00e1\u017en\u00ed mazivo<\/li>\n<\/ul>\n<p>&nbsp;<\/p>\n<p><strong>Vhodn\u00e9 pro:<\/strong><\/p>\n<table width=\"437\">\n<tbody>\n<tr>\n<td width=\"83\"><strong>Zna\u010dka<\/strong><\/td>\n<td width=\"122\"><strong>Model<\/strong><\/td>\n<td width=\"136\"><strong>Motor<\/strong><\/td>\n<td width=\"96\"><strong>Rok v\u00fdstavby<\/strong><\/td>\n<\/tr>\n<tr>\n<td>Chrysler<\/td>\n<td>300C<\/td>\n<td>5.7<\/td>\n<td>2009\u20132023<\/td>\n<\/tr>\n<tr>\n<td>Dodge<\/td>\n<td>Challenger<\/td>\n<td>5.7<\/td>\n<td>2009\u20132023<\/td>\n<\/tr>\n<tr>\n<td>Dodge<\/td>\n<td>Charger<\/td>\n<td>5.7<\/td>\n<td>2009\u20132023<\/td>\n<\/tr>\n<tr>\n<td>Dodge<\/td>\n<td>Durango<\/td>\n<td>5.7<\/td>\n<td>2009\u20132025<\/td>\n<\/tr>\n<tr>\n<td>Jeep<\/td>\n<td>Grand Cherokee<\/td>\n<td>5.7<\/td>\n<td>2009 - 2021<\/td>\n<\/tr>\n<tr>\n<td>Jeep<\/td>\n<td>Commander<\/td>\n<td>5.7<\/td>\n<td>2009\u20132010<\/td>\n<\/tr>\n<tr>\n<td>RAM<\/td>\n<td>1500 \/ 2500 \/ 3500<\/td>\n<td>5.7<\/td>\n<td>2009\u20132024<\/td>\n<\/tr>\n<\/tbody>\n<\/table>\n<p>&nbsp;<\/p>\n<p>&nbsp;<\/p>","protected":false},"excerpt":{"rendered":"<p>5.7 Hemi VVT Nockenwellen Kit &#8220;Custom&#8221; &nbsp; Unsere HEMI Nockenwellen-Kits wurden entwickelt, um die Auswahl der richtigen Nockenwelle f\u00fcr Ihr<\/p>","protected":false},"featured_media":68275557,"comment_status":"open","ping_status":"closed","template":"","meta":{"_acf_changed":false},"product_brand":[19068],"product_cat":[6708,6723,6728,6713,6733,6738,19348,6718,6743,6748,6753,9961],"product_tag":[52,91,365,340,54,53,821,48,536,339,341,2329,49,3853,3854,56,126,50,4425,36,55,336,2449,186,86,337,338,356],"class_list":{"0":"post-68256923","1":"product","2":"type-product","3":"status-publish","4":"has-post-thumbnail","6":"product_brand-kraftwerk","7":"product_cat-300c-57-2005-2010-nockenwelle-ventiltrieb","8":"product_cat-300c-57-2011-2023-nockenwelle-ventiltrieb","9":"product_cat-challenger-57-nockenwelle-ventiltrieb","10":"product_cat-charger-57-nockenwelle-ventiltrieb","11":"product_cat-charger-57-2011-2023-nockenwelle-ventiltrieb","12":"product_cat-durango-57-nockenwelle-ventiltrieb","13":"product_cat-commander-57-nockenwelle-ventiltrieb","14":"product_cat-grand-cherokee-57-2005-2010-nockenwelle-ventiltrieb","15":"product_cat-grand-cherokee-57-2011-2021-nockenwelle-ventiltrieb","16":"product_cat-1500-57-2009-2018-classic-nockenwelle-ventiltrieb","17":"product_cat-1500-57-dt-nockenwelle-ventiltrieb","18":"product_cat-2500-3500-57-nockenwelle-ventiltrieb","19":"product_tag-300c","20":"product_tag-5-7","21":"product_tag-cam","22":"product_tag-cams","23":"product_tag-challenger","24":"product_tag-charger","25":"product_tag-chopstix","26":"product_tag-chrysler","27":"product_tag-chrysler-300c","28":"product_tag-comp","29":"product_tag-compcam","30":"product_tag-compcams","31":"product_tag-dodge","32":"product_tag-dodge-challenger","33":"product_tag-dodge-charger","34":"product_tag-grand-cherokee","35":"product_tag-hemi","36":"product_tag-jeep","37":"product_tag-jeep-grand-cherokee","38":"product_tag-kraftwerk","39":"product_tag-magnum","40":"product_tag-nockenwelle","41":"product_tag-nockenwellenkit","42":"product_tag-performance","43":"product_tag-ram","44":"product_tag-scharfe","45":"product_tag-standgas","46":"product_tag-vvt","47":"product_shipping_class-deutschlandohne","49":"first","50":"onbackorder","51":"taxable","52":"shipping-taxable","53":"purchasable","54":"product-type-simple"},"bundled_by":[],"bundle_stock_status":"onbackorder","bundle_stock_quantity":0,"bundle_virtual":false,"bundle_layout":"","bundle_add_to_cart_form_location":"","bundle_editable_in_cart":false,"bundle_sold_individually_context":"","bundle_item_grouping":"","bundle_min_size":"","bundle_max_size":"","bundle_price":[],"bundled_items":[],"bundle_sell_ids":[],"exclude_global_add_ons":[],"addons":[],"acf":[],"_links":{"self":[{"href":"https:\/\/kraftwerk-shop.cc\/cs\/wp-json\/wp\/v2\/product\/68256923","targetHints":{"allow":["GET"]}}],"collection":[{"href":"https:\/\/kraftwerk-shop.cc\/cs\/wp-json\/wp\/v2\/product"}],"about":[{"href":"https:\/\/kraftwerk-shop.cc\/cs\/wp-json\/wp\/v2\/types\/product"}],"replies":[{"embeddable":true,"href":"https:\/\/kraftwerk-shop.cc\/cs\/wp-json\/wp\/v2\/comments?post=68256923"}],"version-history":[{"count":0,"href":"https:\/\/kraftwerk-shop.cc\/cs\/wp-json\/wp\/v2\/product\/68256923\/revisions"}],"wp:featuredmedia":[{"embeddable":true,"href":"https:\/\/kraftwerk-shop.cc\/cs\/wp-json\/wp\/v2\/media\/68275557"}],"wp:attachment":[{"href":"https:\/\/kraftwerk-shop.cc\/cs\/wp-json\/wp\/v2\/media?parent=68256923"}],"wp:term":[{"taxonomy":"product_brand","embeddable":true,"href":"https:\/\/kraftwerk-shop.cc\/cs\/wp-json\/wp\/v2\/product_brand?post=68256923"},{"taxonomy":"product_cat","embeddable":true,"href":"https:\/\/kraftwerk-shop.cc\/cs\/wp-json\/wp\/v2\/product_cat?post=68256923"},{"taxonomy":"product_tag","embeddable":true,"href":"https:\/\/kraftwerk-shop.cc\/cs\/wp-json\/wp\/v2\/product_tag?post=68256923"}],"curies":[{"name":"wp","href":"https:\/\/api.w.org\/{rel}","templated":true}]}}