{"id":68256936,"date":"2021-10-24T16:37:32","date_gmt":"2021-10-24T14:37:32","guid":{"rendered":"https:\/\/kraftwerk-gruppe.de\/?post_type=product&#038;p=68256936"},"modified":"2026-04-16T17:12:07","modified_gmt":"2026-04-16T15:12:07","slug":"odstraneni-mds-64-kompletni-sada","status":"publish","type":"product","link":"https:\/\/kraftwerk-shop.cc\/cs\/produkt\/mds-entfernung-64-komplettkit\/","title":{"rendered":"Odstran\u011bn\u00ed MDS 6.4 SRT (kompletn\u00ed sada)"},"content":{"rendered":"<h1>P\u0159estavbov\u00e1 sada pro mechanick\u00e9 odstran\u011bn\u00ed deaktivace v\u00e1lc\u016f pro 300C, Challenger, Charger, Durango, Grand Cherokee a Wrangler 6.4<\/h1>\n<p>&nbsp;<\/p>\n<p>Opot\u0159ebovan\u00e9 va\u010dkov\u00e9 h\u0159\u00eddele a vadn\u00e9 hydraulick\u00e9 kohouty MDS bohu\u017eel nejsou neobvykl\u00e9.<\/p>\n<p>Pomoc\u00ed t\u00e9to sady lze deaktivaci v\u00e1lc\u016f zcela odstranit.<br \/>\nVhodn\u00e9 pro opravy a prevenci.<\/p>\n<p>V \u0159\u00eddic\u00ed jednotce motoru je pak nav\u00edc nutn\u00e9 deaktivovat funkci vyp\u00edn\u00e1n\u00ed v\u00e1lc\u016f.<br \/>\nToto programov\u00e1n\u00ed m\u016f\u017eeme tak\u00e9 prov\u00e1d\u011bt. Kontaktujte n\u00e1s pros\u00edm.<\/p>\n<p>P\u0159estavbovou sadu pro odstran\u011bn\u00ed MDS nab\u00edz\u00edme ve 2 verz\u00edch:<\/p>\n<p><strong><br \/>\nSada 1:<\/strong><\/p>\n<ul>\n<li>origin\u00e1ln\u00ed va\u010dkov\u00fd h\u0159\u00eddel Mopar 6.4 SRT bez funkc\u00ed MDS<\/li>\n<li>origin\u00e1ln\u00ed \u0161roub va\u010dkov\u00e9ho h\u0159\u00eddele Mopar<\/li>\n<li>origin\u00e1ln\u00ed hydraulick\u00e9 kohouty Mopar Hellcat (16 kus\u016f)<\/li>\n<li>origin\u00e1ln\u00ed z\u00e1slepka Mopar MDS (4 kusy)<\/li>\n<li>origin\u00e1ln\u00ed sada rozvodov\u00e9ho \u0159et\u011bzu Mopar<\/li>\n<\/ul>\n<p>&nbsp;<\/p>\n<p><strong>Sada 2:<\/strong><\/p>\n<ul>\n<li>origin\u00e1ln\u00ed va\u010dkov\u00fd h\u0159\u00eddel Mopar 6.4 SRT bez funkc\u00ed MDS<\/li>\n<li>origin\u00e1ln\u00ed \u0161roub va\u010dkov\u00e9ho h\u0159\u00eddele Mopar<\/li>\n<li>origin\u00e1ln\u00ed hydraulick\u00e9 kohouty Mopar Hellcat (16 kus\u016f)<\/li>\n<li>origin\u00e1ln\u00ed z\u00e1slepka Mopar MDS (4 kusy)<\/li>\n<li>origin\u00e1ln\u00ed sada rozvodov\u00e9ho \u0159et\u011bzu Mopar<\/li>\n<li>P\u016fvodn\u00ed p\u0159edn\u00ed olejov\u00e9 t\u011bsn\u011bn\u00ed Mopar<\/li>\n<li>Origin\u00e1ln\u00ed t\u011bsn\u011bn\u00ed p\u0159edn\u00edho krytu Mopar<\/li>\n<li>Origin\u00e1ln\u00ed t\u011bsn\u011bn\u00ed hlavy v\u00e1lc\u016f Mopar<\/li>\n<li>\u0160rouby hlavy v\u00e1lc\u016f Premium<\/li>\n<\/ul>\n<p>&nbsp;<\/p>\n<p><strong>Vhodn\u00e9 pro:<\/strong><\/p>\n<table width=\"437\">\n<tbody>\n<tr>\n<td width=\"83\"><strong>Zna\u010dka<\/strong><\/td>\n<td width=\"122\"><strong>Model<\/strong><\/td>\n<td width=\"136\"><strong>Motor<\/strong><\/td>\n<td width=\"96\"><strong>Rok v\u00fdstavby<\/strong><\/td>\n<\/tr>\n<tr>\n<td width=\"83\">Chrysler<\/td>\n<td width=\"122\">300C<\/td>\n<td>6.4<\/td>\n<td width=\"96\">2012\u20132023<\/td>\n<\/tr>\n<tr>\n<td width=\"83\">Dodge<\/td>\n<td width=\"122\">Challenger<\/td>\n<td>6.4<\/td>\n<td width=\"96\">2011\u20132023<\/td>\n<\/tr>\n<tr>\n<td width=\"83\">Dodge<\/td>\n<td width=\"122\">Charger<\/td>\n<td>6.4<\/td>\n<td width=\"96\">2011\u20132023<\/td>\n<\/tr>\n<tr>\n<td>Dodge<\/td>\n<td>Durango<\/td>\n<td>6.4<\/td>\n<td>2018\u20132024<\/td>\n<\/tr>\n<tr>\n<td>Jeep<\/td>\n<td>Grand Cherokee<\/td>\n<td>6.4<\/td>\n<td>2011\u20132023<\/td>\n<\/tr>\n<tr>\n<td>Jeep<\/td>\n<td>Wrangler<\/td>\n<td>6.4<\/td>\n<td>2021\u20132025<\/td>\n<\/tr>\n<\/tbody>\n<\/table>\n<p>&nbsp;<\/p>","protected":false},"excerpt":{"rendered":"<p>Umbausatz zum mechanischen Entfernen der Zylinderabschaltung f\u00fcr 300C, Challenger, Charger, Durango, Grand Cherokee und Wrangler 6.4 &nbsp; Eingelaufene Nockenwellen und<\/p>","protected":false},"featured_media":68274736,"comment_status":"open","ping_status":"closed","template":"","meta":{"_acf_changed":false},"product_brand":[],"product_cat":[6488,6483,6493,6498,6503,6508],"product_tag":[52,217,93,54,53,48,536,331,1158,1052,49,3853,3854,95,2475,119,2342,56,100,126,335,50,4425,222,2476,2477,333,328,2478,336,96,180,818,356,329],"class_list":{"0":"post-68256936","1":"product","2":"type-product","3":"status-publish","4":"has-post-thumbnail","6":"product_cat-300c-64-nockenwelle-ventiltrieb","7":"product_cat-challenger-64-nockenwelle-ventiltrieb","8":"product_cat-charger-64-nockenwelle-ventiltrieb","9":"product_cat-durango-64-nockenwelle-ventiltrieb","10":"product_cat-grand-cherokee-64-nockenwelle-ventiltrieb","11":"product_cat-wrangler-64-nockenwelle-ventiltrieb","12":"product_tag-300c","13":"product_tag-217","14":"product_tag-6-4","15":"product_tag-challenger","16":"product_tag-charger","17":"product_tag-chrysler","18":"product_tag-chrysler-300c","19":"product_tag-deaktivieren","20":"product_tag-deaktivierung","21":"product_tag-delete","22":"product_tag-dodge","23":"product_tag-dodge-challenger","24":"product_tag-dodge-charger","25":"product_tag-durango","26":"product_tag-eingelaufen","27":"product_tag-entfernen","28":"product_tag-entfernung","29":"product_tag-grand-cherokee","30":"product_tag-hellcat","31":"product_tag-hemi","32":"product_tag-hydrostoessel","33":"product_tag-jeep","34":"product_tag-jeep-grand-cherokee","35":"product_tag-kit","36":"product_tag-komplett","37":"product_tag-komplettkit","38":"product_tag-lifter","39":"product_tag-mds","40":"product_tag-mdskit","41":"product_tag-nockenwelle","42":"product_tag-srt","43":"product_tag-umbau","44":"product_tag-umbausatz","45":"product_tag-vvt","46":"product_tag-zylinderabschaltung","48":"first","49":"instock","50":"taxable","51":"shipping-taxable","52":"purchasable","53":"product-type-variable"},"bundled_by":[],"bundle_stock_status":"instock","bundle_stock_quantity":2,"bundle_virtual":false,"bundle_layout":"","bundle_add_to_cart_form_location":"","bundle_editable_in_cart":false,"bundle_sold_individually_context":"","bundle_item_grouping":"","bundle_min_size":"","bundle_max_size":"","bundle_price":[],"bundled_items":[],"bundle_sell_ids":[],"exclude_global_add_ons":[],"addons":[],"acf":[],"_links":{"self":[{"href":"https:\/\/kraftwerk-shop.cc\/cs\/wp-json\/wp\/v2\/product\/68256936","targetHints":{"allow":["GET"]}}],"collection":[{"href":"https:\/\/kraftwerk-shop.cc\/cs\/wp-json\/wp\/v2\/product"}],"about":[{"href":"https:\/\/kraftwerk-shop.cc\/cs\/wp-json\/wp\/v2\/types\/product"}],"replies":[{"embeddable":true,"href":"https:\/\/kraftwerk-shop.cc\/cs\/wp-json\/wp\/v2\/comments?post=68256936"}],"version-history":[{"count":0,"href":"https:\/\/kraftwerk-shop.cc\/cs\/wp-json\/wp\/v2\/product\/68256936\/revisions"}],"wp:featuredmedia":[{"embeddable":true,"href":"https:\/\/kraftwerk-shop.cc\/cs\/wp-json\/wp\/v2\/media\/68274736"}],"wp:attachment":[{"href":"https:\/\/kraftwerk-shop.cc\/cs\/wp-json\/wp\/v2\/media?parent=68256936"}],"wp:term":[{"taxonomy":"product_brand","embeddable":true,"href":"https:\/\/kraftwerk-shop.cc\/cs\/wp-json\/wp\/v2\/product_brand?post=68256936"},{"taxonomy":"product_cat","embeddable":true,"href":"https:\/\/kraftwerk-shop.cc\/cs\/wp-json\/wp\/v2\/product_cat?post=68256936"},{"taxonomy":"product_tag","embeddable":true,"href":"https:\/\/kraftwerk-shop.cc\/cs\/wp-json\/wp\/v2\/product_tag?post=68256936"}],"curies":[{"name":"wp","href":"https:\/\/api.w.org\/{rel}","templated":true}]}}