{"id":68256965,"date":"2021-10-31T14:13:58","date_gmt":"2021-10-31T13:13:58","guid":{"rendered":"https:\/\/kraftwerk-gruppe.de\/?post_type=product&#038;p=68256965"},"modified":"2026-02-15T00:47:38","modified_gmt":"2026-02-14T23:47:38","slug":"sg2fc7520-brzdove-kotouce-s-drazkou-s-vysokym-obsahem-karbonu-pro-modernizaci","status":"publish","type":"product","link":"https:\/\/kraftwerk-shop.cc\/cs\/produkt\/sg2fc7520-swept-groove-high-carbon-upgrade-bremsscheiben\/","title":{"rendered":"Brzdov\u00e9 kotou\u010de EBC SG2FC7520 Swept-Groove High-Carbon Upgrade"},"content":{"rendered":"<h1>Brzdov\u00fd kotou\u010d EBC Swept-Groove High-Carbon pro Camaro LS3 a L99<\/h1>\n<p>&nbsp;<\/p>\n<p>2d\u00edln\u00e1 a pln\u011b plovouc\u00ed konstrukce s dr\u00e1\u017ekami (p\u0159edn\u00ed n\u00e1prava)<\/p>\n<ul>\n<li>Pln\u011b plovouc\u00ed, dvoud\u00edln\u00e1 konstrukce proti po\u0161kozen\u00ed teplem v extr\u00e9mn\u00edch podm\u00ednk\u00e1ch<\/li>\n<li>Jednod\u00edln\u00e9 spojovac\u00ed prvky z nerezov\u00e9 oceli s pru\u017einou zabra\u0148uj\u00edc\u00ed chrast\u011bn\u00ed<\/li>\n<li>\u010cern\u00fd n\u00e1boj z tvrzen\u00e9ho speci\u00e1ln\u00edho hlin\u00edku odoln\u00e9ho proti deformaci<\/li>\n<li>Zak\u0159iven\u00e9 dr\u00e1\u017eky t\u0159ec\u00edch krou\u017ek\u016f pro \u00fa\u010dinn\u00e9 odstra\u0148ov\u00e1n\u00ed brzdov\u00e9ho prachu a brzdov\u00fdch plyn\u016f.<\/li>\n<li>Vym\u011bniteln\u00e9 t\u0159ec\u00ed krou\u017eky ze speci\u00e1ln\u00ed slitiny G3500 s vysok\u00fdm obsahem uhl\u00edku.<\/li>\n<\/ul>\n<p>&nbsp;<\/p>\n<p><strong>Vlastnosti produktu:<\/strong><\/p>\n<p>355x32mm \/ v\u00fd\u0161ka: 50mm \/ po\u010det otvor\u016f: 5 \/ kruh \u0161roub\u016f: 120mm \/ v\u011btran\u00e9 \/ osazen\u00ed: p\u0159edn\u00ed strana<br \/>\nPovolen\u00ed: p\u0159ipravuje se<\/p>\n<p>\u010c\u00edslo OE (pouze pro \u00fa\u010dely porovn\u00e1n\u00ed): 92245928<\/p>\n<p>&nbsp;<\/p>\n<p><strong>Vhodn\u00e9 pro:<br \/>\n<\/strong><\/p>\n<table width=\"0\">\n<tbody>\n<tr>\n<td width=\"66\">Chevrolet<\/td>\n<td width=\"100\">Camaro<\/td>\n<td width=\"163\">6.2 L99 (405 K)<\/td>\n<\/tr>\n<tr>\n<td width=\"66\">Chevrolet<\/td>\n<td width=\"100\">Camaro<\/td>\n<td width=\"163\">6.2 LS3 (432 K)<\/td>\n<\/tr>\n<\/tbody>\n<\/table>\n<p><strong><br \/>\nRozsah dod\u00e1vky: <\/strong><\/p>\n<p>- 2 brzdov\u00e9 kotou\u010de EBC Swept-Groove (SG2FC7520)<\/p>\n<p>&nbsp;<\/p>","protected":false},"excerpt":{"rendered":"<p>EBC Swept-Groove High-Carbon Bremsscheibe f\u00fcr Camaro LS3 und L99 &nbsp; 2-teilig und vollschwimmend, geschlitzte Ausf\u00fchrung (Vorderachse) vollschwimmende, 2-teilige Konstruktion gegen<\/p>","protected":false},"featured_media":68274455,"comment_status":"open","ping_status":"closed","template":"","meta":{"_acf_changed":false},"product_brand":[16875],"product_cat":[2679],"product_tag":[940,795,796,191,189,190,964,2442,16877,16876,16878,692,942,2183,941,36,192,193,2488,797,842,841,673],"class_list":{"0":"post-68256965","1":"product","2":"type-product","3":"status-publish","4":"has-post-thumbnail","6":"product_brand-ebc-brakes","7":"product_cat-camaro-62-2010-2015-bremsen-vorne","8":"product_tag-aftermarket","9":"product_tag-bremse","10":"product_tag-bremsscheibe","11":"product_tag-camaro","12":"product_tag-chevrolet","13":"product_tag-chevy","14":"product_tag-ebc","15":"product_tag-ebc-brakes","16":"product_tag-ebc-bremsbelaege","17":"product_tag-ebc-bremsen","18":"product_tag-ebc-bremsscheiben","19":"product_tag-ersatzteil","20":"product_tag-gelocht","21":"product_tag-gen5","22":"product_tag-geschlitzt","23":"product_tag-kraftwerk","24":"product_tag-l99","25":"product_tag-ls3","26":"product_tag-sg2fc7520","27":"product_tag-sportbremsscheibe","28":"product_tag-vorderachse","29":"product_tag-vorne","30":"product_tag-zubehoer","32":"first","33":"onbackorder","34":"taxable","35":"shipping-taxable","36":"purchasable","37":"product-type-simple"},"bundled_by":[],"bundle_stock_status":"onbackorder","bundle_stock_quantity":0,"bundle_virtual":false,"bundle_layout":"","bundle_add_to_cart_form_location":"","bundle_editable_in_cart":false,"bundle_sold_individually_context":"","bundle_item_grouping":"","bundle_min_size":"","bundle_max_size":"","bundle_price":[],"bundled_items":[],"bundle_sell_ids":[],"exclude_global_add_ons":[],"addons":[],"acf":[],"_links":{"self":[{"href":"https:\/\/kraftwerk-shop.cc\/cs\/wp-json\/wp\/v2\/product\/68256965","targetHints":{"allow":["GET"]}}],"collection":[{"href":"https:\/\/kraftwerk-shop.cc\/cs\/wp-json\/wp\/v2\/product"}],"about":[{"href":"https:\/\/kraftwerk-shop.cc\/cs\/wp-json\/wp\/v2\/types\/product"}],"replies":[{"embeddable":true,"href":"https:\/\/kraftwerk-shop.cc\/cs\/wp-json\/wp\/v2\/comments?post=68256965"}],"version-history":[{"count":0,"href":"https:\/\/kraftwerk-shop.cc\/cs\/wp-json\/wp\/v2\/product\/68256965\/revisions"}],"wp:featuredmedia":[{"embeddable":true,"href":"https:\/\/kraftwerk-shop.cc\/cs\/wp-json\/wp\/v2\/media\/68274455"}],"wp:attachment":[{"href":"https:\/\/kraftwerk-shop.cc\/cs\/wp-json\/wp\/v2\/media?parent=68256965"}],"wp:term":[{"taxonomy":"product_brand","embeddable":true,"href":"https:\/\/kraftwerk-shop.cc\/cs\/wp-json\/wp\/v2\/product_brand?post=68256965"},{"taxonomy":"product_cat","embeddable":true,"href":"https:\/\/kraftwerk-shop.cc\/cs\/wp-json\/wp\/v2\/product_cat?post=68256965"},{"taxonomy":"product_tag","embeddable":true,"href":"https:\/\/kraftwerk-shop.cc\/cs\/wp-json\/wp\/v2\/product_tag?post=68256965"}],"curies":[{"name":"wp","href":"https:\/\/api.w.org\/{rel}","templated":true}]}}