{"id":68257306,"date":"2021-11-07T14:31:40","date_gmt":"2021-11-07T13:31:40","guid":{"rendered":"https:\/\/kraftwerk-gruppe.de\/?post_type=product&#038;p=68257306"},"modified":"2026-02-15T00:50:00","modified_gmt":"2026-02-14T23:50:00","slug":"vykonne-hlavy-valcu-ram-trx","status":"publish","type":"product","link":"https:\/\/kraftwerk-shop.cc\/cs\/produkt\/performance-zylinderkoepfe-ram-trx\/","title":{"rendered":"V\u00fdkonn\u00e9 hlavy v\u00e1lc\u016f RAM TRX"},"content":{"rendered":"<h2>Upraven\u00e9 a zes\u00edlen\u00e9 hlavy v\u00e1lc\u016f RAM TRX<\/h2>\n<p>&nbsp;<\/p>\n<p><strong>Srovn\u00e1vac\u00ed \u010d\u00edsla Mopar:<\/strong> 68262324AA, 68225718AB, 68225718AC, 68225718AD, 68225718AE, 68225718AF, 68262325AA, 68225719AB, 68225719AC, 68225719AD, 68225719AE, 68225719AF<\/p>\n<p>&nbsp;<\/p>\n<p>Na\u0161e portovan\u00e9 hlavy v\u00e1lc\u016f pro motor RAM 1500 TRX jsou ide\u00e1ln\u00ed volbou, pokud chcete ze sv\u00e9ho motoru dostat maximum.<br \/>\nD\u00edky p\u0159esn\u00e9mu obr\u00e1b\u011bn\u00ed a individu\u00e1ln\u00ed optimalizaci sac\u00edch a v\u00fdfukov\u00fdch otvor\u016f nab\u00edzej\u00ed na\u0161e hlavy v\u00e1lc\u016f m\u011b\u0159iteln\u00e9 a znateln\u00e9 zv\u00fd\u0161en\u00ed v\u00fdkonu - a\u0165 u\u017e na z\u00e1vodn\u00ed trati, nebo na silnici.<\/p>\n<p>&nbsp;<\/p>\n<p><strong>Vlastnosti:<\/strong><\/p>\n<ul>\n<li>Zv\u011bt\u0161en\u00e9 a pr\u016ftokov\u011b optimalizovan\u00e9 sac\u00ed a v\u00fdfukov\u00e9 kan\u00e1ly: Pro maxim\u00e1ln\u00ed pr\u016ftok vzduchu a optim\u00e1ln\u00ed tvorbu sm\u011bsi.<\/li>\n<li>Obr\u00e1b\u011bn\u00e1 sedla ventil\u016f: P\u0159esn\u00e9 p\u0159echody pro lep\u0161\u00ed pr\u016ftok plynu a vysokou tepelnou odolnost.<\/li>\n<li>Nov\u00e9 ventily: Vysoce kvalitn\u00ed a odoln\u00e9 - dokonale slad\u011bn\u00e9 s cel\u00fdm syst\u00e9mem.<\/li>\n<li>Nov\u00e9 pru\u017einy ventil\u016f PSI 1511: Pro nejvy\u0161\u0161\u00ed ot\u00e1\u010dky a maxim\u00e1ln\u00ed s\u00edlu pru\u017einy - ide\u00e1ln\u00ed pro motory s vy\u0161\u0161\u00edm v\u00fdkonem.<\/li>\n<li>Nov\u00e9 t\u011bsn\u011bn\u00ed d\u0159\u00edku ventilu: Spolehliv\u00e1 ochrana proti \u00faniku oleje a pr\u016fniku plynu.<\/li>\n<li>Nov\u00e9 molybdenov\u00e9 dr\u017e\u00e1ky ventilov\u00fdch pru\u017ein: Obzvl\u00e1\u0161t\u011b lehk\u00e9 a extr\u00e9mn\u011b pru\u017en\u00e9 - pro ni\u017e\u0161\u00ed setrva\u010dn\u00e9 s\u00edly v rozvodu ventil\u016f.<\/li>\n<li>Kompletn\u011b p\u0159ipraven\u00e9 k mont\u00e1\u017ei: \u017e\u00e1dn\u00e9 dal\u0161\u00ed mont\u00e1\u017en\u00ed pr\u00e1ce - vybalit, namontovat, \u0159\u00eddit.<\/li>\n<\/ul>\n<p>&nbsp;<\/p>\n<p><strong>V\u00fdhody:<\/strong><\/p>\n<ul>\n<li>V\u011bt\u0161\u00ed v\u00fdkon a to\u010div\u00fd moment: znateln\u00fd n\u00e1r\u016fst v cel\u00e9m rozsahu ot\u00e1\u010dek.<\/li>\n<li>Rychlej\u0161\u00ed reakce na plyn: optimalizovan\u00e9 proud\u011bn\u00ed vzduchu zaji\u0161\u0165uje p\u0159\u00edm\u011bj\u0161\u00ed reakce.<\/li>\n<li>\u00da\u010dinn\u011bj\u0161\u00ed spalov\u00e1n\u00ed: Lep\u0161\u00ed turbulence sm\u011bsi pro vy\u0161\u0161\u00ed \u00fa\u010dinnost a v\u00fdkon.<\/li>\n<li>Vy\u0161\u0161\u00ed tepeln\u00e1 stabilita: del\u0161\u00ed \u017eivotnost i p\u0159i pln\u00e9m zat\u00ed\u017een\u00ed.<\/li>\n<\/ul>\n<p>&nbsp;<\/p>\n<p>Hlava v\u00e1lc\u016f Hellcat vypad\u00e1 velmi podobn\u011b jako hlava v\u00e1lc\u016f 392 Apache, ale vyr\u00e1b\u00ed se pouze ve velmi mal\u00e9m mno\u017estv\u00ed a se speci\u00e1ln\u00edm n\u00e1\u0159ad\u00edm.<br \/>\nZat\u00edmco hlava modelu Apache je vyrobena z hlin\u00edku 319, u verze Hellcat pou\u017e\u00edv\u00e1 spole\u010dnost Mopar speci\u00e1ln\u011b tepeln\u011b upraven\u00fd hlin\u00edk 356-T6, kter\u00fd m\u00e1 lep\u0161\u00ed tepelnou vodivost a ta\u017enost.<\/p>\n<p>Za zm\u00ednku stoj\u00ed zejm\u00e9na zes\u00edlen\u00e9 ventily pou\u017eit\u00e9 v na\u0161ich hlav\u00e1ch Hellcat Performance pro vy\u0161\u0161\u00ed \u00farove\u0148 v\u00fdkonu.<br \/>\nSac\u00ed ventily jsou z nerezov\u00e9 oceli s dut\u00fdm d\u0159\u00edkem, v\u00fdfukov\u00e9 ventily jsou pevn\u00e9 ventily z Inconelu, kter\u00e9 se pou\u017e\u00edvaj\u00ed i p\u0159i v\u00fdkonech nad 1500 k.<\/p>\n<p>&nbsp;<\/p>\n<p>&nbsp;<\/p>\n<p><strong>Vhodn\u00e9 pro:<\/strong><\/p>\n<table width=\"449\">\n<tbody>\n<tr>\n<td width=\"115\"><strong>Zna\u010dka<\/strong><\/td>\n<td width=\"145\"><strong>Model<\/strong><\/td>\n<td width=\"106\"><strong>Motor<\/strong><\/td>\n<td width=\"83\"><strong>Rok v\u00fdstavby<\/strong><\/td>\n<\/tr>\n<tr>\n<td>RAM<\/td>\n<td>1500<\/td>\n<td>6.2 TRX<\/td>\n<td>2021\u20132024<\/td>\n<\/tr>\n<\/tbody>\n<\/table>\n<p>&nbsp;<\/p>\n<p>Pokud m\u00e1te jak\u00e9koli dotazy, kontaktujte n\u00e1s.<\/p>\n<p>&nbsp;<\/p>\n<p><strong>Rozsah dod\u00e1vky:<\/strong><\/p>\n<ul>\n<li>2 hlavy v\u00e1lc\u016f<\/li>\n<\/ul>","protected":false},"excerpt":{"rendered":"<p>Modifizierte und verst\u00e4rkte RAM TRX Zylinderk\u00f6pfe &nbsp; Mopar Vergleichsnummern: 68262324AA, 68225718AB, 68225718AC, 68225718AD, 68225718AE, 68225718AF, 68262325AA, 68225719AB, 68225719AC, 68225719AD, 68225719AE,<\/p>","protected":false},"featured_media":68274892,"comment_status":"open","ping_status":"closed","template":"","meta":{"_acf_changed":false},"product_brand":[],"product_cat":[3024,6676],"product_tag":[475,101,11122,11123,11124,11125,11126,11128,11129,11130,11131,11132,11121,11127,203,200,204,36,2455,202,186,201,86,2353,216,215,199],"class_list":{"0":"post-68257306","1":"product","2":"type-product","3":"status-publish","4":"has-post-thumbnail","6":"product_cat-nicht-nach-eu","7":"product_cat-trx-zylinderkopf","8":"product_tag-475","9":"product_tag-6-2","10":"product_tag-68225718ab","11":"product_tag-68225718ac","12":"product_tag-68225718ad","13":"product_tag-68225718ae","14":"product_tag-68225718af","15":"product_tag-68225719ab","16":"product_tag-68225719ac","17":"product_tag-68225719ad","18":"product_tag-68225719ae","19":"product_tag-68225719af","20":"product_tag-68262324aa","21":"product_tag-68262325aa","22":"product_tag-austausch","23":"product_tag-bearbeitet","24":"product_tag-ersatz","25":"product_tag-kraftwerk","26":"product_tag-mm5","27":"product_tag-optimiert","28":"product_tag-performance","29":"product_tag-ported","30":"product_tag-ram","31":"product_tag-trx","32":"product_tag-upgrade","33":"product_tag-ventile","34":"product_tag-zylinderkoepfe","35":"product_shipping_class-spedition-1","37":"first","38":"onbackorder","39":"taxable","40":"shipping-taxable","41":"purchasable","42":"product-type-simple"},"bundled_by":[],"bundle_stock_status":"onbackorder","bundle_stock_quantity":0,"bundle_virtual":false,"bundle_layout":"","bundle_add_to_cart_form_location":"","bundle_editable_in_cart":false,"bundle_sold_individually_context":"","bundle_item_grouping":"","bundle_min_size":"","bundle_max_size":"","bundle_price":[],"bundled_items":[],"bundle_sell_ids":[],"exclude_global_add_ons":[],"addons":[],"acf":[],"_links":{"self":[{"href":"https:\/\/kraftwerk-shop.cc\/cs\/wp-json\/wp\/v2\/product\/68257306","targetHints":{"allow":["GET"]}}],"collection":[{"href":"https:\/\/kraftwerk-shop.cc\/cs\/wp-json\/wp\/v2\/product"}],"about":[{"href":"https:\/\/kraftwerk-shop.cc\/cs\/wp-json\/wp\/v2\/types\/product"}],"replies":[{"embeddable":true,"href":"https:\/\/kraftwerk-shop.cc\/cs\/wp-json\/wp\/v2\/comments?post=68257306"}],"version-history":[{"count":0,"href":"https:\/\/kraftwerk-shop.cc\/cs\/wp-json\/wp\/v2\/product\/68257306\/revisions"}],"wp:featuredmedia":[{"embeddable":true,"href":"https:\/\/kraftwerk-shop.cc\/cs\/wp-json\/wp\/v2\/media\/68274892"}],"wp:attachment":[{"href":"https:\/\/kraftwerk-shop.cc\/cs\/wp-json\/wp\/v2\/media?parent=68257306"}],"wp:term":[{"taxonomy":"product_brand","embeddable":true,"href":"https:\/\/kraftwerk-shop.cc\/cs\/wp-json\/wp\/v2\/product_brand?post=68257306"},{"taxonomy":"product_cat","embeddable":true,"href":"https:\/\/kraftwerk-shop.cc\/cs\/wp-json\/wp\/v2\/product_cat?post=68257306"},{"taxonomy":"product_tag","embeddable":true,"href":"https:\/\/kraftwerk-shop.cc\/cs\/wp-json\/wp\/v2\/product_tag?post=68257306"}],"curies":[{"name":"wp","href":"https:\/\/api.w.org\/{rel}","templated":true}]}}