{"id":68257308,"date":"2021-11-07T14:41:56","date_gmt":"2021-11-07T13:41:56","guid":{"rendered":"https:\/\/kraftwerk-gruppe.de\/?post_type=product&#038;p=68257308"},"modified":"2026-02-15T00:45:18","modified_gmt":"2026-02-14T23:45:18","slug":"sada-vackovych-hridelu-ram-trx-nsr","status":"publish","type":"product","link":"https:\/\/kraftwerk-shop.cc\/cs\/produkt\/ram-trx-nsr-nockenwellen-kit\/","title":{"rendered":"Sada va\u010dkov\u00fdch h\u0159\u00eddel\u00ed RAM TRX NSR"},"content":{"rendered":"<h1>Sada va\u010dkov\u00fdch h\u0159\u00eddel\u00ed RAM TRX NSR<\/h1>\n<p>&nbsp;<\/p>\n<p>Na\u0161e sady va\u010dkov\u00fdch h\u0159\u00eddel\u00ed HEMI byly vyvinuty tak, aby v\u00fdb\u011br spr\u00e1vn\u00e9 va\u010dkov\u00e9 h\u0159\u00eddele pro va\u0161e vozidlo byl velmi snadn\u00fd.<br \/>\nM\u016f\u017eete si b\u00fdt jisti, \u017ee dost\u00e1v\u00e1te d\u00edly nejvy\u0161\u0161\u00ed kvality a nejlep\u0161\u00ed konstrukci va\u010dkov\u00e9ho h\u0159\u00eddele, kter\u00e9 pro v\u00e1s sestavili nejzku\u0161en\u011bj\u0161\u00ed technici v oboru.<br \/>\n<strong>NSR<\/strong> znamen\u00e1 <strong>N<\/strong>o <strong>S<\/strong>prings <strong>R<\/strong>pot\u0159ebn\u00e9.<br \/>\nTento va\u010dkov\u00fd h\u0159\u00eddel lze pou\u017e\u00edt bez zes\u00edlen\u00fdch ventilov\u00fdch pru\u017ein.<\/p>\n<p>&nbsp;<\/p>\n<p><strong>Tato sada obsahuje:<\/strong><\/p>\n<ul>\n<li>Va\u010dkov\u00fd h\u0159\u00eddel Comp Cams RAM TRX NSR podle na\u0161ich specifikac\u00ed<\/li>\n<li>Odpov\u00eddaj\u00edc\u00ed tla\u010dn\u00e9 ty\u010de<\/li>\n<li>Cam Phaser Limiter<\/li>\n<\/ul>\n<p>&nbsp;<\/p>\n<p><strong>Vhodn\u00e9 pro:<\/strong><\/p>\n<table width=\"437\">\n<tbody>\n<tr>\n<td width=\"83\"><strong>Zna\u010dka<\/strong><\/td>\n<td width=\"122\"><strong>Model<\/strong><\/td>\n<td width=\"136\"><strong>Motor<\/strong><\/td>\n<td width=\"96\"><strong>Rok v\u00fdstavby<\/strong><\/td>\n<\/tr>\n<tr>\n<td width=\"83\">RAM<\/td>\n<td width=\"122\">1500<\/td>\n<td width=\"136\">6.2 TRX<\/td>\n<td width=\"96\">2021\u20132023<\/td>\n<\/tr>\n<\/tbody>\n<\/table>\n<p>&nbsp;<\/p>\n<p>&nbsp;<\/p>\n<p>&nbsp;<\/p>\n<p>&nbsp;<\/p>\n<p>&nbsp;<\/p>","protected":false},"excerpt":{"rendered":"<p>RAM TRX NSR Nockenwellen Kit &nbsp; Unsere HEMI Nockenwellen-Kits wurden entwickelt, um die Auswahl der richtigen Nockenwelle f\u00fcr Ihr Fahrzeug<\/p>","protected":false},"featured_media":68275527,"comment_status":"open","ping_status":"closed","template":"","meta":{"_acf_changed":false},"product_brand":[19068],"product_cat":[6678],"product_tag":[344,365,340,339,341,2329,222,36,336,2449,817,86,96,1056,164,338,2353,180,818,819],"class_list":{"0":"post-68257308","1":"product","2":"type-product","3":"status-publish","4":"has-post-thumbnail","6":"product_brand-kraftwerk","7":"product_cat-trx-nockenwelle-ventiltrieb","8":"product_tag-blower","9":"product_tag-cam","10":"product_tag-cams","11":"product_tag-comp","12":"product_tag-compcam","13":"product_tag-compcams","14":"product_tag-kit","15":"product_tag-kraftwerk","16":"product_tag-nockenwelle","17":"product_tag-nockenwellenkit","18":"product_tag-nsr","19":"product_tag-ram","20":"product_tag-srt","21":"product_tag-srt-8","22":"product_tag-srt8","23":"product_tag-standgas","24":"product_tag-trx","25":"product_tag-umbau","26":"product_tag-umbausatz","27":"product_tag-unrund","29":"first","30":"onbackorder","31":"taxable","32":"shipping-taxable","33":"purchasable","34":"product-type-simple"},"bundled_by":[],"bundle_stock_status":"onbackorder","bundle_stock_quantity":0,"bundle_virtual":false,"bundle_layout":"","bundle_add_to_cart_form_location":"","bundle_editable_in_cart":false,"bundle_sold_individually_context":"","bundle_item_grouping":"","bundle_min_size":"","bundle_max_size":"","bundle_price":[],"bundled_items":[],"bundle_sell_ids":[],"exclude_global_add_ons":[],"addons":[],"acf":[],"_links":{"self":[{"href":"https:\/\/kraftwerk-shop.cc\/cs\/wp-json\/wp\/v2\/product\/68257308","targetHints":{"allow":["GET"]}}],"collection":[{"href":"https:\/\/kraftwerk-shop.cc\/cs\/wp-json\/wp\/v2\/product"}],"about":[{"href":"https:\/\/kraftwerk-shop.cc\/cs\/wp-json\/wp\/v2\/types\/product"}],"replies":[{"embeddable":true,"href":"https:\/\/kraftwerk-shop.cc\/cs\/wp-json\/wp\/v2\/comments?post=68257308"}],"version-history":[{"count":0,"href":"https:\/\/kraftwerk-shop.cc\/cs\/wp-json\/wp\/v2\/product\/68257308\/revisions"}],"wp:featuredmedia":[{"embeddable":true,"href":"https:\/\/kraftwerk-shop.cc\/cs\/wp-json\/wp\/v2\/media\/68275527"}],"wp:attachment":[{"href":"https:\/\/kraftwerk-shop.cc\/cs\/wp-json\/wp\/v2\/media?parent=68257308"}],"wp:term":[{"taxonomy":"product_brand","embeddable":true,"href":"https:\/\/kraftwerk-shop.cc\/cs\/wp-json\/wp\/v2\/product_brand?post=68257308"},{"taxonomy":"product_cat","embeddable":true,"href":"https:\/\/kraftwerk-shop.cc\/cs\/wp-json\/wp\/v2\/product_cat?post=68257308"},{"taxonomy":"product_tag","embeddable":true,"href":"https:\/\/kraftwerk-shop.cc\/cs\/wp-json\/wp\/v2\/product_tag?post=68257308"}],"curies":[{"name":"wp","href":"https:\/\/api.w.org\/{rel}","templated":true}]}}