{"id":68257312,"date":"2021-11-07T14:59:30","date_gmt":"2021-11-07T13:59:30","guid":{"rendered":"https:\/\/kraftwerk-gruppe.de\/?post_type=product&#038;p=68257312"},"modified":"2026-02-15T00:55:53","modified_gmt":"2026-02-14T23:55:53","slug":"brzdove-desticky-ebc-bluestuff-dp51895ndx","status":"publish","type":"product","link":"https:\/\/kraftwerk-shop.cc\/cs\/produkt\/ebc-bluestuff-bremsbelaege-dp51895ndx\/","title":{"rendered":"Brzdov\u00e9 desti\u010dky EBC Bluestuff DP51895NDX"},"content":{"rendered":"<h1>Brzdov\u00e9 desti\u010dky EBC Bluestuff pro Chevrolet Camaro SS LS3 a L99 z let 2010 a\u017e 2015 (p\u0159edn\u00ed n\u00e1prava)<\/h1>\n<p>&nbsp;<\/p>\n<p><span style=\"color: #000000;\">Bluestuff je \u010dtvrt\u00e1 kategorie sportovn\u00edch brzdov\u00fdch desti\u010dek EBC.<\/span><\/p>\n<p><span style=\"color: #000000;\">Brzdov\u00e9 desti\u010dky Bluestuff jsou ide\u00e1ln\u00edm mezistupn\u011bm mezi silni\u010dn\u00edmi a z\u00e1vodn\u00edmi desti\u010dkami a jsou volbou \u010d\u00edslo jedna pro mnoho jezdc\u016f, kte\u0159\u00ed pot\u0159ebuj\u00ed desti\u010dky pro rychl\u00e9 silni\u010dn\u00ed pou\u017eit\u00ed, trackday (volnou j\u00edzdu) nebo krat\u0161\u00ed z\u00e1vody.<\/span><\/p>\n<p><span style=\"color: #000000;\"> \u0158idi\u010di, kte\u0159\u00ed ji\u017e maj\u00ed zku\u0161enosti se silni\u010dn\u00edm oblo\u017een\u00edm Yellowstuff, mohou brzdov\u00e9 oblo\u017een\u00ed Bluestuff porovnat s brzdov\u00fdm oblo\u017een\u00edm EBC Yellowstuff, kter\u00e9 m\u00e1 v\u0161ak o n\u011bco vy\u0161\u0161\u00ed koeficient t\u0159en\u00ed a trochu v\u011bt\u0161\u00ed \"z\u00e1b\u011br\".<\/span><\/p>\n<p><span style=\"color: #000000;\"> Pneumatika Bluestuff m\u00e1 o n\u011bco vy\u0161\u0161\u00ed koeficient t\u0159en\u00ed, ale poskytuje vynikaj\u00edc\u00ed cit pro ped\u00e1l na silnici i na okruhu a m\u00e1 vy\u0161\u0161\u00ed odolnost proti vadnut\u00ed brzd.<\/span><\/p>\n<p><span style=\"color: #000000;\"> Brzdov\u00e9 desti\u010dky EBC Brakes Bluestuff jsou v\u0161ak ur\u010deny pro z\u00e1vodn\u00ed trat\u011b, co\u017e znamen\u00e1, \u017ee na rozd\u00edl od brzdov\u00fdch desti\u010dek Yellowstuff vznik\u00e1 v\u00edce brzdov\u00e9ho prachu a m\u016f\u017ee se objevit brzdn\u00fd hluk, co\u017e se \u010dasto st\u00e1v\u00e1 u t\u0159ec\u00edch materi\u00e1l\u016f a z\u00e1vodn\u00edch desti\u010dek zam\u011b\u0159en\u00fdch na v\u00fdkon.<\/span><\/p>\n<p><span style=\"color: #000000;\"> Hlubok\u00e9 \"V-dr\u00e1\u017eky\" zaji\u0161\u0165uj\u00ed optim\u00e1ln\u00ed v\u011btr\u00e1n\u00ed a zachycuj\u00ed ne\u010distoty, prach a od\u011br. Nov\u00fd t\u0159ec\u00ed materi\u00e1l NDX od spole\u010dnosti EBC Brakes je spojen s nosnou deskou dal\u0161\u00ed chemickou mezivrstvou. To zvy\u0161uje p\u0159ilnavost a odolnost proti smykov\u00fdm sil\u00e1m p\u011btkr\u00e1t. Brzdov\u00e1 desti\u010dka je tak\u0159\u00edkaj\u00edc \"p\u0159edzabrzd\u011bna\" pomoc\u00ed povrchov\u00e9ho zahlouben\u00ed, co\u017e umo\u017e\u0148uje f\u00e1zi z\u00e1b\u011bhu v d\u00e9lce pouh\u00fdch 3-4 pou\u017eit\u00ed brzd na z\u00e1vodn\u00ed dr\u00e1ze.<\/span><\/p>\n<p>&nbsp;<\/p>\n<p>&nbsp;<\/p>\n<p><img decoding=\"async\" class=\"alignnone wp-image-68256974\" src=\"https:\/\/kraftwerk-shop.cc\/wp-content\/uploads\/2021\/10\/EBC_Bluestuff_Eigenschaften-300x229.jpg\" alt=\"\" width=\"450\" height=\"343\" \/><\/p>\n<p>&nbsp;<\/p>\n<p>\u010c\u00edslo OE (pouze pro \u00fa\u010dely porovn\u00e1n\u00ed):  92244289<br \/>\nSchv\u00e1len\u00ed: REG90<\/p>\n<p>M\u00edsto instalace: P\u0159edn\u00ed n\u00e1prava<\/p>\n<p>&nbsp;<\/p>\n<p><strong>Vhodn\u00e9 pro:<br \/>\n<\/strong><\/p>\n<table width=\"0\">\n<tbody>\n<tr>\n<td width=\"66\">Chevrolet<\/td>\n<td width=\"97\">Camaro<\/td>\n<td width=\"137\">6.2 L99 (405 K)<\/td>\n<\/tr>\n<tr>\n<td width=\"66\">Chevrolet<\/td>\n<td width=\"97\">Camaro<\/td>\n<td width=\"137\">6.2 LS3 (432 K)<\/td>\n<\/tr>\n<\/tbody>\n<\/table>\n<p><strong>\u00a0<\/strong><\/p>\n<p><strong>\u00a0<\/strong><\/p>\n<p><strong>Rozsah dod\u00e1vky: <\/strong><\/p>\n<p>- 1 sada brzdov\u00fdch desti\u010dek EBC Bluestuff (DP51895NDX) pro p\u0159edn\u00ed n\u00e1pravu<\/p>","protected":false},"excerpt":{"rendered":"<p>Brzdov\u00e9 desti\u010dky EBC Bluestuff pro Chevrolet Camaro SS LS3 a L99 od roku 2010 do roku 2015 (p\u0159edn\u00ed n\u00e1prava) Bluestuff je 4. generace brzdov\u00fdch desti\u010dek EBC Bluestuff.<\/p>","protected":false},"featured_media":68274449,"comment_status":"open","ping_status":"closed","template":"","meta":{"_acf_changed":false},"product_brand":[16875],"product_cat":[2679],"product_tag":[101,1046,2491,590,795,840,191,189,190,2742,964,2442,16877,16876,16878,36,192,193,2492,2138,970,291,2139,842,841,673,2135,2137],"class_list":{"0":"post-68257312","1":"product","2":"type-product","3":"status-publish","4":"has-post-thumbnail","6":"product_brand-ebc-brakes","7":"product_cat-camaro-62-2010-2015-bremsen-vorne","8":"product_tag-6-2","9":"product_tag-abe","10":"product_tag-bluestuff","11":"product_tag-bremsbelaege","12":"product_tag-bremse","13":"product_tag-bremskloetze","14":"product_tag-camaro","15":"product_tag-chevrolet","16":"product_tag-chevy","17":"product_tag-dp51895ndx","18":"product_tag-ebc","19":"product_tag-ebc-brakes","20":"product_tag-ebc-bremsbelaege","21":"product_tag-ebc-bremsen","22":"product_tag-ebc-bremsscheiben","23":"product_tag-kraftwerk","24":"product_tag-l99","25":"product_tag-ls3","26":"product_tag-ndx","27":"product_tag-reg90","28":"product_tag-sportbremsbelaege","29":"product_tag-ss","30":"product_tag-tuev","31":"product_tag-vorderachse","32":"product_tag-vorne","33":"product_tag-zubehoer","34":"product_tag-zubehoerbremsbelaege","35":"product_tag-zulassung","37":"first","38":"instock","39":"taxable","40":"shipping-taxable","41":"purchasable","42":"product-type-simple"},"bundled_by":[],"bundle_stock_status":"instock","bundle_stock_quantity":1,"bundle_virtual":false,"bundle_layout":"","bundle_add_to_cart_form_location":"","bundle_editable_in_cart":false,"bundle_sold_individually_context":"","bundle_item_grouping":"","bundle_min_size":"","bundle_max_size":"","bundle_price":[],"bundled_items":[],"bundle_sell_ids":[],"exclude_global_add_ons":[],"addons":[],"acf":[],"_links":{"self":[{"href":"https:\/\/kraftwerk-shop.cc\/cs\/wp-json\/wp\/v2\/product\/68257312","targetHints":{"allow":["GET"]}}],"collection":[{"href":"https:\/\/kraftwerk-shop.cc\/cs\/wp-json\/wp\/v2\/product"}],"about":[{"href":"https:\/\/kraftwerk-shop.cc\/cs\/wp-json\/wp\/v2\/types\/product"}],"replies":[{"embeddable":true,"href":"https:\/\/kraftwerk-shop.cc\/cs\/wp-json\/wp\/v2\/comments?post=68257312"}],"version-history":[{"count":0,"href":"https:\/\/kraftwerk-shop.cc\/cs\/wp-json\/wp\/v2\/product\/68257312\/revisions"}],"wp:featuredmedia":[{"embeddable":true,"href":"https:\/\/kraftwerk-shop.cc\/cs\/wp-json\/wp\/v2\/media\/68274449"}],"wp:attachment":[{"href":"https:\/\/kraftwerk-shop.cc\/cs\/wp-json\/wp\/v2\/media?parent=68257312"}],"wp:term":[{"taxonomy":"product_brand","embeddable":true,"href":"https:\/\/kraftwerk-shop.cc\/cs\/wp-json\/wp\/v2\/product_brand?post=68257312"},{"taxonomy":"product_cat","embeddable":true,"href":"https:\/\/kraftwerk-shop.cc\/cs\/wp-json\/wp\/v2\/product_cat?post=68257312"},{"taxonomy":"product_tag","embeddable":true,"href":"https:\/\/kraftwerk-shop.cc\/cs\/wp-json\/wp\/v2\/product_tag?post=68257312"}],"curies":[{"name":"wp","href":"https:\/\/api.w.org\/{rel}","templated":true}]}}