{"id":68257387,"date":"2021-11-12T20:13:35","date_gmt":"2021-11-12T19:13:35","guid":{"rendered":"https:\/\/kraftwerk-gruppe.de\/?post_type=product&#038;p=68257387"},"modified":"2026-03-12T14:02:53","modified_gmt":"2026-03-12T13:02:53","slug":"powerstop-z26-6006-brzdove-desticky-trackhawk-hellcat","status":"publish","type":"product","link":"https:\/\/kraftwerk-shop.cc\/cs\/produkt\/powerstop-z26-6006-bremsbelaege-trackhawk-hellcat\/","title":{"rendered":"Brzdov\u00e9 desti\u010dky PowerStop Z26 Extreme Street Jeep Trackhawk &amp; Durango Hellcat"},"content":{"rendered":"<h1>Brzdov\u00e9 desti\u010dky PowerStop pro Dodge Durango 6.2 Hellcat a Jeep Grand Cherokee 6.2 Trackhawk (p\u0159edn\u00ed n\u00e1prava)<\/h1>\n<p>&nbsp;<\/p>\n<p>Z26 Extreme Street Performance Carbon - Keramick\u00e9 brzdov\u00e9 desti\u010dky<\/p>\n<ul>\n<li>V\u00fdrazn\u011b sn\u00ed\u017een\u00e1 tvorba brzdov\u00e9ho prachu<\/li>\n<li>Vhodn\u00e9 pro obzvl\u00e1\u0161t\u011b sportovn\u00ed styl j\u00edzdy<\/li>\n<li>V\u010detn\u011b mont\u00e1\u017en\u00ed pasty a sady nerezov\u00e9ho kov\u00e1n\u00ed<\/li>\n<\/ul>\n<p>&nbsp;<\/p>\n<p>Referen\u010dn\u00ed \u010d\u00edsla Mopar: 68399095AA, 68399095AB, 68399095AC<\/p>\n<p>&nbsp;<\/p>\n<p><strong>Vhodn\u00e9 pro:<\/strong><\/p>\n<table width=\"426\">\n<tbody>\n<tr>\n<td width=\"94\">Dodge<\/td>\n<td width=\"110\">Durango<\/td>\n<td width=\"138\">6.2 Hellcat<\/td>\n<td width=\"84\">2021\u20132025<\/td>\n<\/tr>\n<tr>\n<td width=\"94\">Jeep<\/td>\n<td width=\"110\">Grand Cherokee<\/td>\n<td width=\"138\">6.2 Trackhawk<\/td>\n<td width=\"84\">2018\u20132021<\/td>\n<\/tr>\n<\/tbody>\n<\/table>\n<p>&nbsp;<\/p>\n<p>Cena se vztahuje na 1 sadu pro kompletn\u00ed p\u0159edn\u00ed n\u00e1pravu.<\/p>\n<p>&nbsp;<\/p>\n<p>&nbsp;<\/p>","protected":false},"excerpt":{"rendered":"<p>PowerStop Brzdov\u00e9 desti\u010dky pro Dodge Durango 6.2 Hellcat a Jeep Grand Cherokee 6.2 Trackhawk (p\u0159edn\u00ed n\u00e1prava) Z26 Extreme Street Performance Carbon<\/p>","protected":false},"featured_media":68274548,"comment_status":"open","ping_status":"closed","template":"","meta":{"_acf_changed":false},"product_brand":[],"product_cat":[17928,17961],"product_tag":[2751,2752,2753,838,590,10806,795,839,840,773,692,56,50,4425,4427,4426,1166,1167,36,953,954,2445,1168,102,842,841,1190,2749,673],"class_list":{"0":"post-68257387","1":"product","2":"type-product","3":"status-publish","4":"has-post-thumbnail","6":"product_cat-durango-hellcat-bremsbelaege-vorne","7":"product_cat-trackhawk-bremsbelaege-vorne","8":"product_tag-68399095aa","9":"product_tag-68399095ab","10":"product_tag-68399095ac","11":"product_tag-bremsbelag","12":"product_tag-bremsbelaege","13":"product_tag-bremsbelaege-fuer-jeep-trackhawk","14":"product_tag-bremse","15":"product_tag-bremsklotz","16":"product_tag-bremskloetze","17":"product_tag-carbon","18":"product_tag-ersatzteil","19":"product_tag-grand-cherokee","20":"product_tag-jeep","21":"product_tag-jeep-grand-cherokee","22":"product_tag-jeep-grand-cherokee-trackhawk","23":"product_tag-jeep-trackhawk","24":"product_tag-keramik","25":"product_tag-keramisch","26":"product_tag-kraftwerk","27":"product_tag-power-stop","28":"product_tag-powerstop","29":"product_tag-powerstop-pads","30":"product_tag-staubfrei","31":"product_tag-trackhawk","32":"product_tag-vorderachse","33":"product_tag-vorne","34":"product_tag-z26","35":"product_tag-z26-6006","36":"product_tag-zubehoer","38":"first","39":"instock","40":"taxable","41":"shipping-taxable","42":"purchasable","43":"product-type-simple"},"bundled_by":[],"bundle_stock_status":"instock","bundle_stock_quantity":3,"bundle_virtual":false,"bundle_layout":"","bundle_add_to_cart_form_location":"","bundle_editable_in_cart":false,"bundle_sold_individually_context":"","bundle_item_grouping":"","bundle_min_size":"","bundle_max_size":"","bundle_price":[],"bundled_items":[],"bundle_sell_ids":[],"exclude_global_add_ons":[],"addons":[],"acf":[],"_links":{"self":[{"href":"https:\/\/kraftwerk-shop.cc\/cs\/wp-json\/wp\/v2\/product\/68257387","targetHints":{"allow":["GET"]}}],"collection":[{"href":"https:\/\/kraftwerk-shop.cc\/cs\/wp-json\/wp\/v2\/product"}],"about":[{"href":"https:\/\/kraftwerk-shop.cc\/cs\/wp-json\/wp\/v2\/types\/product"}],"replies":[{"embeddable":true,"href":"https:\/\/kraftwerk-shop.cc\/cs\/wp-json\/wp\/v2\/comments?post=68257387"}],"version-history":[{"count":0,"href":"https:\/\/kraftwerk-shop.cc\/cs\/wp-json\/wp\/v2\/product\/68257387\/revisions"}],"wp:featuredmedia":[{"embeddable":true,"href":"https:\/\/kraftwerk-shop.cc\/cs\/wp-json\/wp\/v2\/media\/68274548"}],"wp:attachment":[{"href":"https:\/\/kraftwerk-shop.cc\/cs\/wp-json\/wp\/v2\/media?parent=68257387"}],"wp:term":[{"taxonomy":"product_brand","embeddable":true,"href":"https:\/\/kraftwerk-shop.cc\/cs\/wp-json\/wp\/v2\/product_brand?post=68257387"},{"taxonomy":"product_cat","embeddable":true,"href":"https:\/\/kraftwerk-shop.cc\/cs\/wp-json\/wp\/v2\/product_cat?post=68257387"},{"taxonomy":"product_tag","embeddable":true,"href":"https:\/\/kraftwerk-shop.cc\/cs\/wp-json\/wp\/v2\/product_tag?post=68257387"}],"curies":[{"name":"wp","href":"https:\/\/api.w.org\/{rel}","templated":true}]}}