{"id":68258460,"date":"2021-12-10T18:55:24","date_gmt":"2021-12-10T17:55:24","guid":{"rendered":"https:\/\/kraftwerk-gruppe.de\/?post_type=product&#038;p=68258460"},"modified":"2026-02-15T00:47:44","modified_gmt":"2026-02-14T23:47:44","slug":"vstrikovaci-trysky-id1300-injector-dynamics","status":"publish","type":"product","link":"https:\/\/kraftwerk-shop.cc\/cs\/produkt\/injector-dynamics-id1300-einspritzduesen\/","title":{"rendered":"Vst\u0159ikova\u010de Injector Dynamics ID1300"},"content":{"rendered":"<h1>Vst\u0159ikova\u010de Injector Dynamics ID1300<\/h1>\n<p>&nbsp;<\/p>\n<p>Vst\u0159ikova\u010de \u0159ady ID1050 jsou nejnov\u011bj\u0161\u00edm produktem spolupr\u00e1ce spole\u010dnost\u00ed Injector Dynamics a Bosch Motorsport.<br \/>\nJedn\u00e1 se o vst\u0159ikovac\u00ed trysku speci\u00e1ln\u011b vyvinutou pro aplikace v motorsportu a tuningu.<\/p>\n<p>Vnit\u0159n\u00ed \u010d\u00e1sti odoln\u00e9 proti korozi jsou kompatibiln\u00ed se v\u0161emi zn\u00e1m\u00fdmi palivy a umo\u017e\u0148uj\u00ed del\u0161\u00ed \u017eivotnost p\u0159i pou\u017eit\u00ed korozivn\u00edch paliv.<br \/>\nKompaktn\u00ed pouzdro umo\u017e\u0148uje instalaci do v\u00edce ne\u017e 200 aplikac\u00ed, v\u010detn\u011b sou\u010dasn\u00fdch a budouc\u00edch motor\u016f, kter\u00e9 pou\u017e\u00edvaj\u00ed kr\u00e1tk\u00e9 vst\u0159ikova\u010de.<br \/>\nVylep\u0161en\u00e1 vnit\u0159n\u00ed pr\u016ftokov\u00e1 cesta zvy\u0161uje v\u00fdkon o 5 %, ani\u017e by byl ohro\u017een v\u00fdkon p\u0159i n\u00edzk\u00e9m pr\u016ftoku.<br \/>\nSiln\u011bj\u0161\u00ed magnetick\u00fd obvod nab\u00edz\u00ed stabiln\u00ed provoz a\u017e do 10 bar\u016f a vym\u011bniteln\u00fd vstupn\u00ed filtr prodlu\u017euje \u017eivotnost.<\/p>\n<p>&nbsp;<\/p>\n<p><strong>Data Plug n' Play<\/strong><\/p>\n<p>U\u017e v\u00e1s nebav\u00ed analyzovat soubory protokolu a prov\u00e1d\u011bt zm\u011bny v lad\u011bn\u00ed jen proto, abyste zjistili, \u017ee to, co jeden den fungovalo, druh\u00fd den u\u017e nefunguje?<br \/>\nZtratili jste hodiny proch\u00e1zen\u00edm nes\u010detn\u00fdch p\u0159\u00edsp\u011bvk\u016f na f\u00f3ru o vst\u0159ikova\u010d\u00edch paliva, abyste zjistili, \u017ee neexistuje \u017e\u00e1dn\u00e9 jednoduch\u00e9 \u0159e\u0161en\u00ed?<br \/>\nTakov\u00e1 je podstata lad\u011bn\u00ed s nep\u0159esn\u00fdmi \u00fadaji o vst\u0159ikova\u010d\u00edch.<\/p>\n<p>Z\u00e1kladem v\u0161ech v\u00fdpo\u010dt\u016f paliva jsou p\u0159esn\u00e9 charakteristiky vst\u0159ikova\u010d\u016f.<br \/>\nNen\u00ed tedy divu, \u017ee str\u00e1v\u00edte spoustu drahocenn\u00e9ho \u010dasu snahou vyt\u011b\u017eit ze \u0161patn\u00e9 situace to nejlep\u0161\u00ed, pokud se nalad\u00edte bez n\u011bj. Budete se zab\u00fdvat hled\u00e1n\u00edm nekone\u010dn\u00fdch kombinac\u00ed v\u011bt\u0161inou \u0161patn\u00fdch odpov\u011bd\u00ed a p\u0159iprav\u00edte se tak o nejz\u00e1kladn\u011bj\u0161\u00ed funkce, kter\u00e9 v\u00e1m poskytli in\u017een\u00fd\u0159i, kte\u0159\u00ed investovali miliony dolar\u016f do v\u00fdzkumu a v\u00fdvoje syst\u00e9mu \u0159\u00edzen\u00ed motoru va\u0161eho vozu.<\/p>\n<p>A\u0165 u\u017e jste profesion\u00e1ln\u00ed ladi\u010d, nebo spot\u0159ebitel, m\u016f\u017eete str\u00e1vit nespo\u010det hodin t\u00edm, \u017ee se v\u00e1m to poda\u0159\u00ed \"v\u011bt\u0161inou spr\u00e1vn\u011b\", nebo m\u016f\u017eete zkop\u00edrovat a vlo\u017eit p\u0159esn\u00e9 charakteriza\u010dn\u00ed tabulky a pustit se do pr\u00e1ce, abyste maximalizovali v\u00fdkon a j\u00edzdn\u00ed vlastnosti.<br \/>\nSpole\u010dnost Injector Dynamics je jedin\u00fdm dodavatelem vst\u0159ikova\u010d\u016f paliva pro motoristick\u00fd sport, kter\u00fd je schopen vytvo\u0159it tyto charakteristiky vst\u0159ikova\u010d\u016f v kvalit\u011b OEM.<br \/>\nTyto technick\u00e9 slu\u017eby jsou na\u0161im z\u00e1kazn\u00edk\u016fm k dispozici zdarma, aby mohli vytv\u00e1\u0159et data pro nov\u00e9 platformy a aplikace.<\/p>\n<p>&nbsp;<\/p>\n<p><strong>Specifikace<\/strong><\/p>\n<table width=\"713\">\n<tbody>\n<tr>\n<td width=\"258\">Jmenovit\u00fd pr\u016ftok<\/td>\n<td width=\"455\">1335 cm3\/min p\u0159i tlaku 3,0 bar (43,5 psi) s benz\u00ednem p\u0159i teplot\u011b 52 \u00b0C (125 \u00b0F)<\/td>\n<\/tr>\n<tr>\n<td>Maxim\u00e1ln\u00ed diferen\u010dn\u00ed tlak paliva<\/td>\n<td>7,0 bar\u016f (145,0 psi)<\/td>\n<\/tr>\n<tr>\n<td>Kompatibilita s palivy<\/td>\n<td>Kompatibiln\u00ed se v\u0161emi zn\u00e1m\u00fdmi palivy (v\u010detn\u011b alternativn\u00edch paliv).<\/td>\n<\/tr>\n<tr>\n<td>Elektrick\u00e9 p\u0159ipojen\u00ed<\/td>\n<td>USCAR<\/td>\n<\/tr>\n<\/tbody>\n<\/table>\n<p>&nbsp;<\/p>\n<p><strong>Rozsah dod\u00e1vky:<\/strong><\/p>\n<ul>\n<li>8 vst\u0159ikova\u010d\u016f<\/li>\n<\/ul>\n<p>&nbsp;<\/p>","protected":false},"excerpt":{"rendered":"<p>Injector Dynamics ID1300 Einspritzd\u00fcsen &nbsp; Die Einspritzd\u00fcsen der ID1300 Serie sind das j\u00fcngste Produkt der Partnerschaft zwischen Injector Dynamics und<\/p>","protected":false},"featured_media":68278161,"comment_status":"open","ping_status":"closed","template":"","meta":{"_acf_changed":false},"product_brand":[],"product_cat":[2877,4980,2876,2878,2879,2880,2881,2882,2883,5159,2884,2885,2886,2888,2889,2887,2890,2891,4805,2892,2893,2894,2895,19343,2896,5016,2919,2897],"product_tag":[2873,475,52,91,92,101,93,54,53,48,49,2870,2868,2869,999,159,160,100,2872,2865,2867,1000,50,86,96,102,2353],"class_list":{"0":"post-68258460","1":"product","2":"type-product","3":"status-publish","4":"has-post-thumbnail","6":"product_cat-300c-57-2005-2010-kraftstoffversorgung","7":"product_cat-300c-57-2011-2023-kraftstoffversorgung","8":"product_cat-300c-61-kraftstoffversorgung","9":"product_cat-300c-64-kraftstoffversorgung","10":"product_cat-challenger-57-kraftstoffversorgung","11":"product_cat-challenger-61-kraftstoffversorgung","12":"product_cat-challenger-hellcat-kraftstoffversorgung","13":"product_cat-challenger-64-kraftstoffversorgung","14":"product_cat-charger-57-kraftstoffversorgung","15":"product_cat-charger-57-2011-2023-kraftstoffversorgung","16":"product_cat-charger-61-kraftstoffversorgung","17":"product_cat-charger-hellcat-kraftstoffversorgung","18":"product_cat-charger-64-kraftstoffversorgung","19":"product_cat-durango-57-kraftstoffversorgung","20":"product_cat-durango-hellcat-kraftstoffversorgung","21":"product_cat-durango-64-kraftstoffversorgung","22":"product_cat-magnum-57-kraftstoffversorgung","23":"product_cat-magnum-61-kraftstoffversorgung","24":"product_cat-grand-cherokee-57-2005-2010-kraftstoffversorgung","25":"product_cat-grand-cherokee-57-2011-2021-kraftstoffversorgung","26":"product_cat-grand-cherokee-61-kraftstoffversorgung","27":"product_cat-trackhawk-kraftstoffversorgung","28":"product_cat-grand-cherokee-64-kraftstoffversorgung","29":"product_cat-wrangler-64-kraftstoffversorgung","30":"product_cat-1500-57-2009-2018-classic-kraftstoffversorgung","31":"product_cat-1500-57-dt-kraftstoffversorgung","32":"product_cat-2500-3500-64-kraftstoffversorgung","33":"product_cat-trx-kraftstoffversorgung","34":"product_tag-1300-48-14-14b-8","35":"product_tag-475","36":"product_tag-300c","37":"product_tag-5-7","38":"product_tag-6-1","39":"product_tag-6-2","40":"product_tag-6-4","41":"product_tag-challenger","42":"product_tag-charger","43":"product_tag-chrysler","44":"product_tag-dodge","45":"product_tag-duese","46":"product_tag-duesen","47":"product_tag-einspritzduese","48":"product_tag-einspritzduesen","49":"product_tag-gross","50":"product_tag-groesser","51":"product_tag-hellcat","52":"product_tag-id1300","53":"product_tag-injector-dynamics","54":"product_tag-injektor","55":"product_tag-injektoren","56":"product_tag-jeep","57":"product_tag-ram","58":"product_tag-srt","59":"product_tag-trackhawk","60":"product_tag-trx","62":"first","63":"onbackorder","64":"taxable","65":"shipping-taxable","66":"purchasable","67":"product-type-simple"},"bundled_by":[],"bundle_stock_status":"onbackorder","bundle_stock_quantity":0,"bundle_virtual":false,"bundle_layout":"","bundle_add_to_cart_form_location":"","bundle_editable_in_cart":false,"bundle_sold_individually_context":"","bundle_item_grouping":"","bundle_min_size":"","bundle_max_size":"","bundle_price":[],"bundled_items":[],"bundle_sell_ids":[],"exclude_global_add_ons":[],"addons":[],"acf":[],"_links":{"self":[{"href":"https:\/\/kraftwerk-shop.cc\/cs\/wp-json\/wp\/v2\/product\/68258460","targetHints":{"allow":["GET"]}}],"collection":[{"href":"https:\/\/kraftwerk-shop.cc\/cs\/wp-json\/wp\/v2\/product"}],"about":[{"href":"https:\/\/kraftwerk-shop.cc\/cs\/wp-json\/wp\/v2\/types\/product"}],"replies":[{"embeddable":true,"href":"https:\/\/kraftwerk-shop.cc\/cs\/wp-json\/wp\/v2\/comments?post=68258460"}],"version-history":[{"count":0,"href":"https:\/\/kraftwerk-shop.cc\/cs\/wp-json\/wp\/v2\/product\/68258460\/revisions"}],"wp:featuredmedia":[{"embeddable":true,"href":"https:\/\/kraftwerk-shop.cc\/cs\/wp-json\/wp\/v2\/media\/68278161"}],"wp:attachment":[{"href":"https:\/\/kraftwerk-shop.cc\/cs\/wp-json\/wp\/v2\/media?parent=68258460"}],"wp:term":[{"taxonomy":"product_brand","embeddable":true,"href":"https:\/\/kraftwerk-shop.cc\/cs\/wp-json\/wp\/v2\/product_brand?post=68258460"},{"taxonomy":"product_cat","embeddable":true,"href":"https:\/\/kraftwerk-shop.cc\/cs\/wp-json\/wp\/v2\/product_cat?post=68258460"},{"taxonomy":"product_tag","embeddable":true,"href":"https:\/\/kraftwerk-shop.cc\/cs\/wp-json\/wp\/v2\/product_tag?post=68258460"}],"curies":[{"name":"wp","href":"https:\/\/api.w.org\/{rel}","templated":true}]}}