{"id":68258543,"date":"2021-12-12T14:03:40","date_gmt":"2021-12-12T13:03:40","guid":{"rendered":"https:\/\/kraftwerk-gruppe.de\/?post_type=product&#038;p=68258543"},"modified":"2026-02-15T00:59:21","modified_gmt":"2026-02-14T23:59:21","slug":"awe-0fg-vyfukovy-system-ram-trx","status":"publish","type":"product","link":"https:\/\/kraftwerk-shop.cc\/cs\/produkt\/awe-0fg-auspuffanlage-ram-trx\/","title":{"rendered":"V\u00fdfukov\u00fd syst\u00e9m AWE 0FG RAM TRX"},"content":{"rendered":"<h1>V\u00fdfukov\u00fd syst\u00e9m AWE 0FG pro RAM TRX<\/h1>\n<p>&nbsp;<\/p>\n<p>0FG je dvojit\u00fd 3palcov\u00fd catback z nerezov\u00e9 oceli T304L s upravenou H-trubkou s kompenzac\u00ed vibrac\u00ed a patentovanou technologi\u00ed AWE Drone-Cancelling 180 Technology\u00ae.<br \/>\nSpolu s p\u0159esn\u00fdm ulo\u017een\u00edm, prvot\u0159\u00eddn\u00ed tuhost\u00ed a charakteristick\u00fdmi 5palcov\u00fdmi v\u00fdfuky s lomen\u00fdm \u0159ezem se jedn\u00e1 o nejl\u00e9pe zn\u011bj\u00edc\u00ed v\u00fdfuk na sv\u011bt\u011b\u2122 pro RAM 5.7.<\/p>\n<p>Nerezov\u00e1 ocel T304L z USA s tlou\u0161\u0165kou st\u011bny 0,065\u2033 plynule p\u0159ech\u00e1z\u00ed zep\u0159edu dozadu a napojuje se p\u0159\u00edmo na tov\u00e1rn\u00ed v\u00fdfukov\u00fd syst\u00e9m.<br \/>\nH-v\u00fdfuk s kompenzac\u00ed vibrac\u00ed, speci\u00e1ln\u011b upraven\u00fd pro 6,2litrov\u00fd TRX, zaji\u0161\u0165uje agresivn\u00ed a bohat\u00fd zvuk s minim\u00e1ln\u00edm dun\u011bn\u00edm.<\/p>\n<p><strong>Dokonal\u00fd zvuk d\u00edky technologii AWE 180 Technology\u00ae.<\/strong><\/p>\n<p>Patentovan\u00e1 technologie AWE 180 Technology\u00ae zaji\u0161\u0165uje, \u017ee se agresivita nedostane do zadn\u00ed \u010d\u00e1sti TRX ani do kabiny.<\/p>\n<p>Kdy\u017e v\u00fdfukov\u00e9 plyny vych\u00e1zej\u00ed z motoru 6,2 l a proud\u00ed do rezon\u00e1toru vybaven\u00e9ho technologi\u00ed AWE 180 Technology\u00ae, jsou vedeny strategicky um\u00edst\u011bn\u00fdmi otvory do reflexn\u00edch komor. Zvukov\u00e9 vlny p\u0159en\u00e1\u0161en\u00e9 v\u00fdfukov\u00fdmi plyny se odr\u00e1\u017eej\u00ed od st\u011bn odrazov\u00fdch komor.<\/p>\n<p>\u0158\u00edzen\u00edm velikosti a polohy otvor\u016f a komor tak\u00e9 \u0159\u00edd\u00edme, kdy zvukov\u00e9 vlny z komor vych\u00e1zej\u00ed. Specifick\u00fd \u010das, kdy odra\u017een\u00e9 zvukov\u00e9 vlny op\u011bt vstupuj\u00ed do hlavn\u00edho proudu v\u00fdfukov\u00fdch plyn\u016f, vytv\u00e1\u0159\u00ed zvukovou vlnu f\u00e1zov\u011b posunutou o 180 stup\u0148\u016f, kter\u00e1 ru\u0161\u00ed problematick\u00e9 frekvence.<\/p>\n<p><strong>Mo\u017enosti v\u00fdfukov\u00e9ho potrub\u00ed<\/strong><\/p>\n<p>\u0158idi\u010di si mohou vybrat mezi chromov\u011b st\u0159\u00edbrn\u00fdmi nebo diamantov\u011b \u010dern\u00fdmi, dvoust\u011bnn\u00fdmi 5palcov\u00fdmi koncovkami v\u00fdfuku se zkosen\u00fdm v\u00fdbrusem. Ka\u017ed\u00e1 z koncovek m\u00e1 vyra\u017een\u00e9 logo AWE, aby ka\u017ed\u00fd v\u011bd\u011bl, ke kter\u00e9mu t\u00fdmu pat\u0159\u00edte.<\/p>\n<p><strong>Co je sou\u010d\u00e1st\u00ed dod\u00e1vky?<\/strong><\/p>\n<p>Kompletn\u00ed v\u00fdfuk 0FG catback, dv\u011b 5\u2033 koncovky s lomen\u00fdm \u0159ezem v po\u017eadovan\u00e9m designu a v\u0161echny pot\u0159ebn\u00e9 d\u00edly pro mont\u00e1\u017e.<\/p>\n<p>&nbsp;<\/p>\n<ul>\n<li>Skute\u010dn\u00e1 konfigurace dvojit\u00e9ho 3\u2033 catbacku<\/li>\n<li>D\u00edky patentovan\u00e9mu \u0159e\u0161en\u00ed spole\u010dnosti AWE pro potla\u010den\u00ed dron\u016f, 180 Technology\u00ae.<\/li>\n<li>Ru\u010dn\u00ed v\u00fdroba z CNC oh\u00fdban\u00e9 nerezov\u00e9 oceli T304L vyroben\u00e9 v USA s tlou\u0161\u0165kou st\u011bny 0,065\u2033.<\/li>\n<li>Charakteristick\u00e9 dvoust\u011bnn\u00e9 5palcov\u00e9 koncovky v\u00fdfuku se zkosen\u00fdm \u0159ezem jsou k dispozici v chromov\u011b st\u0159\u00edbrn\u00e9 a diamantov\u011b \u010dern\u00e9 barv\u011b.<\/li>\n<li>Speci\u00e1ln\u011b vyroben\u00e1 H-trubka s rezonan\u010dn\u00edm efektem pro hlubok\u00fd, kultivovan\u00fd zvuk motoru.<\/li>\n<li>Navr\u017eeno pro \u017eivot, p\u0159ipraveno na jak\u00fdkoli sc\u00e9n\u00e1\u0159 na t\u00e9to planet\u011b<\/li>\n<li>M\u00e9n\u011b je v\u00edce: \u010dist\u00fd, jednoduch\u00fd design pro maxim\u00e1ln\u00ed v\u00fdkon<\/li>\n<li>Snadn\u00e1 instalace, bez nutnosti \u0159ez\u00e1n\u00ed<\/li>\n<li>Perfektn\u011b sed\u00ed<\/li>\n<\/ul>\n<p>&nbsp;<\/p>\n<p><strong>Vhodn\u00e9 pro:<\/strong><\/p>\n<table width=\"483\">\n<tbody>\n<tr>\n<td width=\"79\"><strong>Rok v\u00fdstavby<\/strong><\/td>\n<td width=\"122\"><strong>Zna\u010dka<\/strong><\/td>\n<td width=\"83\"><strong>Model<\/strong><\/td>\n<td width=\"84\"><strong>Varianta<\/strong><\/td>\n<td width=\"115\"><strong>Motor<\/strong><\/td>\n<\/tr>\n<tr>\n<td width=\"79\">2021-2024<\/td>\n<td width=\"122\">RAM<\/td>\n<td width=\"83\">1500 TRX<\/td>\n<td width=\"84\">HEMI<\/td>\n<td width=\"115\">V8 6,2 l (sc)<\/td>\n<\/tr>\n<\/tbody>\n<\/table>\n<p>&nbsp;<\/p>\n<p><iframe loading=\"lazy\" title=\"P\u0159ehr\u00e1va\u010d vide\u00ed YouTube\" src=\"https:\/\/www.youtube.com\/embed\/B1K1AXN2-1M\" width=\"871\" height=\"490\" frameborder=\"0\" allowfullscreen=\"allowfullscreen\"><\/iframe><\/p>\n<p>&nbsp;<\/p>","protected":false},"excerpt":{"rendered":"<p>2021\u20132024<\/p>","protected":false},"featured_media":68278785,"comment_status":"open","ping_status":"closed","template":"","meta":{"_acf_changed":false},"product_brand":[],"product_cat":[3024,6635],"product_tag":[2910,475,2066,2907,2908,1035,1036,546,2909,3971,1047,2210,1052,2342,204,20273,1040,86,2435,2899,547,1034,1038,2353],"class_list":{"0":"post-68258543","1":"product","2":"type-product","3":"status-publish","4":"has-post-thumbnail","6":"product_cat-nicht-nach-eu","7":"product_cat-trx-abgasanlage-catback","8":"product_tag-0fg","9":"product_tag-475","10":"product_tag-2066","11":"product_tag-3015-32004","12":"product_tag-3015-33005","13":"product_tag-abgasanlage","14":"product_tag-abgassystem","15":"product_tag-auspuff","16":"product_tag-awe","17":"product_tag-awe-exhaust","18":"product_tag-cat-back","19":"product_tag-catback","20":"product_tag-delete","21":"product_tag-entfernung","22":"product_tag-ersatz","23":"product_tag-keintuev","24":"product_tag-laut","25":"product_tag-ram","26":"product_tag-rohr","27":"product_tag-schalldaempfer","28":"product_tag-sportauspuff","29":"product_tag-sportauspuffanlage","30":"product_tag-sportendschalldaempfer","31":"product_tag-trx","32":"product_shipping_class-spedition-1","34":"first","35":"onbackorder","36":"taxable","37":"shipping-taxable","38":"purchasable","39":"product-type-variable"},"bundled_by":[],"bundle_stock_status":"onbackorder","bundle_stock_quantity":0,"bundle_virtual":false,"bundle_layout":"","bundle_add_to_cart_form_location":"","bundle_editable_in_cart":false,"bundle_sold_individually_context":"","bundle_item_grouping":"","bundle_min_size":"","bundle_max_size":"","bundle_price":[],"bundled_items":[],"bundle_sell_ids":[],"exclude_global_add_ons":[],"addons":[],"acf":[],"_links":{"self":[{"href":"https:\/\/kraftwerk-shop.cc\/cs\/wp-json\/wp\/v2\/product\/68258543","targetHints":{"allow":["GET"]}}],"collection":[{"href":"https:\/\/kraftwerk-shop.cc\/cs\/wp-json\/wp\/v2\/product"}],"about":[{"href":"https:\/\/kraftwerk-shop.cc\/cs\/wp-json\/wp\/v2\/types\/product"}],"replies":[{"embeddable":true,"href":"https:\/\/kraftwerk-shop.cc\/cs\/wp-json\/wp\/v2\/comments?post=68258543"}],"version-history":[{"count":0,"href":"https:\/\/kraftwerk-shop.cc\/cs\/wp-json\/wp\/v2\/product\/68258543\/revisions"}],"wp:featuredmedia":[{"embeddable":true,"href":"https:\/\/kraftwerk-shop.cc\/cs\/wp-json\/wp\/v2\/media\/68278785"}],"wp:attachment":[{"href":"https:\/\/kraftwerk-shop.cc\/cs\/wp-json\/wp\/v2\/media?parent=68258543"}],"wp:term":[{"taxonomy":"product_brand","embeddable":true,"href":"https:\/\/kraftwerk-shop.cc\/cs\/wp-json\/wp\/v2\/product_brand?post=68258543"},{"taxonomy":"product_cat","embeddable":true,"href":"https:\/\/kraftwerk-shop.cc\/cs\/wp-json\/wp\/v2\/product_cat?post=68258543"},{"taxonomy":"product_tag","embeddable":true,"href":"https:\/\/kraftwerk-shop.cc\/cs\/wp-json\/wp\/v2\/product_tag?post=68258543"}],"curies":[{"name":"wp","href":"https:\/\/api.w.org\/{rel}","templated":true}]}}