{"id":68258596,"date":"2021-12-13T17:00:10","date_gmt":"2021-12-13T16:00:10","guid":{"rendered":"https:\/\/kraftwerk-gruppe.de\/?post_type=product&#038;p=68258596"},"modified":"2026-02-15T00:59:57","modified_gmt":"2026-02-14T23:59:57","slug":"awe-vyfukovy-system-jeep-grand-cherokee-srt-trackhawk","status":"publish","type":"product","link":"https:\/\/kraftwerk-shop.cc\/cs\/produkt\/awe-abgasanlage-jeep-grand-cherokee-srt-trackhawk\/","title":{"rendered":"V\u00fdfukov\u00fd syst\u00e9m AWE pro Jeep Grand Cherokee SRT &amp; Trackhawk"},"content":{"rendered":"<h1>V\u00fdfukov\u00fd syst\u00e9m AWE pro Jeep Grand Cherokee SRT &amp; Trackhawk<\/h1>\n<p>&nbsp;<\/p>\n<ul>\n<li>K dispozici je sofistikovan\u00e1 edice Touring a neok\u00e1zal\u00e1 edice Track.<\/li>\n<li>Precizn\u011b vyroben\u00e1 B-trubice ve v\u0161ech verz\u00edch pro hlubok\u00fd a bohat\u00fd zvuk<\/li>\n<li>Navr\u017eeno, zkonstruov\u00e1no a vyrobeno spole\u010dnost\u00ed AWE v USA.<\/li>\n<li>Maxim\u00e1ln\u00ed zv\u00fd\u0161en\u00ed to\u010div\u00e9ho momentu o 16 NM a v\u00fdkonu na kolech o 3 k<\/li>\n<li>Edice Touring je vybavena patentovanou technologi\u00ed Drone-Cancelling 180 Technology\u00ae, kter\u00e1 byla vyvinuta speci\u00e1ln\u011b pro motor 6,4 l HEMI V8.<\/li>\n<li>Ru\u010dn\u00ed v\u00fdroba z 3\u2033 CNC oh\u00fdban\u00e9 nerezov\u00e9 oceli T304L o tlou\u0161\u0165ce 0,065\u2033 vyroben\u00e9 v USA.<\/li>\n<li>M\u00e9n\u011b je v\u00edce: \u010dist\u00fd, jednoduch\u00fd design pro maxim\u00e1ln\u00ed v\u00fdkon<\/li>\n<li>Snadn\u00e1 instalace<\/li>\n<li>Perfektn\u011b sed\u00ed<\/li>\n<li>Na v\u00fdb\u011br jsou dv\u011b koncovky v\u00fdfuku o pr\u016fm\u011bru 5\u2033 v chromov\u011b st\u0159\u00edbrn\u00e9 nebo diamantov\u011b \u010dern\u00e9 barv\u011b.<\/li>\n<\/ul>\n<p>&nbsp;<\/p>\n<h3><strong>\u00a0<\/strong><\/h3>\n<p><strong>V\u00fdfukov\u00fd syst\u00e9m Touring Edition<\/strong><\/p>\n<p>Touring Edition je celoplo\u0161n\u00fd 3palcov\u00fd v\u00fdfuk z nerezov\u00e9 oceli, kter\u00fd poskytuje optim\u00e1ln\u00ed v\u00fdkon bez dun\u011bn\u00ed v cel\u00e9m rozsahu ot\u00e1\u010dek. D\u00edky precizn\u011b zkonstruovan\u00e9mu H-pipe a patentovan\u00e9mu \u0159e\u0161en\u00ed AWE pro potla\u010den\u00ed dron\u016f, 180 Technology\u00ae, poskytuje v\u00fdfukov\u00fd syst\u00e9m Touring Edition hlubok\u00fd a bohat\u00fd zvuk motoru.<\/p>\n<p>Dokonal\u00fd zvuk d\u00edky technologii AWE 180 Technology\u00ae<\/p>\n<p>Kdy\u017e v\u00fdfukov\u00e9 plyny vych\u00e1zej\u00ed z motoru HEMI a proud\u00ed do rezon\u00e1toru vybaven\u00e9ho technologi\u00ed AWE 180 Technology\u00ae, jsou strategicky um\u00edst\u011bn\u00fdmi otvory vedeny do reflexn\u00edch komor. Zvukov\u00e9 vlny p\u0159en\u00e1\u0161en\u00e9 v\u00fdfukov\u00fdmi plyny se odr\u00e1\u017eej\u00ed od st\u011bn odrazov\u00fdch komor. \u0158\u00edzen\u00edm velikosti a polohy otvor\u016f a komor \u0159\u00edd\u00edme tak\u00e9 okam\u017eik, kdy zvukov\u00e9 vlny komory opust\u00ed. Konkr\u00e9tn\u00ed \u010das, kdy se odra\u017een\u00e9 zvukov\u00e9 vlny vracej\u00ed do hlavn\u00edho proudu v\u00fdfukov\u00fdch plyn\u016f, vytv\u00e1\u0159\u00ed zvukovou vlnu, kter\u00e1 je o sto osmdes\u00e1t stup\u0148\u016f mimo f\u00e1zi, \u010d\u00edm\u017e se ru\u0161\u00ed problematick\u00e9 frekvence. V\u00edce informac\u00ed o technologii AWE 180 Technology\u00ae najdete na v\u00fd\u0161e uveden\u00e9 str\u00e1nce.<\/p>\n<p>&nbsp;<\/p>\n<p><strong>V\u00fdfukov\u00fd syst\u00e9m Track Edition<\/strong><\/p>\n<p>Pro ty, kte\u0159\u00ed maj\u00ed r\u00e1di drsn\u00fd a robustn\u00ed styl, je ur\u010dena edice Track Edition. Track Edition m\u00e1 stejn\u00e9 integrovan\u00e9 H-v\u00fdfukov\u00e9 potrub\u00ed a precizn\u00ed technologii jako Touring Edition, ale bez patentovan\u00e9 technologie 180 Technology\u00ae spole\u010dnosti AWE pro potla\u010den\u00ed hluku.<\/p>\n<p>Rezon\u00e1tory 180 Technology\u00ae v zadn\u00ed \u010d\u00e1sti jsou nahrazeny rovn\u00fdmi d\u00edly z verze Track Edition. V d\u016fsledku toho je tato verze zn\u00e1m\u00e1 t\u00edm, \u017ee p\u0159i akceleraci a deceleraci ve st\u0159edn\u00edm p\u00e1smu je (opravdu) agresivn\u00ed a pro mnoh\u00e9 m\u016f\u017ee b\u00fdt p\u0159\u00edli\u0161 hlasit\u00e1. Byli jste varov\u00e1ni.<\/p>\n<p>&nbsp;<\/p>\n<p><strong>Konverzn\u00ed sady<\/strong><\/p>\n<p>Spole\u010dnost AWE umo\u017enila snadnou konverzi mezi edicemi Track a Touring, pokud se pozd\u011bji rozhodnete zm\u011bnit objem.<br \/>\nZa t\u00edmto \u00fa\u010delem n\u00e1s pros\u00edm kontaktujte p\u0159\u00edmo.<\/p>\n<p>&nbsp;<\/p>\n<p><strong>Mo\u017enosti v\u00fdfukov\u00e9ho potrub\u00ed<\/strong><\/p>\n<p>V\u00fdfukov\u00e9 syst\u00e9my Touring Edition a Track Edition jsou k dispozici s dvoust\u011bnn\u00fdmi 5palcov\u00fdmi koncovkami v\u00fdfuku v diamantov\u011b \u010dern\u00e9 nebo chromov\u011b st\u0159\u00edbrn\u00e9 barv\u011b. Pokud d\u00e1v\u00e1te p\u0159ednost nen\u00e1padnosti, jsou v\u00fdfukov\u00e9 syst\u00e9my AWE k dispozici tak\u00e9 s tov\u00e1rn\u00edmi koncovkami v\u00fdfuku.<br \/>\nPro Tackhawk lze pou\u017e\u00edt pouze origin\u00e1ln\u00ed v\u00fdfuky.<\/p>\n<p>&nbsp;<\/p>\n<p><strong>Co je sou\u010d\u00e1st\u00ed dod\u00e1vky?<\/strong><\/p>\n<p>Kompletn\u00ed v\u00fdfukov\u00fd syst\u00e9m Touring nebo Track Edition a v\u0161echny pot\u0159ebn\u00e9 d\u00edly pro instalaci.<\/p>\n<p>&nbsp;<\/p>\n<p>&nbsp;<\/p>\n<p><strong>Vhodn\u00e9 pro:<\/strong><\/p>\n<table width=\"507\">\n<tbody>\n<tr>\n<td width=\"83\"><strong>Rok v\u00fdstavby<\/strong><\/td>\n<td width=\"76\"><strong>Zna\u010dka<\/strong><\/td>\n<td width=\"142\"><strong>Model<\/strong><\/td>\n<td width=\"123\"><strong>Varianta<\/strong><\/td>\n<td width=\"83\"><strong>Motor<\/strong><\/td>\n<\/tr>\n<tr>\n<td width=\"83\">2018\u20132021<\/td>\n<td width=\"76\">Jeep<\/td>\n<td width=\"142\">Grand Cherokee<\/td>\n<td width=\"123\">Trackhawk<\/td>\n<td width=\"83\">V8 6,2 L<\/td>\n<\/tr>\n<tr>\n<td width=\"83\">2014\u20132021<\/td>\n<td width=\"76\">Jeep<\/td>\n<td width=\"142\">Grand Cherokee<\/td>\n<td width=\"123\">SRT<\/td>\n<td width=\"83\">V8 6,4 L<\/td>\n<\/tr>\n<\/tbody>\n<\/table>\n<p>&nbsp;<\/p>\n<p><iframe loading=\"lazy\" title=\"P\u0159ehr\u00e1va\u010d vide\u00ed YouTube\" src=\"https:\/\/www.youtube.com\/embed\/FYRzp7f0eVk\" width=\"400\" height=\"225\" frameborder=\"0\" allowfullscreen=\"allowfullscreen\"><span data-mce-type=\"bookmark\" style=\"display: inline-block; width: 0px; overflow: hidden; line-height: 0;\" class=\"mce_SELRES_start\"><\/span><\/iframe> <iframe loading=\"lazy\" title=\"P\u0159ehr\u00e1va\u010d vide\u00ed YouTube\" src=\"https:\/\/www.youtube.com\/embed\/141epH6RX2g\" width=\"400\" height=\"225\" frameborder=\"0\" allowfullscreen=\"allowfullscreen\"><\/iframe><\/p>\n<p><iframe loading=\"lazy\" title=\"P\u0159ehr\u00e1va\u010d vide\u00ed YouTube\" src=\"https:\/\/www.youtube.com\/embed\/6UaACJWqMpA\" width=\"400\" height=\"225\" frameborder=\"0\" allowfullscreen=\"allowfullscreen\"><\/iframe> <iframe loading=\"lazy\" title=\"P\u0159ehr\u00e1va\u010d vide\u00ed YouTube\" src=\"https:\/\/www.youtube.com\/embed\/F5Mm6tSO0vk\" width=\"400\" height=\"225\" frameborder=\"0\" allowfullscreen=\"allowfullscreen\"><\/iframe><\/p>\n<p style=\"text-align: center;\"><iframe loading=\"lazy\" title=\"P\u0159ehr\u00e1va\u010d vide\u00ed YouTube\" src=\"https:\/\/www.youtube.com\/embed\/68pYmOJaZ8s\" width=\"400\" height=\"225\" frameborder=\"0\" allowfullscreen=\"allowfullscreen\"><span data-mce-type=\"bookmark\" style=\"display: inline-block; width: 0px; overflow: hidden; line-height: 0;\" class=\"mce_SELRES_start\"><\/span><\/iframe><\/p>\n<p>&nbsp;<\/p>\n<p>&nbsp;<\/p>","protected":false},"excerpt":{"rendered":"<p>Vhodn\u00e9 od roku 2014<\/p>","protected":false},"featured_media":68278742,"comment_status":"open","ping_status":"closed","template":"","meta":{"_acf_changed":false},"product_brand":[],"product_cat":[3024,6632,6589],"product_tag":[248,249,250,251,252,419,420,2066,2966,2968,2970,2965,2967,2969,2972,2971,2974,2973,91,101,93,1035,1036,546,2909,3971,1047,2210,1052,2976,2342,204,56,126,50,4425,4427,4426,20273,1040,2435,2899,547,1034,1038,96,1057,2439,102],"class_list":{"0":"post-68258596","1":"product","2":"type-product","3":"status-publish","4":"has-post-thumbnail","6":"product_cat-nicht-nach-eu","7":"product_cat-trackhawk-abgasanlage-catback","8":"product_cat-grand-cherokee-64-abgasanlage-catback","9":"product_tag-248","10":"product_tag-249","11":"product_tag-250","12":"product_tag-251","13":"product_tag-252","14":"product_tag-419","15":"product_tag-420","16":"product_tag-2066","17":"product_tag-3015-31017","18":"product_tag-3015-32123","19":"product_tag-3015-33121","20":"product_tag-3020-31023","21":"product_tag-3020-32061","22":"product_tag-3020-33051","23":"product_tag-3815-31001","24":"product_tag-3815-31009","25":"product_tag-3820-31003","26":"product_tag-3820-31007","27":"product_tag-5-7","28":"product_tag-6-2","29":"product_tag-6-4","30":"product_tag-abgasanlage","31":"product_tag-abgassystem","32":"product_tag-auspuff","33":"product_tag-awe","34":"product_tag-awe-exhaust","35":"product_tag-cat-back","36":"product_tag-catback","37":"product_tag-delete","38":"product_tag-edition","39":"product_tag-entfernung","40":"product_tag-ersatz","41":"product_tag-grand-cherokee","42":"product_tag-hemi","43":"product_tag-jeep","44":"product_tag-jeep-grand-cherokee","45":"product_tag-jeep-grand-cherokee-trackhawk","46":"product_tag-jeep-trackhawk","47":"product_tag-keintuev","48":"product_tag-laut","49":"product_tag-rohr","50":"product_tag-schalldaempfer","51":"product_tag-sportauspuff","52":"product_tag-sportauspuffanlage","53":"product_tag-sportendschalldaempfer","54":"product_tag-srt","55":"product_tag-touring","56":"product_tag-track","57":"product_tag-trackhawk","58":"product_shipping_class-spedition-1","60":"first","61":"onbackorder","62":"taxable","63":"shipping-taxable","64":"purchasable","65":"product-type-variable"},"bundled_by":[],"bundle_stock_status":"onbackorder","bundle_stock_quantity":0,"bundle_virtual":false,"bundle_layout":"","bundle_add_to_cart_form_location":"","bundle_editable_in_cart":false,"bundle_sold_individually_context":"","bundle_item_grouping":"","bundle_min_size":"","bundle_max_size":"","bundle_price":[],"bundled_items":[],"bundle_sell_ids":[],"exclude_global_add_ons":[],"addons":[],"acf":[],"_links":{"self":[{"href":"https:\/\/kraftwerk-shop.cc\/cs\/wp-json\/wp\/v2\/product\/68258596","targetHints":{"allow":["GET"]}}],"collection":[{"href":"https:\/\/kraftwerk-shop.cc\/cs\/wp-json\/wp\/v2\/product"}],"about":[{"href":"https:\/\/kraftwerk-shop.cc\/cs\/wp-json\/wp\/v2\/types\/product"}],"replies":[{"embeddable":true,"href":"https:\/\/kraftwerk-shop.cc\/cs\/wp-json\/wp\/v2\/comments?post=68258596"}],"version-history":[{"count":0,"href":"https:\/\/kraftwerk-shop.cc\/cs\/wp-json\/wp\/v2\/product\/68258596\/revisions"}],"wp:featuredmedia":[{"embeddable":true,"href":"https:\/\/kraftwerk-shop.cc\/cs\/wp-json\/wp\/v2\/media\/68278742"}],"wp:attachment":[{"href":"https:\/\/kraftwerk-shop.cc\/cs\/wp-json\/wp\/v2\/media?parent=68258596"}],"wp:term":[{"taxonomy":"product_brand","embeddable":true,"href":"https:\/\/kraftwerk-shop.cc\/cs\/wp-json\/wp\/v2\/product_brand?post=68258596"},{"taxonomy":"product_cat","embeddable":true,"href":"https:\/\/kraftwerk-shop.cc\/cs\/wp-json\/wp\/v2\/product_cat?post=68258596"},{"taxonomy":"product_tag","embeddable":true,"href":"https:\/\/kraftwerk-shop.cc\/cs\/wp-json\/wp\/v2\/product_tag?post=68258596"}],"curies":[{"name":"wp","href":"https:\/\/api.w.org\/{rel}","templated":true}]}}