{"id":68258928,"date":"2021-12-16T17:20:02","date_gmt":"2021-12-16T16:20:02","guid":{"rendered":"https:\/\/kraftwerk-gruppe.de\/?post_type=product&#038;p=68258928"},"modified":"2026-02-15T00:53:59","modified_gmt":"2026-02-14T23:53:59","slug":"mbrp-s5530blk-jeep-wrangler-cat-back","status":"publish","type":"product","link":"https:\/\/kraftwerk-shop.cc\/cs\/produkt\/mbrp-s5530blk-jeep-wrangler-cat-back\/","title":{"rendered":"V\u00fdfukov\u00fd syst\u00e9m MBRP Race Profile Cat-Back Jeep Wrangler 3.6"},"content":{"rendered":"<h1>MBRP BLK Series Cat-Back Single Performance v\u00fdfukov\u00fd syst\u00e9m pro Jeep Wrangler 3.6<\/h1>\n<p>&nbsp;<\/p>\n<p>V\u00fdfukov\u00fd syst\u00e9m MBRP S5530BLK Armor BLK Series Cat-Back dod\u00e1 va\u0161emu vozu Jeep Wrangler s benz\u00ednov\u00fdm motorem 3,6 l V6 z let 2012 a\u017e 2018 agresivn\u00ed zvuk a v\u00fdrazn\u00fd vzhled. Tento syst\u00e9m je vyroben z aluminizovan\u00e9 oceli s \u010dern\u00fdm povrchem a nab\u00edz\u00ed kombinaci v\u00fdkonu, stylu a odolnosti pro pou\u017eit\u00ed v ter\u00e9nu.<\/p>\n<p>V\u00fdfukov\u00fd syst\u00e9m MBRP S5530BLK nab\u00edz\u00ed vynikaj\u00edc\u00ed kombinaci v\u00fdkonu, zvuku a stylu. Je ide\u00e1ln\u00ed pro majitele voz\u016f Jeep Wrangler JK\/JKU, kte\u0159\u00ed hledaj\u00ed spolehliv\u00e9 a v\u00fdkonn\u00e9 zvukov\u00e9 \u0159e\u0161en\u00ed v\u00fdfuku pro ka\u017edodenn\u00ed pou\u017eit\u00ed i sportovn\u00ed j\u00edzdu.<\/p>\n<p>&nbsp;<\/p>\n<p><strong>Hlavn\u00ed funkce:<\/strong><\/p>\n<ul>\n<li>Materi\u00e1l: Hlin\u00edkov\u00e1 ocel s \u010dern\u00fdm pr\u00e1\u0161kov\u00fdm n\u00e1t\u011brem<\/li>\n<li>Pr\u016fm\u011br v\u00fdfuku: 2,5 palce (63,5 mm)<\/li>\n<li>V\u00fdfukov\u00e1 roura: Konstrukce se z\u00fa\u017een\u00edm pro lep\u0161\u00ed pr\u016ftok v\u00fdfukov\u00fdch plyn\u016f a vhodnost pro j\u00edzdu v ter\u00e9nu.<\/li>\n<li>Zvukov\u00fd profil: \u201eRace Profile\u201c - agresivn\u00ed, sportovn\u00ed zvuk<\/li>\n<li>Mont\u00e1\u017e: Jednoduch\u00e1 instalace \u0161rouby bez sva\u0159ov\u00e1n\u00ed; pou\u017e\u00edv\u00e1 dr\u017e\u00e1ky OEM<\/li>\n<\/ul>\n<p>&nbsp;<\/p>\n<p><strong>Zlep\u0161en\u00ed v\u00fdkonu:<\/strong><\/p>\n<ul>\n<li>Optimalizovan\u00fd pr\u016ftok spalin d\u00edky trubk\u00e1m oh\u00fdban\u00fdm v trnu<\/li>\n<li>Vy\u0161\u0161\u00ed to\u010div\u00fd moment a lep\u0161\u00ed odezva na se\u0161l\u00e1pnut\u00ed plynu<\/li>\n<li>Sn\u00ed\u017een\u00ed teploty spalin d\u00edky efektivn\u00edmu veden\u00ed spalin<\/li>\n<\/ul>\n<p>&nbsp;<\/p>\n<p><strong>N\u00e1vrh a zpracov\u00e1n\u00ed:<\/strong><\/p>\n<ul>\n<li>Robustn\u00ed \u010dern\u00e1 pr\u00e1\u0161kov\u00e1 barva pro zv\u00fd\u0161enou odolnost proti korozi a atraktivn\u00ed vzhled<\/li>\n<li>Konstrukce v\u00fdfukov\u00e9ho potrub\u00ed se skl\u00e1p\u011bn\u00edm minimalizuje riziko po\u0161kozen\u00ed p\u0159i j\u00edzd\u011b v ter\u00e9nu.<\/li>\n<\/ul>\n<p>&nbsp;<\/p>\n<p>&nbsp;<\/p>\n<p><strong>V\u00fdfukov\u00fd syst\u00e9m MBRP S5530BLK Cat Back je vhodn\u00fd pro n\u00e1sleduj\u00edc\u00ed modely:<\/strong><\/p>\n<table width=\"437\">\n<tbody>\n<tr>\n<td width=\"122\"><strong>Zna\u010dka<\/strong><\/td>\n<td width=\"136\"><strong>Model<\/strong><\/td>\n<td width=\"96\"><strong>Motor<\/strong><\/td>\n<td width=\"83\"><strong>Rok v\u00fdstavby<\/strong><\/td>\n<\/tr>\n<tr>\n<td>Jeep<\/td>\n<td>Wrangler<\/td>\n<td>3.6<\/td>\n<td>2012\u20132017<\/td>\n<\/tr>\n<tr>\n<td>Jeep<\/td>\n<td>Wrangler JK<\/td>\n<td>3.6<\/td>\n<td>2018<\/td>\n<\/tr>\n<\/tbody>\n<\/table>\n<p>&nbsp;<\/p>\n<p><iframe loading=\"lazy\" title=\"P\u0159ehr\u00e1va\u010d vide\u00ed YouTube\" src=\"https:\/\/www.youtube.com\/embed\/y-_GRKeYA1U\" width=\"882\" height=\"496\" frameborder=\"0\" allowfullscreen=\"allowfullscreen\"><\/iframe><\/p>","protected":false},"excerpt":{"rendered":"<p>2012\u20132018<\/p>","protected":false},"featured_media":68267021,"comment_status":"open","ping_status":"closed","template":"","meta":{"_acf_changed":false},"product_brand":[17169],"product_cat":[19713,3024],"product_tag":[177,165,248,249,250,251,252,1046,1035,1036,546,1037,1047,2210,429,1043,1039,1042,2786,2212,2934,532,529,441,20273,2211,1040,2208,2286,2931,6924,1044,1181,2964,1045,1041,547,1034,1038,2215,233,2139,2137],"class_list":{"0":"post-68258928","1":"product","2":"type-product","3":"status-publish","4":"has-post-thumbnail","6":"product_brand-mbrp","7":"product_cat-wrangler-36-jk-abgasanlage","8":"product_cat-nicht-nach-eu","9":"product_tag-177","10":"product_tag-165","11":"product_tag-248","12":"product_tag-249","13":"product_tag-250","14":"product_tag-251","15":"product_tag-252","16":"product_tag-abe","17":"product_tag-abgasanlage","18":"product_tag-abgassystem","19":"product_tag-auspuff","20":"product_tag-auspuffsystem","21":"product_tag-cat-back","22":"product_tag-catback","23":"product_tag-deutschland","24":"product_tag-endrohr","25":"product_tag-endschalldaempfer","26":"product_tag-endtopf","27":"product_tag-exhaust","28":"product_tag-gutachten","29":"product_tag-harder","30":"product_tag-kat","31":"product_tag-katalysator","32":"product_tag-kaufen","33":"product_tag-keintuev","34":"product_tag-klang","35":"product_tag-laut","36":"product_tag-lauter","37":"product_tag-limited","38":"product_tag-mbrp","39":"product_tag-mbrp10","40":"product_tag-mittelschalldaempfer","41":"product_tag-race","42":"product_tag-s5530blk","43":"product_tag-sound","44":"product_tag-sport","45":"product_tag-sportauspuff","46":"product_tag-sportauspuffanlage","47":"product_tag-sportendschalldaempfer","48":"product_tag-street","49":"product_tag-tuning","50":"product_tag-tuev","51":"product_tag-zulassung","52":"product_shipping_class-spedition-1","54":"first","55":"onbackorder","56":"taxable","57":"shipping-taxable","58":"purchasable","59":"product-type-simple"},"bundled_by":[],"bundle_stock_status":"onbackorder","bundle_stock_quantity":0,"bundle_virtual":false,"bundle_layout":"","bundle_add_to_cart_form_location":"","bundle_editable_in_cart":false,"bundle_sold_individually_context":"","bundle_item_grouping":"","bundle_min_size":"","bundle_max_size":"","bundle_price":[],"bundled_items":[],"bundle_sell_ids":[],"exclude_global_add_ons":[],"addons":[],"acf":[],"_links":{"self":[{"href":"https:\/\/kraftwerk-shop.cc\/cs\/wp-json\/wp\/v2\/product\/68258928","targetHints":{"allow":["GET"]}}],"collection":[{"href":"https:\/\/kraftwerk-shop.cc\/cs\/wp-json\/wp\/v2\/product"}],"about":[{"href":"https:\/\/kraftwerk-shop.cc\/cs\/wp-json\/wp\/v2\/types\/product"}],"replies":[{"embeddable":true,"href":"https:\/\/kraftwerk-shop.cc\/cs\/wp-json\/wp\/v2\/comments?post=68258928"}],"version-history":[{"count":0,"href":"https:\/\/kraftwerk-shop.cc\/cs\/wp-json\/wp\/v2\/product\/68258928\/revisions"}],"wp:featuredmedia":[{"embeddable":true,"href":"https:\/\/kraftwerk-shop.cc\/cs\/wp-json\/wp\/v2\/media\/68267021"}],"wp:attachment":[{"href":"https:\/\/kraftwerk-shop.cc\/cs\/wp-json\/wp\/v2\/media?parent=68258928"}],"wp:term":[{"taxonomy":"product_brand","embeddable":true,"href":"https:\/\/kraftwerk-shop.cc\/cs\/wp-json\/wp\/v2\/product_brand?post=68258928"},{"taxonomy":"product_cat","embeddable":true,"href":"https:\/\/kraftwerk-shop.cc\/cs\/wp-json\/wp\/v2\/product_cat?post=68258928"},{"taxonomy":"product_tag","embeddable":true,"href":"https:\/\/kraftwerk-shop.cc\/cs\/wp-json\/wp\/v2\/product_tag?post=68258928"}],"curies":[{"name":"wp","href":"https:\/\/api.w.org\/{rel}","templated":true}]}}