{"id":68259036,"date":"2021-12-17T17:03:33","date_gmt":"2021-12-17T16:03:33","guid":{"rendered":"https:\/\/kraftwerk-gruppe.de\/?post_type=product&#038;p=68259036"},"modified":"2026-02-15T00:05:54","modified_gmt":"2026-02-14T23:05:54","slug":"magnaflow-19416-jeep-wrangler","status":"publish","type":"product","link":"https:\/\/kraftwerk-shop.cc\/cs\/produkt\/magnaflow-19416-jeep-wrangler\/","title":{"rendered":"V\u00fdfukov\u00fd syst\u00e9m MagnaFlow Street Series Jeep Wrangler 3.6L"},"content":{"rendered":"<h1>V\u00fdfukov\u00fd syst\u00e9m MagnaFlow Street Series pro Jeep Wrangler 3.6L<\/h1>\n<p>&nbsp;<\/p>\n<p>Z\u00e1vazek spole\u010dnosti MagnaFlow vyv\u00edjet a vyr\u00e1b\u011bt nejlep\u0161\u00ed sportovn\u00ed v\u00fdfukov\u00e9 syst\u00e9my zaji\u0161\u0165uje vynikaj\u00edc\u00ed zvuk a z\u00e1\u017eitek z j\u00edzdy.<br \/>\nVyrobeno z vysoce kvalitn\u00edch materi\u00e1l\u016f, navr\u017eeno pro optim\u00e1ln\u00ed p\u0159izp\u016fsoben\u00ed a v\u00fdkon.<br \/>\nV\u00fdkonn\u00fd v\u00fdfukov\u00fd syst\u00e9m \u0159ady Street Series z nerezov\u00e9 oceli p\u0159in\u00e1\u0161\u00ed dynamicky ov\u011b\u0159en\u00fd n\u00e1r\u016fst v\u00fdkonu s p\u0159\u00edjemn\u00fdm zvukem v interi\u00e9ru a siln\u00fdm zvukem navenek.<\/p>\n<p>&nbsp;<\/p>\n<p><img decoding=\"async\" class=\"alignnone size-medium wp-image-68256544\" src=\"https:\/\/kraftwerk-shop.cc\/wp-content\/uploads\/2021\/10\/19225_MagnaFlow_Sound-1-300x130.jpg\" alt=\"MagnaFlow 19225 Zvuk\" width=\"300\" height=\"130\" \/><\/p>\n<p>&nbsp;<\/p>\n<p>MagnaFlow Street Series 19416 je vhodn\u00fd pro n\u00e1sleduj\u00edc\u00ed modely:<\/p>\n<table>\n<tbody>\n<tr>\n<td width=\"20%\">2021<\/td>\n<td width=\"20%\">Wrangler<\/td>\n<td width=\"20%\"><\/td>\n<td width=\"20%\">V6 3.6L<\/td>\n<\/tr>\n<tr>\n<td width=\"20%\">2020<\/td>\n<td width=\"20%\">Wrangler<\/td>\n<td width=\"20%\"><\/td>\n<td width=\"20%\">V6 3.6L<\/td>\n<\/tr>\n<tr>\n<td width=\"20%\">2019<\/td>\n<td width=\"20%\">Wrangler<\/td>\n<td width=\"20%\"><\/td>\n<td width=\"20%\">V6 3.6L<\/td>\n<\/tr>\n<tr>\n<td width=\"20%\">2018<\/td>\n<td width=\"20%\">Wrangler<\/td>\n<td width=\"20%\">Neomezen\u00fd sport<\/td>\n<td width=\"20%\">V6 3.6L<\/td>\n<\/tr>\n<tr>\n<td width=\"20%\">2018<\/td>\n<td width=\"20%\">Wrangler<\/td>\n<td width=\"20%\">Unlimited Sport S<\/td>\n<td width=\"20%\">V6 3.6L<\/td>\n<\/tr>\n<tr>\n<td width=\"20%\">2018<\/td>\n<td width=\"20%\">Wrangler<\/td>\n<td width=\"20%\">Neomezen\u00e1 Sahara<\/td>\n<td width=\"20%\">V6 3.6L<\/td>\n<\/tr>\n<tr>\n<td width=\"20%\">2018<\/td>\n<td width=\"20%\">Wrangler<\/td>\n<td width=\"20%\">Neomezen\u00fd Rubikon<\/td>\n<td width=\"20%\">V6 3.6L<\/td>\n<\/tr>\n<tr>\n<td width=\"20%\">2018<\/td>\n<td width=\"20%\">Wrangler<\/td>\n<td width=\"20%\">Neomezen\u00fd Moab<\/td>\n<td width=\"20%\">V6 3.6L<\/td>\n<\/tr>\n<tr>\n<td width=\"20%\">2018<\/td>\n<td width=\"20%\">Wrangler<\/td>\n<td width=\"20%\">Sport<\/td>\n<td width=\"20%\">V6 3.6L<\/td>\n<\/tr>\n<tr>\n<td width=\"20%\">2018<\/td>\n<td width=\"20%\">Wrangler<\/td>\n<td width=\"20%\">Sport S<\/td>\n<td width=\"20%\">V6 3.6L<\/td>\n<\/tr>\n<tr>\n<td width=\"20%\">2018<\/td>\n<td width=\"20%\">Wrangler<\/td>\n<td width=\"20%\">Rubikon<\/td>\n<td width=\"20%\">V6 3.6L<\/td>\n<\/tr>\n<\/tbody>\n<\/table>\n<p><iframe loading=\"lazy\" title=\"P\u0159ehr\u00e1va\u010d vide\u00ed YouTube\" src=\"https:\/\/www.youtube.com\/embed\/tDLkNw3hYwE\" width=\"882\" height=\"496\" frameborder=\"0\" allowfullscreen=\"allowfullscreen\"><\/iframe><\/p>","protected":false},"excerpt":{"rendered":"<p>2018\u20132021<\/p>","protected":false},"featured_media":68267102,"comment_status":"open","ping_status":"closed","template":"","meta":{"_acf_changed":false},"product_brand":[18925],"product_cat":[2947,3024],"product_tag":[2987,252,419,420,2066,1046,1035,1036,546,1037,1047,2210,662,1043,1039,1042,2981,2212,2934,2982,50,532,529,20273,2211,1040,2208,2062,1044,2986,2980,2984,1041,547,1034,1038,2215,233,2139,2979,2983,175,2137],"class_list":{"0":"post-68259036","1":"product","2":"type-product","3":"status-publish","4":"has-post-thumbnail","6":"product_brand-magnaflow","7":"product_cat-wrangler-36-abgasanlage","8":"product_cat-nicht-nach-eu","9":"product_tag-2987","10":"product_tag-252","11":"product_tag-419","12":"product_tag-420","13":"product_tag-2066","14":"product_tag-abe","15":"product_tag-abgasanlage","16":"product_tag-abgassystem","17":"product_tag-auspuff","18":"product_tag-auspuffsystem","19":"product_tag-cat-back","20":"product_tag-catback","21":"product_tag-edelstahl","22":"product_tag-endrohr","23":"product_tag-endschalldaempfer","24":"product_tag-endtopf","25":"product_tag-freedom","26":"product_tag-gutachten","27":"product_tag-harder","28":"product_tag-islander","29":"product_tag-jeep","30":"product_tag-kat","31":"product_tag-katalysator","32":"product_tag-keintuev","33":"product_tag-klang","34":"product_tag-laut","35":"product_tag-lauter","36":"product_tag-magnaflow","37":"product_tag-mittelschalldaempfer","38":"product_tag-moab","39":"product_tag-rubicon","40":"product_tag-sahara","41":"product_tag-sport","42":"product_tag-sportauspuff","43":"product_tag-sportauspuffanlage","44":"product_tag-sportendschalldaempfer","45":"product_tag-street","46":"product_tag-tuning","47":"product_tag-tuev","48":"product_tag-unlimited","49":"product_tag-willys","50":"product_tag-wrangler","51":"product_tag-zulassung","52":"product_shipping_class-spedition-1","54":"first","55":"onbackorder","56":"taxable","57":"shipping-taxable","58":"purchasable","59":"product-type-simple"},"bundled_by":[],"bundle_stock_status":"onbackorder","bundle_stock_quantity":0,"bundle_virtual":false,"bundle_layout":"","bundle_add_to_cart_form_location":"","bundle_editable_in_cart":false,"bundle_sold_individually_context":"","bundle_item_grouping":"","bundle_min_size":"","bundle_max_size":"","bundle_price":[],"bundled_items":[],"bundle_sell_ids":[],"exclude_global_add_ons":[],"addons":[],"acf":[],"_links":{"self":[{"href":"https:\/\/kraftwerk-shop.cc\/cs\/wp-json\/wp\/v2\/product\/68259036","targetHints":{"allow":["GET"]}}],"collection":[{"href":"https:\/\/kraftwerk-shop.cc\/cs\/wp-json\/wp\/v2\/product"}],"about":[{"href":"https:\/\/kraftwerk-shop.cc\/cs\/wp-json\/wp\/v2\/types\/product"}],"replies":[{"embeddable":true,"href":"https:\/\/kraftwerk-shop.cc\/cs\/wp-json\/wp\/v2\/comments?post=68259036"}],"version-history":[{"count":0,"href":"https:\/\/kraftwerk-shop.cc\/cs\/wp-json\/wp\/v2\/product\/68259036\/revisions"}],"wp:featuredmedia":[{"embeddable":true,"href":"https:\/\/kraftwerk-shop.cc\/cs\/wp-json\/wp\/v2\/media\/68267102"}],"wp:attachment":[{"href":"https:\/\/kraftwerk-shop.cc\/cs\/wp-json\/wp\/v2\/media?parent=68259036"}],"wp:term":[{"taxonomy":"product_brand","embeddable":true,"href":"https:\/\/kraftwerk-shop.cc\/cs\/wp-json\/wp\/v2\/product_brand?post=68259036"},{"taxonomy":"product_cat","embeddable":true,"href":"https:\/\/kraftwerk-shop.cc\/cs\/wp-json\/wp\/v2\/product_cat?post=68259036"},{"taxonomy":"product_tag","embeddable":true,"href":"https:\/\/kraftwerk-shop.cc\/cs\/wp-json\/wp\/v2\/product_tag?post=68259036"}],"curies":[{"name":"wp","href":"https:\/\/api.w.org\/{rel}","templated":true}]}}