{"id":68259067,"date":"2021-12-18T17:05:53","date_gmt":"2021-12-18T16:05:53","guid":{"rendered":"https:\/\/kraftwerk-gruppe.de\/?post_type=product&#038;p=68259067"},"modified":"2026-03-30T11:29:26","modified_gmt":"2026-03-30T09:29:26","slug":"pomocna-tlacitka-tazer-burnbox","status":"publish","type":"product","link":"https:\/\/kraftwerk-shop.cc\/cs\/produkt\/aux-tasten-tazer-burnbox\/","title":{"rendered":"Tla\u010d\u00edtka AUX pro Tazer \/ BurnBox"},"content":{"rendered":"<h1>Tla\u010d\u00edtka AUX pro Tazer \/ BurnBox<\/h1>\n<p>&nbsp;<\/p>\n<p>Tla\u010d\u00edtka AUX od spole\u010dnosti Z Automotive\u00ae p\u0159edstavuj\u00ed jednoduch\u00e9 \u0159e\u0161en\u00ed pro aktivaci mnoha funkc\u00ed Tazer \/ BurnBox jedn\u00edm dotykem.<br \/>\nVym\u011b\u0148te atrapu krytu tla\u010d\u00edtek CRUISE na volantu, ani\u017e byste museli demontovat airbag nebo demontovat volant. Za t\u00edmto \u00fa\u010delem jednodu\u0161e sejm\u011bte atrapu krytu a vlo\u017ete tato t\u0159i funk\u010dn\u00ed tla\u010d\u00edtka.<br \/>\nPomoc\u00ed funkce \"Remap\" na za\u0159\u00edzen\u00ed Tazer nebo BurnBox vyberte, jakou funkci m\u00e1 m\u00edt ka\u017ed\u00e9 ze t\u0159\u00ed tla\u010d\u00edtek. P\u0159i\u0159azen\u00ed m\u016f\u017eete kdykoli a b\u011bhem chvilky zm\u011bnit.<\/p>\n<p>&nbsp;<\/p>\n<p>Funkce, kter\u00e9 m\u016f\u017eete prov\u00e1d\u011bt pomoc\u00ed nov\u00fdch tla\u010d\u00edtek v z\u00e1vislosti na ro\u010dn\u00edku\/modelu, jsou n\u00e1sleduj\u00edc\u00ed.<\/p>\n<p><strong>Tazer<\/strong><\/p>\n<ul>\n<li>P\u0159izp\u016fsoben\u00e1 sv\u011bteln\u00e1 show<\/li>\n<li>Z\u00e1mek linky<\/li>\n<li>Re\u017eim spu\u0161t\u011bn\u00ed<\/li>\n<li>P\u0159ep\u00edn\u00e1n\u00ed kamery\/videa<\/li>\n<li>Zabit\u00ed trakce<\/li>\n<li>Sport \/ Track \/ Vlastn\u00ed re\u017eim j\u00edzdy<\/li>\n<li>Force RWD<\/li>\n<li>Cooldown<\/li>\n<\/ul>\n<p>&nbsp;<\/p>\n<p><strong>BurnBox Hellcat<\/strong><\/p>\n<ul>\n<li>P\u0159izp\u016fsoben\u00e1 sv\u011bteln\u00e1 show<\/li>\n<li>Z\u00e1mek linky<\/li>\n<li>Cooldown<\/li>\n<\/ul>\n<p>&nbsp;<\/p>\n<p><strong>BurnBox G2<\/strong><\/p>\n<ul>\n<li>P\u0159izp\u016fsoben\u00e1 sv\u011bteln\u00e1 show<\/li>\n<li>Z\u00e1mek linky<\/li>\n<\/ul>\n<p>&nbsp;<\/p>\n<p>D\u016fle\u017eit\u00e9: existuj\u00ed 2 r\u016fzn\u00e1 proveden\u00ed. P\u0159ed objedn\u00e1n\u00edm se ujist\u011bte, kter\u00e9 z t\u011bchto dvou proveden\u00ed je ve va\u0161em vozidle nainstalov\u00e1no. Ov\u011b\u0159te si to a nespol\u00e9hejte se na p\u016fvodn\u00ed registraci va\u0161eho vozidla.<\/p>\n<p><img decoding=\"async\" class=\"alignnone\" src=\"https:\/\/kraftwerk-shop.cc\/wp-content\/uploads\/2021\/12\/aux-buttons-unterschiede.png\" alt=\"\" width=\"624\" height=\"416\" data-wp-editing=\"1\" \/><\/p>\n<p>&nbsp;<\/p>\n<p><strong>Varianta A:<\/strong><\/p>\n<table width=\"386\">\n<tbody>\n<tr>\n<td width=\"94\"><strong>Zna\u010dka<\/strong><\/td>\n<td width=\"158\"><strong>Model<\/strong><\/td>\n<td width=\"134\"><strong>Rok v\u00fdstavby<\/strong><\/td>\n<\/tr>\n<tr>\n<td width=\"94\">Chrysler<\/td>\n<td width=\"158\">300<\/td>\n<td width=\"134\">2015\u20132017<\/td>\n<\/tr>\n<tr>\n<td width=\"94\">Dodge<\/td>\n<td width=\"158\">Challenger<\/td>\n<td width=\"134\">2015\u20132017<\/td>\n<\/tr>\n<tr>\n<td width=\"94\">Dodge<\/td>\n<td width=\"158\">Charger<\/td>\n<td width=\"134\">2015\u20132017<\/td>\n<\/tr>\n<tr>\n<td width=\"94\">Dodge<\/td>\n<td width=\"158\">Durango<\/td>\n<td width=\"134\">2015\u20132017<\/td>\n<\/tr>\n<tr>\n<td width=\"94\">Jeep<\/td>\n<td width=\"158\">Grand Cherokee<\/td>\n<td width=\"134\">2015\u20132017<\/td>\n<\/tr>\n<\/tbody>\n<\/table>\n<p>&nbsp;<\/p>\n<p><strong>Varianta B<\/strong><\/p>\n<table width=\"386\">\n<tbody>\n<tr>\n<td width=\"94\"><strong>Zna\u010dka<\/strong><\/td>\n<td width=\"158\"><strong>Model<\/strong><\/td>\n<td width=\"134\"><strong>Rok v\u00fdstavby<\/strong><\/td>\n<\/tr>\n<tr>\n<td width=\"94\">Chrysler<\/td>\n<td width=\"158\">300<\/td>\n<td width=\"134\">2017\u20132022<\/td>\n<\/tr>\n<tr>\n<td width=\"94\">Dodge<\/td>\n<td width=\"158\">Challenger<\/td>\n<td width=\"134\">2017\u20132022<\/td>\n<\/tr>\n<tr>\n<td width=\"94\">Dodge<\/td>\n<td width=\"158\">Charger<\/td>\n<td width=\"134\">2017\u20132022<\/td>\n<\/tr>\n<tr>\n<td width=\"94\">Dodge<\/td>\n<td width=\"158\">Durango<\/td>\n<td width=\"134\">2017\u20132022<\/td>\n<\/tr>\n<tr>\n<td width=\"94\">Jeep<\/td>\n<td width=\"158\">Grand Cherokee<\/td>\n<td width=\"134\">2017\u20132021<\/td>\n<\/tr>\n<\/tbody>\n<\/table>\n<p>&nbsp;<\/p>","protected":false},"excerpt":{"rendered":"<p>Roz\u0161\u00ed\u0159en\u00ed pro Tazer \/ BurnBox<\/p>","protected":false},"featured_media":68278119,"comment_status":"open","ping_status":"closed","template":"","meta":{"_acf_changed":false},"product_brand":[17480],"product_cat":[1567,4986,1591,1672,1680,1696,1704,1607,5164,1631,1639,1648,1656,3002,1664,1744,1752,1768,1776],"product_tag":[249,250,251,252,419,420,2066,52,2997,3613,2996,2998,54,53,48,49,3853,3854,95,56,50,4425,3000,2999,442,470,3001,2991],"class_list":{"0":"post-68259067","1":"product","2":"type-product","3":"status-publish","4":"has-post-thumbnail","6":"product_brand-z-automotive","7":"product_cat-300c-36-zubehoer","8":"product_cat-300c-57-2011-2023-zubehoer","9":"product_cat-300c-64-zubehoer","10":"product_cat-challenger-36-zubehoer","11":"product_cat-challenger-57-zubehoer","12":"product_cat-challenger-hellcat-zubehoer","13":"product_cat-challenger-64-zubehoer","14":"product_cat-charger-36-zubehoer","15":"product_cat-dodge-charger-57-2011-2023-zubehoer","16":"product_cat-charger-hellcat-zubehoer","17":"product_cat-charger-64-zubehoer","18":"product_cat-durango-36-zubehoer","19":"product_cat-durango-57-zubehoer","20":"product_cat-durango-hellcat-zubehoer","21":"product_cat-durango-64-zubehoer","22":"product_cat-grand-cherokee-36-zubehoer","23":"product_cat-grand-cherokee-57-2011-2021-zubehoer","24":"product_cat-trackhawk-zubehoer","25":"product_cat-grand-cherokee-64-zubehoer","26":"product_tag-249","27":"product_tag-250","28":"product_tag-251","29":"product_tag-252","30":"product_tag-419","31":"product_tag-420","32":"product_tag-2066","33":"product_tag-300c","34":"product_tag-aux","35":"product_tag-aux-tasten","36":"product_tag-burnbox","37":"product_tag-buttons","38":"product_tag-challenger","39":"product_tag-charger","40":"product_tag-chrysler","41":"product_tag-dodge","42":"product_tag-dodge-challenger","43":"product_tag-dodge-charger","44":"product_tag-durango","45":"product_tag-grand-cherokee","46":"product_tag-jeep","47":"product_tag-jeep-grand-cherokee","48":"product_tag-knoepfe","49":"product_tag-tasten","50":"product_tag-tazer","51":"product_tag-z-auto","52":"product_tag-z-autotech","53":"product_tag-zauto","55":"first","56":"instock","57":"taxable","58":"shipping-taxable","59":"purchasable","60":"product-type-variable"},"bundled_by":[],"bundle_stock_status":"instock","bundle_stock_quantity":11,"bundle_virtual":false,"bundle_layout":"","bundle_add_to_cart_form_location":"","bundle_editable_in_cart":false,"bundle_sold_individually_context":"","bundle_item_grouping":"","bundle_min_size":"","bundle_max_size":"","bundle_price":[],"bundled_items":[],"bundle_sell_ids":[],"exclude_global_add_ons":[],"addons":[],"acf":[],"_links":{"self":[{"href":"https:\/\/kraftwerk-shop.cc\/cs\/wp-json\/wp\/v2\/product\/68259067","targetHints":{"allow":["GET"]}}],"collection":[{"href":"https:\/\/kraftwerk-shop.cc\/cs\/wp-json\/wp\/v2\/product"}],"about":[{"href":"https:\/\/kraftwerk-shop.cc\/cs\/wp-json\/wp\/v2\/types\/product"}],"replies":[{"embeddable":true,"href":"https:\/\/kraftwerk-shop.cc\/cs\/wp-json\/wp\/v2\/comments?post=68259067"}],"version-history":[{"count":0,"href":"https:\/\/kraftwerk-shop.cc\/cs\/wp-json\/wp\/v2\/product\/68259067\/revisions"}],"wp:featuredmedia":[{"embeddable":true,"href":"https:\/\/kraftwerk-shop.cc\/cs\/wp-json\/wp\/v2\/media\/68278119"}],"wp:attachment":[{"href":"https:\/\/kraftwerk-shop.cc\/cs\/wp-json\/wp\/v2\/media?parent=68259067"}],"wp:term":[{"taxonomy":"product_brand","embeddable":true,"href":"https:\/\/kraftwerk-shop.cc\/cs\/wp-json\/wp\/v2\/product_brand?post=68259067"},{"taxonomy":"product_cat","embeddable":true,"href":"https:\/\/kraftwerk-shop.cc\/cs\/wp-json\/wp\/v2\/product_cat?post=68259067"},{"taxonomy":"product_tag","embeddable":true,"href":"https:\/\/kraftwerk-shop.cc\/cs\/wp-json\/wp\/v2\/product_tag?post=68259067"}],"curies":[{"name":"wp","href":"https:\/\/api.w.org\/{rel}","templated":true}]}}